{"id":7074,"date":"2018-03-23T10:19:33","date_gmt":"2018-03-23T14:19:33","guid":{"rendered":"https:\/\/www.entreprisesmarechal.com\/?page_id=7074"},"modified":"2025-02-06T11:42:55","modified_gmt":"2025-02-06T16:42:55","slug":"mission-and-vision","status":"publish","type":"page","link":"https:\/\/www.entreprisesmarechal.com\/en\/about-us\/mission-and-vision\/","title":{"rendered":"Mission and vision"},"content":{"rendered":"<div id=\"pl-7074\"  class=\"panel-layout\" ><div id=\"pg-7074-0\"  class=\"panel-grid panel-has-style\" ><div class=\"black-bg a-propos siteorigin-panels-stretch panel-row-style panel-row-style-for-7074-0\" data-stretch-type=\"full\" ><div id=\"pgc-7074-0-0\"  class=\"panel-grid-cell\" ><div id=\"panel-7074-0-0-0\" class=\"so-panel widget widget_black-studio-tinymce widget_black_studio_tinymce panel-first-child panel-last-child\" data-index=\"0\" ><div class=\"link-sidebar panel-widget-style panel-widget-style-for-7074-0-0-0\" ><h3 class=\"widget-title\"><span class=\"light\">About<\/span> us<\/h3><div class=\"textwidget\"><\/div><\/div><\/div><\/div><div id=\"pgc-7074-0-1\"  class=\"panel-grid-cell\" ><div id=\"panel-7074-0-1-0\" class=\"so-panel widget widget_black-studio-tinymce widget_black_studio_tinymce panel-first-child panel-last-child\" data-index=\"1\" ><div class=\"white-bg panel-widget-style panel-widget-style-for-7074-0-1-0\" ><div class=\"textwidget\">\n<div class=\"addthis_inline_share_toolbox\"><\/div>\n<h2>Mission and vision<\/h2>\n<p>Our mission is to make your dream yard a reality. We rely on our team of qualified workers to make it happen.<\/p>\n<h3>A team that is trustworthy for your property:<\/h3>\n<p>Unity is the strength of our company. We currently have tree partners in our landscaping businesses. Our model of participative management inspires us and allows a better convergence between the teams working on our landscaping projects.<\/p>\n<h3>Environmental mission:<\/h3>\n<p>With a philosophy focused on sustainable development, ecological and environmental awareness dictates our project management.<\/p>\n<h3>Vision:<\/h3>\n<p>We want to remain an employer of choice, continue to reduce our environmental footprint and distinguish ourselves as a leader through our superior service offering: unique customer, unique experience, unique project.<\/p>\n<a href='https:\/\/www.entreprisesmarechal.com\/en\/contact-us\/' class='btn btn-primary'>Contact a member of our team ><\/a><\/div><\/div><\/div><\/div><\/div><\/div><\/div>","protected":false},"excerpt":{"rendered":"<p>Mission and vision Our mission is to make your dream yard a reality. We rely on our team of qualified workers to make it happen. A team that is trustworthy for your property: Unity is the strength of our company. We currently have tree partners in our landscaping businesses. Our model of participative management inspires [&hellip;]<\/p>\n","protected":false},"author":1,"featured_media":0,"parent":7079,"menu_order":1,"comment_status":"closed","ping_status":"closed","template":"","meta":{"footnotes":""},"acf":[],"yoast_head":"<!-- This site is optimized with the Yoast SEO plugin v21.5 - https:\/\/yoast.com\/wordpress\/plugins\/seo\/ -->\n<title>Les Entreprises Mar\u00e9chal et associ\u00e9s | Mission and vision<\/title>\n<meta name=\"description\" content=\"Les Entreprises Mar\u00e9chal et associ\u00e9s | Our company&#039;s mission and vision focus on our customer&#039;s satisfaction and offering an outstanding service\" \/>\n<meta name=\"robots\" content=\"index, follow, max-snippet:-1, max-image-preview:large, max-video-preview:-1\" \/>\n<link rel=\"canonical\" href=\"https:\/\/www.entreprisesmarechal.com\/en\/about-us\/mission-and-vision\/\" \/>\n<meta property=\"og:locale\" content=\"en_US\" \/>\n<meta property=\"og:type\" content=\"article\" \/>\n<meta property=\"og:title\" content=\"Les Entreprises Mar\u00e9chal et associ\u00e9s | Mission and vision\" \/>\n<meta property=\"og:description\" content=\"Les Entreprises Mar\u00e9chal et associ\u00e9s | Our company&#039;s mission and vision focus on our customer&#039;s satisfaction and offering an outstanding service\" \/>\n<meta property=\"og:url\" content=\"https:\/\/www.entreprisesmarechal.com\/en\/about-us\/mission-and-vision\/\" \/>\n<meta property=\"og:site_name\" content=\"Les Entreprises Mar\u00e9chal et associ\u00e9s\" \/>\n<meta property=\"article:modified_time\" content=\"2025-02-06T16:42:55+00:00\" \/>\n<meta name=\"twitter:card\" content=\"summary_large_image\" \/>\n<meta name=\"twitter:label1\" content=\"Est. reading time\" \/>\n\t<meta name=\"twitter:data1\" content=\"1 minute\" \/>\n<script type=\"application\/ld+json\" class=\"yoast-schema-graph\">{\"@context\":\"https:\/\/schema.org\",\"@graph\":[{\"@type\":\"WebPage\",\"@id\":\"https:\/\/www.entreprisesmarechal.com\/en\/about-us\/mission-and-vision\/\",\"url\":\"https:\/\/www.entreprisesmarechal.com\/en\/about-us\/mission-and-vision\/\",\"name\":\"Les Entreprises Mar\u00e9chal et associ\u00e9s | Mission and vision\",\"isPartOf\":{\"@id\":\"https:\/\/www.entreprisesmarechal.com\/fr\/#website\"},\"datePublished\":\"2018-03-23T14:19:33+00:00\",\"dateModified\":\"2025-02-06T16:42:55+00:00\",\"description\":\"Les Entreprises Mar\u00e9chal et associ\u00e9s | Our company's mission and vision focus on our customer's satisfaction and offering an outstanding service\",\"breadcrumb\":{\"@id\":\"https:\/\/www.entreprisesmarechal.com\/en\/about-us\/mission-and-vision\/#breadcrumb\"},\"inLanguage\":\"en-US\",\"potentialAction\":[{\"@type\":\"ReadAction\",\"target\":[\"https:\/\/www.entreprisesmarechal.com\/en\/about-us\/mission-and-vision\/\"]}]},{\"@type\":\"BreadcrumbList\",\"@id\":\"https:\/\/www.entreprisesmarechal.com\/en\/about-us\/mission-and-vision\/#breadcrumb\",\"itemListElement\":[{\"@type\":\"ListItem\",\"position\":1,\"name\":\"Accueil\",\"item\":\"https:\/\/www.entreprisesmarechal.com\/en\/\"},{\"@type\":\"ListItem\",\"position\":2,\"name\":\"About us\",\"item\":\"https:\/\/www.entreprisesmarechal.com\/fr\/a-propos-de-nous\/\"},{\"@type\":\"ListItem\",\"position\":3,\"name\":\"Mission and vision\"}]},{\"@type\":\"WebSite\",\"@id\":\"https:\/\/www.entreprisesmarechal.com\/fr\/#website\",\"url\":\"https:\/\/www.entreprisesmarechal.com\/fr\/\",\"name\":\"Les Entreprises Mar\u00e9chal et associ\u00e9s\",\"description\":\"\",\"potentialAction\":[{\"@type\":\"SearchAction\",\"target\":{\"@type\":\"EntryPoint\",\"urlTemplate\":\"https:\/\/www.entreprisesmarechal.com\/fr\/?s={search_term_string}\"},\"query-input\":\"required name=search_term_string\"}],\"inLanguage\":\"en-US\"}]}<\/script>\n<!-- \/ Yoast SEO plugin. -->","yoast_head_json":{"title":"Les Entreprises Mar\u00e9chal et associ\u00e9s | Mission and vision","description":"Les Entreprises Mar\u00e9chal et associ\u00e9s | Our company's mission and vision focus on our customer's satisfaction and offering an outstanding service","robots":{"index":"index","follow":"follow","max-snippet":"max-snippet:-1","max-image-preview":"max-image-preview:large","max-video-preview":"max-video-preview:-1"},"canonical":"https:\/\/www.entreprisesmarechal.com\/en\/about-us\/mission-and-vision\/","og_locale":"en_US","og_type":"article","og_title":"Les Entreprises Mar\u00e9chal et associ\u00e9s | Mission and vision","og_description":"Les Entreprises Mar\u00e9chal et associ\u00e9s | Our company's mission and vision focus on our customer's satisfaction and offering an outstanding service","og_url":"https:\/\/www.entreprisesmarechal.com\/en\/about-us\/mission-and-vision\/","og_site_name":"Les Entreprises Mar\u00e9chal et associ\u00e9s","article_modified_time":"2025-02-06T16:42:55+00:00","twitter_card":"summary_large_image","twitter_misc":{"Est. reading time":"1 minute"},"schema":{"@context":"https:\/\/schema.org","@graph":[{"@type":"WebPage","@id":"https:\/\/www.entreprisesmarechal.com\/en\/about-us\/mission-and-vision\/","url":"https:\/\/www.entreprisesmarechal.com\/en\/about-us\/mission-and-vision\/","name":"Les Entreprises Mar\u00e9chal et associ\u00e9s | Mission and vision","isPartOf":{"@id":"https:\/\/www.entreprisesmarechal.com\/fr\/#website"},"datePublished":"2018-03-23T14:19:33+00:00","dateModified":"2025-02-06T16:42:55+00:00","description":"Les Entreprises Mar\u00e9chal et associ\u00e9s | Our company's mission and vision focus on our customer's satisfaction and offering an outstanding service","breadcrumb":{"@id":"https:\/\/www.entreprisesmarechal.com\/en\/about-us\/mission-and-vision\/#breadcrumb"},"inLanguage":"en-US","potentialAction":[{"@type":"ReadAction","target":["https:\/\/www.entreprisesmarechal.com\/en\/about-us\/mission-and-vision\/"]}]},{"@type":"BreadcrumbList","@id":"https:\/\/www.entreprisesmarechal.com\/en\/about-us\/mission-and-vision\/#breadcrumb","itemListElement":[{"@type":"ListItem","position":1,"name":"Accueil","item":"https:\/\/www.entreprisesmarechal.com\/en\/"},{"@type":"ListItem","position":2,"name":"About us","item":"https:\/\/www.entreprisesmarechal.com\/fr\/a-propos-de-nous\/"},{"@type":"ListItem","position":3,"name":"Mission and vision"}]},{"@type":"WebSite","@id":"https:\/\/www.entreprisesmarechal.com\/fr\/#website","url":"https:\/\/www.entreprisesmarechal.com\/fr\/","name":"Les Entreprises Mar\u00e9chal et associ\u00e9s","description":"","potentialAction":[{"@type":"SearchAction","target":{"@type":"EntryPoint","urlTemplate":"https:\/\/www.entreprisesmarechal.com\/fr\/?s={search_term_string}"},"query-input":"required name=search_term_string"}],"inLanguage":"en-US"}]}},"_links":{"self":[{"href":"https:\/\/www.entreprisesmarechal.com\/en\/wp-json\/wp\/v2\/pages\/7074"}],"collection":[{"href":"https:\/\/www.entreprisesmarechal.com\/en\/wp-json\/wp\/v2\/pages"}],"about":[{"href":"https:\/\/www.entreprisesmarechal.com\/en\/wp-json\/wp\/v2\/types\/page"}],"author":[{"embeddable":true,"href":"https:\/\/www.entreprisesmarechal.com\/en\/wp-json\/wp\/v2\/users\/1"}],"replies":[{"embeddable":true,"href":"https:\/\/www.entreprisesmarechal.com\/en\/wp-json\/wp\/v2\/comments?post=7074"}],"version-history":[{"count":3,"href":"https:\/\/www.entreprisesmarechal.com\/en\/wp-json\/wp\/v2\/pages\/7074\/revisions"}],"predecessor-version":[{"id":9630,"href":"https:\/\/www.entreprisesmarechal.com\/en\/wp-json\/wp\/v2\/pages\/7074\/revisions\/9630"}],"up":[{"embeddable":true,"href":"https:\/\/www.entreprisesmarechal.com\/en\/wp-json\/wp\/v2\/pages\/7079"}],"wp:attachment":[{"href":"https:\/\/www.entreprisesmarechal.com\/en\/wp-json\/wp\/v2\/media?parent=7074"}],"curies":[{"name":"wp","href":"https:\/\/api.w.org\/{rel}","templated":true}]}}