{"id":7368,"date":"2018-03-28T10:36:18","date_gmt":"2018-03-28T14:36:18","guid":{"rendered":"https:\/\/www.entreprisesmarechal.com\/?page_id=7368"},"modified":"2025-02-06T11:40:56","modified_gmt":"2025-02-06T16:40:56","slug":"our-team","status":"publish","type":"page","link":"https:\/\/www.entreprisesmarechal.com\/en\/our-team\/","title":{"rendered":"Our team"},"content":{"rendered":"<div id=\"pl-7368\"  class=\"panel-layout\" ><div id=\"pg-7368-0\"  class=\"panel-grid panel-has-style\" ><div class=\"black-bg siteorigin-panels-stretch panel-row-style panel-row-style-for-7368-0\" data-stretch-type=\"full\" ><div id=\"pgc-7368-0-0\"  class=\"panel-grid-cell\" ><div id=\"panel-7368-0-0-0\" class=\"so-panel widget widget_black-studio-tinymce widget_black_studio_tinymce panel-first-child\" data-index=\"0\" ><div class=\"white-bg notre-equipe1 panel-widget-style panel-widget-style-for-7368-0-0-0\" ><div class=\"textwidget\"><p>The excellence of our company and its services has been highlighted in recent years. Our innovative projects, the quality of our work and the high rate of customer satisfaction is directly related to the incredible effort provided by our teams and us being on schedule. Our professionals do their work with passion and perfectionism. It is thanks to their determination that we have gotten so far.<\/p>\n\n<p>Our team is composed of qualified and passionate staff who love their job. The Mar\u00e9chal team includes project managers, planners, designers, experienced foremen, pavers, machinery operators, general laborers, carpenters, and an unparalleled office staff. Our mission is to make a reality of your dream backyard.<\/p>\n\n<h3>PAMT \u2013 workplace learning program<\/h3>\n\n<p>Thanks to the Emploi-Qu\u00e9bec workplace apprenticeship program, our employees are trained. They learn to perfect their talents and to work in all spheres of the trade, ie, excavation, paving, carpentry, planting, operating equipment, and more. Through this program, employees are more versatile, which allows for a better cohesion between teams. After completing the program, the apprentice becomes an expert landscaper and can choose in what field he wants to specialize.<\/p><\/div><\/div><\/div><div id=\"panel-7368-0-0-1\" class=\"so-panel widget widget_black-studio-tinymce widget_black_studio_tinymce panel-last-child\" data-index=\"1\" ><div class=\"white-bg notre-equipe2 panel-widget-style panel-widget-style-for-7368-0-0-1\" ><div class=\"textwidget\"><h3>Available positions:<\/h3>\n<ul>\n<li>Landscaping worker<\/li>\n<li>Operator of equipment<\/li>\n<li>Paving stone installer<\/li>\n<li>Carpenter-joiner<\/li>\n<li>Estimator<\/li>\n<li>Designer<\/li>\n<\/ul>\n<p><a href='https:\/\/www.entreprisesmarechal.com\/en\/career\/' class='btn btn-primary'>Join our team &gt;<\/a><\/p>\n<\/div><\/div><\/div><\/div><\/div><\/div><\/div>","protected":false},"excerpt":{"rendered":"<p>The excellence of our company and its services has been highlighted in recent years. Our innovative projects, the quality of our work and the high rate of customer satisfaction is directly related to the incredible effort provided by our teams and us being on schedule. Our professionals do their work with passion and perfectionism. It [&hellip;]<\/p>\n","protected":false},"author":1,"featured_media":0,"parent":0,"menu_order":0,"comment_status":"closed","ping_status":"closed","template":"","meta":{"footnotes":""},"acf":[],"yoast_head":"<!-- This site is optimized with the Yoast SEO plugin v21.5 - https:\/\/yoast.com\/wordpress\/plugins\/seo\/ -->\n<title>Les Entreprises Mar\u00e9chal et associ\u00e9s | Our team of landscaping specialists in Gatineau<\/title>\n<meta name=\"description\" content=\"Les Entreprises Mar\u00e9chal et associ\u00e9s | Our landscaping specialists in Gatineau ensure your turnkey project is a success and make your satisfaction a top priority\" \/>\n<meta name=\"robots\" content=\"index, follow, max-snippet:-1, max-image-preview:large, max-video-preview:-1\" \/>\n<link rel=\"canonical\" href=\"https:\/\/www.entreprisesmarechal.com\/en\/our-team\/\" \/>\n<meta property=\"og:locale\" content=\"en_US\" \/>\n<meta property=\"og:type\" content=\"article\" \/>\n<meta property=\"og:title\" content=\"Les Entreprises Mar\u00e9chal et associ\u00e9s | Our team of landscaping specialists in Gatineau\" \/>\n<meta property=\"og:description\" content=\"Les Entreprises Mar\u00e9chal et associ\u00e9s | Our landscaping specialists in Gatineau ensure your turnkey project is a success and make your satisfaction a top priority\" \/>\n<meta property=\"og:url\" content=\"https:\/\/www.entreprisesmarechal.com\/en\/our-team\/\" \/>\n<meta property=\"og:site_name\" content=\"Les Entreprises Mar\u00e9chal et associ\u00e9s\" \/>\n<meta property=\"article:modified_time\" content=\"2025-02-06T16:40:56+00:00\" \/>\n<meta name=\"twitter:card\" content=\"summary_large_image\" \/>\n<meta name=\"twitter:label1\" content=\"Est. reading time\" \/>\n\t<meta name=\"twitter:data1\" content=\"2 minutes\" \/>\n<script type=\"application\/ld+json\" class=\"yoast-schema-graph\">{\"@context\":\"https:\/\/schema.org\",\"@graph\":[{\"@type\":\"WebPage\",\"@id\":\"https:\/\/www.entreprisesmarechal.com\/en\/our-team\/\",\"url\":\"https:\/\/www.entreprisesmarechal.com\/en\/our-team\/\",\"name\":\"Les Entreprises Mar\u00e9chal et associ\u00e9s | Our team of landscaping specialists in Gatineau\",\"isPartOf\":{\"@id\":\"https:\/\/www.entreprisesmarechal.com\/fr\/#website\"},\"datePublished\":\"2018-03-28T14:36:18+00:00\",\"dateModified\":\"2025-02-06T16:40:56+00:00\",\"description\":\"Les Entreprises Mar\u00e9chal et associ\u00e9s | Our landscaping specialists in Gatineau ensure your turnkey project is a success and make your satisfaction a top priority\",\"breadcrumb\":{\"@id\":\"https:\/\/www.entreprisesmarechal.com\/en\/our-team\/#breadcrumb\"},\"inLanguage\":\"en-US\",\"potentialAction\":[{\"@type\":\"ReadAction\",\"target\":[\"https:\/\/www.entreprisesmarechal.com\/en\/our-team\/\"]}]},{\"@type\":\"BreadcrumbList\",\"@id\":\"https:\/\/www.entreprisesmarechal.com\/en\/our-team\/#breadcrumb\",\"itemListElement\":[{\"@type\":\"ListItem\",\"position\":1,\"name\":\"Accueil\",\"item\":\"https:\/\/www.entreprisesmarechal.com\/en\/\"},{\"@type\":\"ListItem\",\"position\":2,\"name\":\"Our team\"}]},{\"@type\":\"WebSite\",\"@id\":\"https:\/\/www.entreprisesmarechal.com\/fr\/#website\",\"url\":\"https:\/\/www.entreprisesmarechal.com\/fr\/\",\"name\":\"Les Entreprises Mar\u00e9chal et associ\u00e9s\",\"description\":\"\",\"potentialAction\":[{\"@type\":\"SearchAction\",\"target\":{\"@type\":\"EntryPoint\",\"urlTemplate\":\"https:\/\/www.entreprisesmarechal.com\/fr\/?s={search_term_string}\"},\"query-input\":\"required name=search_term_string\"}],\"inLanguage\":\"en-US\"}]}<\/script>\n<!-- \/ Yoast SEO plugin. -->","yoast_head_json":{"title":"Les Entreprises Mar\u00e9chal et associ\u00e9s | Our team of landscaping specialists in Gatineau","description":"Les Entreprises Mar\u00e9chal et associ\u00e9s | Our landscaping specialists in Gatineau ensure your turnkey project is a success and make your satisfaction a top priority","robots":{"index":"index","follow":"follow","max-snippet":"max-snippet:-1","max-image-preview":"max-image-preview:large","max-video-preview":"max-video-preview:-1"},"canonical":"https:\/\/www.entreprisesmarechal.com\/en\/our-team\/","og_locale":"en_US","og_type":"article","og_title":"Les Entreprises Mar\u00e9chal et associ\u00e9s | Our team of landscaping specialists in Gatineau","og_description":"Les Entreprises Mar\u00e9chal et associ\u00e9s | Our landscaping specialists in Gatineau ensure your turnkey project is a success and make your satisfaction a top priority","og_url":"https:\/\/www.entreprisesmarechal.com\/en\/our-team\/","og_site_name":"Les Entreprises Mar\u00e9chal et associ\u00e9s","article_modified_time":"2025-02-06T16:40:56+00:00","twitter_card":"summary_large_image","twitter_misc":{"Est. reading time":"2 minutes"},"schema":{"@context":"https:\/\/schema.org","@graph":[{"@type":"WebPage","@id":"https:\/\/www.entreprisesmarechal.com\/en\/our-team\/","url":"https:\/\/www.entreprisesmarechal.com\/en\/our-team\/","name":"Les Entreprises Mar\u00e9chal et associ\u00e9s | Our team of landscaping specialists in Gatineau","isPartOf":{"@id":"https:\/\/www.entreprisesmarechal.com\/fr\/#website"},"datePublished":"2018-03-28T14:36:18+00:00","dateModified":"2025-02-06T16:40:56+00:00","description":"Les Entreprises Mar\u00e9chal et associ\u00e9s | Our landscaping specialists in Gatineau ensure your turnkey project is a success and make your satisfaction a top priority","breadcrumb":{"@id":"https:\/\/www.entreprisesmarechal.com\/en\/our-team\/#breadcrumb"},"inLanguage":"en-US","potentialAction":[{"@type":"ReadAction","target":["https:\/\/www.entreprisesmarechal.com\/en\/our-team\/"]}]},{"@type":"BreadcrumbList","@id":"https:\/\/www.entreprisesmarechal.com\/en\/our-team\/#breadcrumb","itemListElement":[{"@type":"ListItem","position":1,"name":"Accueil","item":"https:\/\/www.entreprisesmarechal.com\/en\/"},{"@type":"ListItem","position":2,"name":"Our team"}]},{"@type":"WebSite","@id":"https:\/\/www.entreprisesmarechal.com\/fr\/#website","url":"https:\/\/www.entreprisesmarechal.com\/fr\/","name":"Les Entreprises Mar\u00e9chal et associ\u00e9s","description":"","potentialAction":[{"@type":"SearchAction","target":{"@type":"EntryPoint","urlTemplate":"https:\/\/www.entreprisesmarechal.com\/fr\/?s={search_term_string}"},"query-input":"required name=search_term_string"}],"inLanguage":"en-US"}]}},"_links":{"self":[{"href":"https:\/\/www.entreprisesmarechal.com\/en\/wp-json\/wp\/v2\/pages\/7368"}],"collection":[{"href":"https:\/\/www.entreprisesmarechal.com\/en\/wp-json\/wp\/v2\/pages"}],"about":[{"href":"https:\/\/www.entreprisesmarechal.com\/en\/wp-json\/wp\/v2\/types\/page"}],"author":[{"embeddable":true,"href":"https:\/\/www.entreprisesmarechal.com\/en\/wp-json\/wp\/v2\/users\/1"}],"replies":[{"embeddable":true,"href":"https:\/\/www.entreprisesmarechal.com\/en\/wp-json\/wp\/v2\/comments?post=7368"}],"version-history":[{"count":7,"href":"https:\/\/www.entreprisesmarechal.com\/en\/wp-json\/wp\/v2\/pages\/7368\/revisions"}],"predecessor-version":[{"id":9629,"href":"https:\/\/www.entreprisesmarechal.com\/en\/wp-json\/wp\/v2\/pages\/7368\/revisions\/9629"}],"wp:attachment":[{"href":"https:\/\/www.entreprisesmarechal.com\/en\/wp-json\/wp\/v2\/media?parent=7368"}],"curies":[{"name":"wp","href":"https:\/\/api.w.org\/{rel}","templated":true}]}}