{"id":7388,"date":"2018-03-28T10:52:21","date_gmt":"2018-03-28T14:52:21","guid":{"rendered":"https:\/\/www.entreprisesmarechal.com\/?page_id=7388"},"modified":"2025-02-06T11:34:59","modified_gmt":"2025-02-06T16:34:59","slug":"values","status":"publish","type":"page","link":"https:\/\/www.entreprisesmarechal.com\/en\/about-us\/values\/","title":{"rendered":"Values"},"content":{"rendered":"<div id=\"pl-7388\"  class=\"panel-layout\" ><div id=\"pg-7388-0\"  class=\"panel-grid panel-has-style\" ><div class=\"black-bg a-propos siteorigin-panels-stretch panel-row-style panel-row-style-for-7388-0\" data-stretch-type=\"full\" ><div id=\"pgc-7388-0-0\"  class=\"panel-grid-cell\" ><div id=\"panel-7388-0-0-0\" class=\"so-panel widget widget_black-studio-tinymce widget_black_studio_tinymce panel-first-child panel-last-child\" data-index=\"0\" ><div class=\"link-sidebar panel-widget-style panel-widget-style-for-7388-0-0-0\" ><h3 class=\"widget-title\"><span class=\"light\">About<\/span> us<\/h3><div class=\"textwidget\"><\/div><\/div><\/div><\/div><div id=\"pgc-7388-0-1\"  class=\"panel-grid-cell\" ><div id=\"panel-7388-0-1-0\" class=\"so-panel widget widget_black-studio-tinymce widget_black_studio_tinymce panel-first-child panel-last-child\" data-index=\"1\" ><div class=\"white-bg panel-widget-style panel-widget-style-for-7388-0-1-0\" ><div class=\"textwidget\">\n<div class=\"addthis_inline_share_toolbox\"><\/div>\n<h2>Values<\/h2>\n<h3>Product quality and employment:<\/h3>\n<p>Our product is of the highest quality and our projects are completed by a team of specialized professionals in their own field. We offer quality jobs to our workers to ensure a competent team will be executing your dream project. We only use the right tools and equipment along with the most durable materials available while we work. Our customer service department allows us to follow your every need even after the project is done to ensure our customers\u2019 satisfaction.<\/p>\n<h3>Trust and integrity:<\/h3>\n<p>You can trust our team to deliver the best work there is for your home. Our team is focused on your satisfaction and wants the business to blossom by following a strict ethical code.<\/p>\n<h3>Innovation and rigor:<\/h3>\n<p>Our company has distinguished itself by always offering superior quality work and services. We often review how we do things and organize to adapt to what our clients, and our employees, require of us. Our innovation in the field has allowed Les entreprises Mar\u00e9chal to win the Laur\u00e9at EXCELOR of the Chambre de Commerce de Gatineau in 2016 in the human resources category.<\/p>\n<h3>Environmental policy:<\/h3>\n<p>One of our objectives is to reduce our ecological trace as much as possible by eliminating useless waste of materials, reducing the quantity of garbage created by our activities and by recycling materials that can still be used. We also rely on new technologies to reduce our ecological footprint.<\/p>\n<p><span>Modern <\/span>We use the most recent and efficient materials and technologies available.<\/p>\n<p><span>Autonomous <\/span>Our employees are qualified and experienced. In a trusting environment, all employees are trained to be able to work with minimal supervision while bearing maximal results.<\/p>\n<p><span>Responsibility <\/span>We always honor our guarantees and our customer service department allows us to follow our clients even after the work is completed to ensure that our costumers are satisfied.<\/p>\n<p><span>Environment <\/span>We care about the environment. We plan our projects according to our desire to reduce our construction waste and our emission of greenhouse gases.<\/p>\n<p><span>Competent <\/span>Our team is extremely professional and we have an outstandingly low turnover rate.<\/p>\n<p><span>Honest <\/span>Being honest and upright are essential values to the success of our company.<p>\n<p><span>Adaptation <\/span>We adapt to any situation and face unexpected events with professionalism. There\u2019s always a solution!<\/p>\n<p><span>Leadership <\/span>We are Leaders in our field.<\/p>\n<a href='https:\/\/www.entreprisesmarechal.com\/en\/contact-us\/' class='btn btn-primary'>Contact a member of our team ><\/a><\/div><\/div><\/div><\/div><\/div><\/div><\/div>","protected":false},"excerpt":{"rendered":"<p>Values Product quality and employment: Our product is of the highest quality and our projects are completed by a team of specialized professionals in their own field. We offer quality jobs to our workers to ensure a competent team will be executing your dream project. We only use the right tools and equipment along with [&hellip;]<\/p>\n","protected":false},"author":1,"featured_media":0,"parent":7079,"menu_order":2,"comment_status":"closed","ping_status":"closed","template":"","meta":{"footnotes":""},"acf":[],"yoast_head":"<!-- This site is optimized with the Yoast SEO plugin v21.5 - https:\/\/yoast.com\/wordpress\/plugins\/seo\/ -->\n<title>Les Entreprises Mar\u00e9chal et associ\u00e9s | Our values<\/title>\n<meta name=\"description\" content=\"Les Entreprises Mar\u00e9chal et associ\u00e9s | Our values are the quality of your landscaping project, as well as your satisfaction.\" \/>\n<meta name=\"robots\" content=\"index, follow, max-snippet:-1, max-image-preview:large, max-video-preview:-1\" \/>\n<link rel=\"canonical\" href=\"https:\/\/www.entreprisesmarechal.com\/en\/about-us\/values\/\" \/>\n<meta property=\"og:locale\" content=\"en_US\" \/>\n<meta property=\"og:type\" content=\"article\" \/>\n<meta property=\"og:title\" content=\"Les Entreprises Mar\u00e9chal et associ\u00e9s | Our values\" \/>\n<meta property=\"og:description\" content=\"Les Entreprises Mar\u00e9chal et associ\u00e9s | Our values are the quality of your landscaping project, as well as your satisfaction.\" \/>\n<meta property=\"og:url\" content=\"https:\/\/www.entreprisesmarechal.com\/en\/about-us\/values\/\" \/>\n<meta property=\"og:site_name\" content=\"Les Entreprises Mar\u00e9chal et associ\u00e9s\" \/>\n<meta property=\"article:modified_time\" content=\"2025-02-06T16:34:59+00:00\" \/>\n<meta name=\"twitter:card\" content=\"summary_large_image\" \/>\n<meta name=\"twitter:label1\" content=\"Est. reading time\" \/>\n\t<meta name=\"twitter:data1\" content=\"3 minutes\" \/>\n<script type=\"application\/ld+json\" class=\"yoast-schema-graph\">{\"@context\":\"https:\/\/schema.org\",\"@graph\":[{\"@type\":\"WebPage\",\"@id\":\"https:\/\/www.entreprisesmarechal.com\/en\/about-us\/values\/\",\"url\":\"https:\/\/www.entreprisesmarechal.com\/en\/about-us\/values\/\",\"name\":\"Les Entreprises Mar\u00e9chal et associ\u00e9s | Our values\",\"isPartOf\":{\"@id\":\"https:\/\/www.entreprisesmarechal.com\/fr\/#website\"},\"datePublished\":\"2018-03-28T14:52:21+00:00\",\"dateModified\":\"2025-02-06T16:34:59+00:00\",\"description\":\"Les Entreprises Mar\u00e9chal et associ\u00e9s | Our values are the quality of your landscaping project, as well as your satisfaction.\",\"breadcrumb\":{\"@id\":\"https:\/\/www.entreprisesmarechal.com\/en\/about-us\/values\/#breadcrumb\"},\"inLanguage\":\"en-US\",\"potentialAction\":[{\"@type\":\"ReadAction\",\"target\":[\"https:\/\/www.entreprisesmarechal.com\/en\/about-us\/values\/\"]}]},{\"@type\":\"BreadcrumbList\",\"@id\":\"https:\/\/www.entreprisesmarechal.com\/en\/about-us\/values\/#breadcrumb\",\"itemListElement\":[{\"@type\":\"ListItem\",\"position\":1,\"name\":\"Accueil\",\"item\":\"https:\/\/www.entreprisesmarechal.com\/en\/\"},{\"@type\":\"ListItem\",\"position\":2,\"name\":\"About us\",\"item\":\"https:\/\/www.entreprisesmarechal.com\/fr\/a-propos-de-nous\/\"},{\"@type\":\"ListItem\",\"position\":3,\"name\":\"Values\"}]},{\"@type\":\"WebSite\",\"@id\":\"https:\/\/www.entreprisesmarechal.com\/fr\/#website\",\"url\":\"https:\/\/www.entreprisesmarechal.com\/fr\/\",\"name\":\"Les Entreprises Mar\u00e9chal et associ\u00e9s\",\"description\":\"\",\"potentialAction\":[{\"@type\":\"SearchAction\",\"target\":{\"@type\":\"EntryPoint\",\"urlTemplate\":\"https:\/\/www.entreprisesmarechal.com\/fr\/?s={search_term_string}\"},\"query-input\":\"required name=search_term_string\"}],\"inLanguage\":\"en-US\"}]}<\/script>\n<!-- \/ Yoast SEO plugin. -->","yoast_head_json":{"title":"Les Entreprises Mar\u00e9chal et associ\u00e9s | Our values","description":"Les Entreprises Mar\u00e9chal et associ\u00e9s | Our values are the quality of your landscaping project, as well as your satisfaction.","robots":{"index":"index","follow":"follow","max-snippet":"max-snippet:-1","max-image-preview":"max-image-preview:large","max-video-preview":"max-video-preview:-1"},"canonical":"https:\/\/www.entreprisesmarechal.com\/en\/about-us\/values\/","og_locale":"en_US","og_type":"article","og_title":"Les Entreprises Mar\u00e9chal et associ\u00e9s | Our values","og_description":"Les Entreprises Mar\u00e9chal et associ\u00e9s | Our values are the quality of your landscaping project, as well as your satisfaction.","og_url":"https:\/\/www.entreprisesmarechal.com\/en\/about-us\/values\/","og_site_name":"Les Entreprises Mar\u00e9chal et associ\u00e9s","article_modified_time":"2025-02-06T16:34:59+00:00","twitter_card":"summary_large_image","twitter_misc":{"Est. reading time":"3 minutes"},"schema":{"@context":"https:\/\/schema.org","@graph":[{"@type":"WebPage","@id":"https:\/\/www.entreprisesmarechal.com\/en\/about-us\/values\/","url":"https:\/\/www.entreprisesmarechal.com\/en\/about-us\/values\/","name":"Les Entreprises Mar\u00e9chal et associ\u00e9s | Our values","isPartOf":{"@id":"https:\/\/www.entreprisesmarechal.com\/fr\/#website"},"datePublished":"2018-03-28T14:52:21+00:00","dateModified":"2025-02-06T16:34:59+00:00","description":"Les Entreprises Mar\u00e9chal et associ\u00e9s | Our values are the quality of your landscaping project, as well as your satisfaction.","breadcrumb":{"@id":"https:\/\/www.entreprisesmarechal.com\/en\/about-us\/values\/#breadcrumb"},"inLanguage":"en-US","potentialAction":[{"@type":"ReadAction","target":["https:\/\/www.entreprisesmarechal.com\/en\/about-us\/values\/"]}]},{"@type":"BreadcrumbList","@id":"https:\/\/www.entreprisesmarechal.com\/en\/about-us\/values\/#breadcrumb","itemListElement":[{"@type":"ListItem","position":1,"name":"Accueil","item":"https:\/\/www.entreprisesmarechal.com\/en\/"},{"@type":"ListItem","position":2,"name":"About us","item":"https:\/\/www.entreprisesmarechal.com\/fr\/a-propos-de-nous\/"},{"@type":"ListItem","position":3,"name":"Values"}]},{"@type":"WebSite","@id":"https:\/\/www.entreprisesmarechal.com\/fr\/#website","url":"https:\/\/www.entreprisesmarechal.com\/fr\/","name":"Les Entreprises Mar\u00e9chal et associ\u00e9s","description":"","potentialAction":[{"@type":"SearchAction","target":{"@type":"EntryPoint","urlTemplate":"https:\/\/www.entreprisesmarechal.com\/fr\/?s={search_term_string}"},"query-input":"required name=search_term_string"}],"inLanguage":"en-US"}]}},"_links":{"self":[{"href":"https:\/\/www.entreprisesmarechal.com\/en\/wp-json\/wp\/v2\/pages\/7388"}],"collection":[{"href":"https:\/\/www.entreprisesmarechal.com\/en\/wp-json\/wp\/v2\/pages"}],"about":[{"href":"https:\/\/www.entreprisesmarechal.com\/en\/wp-json\/wp\/v2\/types\/page"}],"author":[{"embeddable":true,"href":"https:\/\/www.entreprisesmarechal.com\/en\/wp-json\/wp\/v2\/users\/1"}],"replies":[{"embeddable":true,"href":"https:\/\/www.entreprisesmarechal.com\/en\/wp-json\/wp\/v2\/comments?post=7388"}],"version-history":[{"count":1,"href":"https:\/\/www.entreprisesmarechal.com\/en\/wp-json\/wp\/v2\/pages\/7388\/revisions"}],"predecessor-version":[{"id":9626,"href":"https:\/\/www.entreprisesmarechal.com\/en\/wp-json\/wp\/v2\/pages\/7388\/revisions\/9626"}],"up":[{"embeddable":true,"href":"https:\/\/www.entreprisesmarechal.com\/en\/wp-json\/wp\/v2\/pages\/7079"}],"wp:attachment":[{"href":"https:\/\/www.entreprisesmarechal.com\/en\/wp-json\/wp\/v2\/media?parent=7388"}],"curies":[{"name":"wp","href":"https:\/\/api.w.org\/{rel}","templated":true}]}}