{"id":7391,"date":"2018-03-28T10:56:32","date_gmt":"2018-03-28T14:56:32","guid":{"rendered":"https:\/\/www.entreprisesmarechal.com\/?page_id=7391"},"modified":"2024-02-01T13:44:44","modified_gmt":"2024-02-01T18:44:44","slug":"historic","status":"publish","type":"page","link":"https:\/\/www.entreprisesmarechal.com\/en\/about-us\/historic\/","title":{"rendered":"Our history"},"content":{"rendered":"<div id=\"pl-7391\"  class=\"panel-layout\" ><div id=\"pg-7391-0\"  class=\"panel-grid panel-has-style\" ><div class=\"black-bg a-propos siteorigin-panels-stretch panel-row-style panel-row-style-for-7391-0\" data-stretch-type=\"full\" ><div id=\"pgc-7391-0-0\"  class=\"panel-grid-cell\" ><div id=\"panel-7391-0-0-0\" class=\"so-panel widget widget_black-studio-tinymce widget_black_studio_tinymce panel-first-child panel-last-child\" data-index=\"0\" ><div class=\"link-sidebar panel-widget-style panel-widget-style-for-7391-0-0-0\" ><h3 class=\"widget-title\"><span class=\"light\">About<\/span> us<\/h3><div class=\"textwidget\"><\/div><\/div><\/div><\/div><div id=\"pgc-7391-0-1\"  class=\"panel-grid-cell\" ><div id=\"panel-7391-0-1-0\" class=\"so-panel widget widget_black-studio-tinymce widget_black_studio_tinymce panel-first-child panel-last-child\" data-index=\"1\" ><div class=\"white-bg panel-widget-style panel-widget-style-for-7391-0-1-0\" ><div class=\"textwidget\"><img loading=\"lazy\" decoding=\"async\" width=\"304\" height=\"284\" src=\"https:\/\/www.entreprisesmarechal.com\/wp-content\/uploads\/2018\/03\/featured-image-historique.jpg\" class=\"attachment-post-thumbnail size-post-thumbnail wp-post-image\" alt=\"\" srcset=\"https:\/\/www.entreprisesmarechal.com\/wp-content\/uploads\/2018\/03\/featured-image-historique.jpg 304w, https:\/\/www.entreprisesmarechal.com\/wp-content\/uploads\/2018\/03\/featured-image-historique-300x280.jpg 300w\" sizes=\"(max-width: 304px) 100vw, 304px\" \/>\n<div class=\"addthis_inline_share_toolbox\"><\/div>\n<h2>Our history<\/h2>\n<p>The company Le petit coup de main was created by Fran\u00e7ois Mar\u00e9chal on March 14, 2000, as part of his final study project in Business Administration at the CEGEP de l\u2019Outaouais College. Its success was immediate. We now employ close to 50 passionate workers. Over the years, the company\u2019s business lines have notably increased to include residential and commercial landscaping, general maintenance, home improvement and renovation (in the winter) and more. We are dedicated to provide a wide array of highly personalized quality services, which ensures our customers\u2019 entire satisfaction and allows us to stand out from our competitors. To achieve this, we need to constantly revise our approach and fine tune our methods.<\/p>\n<h3>The founder<\/h3>\n<p>The owner, Fran\u00e7ois Mar\u00e9chal, also believes in professional development. After graduating in Business Administration \u2013 Finance from the Universit\u00e9 du Qu\u00e9bec en Outaouais, he also possesses a Master\u2019s degree in Project Management and encourages his staff to also perfect their skills. He is convinced that this philosophy is a major factor in the company\u2019s success and excellent reputation.<\/p>\n<h3>The company<\/h3>\n<p>Les entreprises Mar\u00e9chal is a group of companies that work primarily in landscaping and exterior construction of buildings.<\/p>\n<p>Mar\u00e9chal and associates is an award-winning company specializing in everything related to landscaping, whether it be residential or commercial. We also offer many other services such as snow removal, plan conception, stonework and pavers, drainage systems, excavation, softscape and horticulture, woodwork and decking, and so much more. We deliver innovative work of a superior quality thanks to our skilled set of professionals who care deeply about our customers\u2019 satisfaction.<\/p>\n<p>But also contributing to the success is the fact the company can count on a pool of skilled and competent staff, many of whom are with the firm since the outset. While working in your home or yard, we always have in mind to preserve its integrity and cleanliness and be attentive to your needs. We make sure to deal only with top-notch sub-contractors, when needed, and still maintain the best quality-price ratio on the market.<\/p>\n<p>So, do not hesitate to call upon us for all your residential and commercial projects, either small or big. We will take care of everything so you can relax!<\/p>\n<a href='https:\/\/www.entreprisesmarechal.com\/en\/contact-us\/' class='btn btn-primary'>Contact a member of our team ><\/a><\/div><\/div><\/div><\/div><\/div><\/div><\/div>","protected":false},"excerpt":{"rendered":"<p>Our history The company Le petit coup de main was created by Fran\u00e7ois Mar\u00e9chal on March 14, 2000, as part of his final study project in Business Administration at the CEGEP de l\u2019Outaouais College. Its success was immediate. We now employ close to 50 passionate workers. Over the years, the company\u2019s business lines have notably [&hellip;]<\/p>\n","protected":false},"author":1,"featured_media":7191,"parent":7079,"menu_order":3,"comment_status":"closed","ping_status":"closed","template":"","meta":{"footnotes":""},"acf":[],"yoast_head":"<!-- This site is optimized with the Yoast SEO plugin v21.5 - https:\/\/yoast.com\/wordpress\/plugins\/seo\/ -->\n<title>Les Entreprises Mar\u00e9chal et associ\u00e9s | We offer landscaping services in Gatineau, Outaouais<\/title>\n<meta name=\"description\" content=\"Les Entreprises Mar\u00e9chal et associ\u00e9s | Our company started to offer its landscaping services in early 2000 and since then, we developed our expertise to offer you a wide range of landscaping projects in Gatineau, Outaouais\" \/>\n<meta name=\"robots\" content=\"index, follow, max-snippet:-1, max-image-preview:large, max-video-preview:-1\" \/>\n<link rel=\"canonical\" href=\"https:\/\/www.entreprisesmarechal.com\/fr\/a-propos-de-nous\/historique-de-l-entreprise\/\" \/>\n<meta property=\"og:locale\" content=\"en_US\" \/>\n<meta property=\"og:type\" content=\"article\" \/>\n<meta property=\"og:title\" content=\"Les Entreprises Mar\u00e9chal et associ\u00e9s | We offer landscaping services in Gatineau, Outaouais\" \/>\n<meta property=\"og:description\" content=\"Les Entreprises Mar\u00e9chal et associ\u00e9s | Our company started to offer its landscaping services in early 2000 and since then, we developed our expertise to offer you a wide range of landscaping projects in Gatineau, Outaouais\" \/>\n<meta property=\"og:url\" content=\"https:\/\/www.entreprisesmarechal.com\/fr\/a-propos-de-nous\/historique-de-l-entreprise\/\" \/>\n<meta property=\"og:site_name\" content=\"Les Entreprises Mar\u00e9chal et associ\u00e9s\" \/>\n<meta property=\"article:modified_time\" content=\"2024-02-01T18:44:44+00:00\" \/>\n<meta property=\"og:image\" content=\"https:\/\/www.entreprisesmarechal.com\/wp-content\/uploads\/2018\/03\/featured-image-historique.jpg\" \/>\n\t<meta property=\"og:image:width\" content=\"304\" \/>\n\t<meta property=\"og:image:height\" content=\"284\" \/>\n\t<meta property=\"og:image:type\" content=\"image\/jpeg\" \/>\n<meta name=\"twitter:card\" content=\"summary_large_image\" \/>\n<meta name=\"twitter:label1\" content=\"Est. reading time\" \/>\n\t<meta name=\"twitter:data1\" content=\"2 minutes\" \/>\n<script type=\"application\/ld+json\" class=\"yoast-schema-graph\">{\"@context\":\"https:\/\/schema.org\",\"@graph\":[{\"@type\":\"WebPage\",\"@id\":\"https:\/\/www.entreprisesmarechal.com\/fr\/a-propos-de-nous\/historique-de-l-entreprise\/\",\"url\":\"https:\/\/www.entreprisesmarechal.com\/fr\/a-propos-de-nous\/historique-de-l-entreprise\/\",\"name\":\"Les Entreprises Mar\u00e9chal et associ\u00e9s | We offer landscaping services in Gatineau, Outaouais\",\"isPartOf\":{\"@id\":\"https:\/\/www.entreprisesmarechal.com\/fr\/#website\"},\"datePublished\":\"2018-03-28T14:56:32+00:00\",\"dateModified\":\"2024-02-01T18:44:44+00:00\",\"description\":\"Les Entreprises Mar\u00e9chal et associ\u00e9s | Our company started to offer its landscaping services in early 2000 and since then, we developed our expertise to offer you a wide range of landscaping projects in Gatineau, Outaouais\",\"breadcrumb\":{\"@id\":\"https:\/\/www.entreprisesmarechal.com\/fr\/a-propos-de-nous\/historique-de-l-entreprise\/#breadcrumb\"},\"inLanguage\":\"en-US\",\"potentialAction\":[{\"@type\":\"ReadAction\",\"target\":[\"https:\/\/www.entreprisesmarechal.com\/fr\/a-propos-de-nous\/historique-de-l-entreprise\/\"]}]},{\"@type\":\"BreadcrumbList\",\"@id\":\"https:\/\/www.entreprisesmarechal.com\/fr\/a-propos-de-nous\/historique-de-l-entreprise\/#breadcrumb\",\"itemListElement\":[{\"@type\":\"ListItem\",\"position\":1,\"name\":\"Accueil\",\"item\":\"https:\/\/www.entreprisesmarechal.com\/en\/\"},{\"@type\":\"ListItem\",\"position\":2,\"name\":\"About us\",\"item\":\"https:\/\/www.entreprisesmarechal.com\/fr\/a-propos-de-nous\/\"},{\"@type\":\"ListItem\",\"position\":3,\"name\":\"Our history\"}]},{\"@type\":\"WebSite\",\"@id\":\"https:\/\/www.entreprisesmarechal.com\/fr\/#website\",\"url\":\"https:\/\/www.entreprisesmarechal.com\/fr\/\",\"name\":\"Les Entreprises Mar\u00e9chal et associ\u00e9s\",\"description\":\"\",\"potentialAction\":[{\"@type\":\"SearchAction\",\"target\":{\"@type\":\"EntryPoint\",\"urlTemplate\":\"https:\/\/www.entreprisesmarechal.com\/fr\/?s={search_term_string}\"},\"query-input\":\"required name=search_term_string\"}],\"inLanguage\":\"en-US\"}]}<\/script>\n<!-- \/ Yoast SEO plugin. -->","yoast_head_json":{"title":"Les Entreprises Mar\u00e9chal et associ\u00e9s | We offer landscaping services in Gatineau, Outaouais","description":"Les Entreprises Mar\u00e9chal et associ\u00e9s | Our company started to offer its landscaping services in early 2000 and since then, we developed our expertise to offer you a wide range of landscaping projects in Gatineau, Outaouais","robots":{"index":"index","follow":"follow","max-snippet":"max-snippet:-1","max-image-preview":"max-image-preview:large","max-video-preview":"max-video-preview:-1"},"canonical":"https:\/\/www.entreprisesmarechal.com\/fr\/a-propos-de-nous\/historique-de-l-entreprise\/","og_locale":"en_US","og_type":"article","og_title":"Les Entreprises Mar\u00e9chal et associ\u00e9s | We offer landscaping services in Gatineau, Outaouais","og_description":"Les Entreprises Mar\u00e9chal et associ\u00e9s | Our company started to offer its landscaping services in early 2000 and since then, we developed our expertise to offer you a wide range of landscaping projects in Gatineau, Outaouais","og_url":"https:\/\/www.entreprisesmarechal.com\/fr\/a-propos-de-nous\/historique-de-l-entreprise\/","og_site_name":"Les Entreprises Mar\u00e9chal et associ\u00e9s","article_modified_time":"2024-02-01T18:44:44+00:00","og_image":[{"width":304,"height":284,"url":"https:\/\/www.entreprisesmarechal.com\/wp-content\/uploads\/2018\/03\/featured-image-historique.jpg","type":"image\/jpeg"}],"twitter_card":"summary_large_image","twitter_misc":{"Est. reading time":"2 minutes"},"schema":{"@context":"https:\/\/schema.org","@graph":[{"@type":"WebPage","@id":"https:\/\/www.entreprisesmarechal.com\/fr\/a-propos-de-nous\/historique-de-l-entreprise\/","url":"https:\/\/www.entreprisesmarechal.com\/fr\/a-propos-de-nous\/historique-de-l-entreprise\/","name":"Les Entreprises Mar\u00e9chal et associ\u00e9s | We offer landscaping services in Gatineau, Outaouais","isPartOf":{"@id":"https:\/\/www.entreprisesmarechal.com\/fr\/#website"},"datePublished":"2018-03-28T14:56:32+00:00","dateModified":"2024-02-01T18:44:44+00:00","description":"Les Entreprises Mar\u00e9chal et associ\u00e9s | Our company started to offer its landscaping services in early 2000 and since then, we developed our expertise to offer you a wide range of landscaping projects in Gatineau, Outaouais","breadcrumb":{"@id":"https:\/\/www.entreprisesmarechal.com\/fr\/a-propos-de-nous\/historique-de-l-entreprise\/#breadcrumb"},"inLanguage":"en-US","potentialAction":[{"@type":"ReadAction","target":["https:\/\/www.entreprisesmarechal.com\/fr\/a-propos-de-nous\/historique-de-l-entreprise\/"]}]},{"@type":"BreadcrumbList","@id":"https:\/\/www.entreprisesmarechal.com\/fr\/a-propos-de-nous\/historique-de-l-entreprise\/#breadcrumb","itemListElement":[{"@type":"ListItem","position":1,"name":"Accueil","item":"https:\/\/www.entreprisesmarechal.com\/en\/"},{"@type":"ListItem","position":2,"name":"About us","item":"https:\/\/www.entreprisesmarechal.com\/fr\/a-propos-de-nous\/"},{"@type":"ListItem","position":3,"name":"Our history"}]},{"@type":"WebSite","@id":"https:\/\/www.entreprisesmarechal.com\/fr\/#website","url":"https:\/\/www.entreprisesmarechal.com\/fr\/","name":"Les Entreprises Mar\u00e9chal et associ\u00e9s","description":"","potentialAction":[{"@type":"SearchAction","target":{"@type":"EntryPoint","urlTemplate":"https:\/\/www.entreprisesmarechal.com\/fr\/?s={search_term_string}"},"query-input":"required name=search_term_string"}],"inLanguage":"en-US"}]}},"_links":{"self":[{"href":"https:\/\/www.entreprisesmarechal.com\/en\/wp-json\/wp\/v2\/pages\/7391"}],"collection":[{"href":"https:\/\/www.entreprisesmarechal.com\/en\/wp-json\/wp\/v2\/pages"}],"about":[{"href":"https:\/\/www.entreprisesmarechal.com\/en\/wp-json\/wp\/v2\/types\/page"}],"author":[{"embeddable":true,"href":"https:\/\/www.entreprisesmarechal.com\/en\/wp-json\/wp\/v2\/users\/1"}],"replies":[{"embeddable":true,"href":"https:\/\/www.entreprisesmarechal.com\/en\/wp-json\/wp\/v2\/comments?post=7391"}],"version-history":[{"count":5,"href":"https:\/\/www.entreprisesmarechal.com\/en\/wp-json\/wp\/v2\/pages\/7391\/revisions"}],"predecessor-version":[{"id":9014,"href":"https:\/\/www.entreprisesmarechal.com\/en\/wp-json\/wp\/v2\/pages\/7391\/revisions\/9014"}],"up":[{"embeddable":true,"href":"https:\/\/www.entreprisesmarechal.com\/en\/wp-json\/wp\/v2\/pages\/7079"}],"wp:featuredmedia":[{"embeddable":true,"href":"https:\/\/www.entreprisesmarechal.com\/en\/wp-json\/wp\/v2\/media\/7191"}],"wp:attachment":[{"href":"https:\/\/www.entreprisesmarechal.com\/en\/wp-json\/wp\/v2\/media?parent=7391"}],"curies":[{"name":"wp","href":"https:\/\/api.w.org\/{rel}","templated":true}]}}