{"id":7400,"date":"2018-03-28T11:02:42","date_gmt":"2018-03-28T15:02:42","guid":{"rendered":"https:\/\/www.entreprisesmarechal.com\/?page_id=7400"},"modified":"2024-02-01T13:54:10","modified_gmt":"2024-02-01T18:54:10","slug":"divisions","status":"publish","type":"page","link":"https:\/\/www.entreprisesmarechal.com\/en\/about-us\/divisions\/","title":{"rendered":"Divisions"},"content":{"rendered":"<div id=\"pl-7400\"  class=\"panel-layout\" ><div id=\"pg-7400-0\"  class=\"panel-grid panel-has-style\" ><div class=\"black-bg a-propos siteorigin-panels-stretch panel-row-style panel-row-style-for-7400-0\" data-stretch-type=\"full\" ><div id=\"pgc-7400-0-0\"  class=\"panel-grid-cell\" ><div id=\"panel-7400-0-0-0\" class=\"so-panel widget widget_black-studio-tinymce widget_black_studio_tinymce panel-first-child panel-last-child\" data-index=\"0\" ><div class=\"link-sidebar panel-widget-style panel-widget-style-for-7400-0-0-0\" ><h3 class=\"widget-title\"><span class=\"light\">About<\/span> us<\/h3><div class=\"textwidget\"><\/div><\/div><\/div><\/div><div id=\"pgc-7400-0-1\"  class=\"panel-grid-cell\" ><div id=\"panel-7400-0-1-0\" class=\"so-panel widget widget_black-studio-tinymce widget_black_studio_tinymce panel-first-child panel-last-child\" data-index=\"1\" ><div class=\"white-bg panel-widget-style panel-widget-style-for-7400-0-1-0\" ><div class=\"textwidget\">\n<div class=\"addthis_inline_share_toolbox\"><\/div>\n<h2>Divisions<\/h2>\n<h3>Mar\u00e9chal et associ\u00e9s entrepreneur paysagiste:<\/h3>\n<p>The main division of Les entreprises Mar\u00e9chal. In charge of the many landscaping projects for the residential and commercial branch. Our goal is to complete your dream project and maximize your investment while paying close attention to your budget. <\/p>\n<h3>MM excavation Gatineau:<\/h3>\n<p>A sister company founded in 2016 with the participation of Fran\u00e7ois Mar\u00e9chal and Jasen Crochemore, the latter being a young and ambitious contractor who has worked for years with Les entreprises Mar\u00e9chal. This division is specialized in all types of excavation and natural stone work.<\/p>\n<!--<h3>Jardins alternatifs:<\/h3>\n<p>Bought by Les entreprises Mar\u00e9chal in 2015, this used to be company is now a branch of Mar\u00e9chal that excels in everything related to planting, design and horticulture.<\/p>-->\n<h3>Le Petit Coup de Main:<\/h3>\n<p>Offers a variety of services for our customer such as cleaning, maintenance, commercial and residential snow removal, manual workforce, etc.<\/p>\n<h3>Home improvement:<\/h3>\n<p>Interior projects, basement, kitchen, bathroom, all sorts of repairs.<\/p>\n<h3>\u00c9co-transpo:<\/h3>\n<p>Aims to encourage the reuse of objects or materials while minimizing the distances on which they must be moved. Customers can meet their needs for reusable materials such as soil, pavers, treated wood, and more.<\/p>\n<a href='https:\/\/www.entreprisesmarechal.com\/en\/contact-us\/' class='btn btn-primary'>Contact a member of our team ><\/a><\/div><\/div><\/div><\/div><\/div><\/div><\/div>","protected":false},"excerpt":{"rendered":"<p>Divisions Mar\u00e9chal et associ\u00e9s entrepreneur paysagiste: The main division of Les entreprises Mar\u00e9chal. In charge of the many landscaping projects for the residential and commercial branch. Our goal is to complete your dream project and maximize your investment while paying close attention to your budget. MM excavation Gatineau: A sister company founded in 2016 with [&hellip;]<\/p>\n","protected":false},"author":1,"featured_media":0,"parent":7079,"menu_order":4,"comment_status":"closed","ping_status":"closed","template":"","meta":{"footnotes":""},"acf":[],"yoast_head":"<!-- This site is optimized with the Yoast SEO plugin v21.5 - https:\/\/yoast.com\/wordpress\/plugins\/seo\/ -->\n<title>Les Entreprises Mar\u00e9chal et associ\u00e9s | Complete range of landscaping services in Gatineau, Outaouais<\/title>\n<meta name=\"description\" content=\"Les Entreprises Mar\u00e9chal et associ\u00e9s | Our company and its divisions provide you many landscaping services with the highest quality standards in Gatineau, Outaouais\" \/>\n<meta name=\"robots\" content=\"index, follow, max-snippet:-1, max-image-preview:large, max-video-preview:-1\" \/>\n<link rel=\"canonical\" href=\"https:\/\/www.entreprisesmarechal.com\/fr\/a-propos-de-nous\/nos-divisions\/\" \/>\n<meta property=\"og:locale\" content=\"en_US\" \/>\n<meta property=\"og:type\" content=\"article\" \/>\n<meta property=\"og:title\" content=\"Les Entreprises Mar\u00e9chal et associ\u00e9s | Complete range of landscaping services in Gatineau, Outaouais\" \/>\n<meta property=\"og:description\" content=\"Les Entreprises Mar\u00e9chal et associ\u00e9s | Our company and its divisions provide you many landscaping services with the highest quality standards in Gatineau, Outaouais\" \/>\n<meta property=\"og:url\" content=\"https:\/\/www.entreprisesmarechal.com\/fr\/a-propos-de-nous\/nos-divisions\/\" \/>\n<meta property=\"og:site_name\" content=\"Les Entreprises Mar\u00e9chal et associ\u00e9s\" \/>\n<meta property=\"article:modified_time\" content=\"2024-02-01T18:54:10+00:00\" \/>\n<meta name=\"twitter:card\" content=\"summary_large_image\" \/>\n<meta name=\"twitter:label1\" content=\"Est. reading time\" \/>\n\t<meta name=\"twitter:data1\" content=\"1 minute\" \/>\n<script type=\"application\/ld+json\" class=\"yoast-schema-graph\">{\"@context\":\"https:\/\/schema.org\",\"@graph\":[{\"@type\":\"WebPage\",\"@id\":\"https:\/\/www.entreprisesmarechal.com\/fr\/a-propos-de-nous\/nos-divisions\/\",\"url\":\"https:\/\/www.entreprisesmarechal.com\/fr\/a-propos-de-nous\/nos-divisions\/\",\"name\":\"Les Entreprises Mar\u00e9chal et associ\u00e9s | Complete range of landscaping services in Gatineau, Outaouais\",\"isPartOf\":{\"@id\":\"https:\/\/www.entreprisesmarechal.com\/fr\/#website\"},\"datePublished\":\"2018-03-28T15:02:42+00:00\",\"dateModified\":\"2024-02-01T18:54:10+00:00\",\"description\":\"Les Entreprises Mar\u00e9chal et associ\u00e9s | Our company and its divisions provide you many landscaping services with the highest quality standards in Gatineau, Outaouais\",\"breadcrumb\":{\"@id\":\"https:\/\/www.entreprisesmarechal.com\/fr\/a-propos-de-nous\/nos-divisions\/#breadcrumb\"},\"inLanguage\":\"en-US\",\"potentialAction\":[{\"@type\":\"ReadAction\",\"target\":[\"https:\/\/www.entreprisesmarechal.com\/fr\/a-propos-de-nous\/nos-divisions\/\"]}]},{\"@type\":\"BreadcrumbList\",\"@id\":\"https:\/\/www.entreprisesmarechal.com\/fr\/a-propos-de-nous\/nos-divisions\/#breadcrumb\",\"itemListElement\":[{\"@type\":\"ListItem\",\"position\":1,\"name\":\"Accueil\",\"item\":\"https:\/\/www.entreprisesmarechal.com\/en\/\"},{\"@type\":\"ListItem\",\"position\":2,\"name\":\"About us\",\"item\":\"https:\/\/www.entreprisesmarechal.com\/fr\/a-propos-de-nous\/\"},{\"@type\":\"ListItem\",\"position\":3,\"name\":\"Divisions\"}]},{\"@type\":\"WebSite\",\"@id\":\"https:\/\/www.entreprisesmarechal.com\/fr\/#website\",\"url\":\"https:\/\/www.entreprisesmarechal.com\/fr\/\",\"name\":\"Les Entreprises Mar\u00e9chal et associ\u00e9s\",\"description\":\"\",\"potentialAction\":[{\"@type\":\"SearchAction\",\"target\":{\"@type\":\"EntryPoint\",\"urlTemplate\":\"https:\/\/www.entreprisesmarechal.com\/fr\/?s={search_term_string}\"},\"query-input\":\"required name=search_term_string\"}],\"inLanguage\":\"en-US\"}]}<\/script>\n<!-- \/ Yoast SEO plugin. -->","yoast_head_json":{"title":"Les Entreprises Mar\u00e9chal et associ\u00e9s | Complete range of landscaping services in Gatineau, Outaouais","description":"Les Entreprises Mar\u00e9chal et associ\u00e9s | Our company and its divisions provide you many landscaping services with the highest quality standards in Gatineau, Outaouais","robots":{"index":"index","follow":"follow","max-snippet":"max-snippet:-1","max-image-preview":"max-image-preview:large","max-video-preview":"max-video-preview:-1"},"canonical":"https:\/\/www.entreprisesmarechal.com\/fr\/a-propos-de-nous\/nos-divisions\/","og_locale":"en_US","og_type":"article","og_title":"Les Entreprises Mar\u00e9chal et associ\u00e9s | Complete range of landscaping services in Gatineau, Outaouais","og_description":"Les Entreprises Mar\u00e9chal et associ\u00e9s | Our company and its divisions provide you many landscaping services with the highest quality standards in Gatineau, Outaouais","og_url":"https:\/\/www.entreprisesmarechal.com\/fr\/a-propos-de-nous\/nos-divisions\/","og_site_name":"Les Entreprises Mar\u00e9chal et associ\u00e9s","article_modified_time":"2024-02-01T18:54:10+00:00","twitter_card":"summary_large_image","twitter_misc":{"Est. reading time":"1 minute"},"schema":{"@context":"https:\/\/schema.org","@graph":[{"@type":"WebPage","@id":"https:\/\/www.entreprisesmarechal.com\/fr\/a-propos-de-nous\/nos-divisions\/","url":"https:\/\/www.entreprisesmarechal.com\/fr\/a-propos-de-nous\/nos-divisions\/","name":"Les Entreprises Mar\u00e9chal et associ\u00e9s | Complete range of landscaping services in Gatineau, Outaouais","isPartOf":{"@id":"https:\/\/www.entreprisesmarechal.com\/fr\/#website"},"datePublished":"2018-03-28T15:02:42+00:00","dateModified":"2024-02-01T18:54:10+00:00","description":"Les Entreprises Mar\u00e9chal et associ\u00e9s | Our company and its divisions provide you many landscaping services with the highest quality standards in Gatineau, Outaouais","breadcrumb":{"@id":"https:\/\/www.entreprisesmarechal.com\/fr\/a-propos-de-nous\/nos-divisions\/#breadcrumb"},"inLanguage":"en-US","potentialAction":[{"@type":"ReadAction","target":["https:\/\/www.entreprisesmarechal.com\/fr\/a-propos-de-nous\/nos-divisions\/"]}]},{"@type":"BreadcrumbList","@id":"https:\/\/www.entreprisesmarechal.com\/fr\/a-propos-de-nous\/nos-divisions\/#breadcrumb","itemListElement":[{"@type":"ListItem","position":1,"name":"Accueil","item":"https:\/\/www.entreprisesmarechal.com\/en\/"},{"@type":"ListItem","position":2,"name":"About us","item":"https:\/\/www.entreprisesmarechal.com\/fr\/a-propos-de-nous\/"},{"@type":"ListItem","position":3,"name":"Divisions"}]},{"@type":"WebSite","@id":"https:\/\/www.entreprisesmarechal.com\/fr\/#website","url":"https:\/\/www.entreprisesmarechal.com\/fr\/","name":"Les Entreprises Mar\u00e9chal et associ\u00e9s","description":"","potentialAction":[{"@type":"SearchAction","target":{"@type":"EntryPoint","urlTemplate":"https:\/\/www.entreprisesmarechal.com\/fr\/?s={search_term_string}"},"query-input":"required name=search_term_string"}],"inLanguage":"en-US"}]}},"_links":{"self":[{"href":"https:\/\/www.entreprisesmarechal.com\/en\/wp-json\/wp\/v2\/pages\/7400"}],"collection":[{"href":"https:\/\/www.entreprisesmarechal.com\/en\/wp-json\/wp\/v2\/pages"}],"about":[{"href":"https:\/\/www.entreprisesmarechal.com\/en\/wp-json\/wp\/v2\/types\/page"}],"author":[{"embeddable":true,"href":"https:\/\/www.entreprisesmarechal.com\/en\/wp-json\/wp\/v2\/users\/1"}],"replies":[{"embeddable":true,"href":"https:\/\/www.entreprisesmarechal.com\/en\/wp-json\/wp\/v2\/comments?post=7400"}],"version-history":[{"count":4,"href":"https:\/\/www.entreprisesmarechal.com\/en\/wp-json\/wp\/v2\/pages\/7400\/revisions"}],"predecessor-version":[{"id":9018,"href":"https:\/\/www.entreprisesmarechal.com\/en\/wp-json\/wp\/v2\/pages\/7400\/revisions\/9018"}],"up":[{"embeddable":true,"href":"https:\/\/www.entreprisesmarechal.com\/en\/wp-json\/wp\/v2\/pages\/7079"}],"wp:attachment":[{"href":"https:\/\/www.entreprisesmarechal.com\/en\/wp-json\/wp\/v2\/media?parent=7400"}],"curies":[{"name":"wp","href":"https:\/\/api.w.org\/{rel}","templated":true}]}}