{"id":7403,"date":"2018-03-28T11:06:02","date_gmt":"2018-03-28T15:06:02","guid":{"rendered":"https:\/\/www.entreprisesmarechal.com\/?page_id=7403"},"modified":"2025-02-07T08:44:27","modified_gmt":"2025-02-07T13:44:27","slug":"distinctions-and-awards","status":"publish","type":"page","link":"https:\/\/www.entreprisesmarechal.com\/en\/about-us\/distinctions-and-awards\/","title":{"rendered":"Distinctions and awards"},"content":{"rendered":"<div id=\"pl-7403\"  class=\"panel-layout\" ><div id=\"pg-7403-0\"  class=\"panel-grid panel-has-style\" ><div class=\"black-bg a-propos siteorigin-panels-stretch panel-row-style panel-row-style-for-7403-0\" data-stretch-type=\"full\" ><div id=\"pgc-7403-0-0\"  class=\"panel-grid-cell\" ><div id=\"panel-7403-0-0-0\" class=\"so-panel widget widget_black-studio-tinymce widget_black_studio_tinymce panel-first-child panel-last-child\" data-index=\"0\" ><div class=\"link-sidebar panel-widget-style panel-widget-style-for-7403-0-0-0\" ><h3 class=\"widget-title\"><span class=\"light\">About<\/span> us<\/h3><div class=\"textwidget\"><\/div><\/div><\/div><\/div><div id=\"pgc-7403-0-1\"  class=\"panel-grid-cell\" ><div id=\"panel-7403-0-1-0\" class=\"so-panel widget widget_black-studio-tinymce widget_black_studio_tinymce panel-first-child panel-last-child\" data-index=\"1\" ><div class=\"white-bg panel-widget-style panel-widget-style-for-7403-0-1-0\" ><div class=\"textwidget\">\n<div class=\"addthis_inline_share_toolbox\"><\/div>\n<h2>Distinctions and awards<\/h2>\n<img decoding=\"async\" src=\"https:\/\/www.entreprisesmarechal.com\/wp-content\/uploads\/2018\/04\/prixl-laureat.jpg\" alt=\"\" \/>\n<p>The excellence of our company has been noted more than once:<\/p>\n<h3>Press article in Le Droit:<\/h3>\n<p><a class=\"liens article\" href=\"https:\/\/www.ledroit.com\/actualites\/penurie-de-main-doeuvre-le-bon-poste-au-bon-moment-cc08c34adc94d53b367c82a1fda1d8e8?utm_campaign=ledroit&utm_medium=article_share&utm_source=email\" target=\"_blank\" rel=\"noopener\">Link to article<\/a><\/p>\n<h3>APCHQ-certified member since 2011:<\/h3>\n<p>APCHQ Certified Contractors (formerly R\u00e9no-Ma\u00eetre) are professionals recognized for their skills, expertise and quality customer service. We are committed to ongoing training and to applying established standards that reflect best practices in renovation and customer relations. We must maintain a satisfaction rate of over 85%. Since 2021, we've had the Gold Distinction Award: 10 to 14 years of excellence!<\/p>\n<h3>Human Resources Award at the Excelor 2016 Gala of the Gatineau Chamber of Commerce:<\/h3>\n<p>The company won this award thanks to its innovative management of human resources by implementing a system for monitoring and improving employee performance in connection with the PAMT (Workplace Learning Program) of Emploi-Qu\u00e9bec.<\/p>\n<h3>Best Garden Build Award 2018:<\/h3>\n<p>At the 2018 Ottawa Home and Garden Show, Landscape Ontario members awarded us the \u201cBest Garden Build Award\u201d for the splendid and original design of our garden in the Living Landscapes space.<\/p>\n<img loading=\"lazy\" decoding=\"async\" src=\"https:\/\/www.entreprisesmarechal.com\/wp-content\/uploads\/2025\/02\/page_1_thumb_large-243x300.jpg\" alt=\"\" width=\"243\" height=\"300\" class=\"alignnone size-medium wp-image-9602\" srcset=\"https:\/\/www.entreprisesmarechal.com\/wp-content\/uploads\/2025\/02\/page_1_thumb_large-243x300.jpg 243w, https:\/\/www.entreprisesmarechal.com\/wp-content\/uploads\/2025\/02\/page_1_thumb_large.jpg 388w\" sizes=\"(max-width: 243px) 100vw, 243px\" \/><h3>Permacon Catalog:<\/h3>\n<p>Our work made the cover of the Permacon Catalog in 2015<\/p>\n<a href='https:\/\/www.entreprisesmarechal.com\/en\/contact-us\/' class='btn btn-primary'>Contact a member of our team ><\/a><\/div><\/div><\/div><\/div><\/div><\/div><\/div>","protected":false},"excerpt":{"rendered":"<p>Distinctions and awards The excellence of our company has been noted more than once: Press article in Le Droit: Link to article APCHQ-certified member since 2011: APCHQ Certified Contractors (formerly R\u00e9no-Ma\u00eetre) are professionals recognized for their skills, expertise and quality customer service. We are committed to ongoing training and to applying established standards that reflect [&hellip;]<\/p>\n","protected":false},"author":1,"featured_media":0,"parent":7079,"menu_order":5,"comment_status":"closed","ping_status":"closed","template":"","meta":{"footnotes":""},"acf":[],"yoast_head":"<!-- This site is optimized with the Yoast SEO plugin v21.5 - https:\/\/yoast.com\/wordpress\/plugins\/seo\/ -->\n<title>Les Entreprises Mar\u00e9chal et associ\u00e9s | Distinctions and awards for our landscaping services in Gatineau, Outaouais<\/title>\n<meta name=\"description\" content=\"Les Entreprises Mar\u00e9chal et associ\u00e9s | Our company, specialized in landscaping, is renowned in the Outaouais region for its excellent quality of work in Gatineau\" \/>\n<meta name=\"robots\" content=\"index, follow, max-snippet:-1, max-image-preview:large, max-video-preview:-1\" \/>\n<link rel=\"canonical\" href=\"https:\/\/www.entreprisesmarechal.com\/en\/about-us\/distinctions-and-awards\/\" \/>\n<meta property=\"og:locale\" content=\"en_US\" \/>\n<meta property=\"og:type\" content=\"article\" \/>\n<meta property=\"og:title\" content=\"Les Entreprises Mar\u00e9chal et associ\u00e9s | Distinctions and awards for our landscaping services in Gatineau, Outaouais\" \/>\n<meta property=\"og:description\" content=\"Les Entreprises Mar\u00e9chal et associ\u00e9s | Our company, specialized in landscaping, is renowned in the Outaouais region for its excellent quality of work in Gatineau\" \/>\n<meta property=\"og:url\" content=\"https:\/\/www.entreprisesmarechal.com\/en\/about-us\/distinctions-and-awards\/\" \/>\n<meta property=\"og:site_name\" content=\"Les Entreprises Mar\u00e9chal et associ\u00e9s\" \/>\n<meta property=\"article:modified_time\" content=\"2025-02-07T13:44:27+00:00\" \/>\n<meta property=\"og:image\" content=\"https:\/\/www.entreprisesmarechal.com\/wp-content\/uploads\/2018\/04\/prixl-laureat.jpg\" \/>\n<meta name=\"twitter:card\" content=\"summary_large_image\" \/>\n<meta name=\"twitter:label1\" content=\"Est. reading time\" \/>\n\t<meta name=\"twitter:data1\" content=\"2 minutes\" \/>\n<script type=\"application\/ld+json\" class=\"yoast-schema-graph\">{\"@context\":\"https:\/\/schema.org\",\"@graph\":[{\"@type\":\"WebPage\",\"@id\":\"https:\/\/www.entreprisesmarechal.com\/en\/about-us\/distinctions-and-awards\/\",\"url\":\"https:\/\/www.entreprisesmarechal.com\/en\/about-us\/distinctions-and-awards\/\",\"name\":\"Les Entreprises Mar\u00e9chal et associ\u00e9s | Distinctions and awards for our landscaping services in Gatineau, Outaouais\",\"isPartOf\":{\"@id\":\"https:\/\/www.entreprisesmarechal.com\/fr\/#website\"},\"datePublished\":\"2018-03-28T15:06:02+00:00\",\"dateModified\":\"2025-02-07T13:44:27+00:00\",\"description\":\"Les Entreprises Mar\u00e9chal et associ\u00e9s | Our company, specialized in landscaping, is renowned in the Outaouais region for its excellent quality of work in Gatineau\",\"breadcrumb\":{\"@id\":\"https:\/\/www.entreprisesmarechal.com\/en\/about-us\/distinctions-and-awards\/#breadcrumb\"},\"inLanguage\":\"en-US\",\"potentialAction\":[{\"@type\":\"ReadAction\",\"target\":[\"https:\/\/www.entreprisesmarechal.com\/en\/about-us\/distinctions-and-awards\/\"]}]},{\"@type\":\"BreadcrumbList\",\"@id\":\"https:\/\/www.entreprisesmarechal.com\/en\/about-us\/distinctions-and-awards\/#breadcrumb\",\"itemListElement\":[{\"@type\":\"ListItem\",\"position\":1,\"name\":\"Accueil\",\"item\":\"https:\/\/www.entreprisesmarechal.com\/en\/\"},{\"@type\":\"ListItem\",\"position\":2,\"name\":\"About us\",\"item\":\"https:\/\/www.entreprisesmarechal.com\/fr\/a-propos-de-nous\/\"},{\"@type\":\"ListItem\",\"position\":3,\"name\":\"Distinctions and awards\"}]},{\"@type\":\"WebSite\",\"@id\":\"https:\/\/www.entreprisesmarechal.com\/fr\/#website\",\"url\":\"https:\/\/www.entreprisesmarechal.com\/fr\/\",\"name\":\"Les Entreprises Mar\u00e9chal et associ\u00e9s\",\"description\":\"\",\"potentialAction\":[{\"@type\":\"SearchAction\",\"target\":{\"@type\":\"EntryPoint\",\"urlTemplate\":\"https:\/\/www.entreprisesmarechal.com\/fr\/?s={search_term_string}\"},\"query-input\":\"required name=search_term_string\"}],\"inLanguage\":\"en-US\"}]}<\/script>\n<!-- \/ Yoast SEO plugin. -->","yoast_head_json":{"title":"Les Entreprises Mar\u00e9chal et associ\u00e9s | Distinctions and awards for our landscaping services in Gatineau, Outaouais","description":"Les Entreprises Mar\u00e9chal et associ\u00e9s | Our company, specialized in landscaping, is renowned in the Outaouais region for its excellent quality of work in Gatineau","robots":{"index":"index","follow":"follow","max-snippet":"max-snippet:-1","max-image-preview":"max-image-preview:large","max-video-preview":"max-video-preview:-1"},"canonical":"https:\/\/www.entreprisesmarechal.com\/en\/about-us\/distinctions-and-awards\/","og_locale":"en_US","og_type":"article","og_title":"Les Entreprises Mar\u00e9chal et associ\u00e9s | Distinctions and awards for our landscaping services in Gatineau, Outaouais","og_description":"Les Entreprises Mar\u00e9chal et associ\u00e9s | Our company, specialized in landscaping, is renowned in the Outaouais region for its excellent quality of work in Gatineau","og_url":"https:\/\/www.entreprisesmarechal.com\/en\/about-us\/distinctions-and-awards\/","og_site_name":"Les Entreprises Mar\u00e9chal et associ\u00e9s","article_modified_time":"2025-02-07T13:44:27+00:00","og_image":[{"url":"https:\/\/www.entreprisesmarechal.com\/wp-content\/uploads\/2018\/04\/prixl-laureat.jpg"}],"twitter_card":"summary_large_image","twitter_misc":{"Est. reading time":"2 minutes"},"schema":{"@context":"https:\/\/schema.org","@graph":[{"@type":"WebPage","@id":"https:\/\/www.entreprisesmarechal.com\/en\/about-us\/distinctions-and-awards\/","url":"https:\/\/www.entreprisesmarechal.com\/en\/about-us\/distinctions-and-awards\/","name":"Les Entreprises Mar\u00e9chal et associ\u00e9s | Distinctions and awards for our landscaping services in Gatineau, Outaouais","isPartOf":{"@id":"https:\/\/www.entreprisesmarechal.com\/fr\/#website"},"datePublished":"2018-03-28T15:06:02+00:00","dateModified":"2025-02-07T13:44:27+00:00","description":"Les Entreprises Mar\u00e9chal et associ\u00e9s | Our company, specialized in landscaping, is renowned in the Outaouais region for its excellent quality of work in Gatineau","breadcrumb":{"@id":"https:\/\/www.entreprisesmarechal.com\/en\/about-us\/distinctions-and-awards\/#breadcrumb"},"inLanguage":"en-US","potentialAction":[{"@type":"ReadAction","target":["https:\/\/www.entreprisesmarechal.com\/en\/about-us\/distinctions-and-awards\/"]}]},{"@type":"BreadcrumbList","@id":"https:\/\/www.entreprisesmarechal.com\/en\/about-us\/distinctions-and-awards\/#breadcrumb","itemListElement":[{"@type":"ListItem","position":1,"name":"Accueil","item":"https:\/\/www.entreprisesmarechal.com\/en\/"},{"@type":"ListItem","position":2,"name":"About us","item":"https:\/\/www.entreprisesmarechal.com\/fr\/a-propos-de-nous\/"},{"@type":"ListItem","position":3,"name":"Distinctions and awards"}]},{"@type":"WebSite","@id":"https:\/\/www.entreprisesmarechal.com\/fr\/#website","url":"https:\/\/www.entreprisesmarechal.com\/fr\/","name":"Les Entreprises Mar\u00e9chal et associ\u00e9s","description":"","potentialAction":[{"@type":"SearchAction","target":{"@type":"EntryPoint","urlTemplate":"https:\/\/www.entreprisesmarechal.com\/fr\/?s={search_term_string}"},"query-input":"required name=search_term_string"}],"inLanguage":"en-US"}]}},"_links":{"self":[{"href":"https:\/\/www.entreprisesmarechal.com\/en\/wp-json\/wp\/v2\/pages\/7403"}],"collection":[{"href":"https:\/\/www.entreprisesmarechal.com\/en\/wp-json\/wp\/v2\/pages"}],"about":[{"href":"https:\/\/www.entreprisesmarechal.com\/en\/wp-json\/wp\/v2\/types\/page"}],"author":[{"embeddable":true,"href":"https:\/\/www.entreprisesmarechal.com\/en\/wp-json\/wp\/v2\/users\/1"}],"replies":[{"embeddable":true,"href":"https:\/\/www.entreprisesmarechal.com\/en\/wp-json\/wp\/v2\/comments?post=7403"}],"version-history":[{"count":5,"href":"https:\/\/www.entreprisesmarechal.com\/en\/wp-json\/wp\/v2\/pages\/7403\/revisions"}],"predecessor-version":[{"id":9898,"href":"https:\/\/www.entreprisesmarechal.com\/en\/wp-json\/wp\/v2\/pages\/7403\/revisions\/9898"}],"up":[{"embeddable":true,"href":"https:\/\/www.entreprisesmarechal.com\/en\/wp-json\/wp\/v2\/pages\/7079"}],"wp:attachment":[{"href":"https:\/\/www.entreprisesmarechal.com\/en\/wp-json\/wp\/v2\/media?parent=7403"}],"curies":[{"name":"wp","href":"https:\/\/api.w.org\/{rel}","templated":true}]}}