{"id":7413,"date":"2018-03-28T11:23:57","date_gmt":"2018-03-28T15:23:57","guid":{"rendered":"https:\/\/www.entreprisesmarechal.com\/?page_id=7413"},"modified":"2025-02-12T14:58:56","modified_gmt":"2025-02-12T19:58:56","slug":"residential-landscaping-services","status":"publish","type":"page","link":"https:\/\/www.entreprisesmarechal.com\/en\/residential-landscaping-services\/","title":{"rendered":"Residential landscaping services"},"content":{"rendered":"<div id=\"pl-7413\"  class=\"panel-layout\" ><div id=\"pg-7413-0\"  class=\"panel-grid panel-has-style\" ><div class=\"white-bg siteorigin-panels-stretch panel-row-style panel-row-style-for-7413-0\" data-stretch-type=\"full\" ><div id=\"pgc-7413-0-0\"  class=\"panel-grid-cell\" ><div id=\"panel-7413-0-0-0\" class=\"so-panel widget widget_black-studio-tinymce widget_black_studio_tinymce panel-first-child panel-last-child\" data-index=\"0\" ><div class=\"textwidget\"><div class=\"addthis_inline_share_toolbox\"><\/div>\n<h2>For a complete and turnkey landscaping project<\/h2>\n<p>We are landscaping experts distinguished by the excellence and sustainability of our work and by the reliability of our team of workers for over 18 years. You are sure to do business with a team that is trustworthy for your property!<\/p>\n<p>Our residential landscaping services follow the design and build philosophy, allowing us to track our customers from the very beginning to the end of the project to ensure that you are 100% satisfied. In addition, this approach maximizes your investment. You will be accompanied by our project managers throughout the work. Our team pays great attention to detail and to deliver work of superior quality in a creative, efficient, environmentally conscious way, and above all, on time. Our goal is to provide the desired outcome while respecting your budget. Go ahead, give us a call and let us share our expertise with you!<\/p><\/div><\/div><\/div><\/div><\/div><div id=\"pg-7413-1\"  class=\"panel-grid panel-has-style\" ><div class=\"white-bg black-border siteorigin-panels-stretch panel-row-style panel-row-style-for-7413-1\" data-stretch-type=\"full\" ><div id=\"pgc-7413-1-0\"  class=\"panel-grid-cell\" ><div id=\"panel-7413-1-0-0\" class=\"so-panel widget widget_qt_feature_page widget-featured-page panel-first-child\" data-index=\"1\" >\n\t\t\t<div class=\"post-item page\">\n\t\t\t\t\t\t\t\t\t<a href=\"https:\/\/www.entreprisesmarechal.com\/en\/residential-landscaping-services\/pavers-and-stonework\/\" class=\"post-item-image\">\n\t\t\t\t\t\t<img loading=\"lazy\" decoding=\"async\" width=\"360\" height=\"240\" src=\"https:\/\/www.entreprisesmarechal.com\/wp-content\/uploads\/2024\/02\/photo_de_pav\u00e9_uni-360x240.jpg\" class=\"attachment-thelandscaper-featured-thumb size-thelandscaper-featured-thumb\" alt=\"Pavers and stonework\" srcset=\"\" sizes=\"(min-width: 781px) 360px, calc(100vw - 30px)\" \/>\t\t\t\t\t\t\t\t\t\t\t\t\t<div class=\"overlay\">\n\t\t\t\t\t\t\t\t<div class=\"vertical-center\">\n\t\t\t\t\t\t\t\t\t<span>Read more<\/span>\n\t\t\t\t\t\t\t\t<\/div>\n\t\t\t\t\t\t\t<\/div>\n\t\t\t\t\t\t\t\t\t\t\t<\/a>\n\t\t\t\t\t\t\t\t<h5 class=\"title\">\n\t\t\t\t\t<a href=\"https:\/\/www.entreprisesmarechal.com\/en\/residential-landscaping-services\/pavers-and-stonework\/\">Pavers and stonework<\/a>\n\t\t\t\t<\/h5>\n\t\t\t\t\t\t\t\t\t<p>Pavers and stonework\nThe main element of many landscaping projects is the pavers and stone work. It\u2019s the sidewalk that will guide your family to the entrance or backyard and to the&hellip;<\/p>\n\t\t\t\t\t\t\t\t\t\t\t\t\t<a href=\"https:\/\/www.entreprisesmarechal.com\/en\/residential-landscaping-services\/pavers-and-stonework\/\" class=\"more\">Read more<\/a>\n\t\t\t\t\t\t\t<\/div>\n\n\t\t\t<\/div><div id=\"panel-7413-1-0-1\" class=\"so-panel widget widget_qt_feature_page widget-featured-page\" data-index=\"2\" >\n\t\t\t<div class=\"post-item page\">\n\t\t\t\t\t\t\t\t\t<a href=\"https:\/\/www.entreprisesmarechal.com\/en\/residential-landscaping-services\/excavation-and-grading\/\" class=\"post-item-image\">\n\t\t\t\t\t\t<img loading=\"lazy\" decoding=\"async\" width=\"360\" height=\"240\" src=\"https:\/\/www.entreprisesmarechal.com\/wp-content\/uploads\/2018\/04\/featured-excavation-360x240.jpg\" class=\"attachment-thelandscaper-featured-thumb size-thelandscaper-featured-thumb\" alt=\"Excavation and grading\" srcset=\"https:\/\/www.entreprisesmarechal.com\/wp-content\/uploads\/2018\/04\/featured-excavation-360x240.jpg 360w, https:\/\/www.entreprisesmarechal.com\/wp-content\/uploads\/2018\/04\/featured-excavation-720x479.jpg 720w\" sizes=\"(min-width: 781px) 360px, calc(100vw - 30px)\" \/>\t\t\t\t\t\t\t\t\t\t\t\t\t<div class=\"overlay\">\n\t\t\t\t\t\t\t\t<div class=\"vertical-center\">\n\t\t\t\t\t\t\t\t\t<span>Read more<\/span>\n\t\t\t\t\t\t\t\t<\/div>\n\t\t\t\t\t\t\t<\/div>\n\t\t\t\t\t\t\t\t\t\t\t<\/a>\n\t\t\t\t\t\t\t\t<h5 class=\"title\">\n\t\t\t\t\t<a href=\"https:\/\/www.entreprisesmarechal.com\/en\/residential-landscaping-services\/excavation-and-grading\/\">Excavation and grading<\/a>\n\t\t\t\t<\/h5>\n\t\t\t\t\t\t\t\t\t<p>Excavation and grading\nA crucial step in any landscaping project consists in the excavation and leveling of the ground. Whether it&#039;s digging for a swimming pool, patio, parking, a large&hellip;<\/p>\n\t\t\t\t\t\t\t\t\t\t\t\t\t<a href=\"https:\/\/www.entreprisesmarechal.com\/en\/residential-landscaping-services\/excavation-and-grading\/\" class=\"more\">Read more<\/a>\n\t\t\t\t\t\t\t<\/div>\n\n\t\t\t<\/div><div id=\"panel-7413-1-0-2\" class=\"so-panel widget widget_qt_feature_page widget-featured-page panel-last-child\" data-index=\"3\" >\n\t\t\t<div class=\"post-item page\">\n\t\t\t\t\t\t\t\t\t<a href=\"https:\/\/www.entreprisesmarechal.com\/en\/residential-landscaping-services\/asphalt\/\" class=\"post-item-image\">\n\t\t\t\t\t\t<img loading=\"lazy\" decoding=\"async\" width=\"360\" height=\"240\" src=\"https:\/\/www.entreprisesmarechal.com\/wp-content\/uploads\/2018\/03\/4-6-360x240.jpg\" class=\"attachment-thelandscaper-featured-thumb size-thelandscaper-featured-thumb\" alt=\"Asphalt\" srcset=\"\" sizes=\"(min-width: 781px) 360px, calc(100vw - 30px)\" \/>\t\t\t\t\t\t\t\t\t\t\t\t\t<div class=\"overlay\">\n\t\t\t\t\t\t\t\t<div class=\"vertical-center\">\n\t\t\t\t\t\t\t\t\t<span>Read more<\/span>\n\t\t\t\t\t\t\t\t<\/div>\n\t\t\t\t\t\t\t<\/div>\n\t\t\t\t\t\t\t\t\t\t\t<\/a>\n\t\t\t\t\t\t\t\t<h5 class=\"title\">\n\t\t\t\t\t<a href=\"https:\/\/www.entreprisesmarechal.com\/en\/residential-landscaping-services\/asphalt\/\">Asphalt<\/a>\n\t\t\t\t<\/h5>\n\t\t\t\t\t\t\t\t\t<p>Asphalt\nYour parking is obsolete and the asphalt is cracked? It\u2019s time to refresh your entrance with a combination of asphalt and paving stone. We take care of removing the old asphalt,&hellip;<\/p>\n\t\t\t\t\t\t\t\t\t\t\t\t\t<a href=\"https:\/\/www.entreprisesmarechal.com\/en\/residential-landscaping-services\/asphalt\/\" class=\"more\">Read more<\/a>\n\t\t\t\t\t\t\t<\/div>\n\n\t\t\t<\/div><\/div><div id=\"pgc-7413-1-1\"  class=\"panel-grid-cell\" ><div id=\"panel-7413-1-1-0\" class=\"so-panel widget widget_qt_feature_page widget-featured-page panel-first-child\" data-index=\"4\" >\n\t\t\t<div class=\"post-item page\">\n\t\t\t\t\t\t\t\t\t<a href=\"https:\/\/www.entreprisesmarechal.com\/en\/residential-landscaping-services\/pools-and-water-features\/\" class=\"post-item-image\">\n\t\t\t\t\t\t<img loading=\"lazy\" decoding=\"async\" width=\"360\" height=\"240\" src=\"https:\/\/www.entreprisesmarechal.com\/wp-content\/uploads\/2018\/04\/featured-image-pool-360x240.jpg\" class=\"attachment-thelandscaper-featured-thumb size-thelandscaper-featured-thumb\" alt=\"Pools and water features\" srcset=\"https:\/\/www.entreprisesmarechal.com\/wp-content\/uploads\/2018\/04\/featured-image-pool-360x240.jpg 360w, https:\/\/www.entreprisesmarechal.com\/wp-content\/uploads\/2018\/04\/featured-image-pool-720x479.jpg 720w\" sizes=\"(min-width: 781px) 360px, calc(100vw - 30px)\" \/>\t\t\t\t\t\t\t\t\t\t\t\t\t<div class=\"overlay\">\n\t\t\t\t\t\t\t\t<div class=\"vertical-center\">\n\t\t\t\t\t\t\t\t\t<span>Read more<\/span>\n\t\t\t\t\t\t\t\t<\/div>\n\t\t\t\t\t\t\t<\/div>\n\t\t\t\t\t\t\t\t\t\t\t<\/a>\n\t\t\t\t\t\t\t\t<h5 class=\"title\">\n\t\t\t\t\t<a href=\"https:\/\/www.entreprisesmarechal.com\/en\/residential-landscaping-services\/pools-and-water-features\/\">Pools and water features<\/a>\n\t\t\t\t<\/h5>\n\t\t\t\t\t\t\t\t\t<p>Pools and water features\nA pool or water feature can quickly increase the appeal and value of your home also enticing you to relax in your own backyard.\n\nWe have actively participated&hellip;<\/p>\n\t\t\t\t\t\t\t\t\t\t\t\t\t<a href=\"https:\/\/www.entreprisesmarechal.com\/en\/residential-landscaping-services\/pools-and-water-features\/\" class=\"more\">Read more<\/a>\n\t\t\t\t\t\t\t<\/div>\n\n\t\t\t<\/div><div id=\"panel-7413-1-1-1\" class=\"so-panel widget widget_qt_feature_page widget-featured-page\" data-index=\"5\" >\n\t\t\t<div class=\"post-item page\">\n\t\t\t\t\t\t\t\t\t<a href=\"https:\/\/www.entreprisesmarechal.com\/en\/residential-landscaping-services\/horticulture-and-planting\/\" class=\"post-item-image\">\n\t\t\t\t\t\t<img loading=\"lazy\" decoding=\"async\" width=\"360\" height=\"240\" src=\"https:\/\/www.entreprisesmarechal.com\/wp-content\/uploads\/2018\/03\/IMG_7771-scaled-e1738864061942-360x240.jpg\" class=\"attachment-thelandscaper-featured-thumb size-thelandscaper-featured-thumb\" alt=\"Horticulture and planting\" srcset=\"https:\/\/www.entreprisesmarechal.com\/wp-content\/uploads\/2018\/03\/IMG_7771-scaled-e1738864061942-360x240.jpg 360w, https:\/\/www.entreprisesmarechal.com\/wp-content\/uploads\/2018\/03\/IMG_7771-scaled-e1738864061942-850x567.jpg 850w\" sizes=\"(min-width: 781px) 360px, calc(100vw - 30px)\" \/>\t\t\t\t\t\t\t\t\t\t\t\t\t<div class=\"overlay\">\n\t\t\t\t\t\t\t\t<div class=\"vertical-center\">\n\t\t\t\t\t\t\t\t\t<span>Read more<\/span>\n\t\t\t\t\t\t\t\t<\/div>\n\t\t\t\t\t\t\t<\/div>\n\t\t\t\t\t\t\t\t\t\t\t<\/a>\n\t\t\t\t\t\t\t\t<h5 class=\"title\">\n\t\t\t\t\t<a href=\"https:\/\/www.entreprisesmarechal.com\/en\/residential-landscaping-services\/horticulture-and-planting\/\">Horticulture and planting<\/a>\n\t\t\t\t<\/h5>\n\t\t\t\t\t\t\t\t\t<p>Horticulture and planting\nWe have a team of specialized horticulturists who definitely have a green thumb! From turf laying to creating beautiful gardens to planting trees and cedars,&hellip;<\/p>\n\t\t\t\t\t\t\t\t\t\t\t\t\t<a href=\"https:\/\/www.entreprisesmarechal.com\/en\/residential-landscaping-services\/horticulture-and-planting\/\" class=\"more\">Read more<\/a>\n\t\t\t\t\t\t\t<\/div>\n\n\t\t\t<\/div><div id=\"panel-7413-1-1-2\" class=\"so-panel widget widget_qt_feature_page widget-featured-page panel-last-child\" data-index=\"6\" >\n\t\t\t<div class=\"post-item page\">\n\t\t\t\t\t\t\t\t\t<a href=\"https:\/\/www.entreprisesmarechal.com\/en\/residential-landscaping-services\/lighting-systems\/\" class=\"post-item-image\">\n\t\t\t\t\t\t<img loading=\"lazy\" decoding=\"async\" width=\"360\" height=\"240\" src=\"https:\/\/www.entreprisesmarechal.com\/wp-content\/uploads\/2018\/03\/20240719_2151442-360x240.jpg\" class=\"attachment-thelandscaper-featured-thumb size-thelandscaper-featured-thumb\" alt=\"Lighting systems\" srcset=\"https:\/\/www.entreprisesmarechal.com\/wp-content\/uploads\/2018\/03\/20240719_2151442-360x240.jpg 360w, https:\/\/www.entreprisesmarechal.com\/wp-content\/uploads\/2018\/03\/20240719_2151442-850x567.jpg 850w\" sizes=\"(min-width: 781px) 360px, calc(100vw - 30px)\" \/>\t\t\t\t\t\t\t\t\t\t\t\t\t<div class=\"overlay\">\n\t\t\t\t\t\t\t\t<div class=\"vertical-center\">\n\t\t\t\t\t\t\t\t\t<span>Read more<\/span>\n\t\t\t\t\t\t\t\t<\/div>\n\t\t\t\t\t\t\t<\/div>\n\t\t\t\t\t\t\t\t\t\t\t<\/a>\n\t\t\t\t\t\t\t\t<h5 class=\"title\">\n\t\t\t\t\t<a href=\"https:\/\/www.entreprisesmarechal.com\/en\/residential-landscaping-services\/lighting-systems\/\">Lighting systems<\/a>\n\t\t\t\t<\/h5>\n\t\t\t\t\t\t\t\t\t<p>Lighting systems\nWe also offer installation service of lighting systems. This lighting, whether installed in your garden or in a patio made of wood, composite, natural stone or paving&hellip;<\/p>\n\t\t\t\t\t\t\t\t\t\t\t\t\t<a href=\"https:\/\/www.entreprisesmarechal.com\/en\/residential-landscaping-services\/lighting-systems\/\" class=\"more\">Read more<\/a>\n\t\t\t\t\t\t\t<\/div>\n\n\t\t\t<\/div><\/div><div id=\"pgc-7413-1-2\"  class=\"panel-grid-cell\" ><div id=\"panel-7413-1-2-0\" class=\"so-panel widget widget_qt_feature_page widget-featured-page panel-first-child\" data-index=\"7\" >\n\t\t\t<div class=\"post-item page\">\n\t\t\t\t\t\t\t\t\t<a href=\"https:\/\/www.entreprisesmarechal.com\/en\/residential-landscaping-services\/consultation-and-design\/\" class=\"post-item-image\">\n\t\t\t\t\t\t<img loading=\"lazy\" decoding=\"async\" width=\"360\" height=\"240\" src=\"https:\/\/www.entreprisesmarechal.com\/wp-content\/uploads\/2025\/02\/20220824_113131-360x240.jpg\" class=\"attachment-thelandscaper-featured-thumb size-thelandscaper-featured-thumb\" alt=\"Consultation and design\" srcset=\"https:\/\/www.entreprisesmarechal.com\/wp-content\/uploads\/2025\/02\/20220824_113131-360x240.jpg 360w, https:\/\/www.entreprisesmarechal.com\/wp-content\/uploads\/2025\/02\/20220824_113131-850x567.jpg 850w\" sizes=\"(min-width: 781px) 360px, calc(100vw - 30px)\" \/>\t\t\t\t\t\t\t\t\t\t\t\t\t<div class=\"overlay\">\n\t\t\t\t\t\t\t\t<div class=\"vertical-center\">\n\t\t\t\t\t\t\t\t\t<span>Read more<\/span>\n\t\t\t\t\t\t\t\t<\/div>\n\t\t\t\t\t\t\t<\/div>\n\t\t\t\t\t\t\t\t\t\t\t<\/a>\n\t\t\t\t\t\t\t\t<h5 class=\"title\">\n\t\t\t\t\t<a href=\"https:\/\/www.entreprisesmarechal.com\/en\/residential-landscaping-services\/consultation-and-design\/\">Consultation and design<\/a>\n\t\t\t\t<\/h5>\n\t\t\t\t\t\t\t\t\t<p>Consultation and design\nWhen you contact our company, you will receive a personalized service for your investment, executed by a trusted team that meets project deadlines, from planning&hellip;<\/p>\n\t\t\t\t\t\t\t\t\t\t\t\t\t<a href=\"https:\/\/www.entreprisesmarechal.com\/en\/residential-landscaping-services\/consultation-and-design\/\" class=\"more\">Read more<\/a>\n\t\t\t\t\t\t\t<\/div>\n\n\t\t\t<\/div><div id=\"panel-7413-1-2-1\" class=\"so-panel widget widget_qt_feature_page widget-featured-page panel-last-child\" data-index=\"8\" >\n\t\t\t<div class=\"post-item page\">\n\t\t\t\t\t\t\t\t\t<a href=\"https:\/\/www.entreprisesmarechal.com\/en\/residential-landscaping-services\/woodwork-and-carpentry\/\" class=\"post-item-image\">\n\t\t\t\t\t\t<img loading=\"lazy\" decoding=\"async\" width=\"360\" height=\"240\" src=\"https:\/\/www.entreprisesmarechal.com\/wp-content\/uploads\/2018\/03\/media-5-360x240.jpg\" class=\"attachment-thelandscaper-featured-thumb size-thelandscaper-featured-thumb\" alt=\"Woodwork and carpentry\" srcset=\"https:\/\/www.entreprisesmarechal.com\/wp-content\/uploads\/2018\/03\/media-5-360x240.jpg 360w, https:\/\/www.entreprisesmarechal.com\/wp-content\/uploads\/2018\/03\/media-5-300x200.jpg 300w, https:\/\/www.entreprisesmarechal.com\/wp-content\/uploads\/2018\/03\/media-5-1024x683.jpg 1024w, https:\/\/www.entreprisesmarechal.com\/wp-content\/uploads\/2018\/03\/media-5-768x512.jpg 768w, https:\/\/www.entreprisesmarechal.com\/wp-content\/uploads\/2018\/03\/media-5-850x567.jpg 850w, https:\/\/www.entreprisesmarechal.com\/wp-content\/uploads\/2018\/03\/media-5.jpg 1260w\" sizes=\"(min-width: 781px) 360px, calc(100vw - 30px)\" \/>\t\t\t\t\t\t\t\t\t\t\t\t\t<div class=\"overlay\">\n\t\t\t\t\t\t\t\t<div class=\"vertical-center\">\n\t\t\t\t\t\t\t\t\t<span>Read more<\/span>\n\t\t\t\t\t\t\t\t<\/div>\n\t\t\t\t\t\t\t<\/div>\n\t\t\t\t\t\t\t\t\t\t\t<\/a>\n\t\t\t\t\t\t\t\t<h5 class=\"title\">\n\t\t\t\t\t<a href=\"https:\/\/www.entreprisesmarechal.com\/en\/residential-landscaping-services\/woodwork-and-carpentry\/\">Woodwork and carpentry<\/a>\n\t\t\t\t<\/h5>\n\t\t\t\t\t\t\t\t\t<p>Woodwork and carpentry\nWe also have a team of qualified carpenters ready to carry out your project or repair and update your existing structures. These professionals will work with&hellip;<\/p>\n\t\t\t\t\t\t\t\t\t\t\t\t\t<a href=\"https:\/\/www.entreprisesmarechal.com\/en\/residential-landscaping-services\/woodwork-and-carpentry\/\" class=\"more\">Read more<\/a>\n\t\t\t\t\t\t\t<\/div>\n\n\t\t\t<\/div><\/div><\/div><\/div><\/div>","protected":false},"excerpt":{"rendered":"<p>For a complete and turnkey landscaping project We are landscaping experts distinguished by the excellence and sustainability of our work and by the reliability of our team of workers for over 18 years. You are sure to do business with a team that is trustworthy for your property! Our residential landscaping services follow the design [&hellip;]<\/p>\n","protected":false},"author":1,"featured_media":10030,"parent":0,"menu_order":0,"comment_status":"closed","ping_status":"closed","template":"","meta":{"footnotes":""},"acf":[],"yoast_head":"<!-- This site is optimized with the Yoast SEO plugin v21.5 - https:\/\/yoast.com\/wordpress\/plugins\/seo\/ -->\n<title>Les Entreprises Mar\u00e9chal et associ\u00e9s | Residential landscaping in Gatineau, Outaouais<\/title>\n<meta name=\"description\" content=\"Les Entreprises Mar\u00e9chal et associ\u00e9s | We offer a wide range of residential landscaping services in Gatineau and the Outaouais region.\" \/>\n<meta name=\"robots\" content=\"index, follow, max-snippet:-1, max-image-preview:large, max-video-preview:-1\" \/>\n<link rel=\"canonical\" href=\"https:\/\/www.entreprisesmarechal.com\/en\/residential-landscaping-services\/\" \/>\n<meta property=\"og:locale\" content=\"en_US\" \/>\n<meta property=\"og:type\" content=\"article\" \/>\n<meta property=\"og:title\" content=\"Les Entreprises Mar\u00e9chal et associ\u00e9s | Residential landscaping in Gatineau, Outaouais\" \/>\n<meta property=\"og:description\" content=\"Les Entreprises Mar\u00e9chal et associ\u00e9s | We offer a wide range of residential landscaping services in Gatineau and the Outaouais region.\" \/>\n<meta property=\"og:url\" content=\"https:\/\/www.entreprisesmarechal.com\/en\/residential-landscaping-services\/\" \/>\n<meta property=\"og:site_name\" content=\"Les Entreprises Mar\u00e9chal et associ\u00e9s\" \/>\n<meta property=\"article:modified_time\" content=\"2025-02-12T19:58:56+00:00\" \/>\n<meta property=\"og:image\" content=\"https:\/\/www.entreprisesmarechal.com\/wp-content\/uploads\/2018\/03\/Expohabitat2018-3-1.jpg\" \/>\n\t<meta property=\"og:image:width\" content=\"987\" \/>\n\t<meta property=\"og:image:height\" content=\"295\" \/>\n\t<meta property=\"og:image:type\" content=\"image\/jpeg\" \/>\n<meta name=\"twitter:card\" content=\"summary_large_image\" \/>\n<meta name=\"twitter:label1\" content=\"Est. reading time\" \/>\n\t<meta name=\"twitter:data1\" content=\"2 minutes\" \/>\n<script type=\"application\/ld+json\" class=\"yoast-schema-graph\">{\"@context\":\"https:\/\/schema.org\",\"@graph\":[{\"@type\":\"WebPage\",\"@id\":\"https:\/\/www.entreprisesmarechal.com\/en\/residential-landscaping-services\/\",\"url\":\"https:\/\/www.entreprisesmarechal.com\/en\/residential-landscaping-services\/\",\"name\":\"Les Entreprises Mar\u00e9chal et associ\u00e9s | Residential landscaping in Gatineau, Outaouais\",\"isPartOf\":{\"@id\":\"https:\/\/www.entreprisesmarechal.com\/fr\/#website\"},\"datePublished\":\"2018-03-28T15:23:57+00:00\",\"dateModified\":\"2025-02-12T19:58:56+00:00\",\"description\":\"Les Entreprises Mar\u00e9chal et associ\u00e9s | We offer a wide range of residential landscaping services in Gatineau and the Outaouais region.\",\"breadcrumb\":{\"@id\":\"https:\/\/www.entreprisesmarechal.com\/en\/residential-landscaping-services\/#breadcrumb\"},\"inLanguage\":\"en-US\",\"potentialAction\":[{\"@type\":\"ReadAction\",\"target\":[\"https:\/\/www.entreprisesmarechal.com\/en\/residential-landscaping-services\/\"]}]},{\"@type\":\"BreadcrumbList\",\"@id\":\"https:\/\/www.entreprisesmarechal.com\/en\/residential-landscaping-services\/#breadcrumb\",\"itemListElement\":[{\"@type\":\"ListItem\",\"position\":1,\"name\":\"Accueil\",\"item\":\"https:\/\/www.entreprisesmarechal.com\/en\/\"},{\"@type\":\"ListItem\",\"position\":2,\"name\":\"Residential landscaping services\"}]},{\"@type\":\"WebSite\",\"@id\":\"https:\/\/www.entreprisesmarechal.com\/fr\/#website\",\"url\":\"https:\/\/www.entreprisesmarechal.com\/fr\/\",\"name\":\"Les Entreprises Mar\u00e9chal et associ\u00e9s\",\"description\":\"\",\"potentialAction\":[{\"@type\":\"SearchAction\",\"target\":{\"@type\":\"EntryPoint\",\"urlTemplate\":\"https:\/\/www.entreprisesmarechal.com\/fr\/?s={search_term_string}\"},\"query-input\":\"required name=search_term_string\"}],\"inLanguage\":\"en-US\"}]}<\/script>\n<!-- \/ Yoast SEO plugin. -->","yoast_head_json":{"title":"Les Entreprises Mar\u00e9chal et associ\u00e9s | Residential landscaping in Gatineau, Outaouais","description":"Les Entreprises Mar\u00e9chal et associ\u00e9s | We offer a wide range of residential landscaping services in Gatineau and the Outaouais region.","robots":{"index":"index","follow":"follow","max-snippet":"max-snippet:-1","max-image-preview":"max-image-preview:large","max-video-preview":"max-video-preview:-1"},"canonical":"https:\/\/www.entreprisesmarechal.com\/en\/residential-landscaping-services\/","og_locale":"en_US","og_type":"article","og_title":"Les Entreprises Mar\u00e9chal et associ\u00e9s | Residential landscaping in Gatineau, Outaouais","og_description":"Les Entreprises Mar\u00e9chal et associ\u00e9s | We offer a wide range of residential landscaping services in Gatineau and the Outaouais region.","og_url":"https:\/\/www.entreprisesmarechal.com\/en\/residential-landscaping-services\/","og_site_name":"Les Entreprises Mar\u00e9chal et associ\u00e9s","article_modified_time":"2025-02-12T19:58:56+00:00","og_image":[{"width":987,"height":295,"url":"https:\/\/www.entreprisesmarechal.com\/wp-content\/uploads\/2018\/03\/Expohabitat2018-3-1.jpg","type":"image\/jpeg"}],"twitter_card":"summary_large_image","twitter_misc":{"Est. reading time":"2 minutes"},"schema":{"@context":"https:\/\/schema.org","@graph":[{"@type":"WebPage","@id":"https:\/\/www.entreprisesmarechal.com\/en\/residential-landscaping-services\/","url":"https:\/\/www.entreprisesmarechal.com\/en\/residential-landscaping-services\/","name":"Les Entreprises Mar\u00e9chal et associ\u00e9s | Residential landscaping in Gatineau, Outaouais","isPartOf":{"@id":"https:\/\/www.entreprisesmarechal.com\/fr\/#website"},"datePublished":"2018-03-28T15:23:57+00:00","dateModified":"2025-02-12T19:58:56+00:00","description":"Les Entreprises Mar\u00e9chal et associ\u00e9s | We offer a wide range of residential landscaping services in Gatineau and the Outaouais region.","breadcrumb":{"@id":"https:\/\/www.entreprisesmarechal.com\/en\/residential-landscaping-services\/#breadcrumb"},"inLanguage":"en-US","potentialAction":[{"@type":"ReadAction","target":["https:\/\/www.entreprisesmarechal.com\/en\/residential-landscaping-services\/"]}]},{"@type":"BreadcrumbList","@id":"https:\/\/www.entreprisesmarechal.com\/en\/residential-landscaping-services\/#breadcrumb","itemListElement":[{"@type":"ListItem","position":1,"name":"Accueil","item":"https:\/\/www.entreprisesmarechal.com\/en\/"},{"@type":"ListItem","position":2,"name":"Residential landscaping services"}]},{"@type":"WebSite","@id":"https:\/\/www.entreprisesmarechal.com\/fr\/#website","url":"https:\/\/www.entreprisesmarechal.com\/fr\/","name":"Les Entreprises Mar\u00e9chal et associ\u00e9s","description":"","potentialAction":[{"@type":"SearchAction","target":{"@type":"EntryPoint","urlTemplate":"https:\/\/www.entreprisesmarechal.com\/fr\/?s={search_term_string}"},"query-input":"required name=search_term_string"}],"inLanguage":"en-US"}]}},"_links":{"self":[{"href":"https:\/\/www.entreprisesmarechal.com\/en\/wp-json\/wp\/v2\/pages\/7413"}],"collection":[{"href":"https:\/\/www.entreprisesmarechal.com\/en\/wp-json\/wp\/v2\/pages"}],"about":[{"href":"https:\/\/www.entreprisesmarechal.com\/en\/wp-json\/wp\/v2\/types\/page"}],"author":[{"embeddable":true,"href":"https:\/\/www.entreprisesmarechal.com\/en\/wp-json\/wp\/v2\/users\/1"}],"replies":[{"embeddable":true,"href":"https:\/\/www.entreprisesmarechal.com\/en\/wp-json\/wp\/v2\/comments?post=7413"}],"version-history":[{"count":11,"href":"https:\/\/www.entreprisesmarechal.com\/en\/wp-json\/wp\/v2\/pages\/7413\/revisions"}],"predecessor-version":[{"id":10104,"href":"https:\/\/www.entreprisesmarechal.com\/en\/wp-json\/wp\/v2\/pages\/7413\/revisions\/10104"}],"wp:featuredmedia":[{"embeddable":true,"href":"https:\/\/www.entreprisesmarechal.com\/en\/wp-json\/wp\/v2\/media\/10030"}],"wp:attachment":[{"href":"https:\/\/www.entreprisesmarechal.com\/en\/wp-json\/wp\/v2\/media?parent=7413"}],"curies":[{"name":"wp","href":"https:\/\/api.w.org\/{rel}","templated":true}]}}