{"id":7421,"date":"2018-03-28T11:30:30","date_gmt":"2018-03-28T15:30:30","guid":{"rendered":"https:\/\/www.entreprisesmarechal.com\/?page_id=7421"},"modified":"2025-02-06T11:46:20","modified_gmt":"2025-02-06T16:46:20","slug":"woodwork-and-carpentry","status":"publish","type":"page","link":"https:\/\/www.entreprisesmarechal.com\/en\/residential-landscaping-services\/woodwork-and-carpentry\/","title":{"rendered":"Woodwork and carpentry"},"content":{"rendered":"<div id=\"pl-7421\"  class=\"panel-layout\" ><div id=\"pg-7421-0\"  class=\"panel-grid panel-has-style\" ><div class=\"black-bg siteorigin-panels-stretch panel-row-style panel-row-style-for-7421-0\" data-stretch-type=\"full\" ><div id=\"pgc-7421-0-0\"  class=\"panel-grid-cell\" ><div id=\"panel-7421-0-0-0\" class=\"so-panel widget widget_siteorigin-panels-builder panel-first-child panel-last-child\" data-index=\"0\" ><div class=\"white-bg panel-widget-style panel-widget-style-for-7421-0-0-0\" ><div id=\"pl-w67a4e75c65d52\"  class=\"panel-layout\" ><div id=\"pg-w67a4e75c65d52-0\"  class=\"panel-grid panel-has-style\" ><div class=\"white-bg panel-row-style panel-row-style-for-w67a4e75c65d52-0\" ><div id=\"pgc-w67a4e75c65d52-0-0\"  class=\"panel-grid-cell\" ><div id=\"panel-w67a4e75c65d52-0-0-0\" class=\"so-panel widget widget_black-studio-tinymce widget_black_studio_tinymce panel-first-child panel-last-child\" data-index=\"0\" ><div class=\"textwidget\"><div class=\"addthis_inline_share_toolbox\"><\/div>\n<h2>Woodwork and carpentry<\/h2>\n<p>We also have a team of qualified carpenters ready to carry out your project or repair and update your existing structures. These professionals will work with several types of wood and also use trendy materials such as composite:Trex and Timbertech. In fact, we're trained and certified in composite installation. We offer construction and installation of fences, gazebos, pergolas, patios, repairs, all customized according to your specifications.<\/p>\n<a href='https:\/\/www.entreprisesmarechal.com\/en\/get-a-quote\/?service=7421' class='btn btn-primary'>Request a quote ><\/a><\/div><\/div><\/div><div id=\"pgc-w67a4e75c65d52-0-1\"  class=\"panel-grid-cell\" ><div id=\"panel-w67a4e75c65d52-0-1-0\" class=\"so-panel widget widget_black-studio-tinymce widget_black_studio_tinymce panel-first-child panel-last-child\" data-index=\"1\" ><div class=\"black-border panel-widget-style panel-widget-style-for-w67a4e75c65d52-0-1-0\" ><div class=\"textwidget\"><img loading=\"lazy\" decoding=\"async\" width=\"848\" height=\"480\" src=\"https:\/\/www.entreprisesmarechal.com\/wp-content\/uploads\/2018\/03\/media-5-848x480.jpg\" class=\"attachment-post-thumbnail size-post-thumbnail wp-post-image\" alt=\"\" srcset=\"https:\/\/www.entreprisesmarechal.com\/wp-content\/uploads\/2018\/03\/media-5-848x480.jpg 848w, https:\/\/www.entreprisesmarechal.com\/wp-content\/uploads\/2018\/03\/media-5-360x203.jpg 360w\" sizes=\"(max-width: 848px) 100vw, 848px\" \/><\/div><\/div><\/div><\/div><\/div><\/div><\/div><\/div><\/div><\/div><\/div><\/div><\/div>","protected":false},"excerpt":{"rendered":"<p>Woodwork and carpentry We also have a team of qualified carpenters ready to carry out your project or repair and update your existing structures. These professionals will work with several types of wood and also use trendy materials such as composite:Trex and Timbertech. In fact, we&#8217;re trained and certified in composite installation. We offer construction [&hellip;]<\/p>\n","protected":false},"author":1,"featured_media":9560,"parent":7413,"menu_order":6,"comment_status":"closed","ping_status":"closed","template":"","meta":{"footnotes":""},"acf":[],"yoast_head":"<!-- This site is optimized with the Yoast SEO plugin v21.5 - https:\/\/yoast.com\/wordpress\/plugins\/seo\/ -->\n<title>Les Entreprises Mar\u00e9chal et associ\u00e9s | Woodwork and carpentry services in Gatineau, Outaouais<\/title>\n<meta name=\"description\" content=\"Les Entreprises Mar\u00e9chal et associ\u00e9s | We offer woodworking and carpentry services to enhance your yard and add value to your property in Gatineau, Outaouais\" \/>\n<meta name=\"robots\" content=\"index, follow, max-snippet:-1, max-image-preview:large, max-video-preview:-1\" \/>\n<link rel=\"canonical\" href=\"https:\/\/www.entreprisesmarechal.com\/en\/residential-landscaping-services\/woodwork-and-carpentry\/\" \/>\n<meta property=\"og:locale\" content=\"en_US\" \/>\n<meta property=\"og:type\" content=\"article\" \/>\n<meta property=\"og:title\" content=\"Les Entreprises Mar\u00e9chal et associ\u00e9s | Woodwork and carpentry services in Gatineau, Outaouais\" \/>\n<meta property=\"og:description\" content=\"Les Entreprises Mar\u00e9chal et associ\u00e9s | We offer woodworking and carpentry services to enhance your yard and add value to your property in Gatineau, Outaouais\" \/>\n<meta property=\"og:url\" content=\"https:\/\/www.entreprisesmarechal.com\/en\/residential-landscaping-services\/woodwork-and-carpentry\/\" \/>\n<meta property=\"og:site_name\" content=\"Les Entreprises Mar\u00e9chal et associ\u00e9s\" \/>\n<meta property=\"article:modified_time\" content=\"2025-02-06T16:46:20+00:00\" \/>\n<meta property=\"og:image\" content=\"https:\/\/www.entreprisesmarechal.com\/wp-content\/uploads\/2018\/04\/featured-bois.jpg\" \/>\n\t<meta property=\"og:image:width\" content=\"720\" \/>\n\t<meta property=\"og:image:height\" content=\"550\" \/>\n\t<meta property=\"og:image:type\" content=\"image\/jpeg\" \/>\n<meta name=\"twitter:card\" content=\"summary_large_image\" \/>\n<meta name=\"twitter:label1\" content=\"Est. reading time\" \/>\n\t<meta name=\"twitter:data1\" content=\"1 minute\" \/>\n<script type=\"application\/ld+json\" class=\"yoast-schema-graph\">{\"@context\":\"https:\/\/schema.org\",\"@graph\":[{\"@type\":\"WebPage\",\"@id\":\"https:\/\/www.entreprisesmarechal.com\/en\/residential-landscaping-services\/woodwork-and-carpentry\/\",\"url\":\"https:\/\/www.entreprisesmarechal.com\/en\/residential-landscaping-services\/woodwork-and-carpentry\/\",\"name\":\"Les Entreprises Mar\u00e9chal et associ\u00e9s | Woodwork and carpentry services in Gatineau, Outaouais\",\"isPartOf\":{\"@id\":\"https:\/\/www.entreprisesmarechal.com\/fr\/#website\"},\"datePublished\":\"2018-03-28T15:30:30+00:00\",\"dateModified\":\"2025-02-06T16:46:20+00:00\",\"description\":\"Les Entreprises Mar\u00e9chal et associ\u00e9s | We offer woodworking and carpentry services to enhance your yard and add value to your property in Gatineau, Outaouais\",\"breadcrumb\":{\"@id\":\"https:\/\/www.entreprisesmarechal.com\/en\/residential-landscaping-services\/woodwork-and-carpentry\/#breadcrumb\"},\"inLanguage\":\"en-US\",\"potentialAction\":[{\"@type\":\"ReadAction\",\"target\":[\"https:\/\/www.entreprisesmarechal.com\/en\/residential-landscaping-services\/woodwork-and-carpentry\/\"]}]},{\"@type\":\"BreadcrumbList\",\"@id\":\"https:\/\/www.entreprisesmarechal.com\/en\/residential-landscaping-services\/woodwork-and-carpentry\/#breadcrumb\",\"itemListElement\":[{\"@type\":\"ListItem\",\"position\":1,\"name\":\"Accueil\",\"item\":\"https:\/\/www.entreprisesmarechal.com\/en\/\"},{\"@type\":\"ListItem\",\"position\":2,\"name\":\"Residential landscaping services\",\"item\":\"https:\/\/www.entreprisesmarechal.com\/en\/residential-landscaping-services\/\"},{\"@type\":\"ListItem\",\"position\":3,\"name\":\"Woodwork and carpentry\"}]},{\"@type\":\"WebSite\",\"@id\":\"https:\/\/www.entreprisesmarechal.com\/fr\/#website\",\"url\":\"https:\/\/www.entreprisesmarechal.com\/fr\/\",\"name\":\"Les Entreprises Mar\u00e9chal et associ\u00e9s\",\"description\":\"\",\"potentialAction\":[{\"@type\":\"SearchAction\",\"target\":{\"@type\":\"EntryPoint\",\"urlTemplate\":\"https:\/\/www.entreprisesmarechal.com\/fr\/?s={search_term_string}\"},\"query-input\":\"required name=search_term_string\"}],\"inLanguage\":\"en-US\"}]}<\/script>\n<!-- \/ Yoast SEO plugin. -->","yoast_head_json":{"title":"Les Entreprises Mar\u00e9chal et associ\u00e9s | Woodwork and carpentry services in Gatineau, Outaouais","description":"Les Entreprises Mar\u00e9chal et associ\u00e9s | We offer woodworking and carpentry services to enhance your yard and add value to your property in Gatineau, Outaouais","robots":{"index":"index","follow":"follow","max-snippet":"max-snippet:-1","max-image-preview":"max-image-preview:large","max-video-preview":"max-video-preview:-1"},"canonical":"https:\/\/www.entreprisesmarechal.com\/en\/residential-landscaping-services\/woodwork-and-carpentry\/","og_locale":"en_US","og_type":"article","og_title":"Les Entreprises Mar\u00e9chal et associ\u00e9s | Woodwork and carpentry services in Gatineau, Outaouais","og_description":"Les Entreprises Mar\u00e9chal et associ\u00e9s | We offer woodworking and carpentry services to enhance your yard and add value to your property in Gatineau, Outaouais","og_url":"https:\/\/www.entreprisesmarechal.com\/en\/residential-landscaping-services\/woodwork-and-carpentry\/","og_site_name":"Les Entreprises Mar\u00e9chal et associ\u00e9s","article_modified_time":"2025-02-06T16:46:20+00:00","og_image":[{"width":"720","height":"550","url":"https:\/\/www.entreprisesmarechal.com\/wp-content\/uploads\/2018\/04\/featured-bois.jpg","type":"image\/jpeg"}],"twitter_card":"summary_large_image","twitter_misc":{"Est. reading time":"1 minute"},"schema":{"@context":"https:\/\/schema.org","@graph":[{"@type":"WebPage","@id":"https:\/\/www.entreprisesmarechal.com\/en\/residential-landscaping-services\/woodwork-and-carpentry\/","url":"https:\/\/www.entreprisesmarechal.com\/en\/residential-landscaping-services\/woodwork-and-carpentry\/","name":"Les Entreprises Mar\u00e9chal et associ\u00e9s | Woodwork and carpentry services in Gatineau, Outaouais","isPartOf":{"@id":"https:\/\/www.entreprisesmarechal.com\/fr\/#website"},"datePublished":"2018-03-28T15:30:30+00:00","dateModified":"2025-02-06T16:46:20+00:00","description":"Les Entreprises Mar\u00e9chal et associ\u00e9s | We offer woodworking and carpentry services to enhance your yard and add value to your property in Gatineau, Outaouais","breadcrumb":{"@id":"https:\/\/www.entreprisesmarechal.com\/en\/residential-landscaping-services\/woodwork-and-carpentry\/#breadcrumb"},"inLanguage":"en-US","potentialAction":[{"@type":"ReadAction","target":["https:\/\/www.entreprisesmarechal.com\/en\/residential-landscaping-services\/woodwork-and-carpentry\/"]}]},{"@type":"BreadcrumbList","@id":"https:\/\/www.entreprisesmarechal.com\/en\/residential-landscaping-services\/woodwork-and-carpentry\/#breadcrumb","itemListElement":[{"@type":"ListItem","position":1,"name":"Accueil","item":"https:\/\/www.entreprisesmarechal.com\/en\/"},{"@type":"ListItem","position":2,"name":"Residential landscaping services","item":"https:\/\/www.entreprisesmarechal.com\/en\/residential-landscaping-services\/"},{"@type":"ListItem","position":3,"name":"Woodwork and carpentry"}]},{"@type":"WebSite","@id":"https:\/\/www.entreprisesmarechal.com\/fr\/#website","url":"https:\/\/www.entreprisesmarechal.com\/fr\/","name":"Les Entreprises Mar\u00e9chal et associ\u00e9s","description":"","potentialAction":[{"@type":"SearchAction","target":{"@type":"EntryPoint","urlTemplate":"https:\/\/www.entreprisesmarechal.com\/fr\/?s={search_term_string}"},"query-input":"required name=search_term_string"}],"inLanguage":"en-US"}]}},"_links":{"self":[{"href":"https:\/\/www.entreprisesmarechal.com\/en\/wp-json\/wp\/v2\/pages\/7421"}],"collection":[{"href":"https:\/\/www.entreprisesmarechal.com\/en\/wp-json\/wp\/v2\/pages"}],"about":[{"href":"https:\/\/www.entreprisesmarechal.com\/en\/wp-json\/wp\/v2\/types\/page"}],"author":[{"embeddable":true,"href":"https:\/\/www.entreprisesmarechal.com\/en\/wp-json\/wp\/v2\/users\/1"}],"replies":[{"embeddable":true,"href":"https:\/\/www.entreprisesmarechal.com\/en\/wp-json\/wp\/v2\/comments?post=7421"}],"version-history":[{"count":3,"href":"https:\/\/www.entreprisesmarechal.com\/en\/wp-json\/wp\/v2\/pages\/7421\/revisions"}],"predecessor-version":[{"id":9632,"href":"https:\/\/www.entreprisesmarechal.com\/en\/wp-json\/wp\/v2\/pages\/7421\/revisions\/9632"}],"up":[{"embeddable":true,"href":"https:\/\/www.entreprisesmarechal.com\/en\/wp-json\/wp\/v2\/pages\/7413"}],"wp:featuredmedia":[{"embeddable":true,"href":"https:\/\/www.entreprisesmarechal.com\/en\/wp-json\/wp\/v2\/media\/9560"}],"wp:attachment":[{"href":"https:\/\/www.entreprisesmarechal.com\/en\/wp-json\/wp\/v2\/media?parent=7421"}],"curies":[{"name":"wp","href":"https:\/\/api.w.org\/{rel}","templated":true}]}}