{"id":7440,"date":"2018-03-28T11:37:21","date_gmt":"2018-03-28T15:37:21","guid":{"rendered":"https:\/\/www.entreprisesmarechal.com\/?page_id=7440"},"modified":"2024-02-02T08:44:55","modified_gmt":"2024-02-02T13:44:55","slug":"pavers-and-stonework","status":"publish","type":"page","link":"https:\/\/www.entreprisesmarechal.com\/en\/residential-landscaping-services\/pavers-and-stonework\/","title":{"rendered":"Pavers and stonework"},"content":{"rendered":"<div id=\"pl-7440\"  class=\"panel-layout\" ><div id=\"pg-7440-0\"  class=\"panel-grid panel-has-style\" ><div class=\"black-bg siteorigin-panels-stretch panel-row-style panel-row-style-for-7440-0\" data-stretch-type=\"full\" ><div id=\"pgc-7440-0-0\"  class=\"panel-grid-cell\" ><div id=\"panel-7440-0-0-0\" class=\"so-panel widget widget_siteorigin-panels-builder panel-first-child panel-last-child\" data-index=\"0\" ><div class=\"white-bg panel-widget-style panel-widget-style-for-7440-0-0-0\" ><div id=\"pl-w5ac3932c55337\"  class=\"panel-layout\" ><div id=\"pg-w5ac3932c55337-0\"  class=\"panel-grid panel-has-style\" ><div class=\"white-bg panel-row-style panel-row-style-for-w5ac3932c55337-0\" ><div id=\"pgc-w5ac3932c55337-0-0\"  class=\"panel-grid-cell\" ><div id=\"panel-w5ac3932c55337-0-0-0\" class=\"so-panel widget widget_black-studio-tinymce widget_black_studio_tinymce panel-first-child panel-last-child\" data-index=\"0\" ><div class=\"textwidget\"><div class=\"addthis_inline_share_toolbox\"><\/div>\n<h2>Pavers and stonework<\/h2>\n<p>The main element of many landscaping projects is the pavers and stone work. It\u2019s the sidewalk that will guide your family to the entrance or backyard and to the patio that you will settle comfortably for a barbecue or to simply admire your beautiful garden. Our specialized workers install pavers and stones of all kinds. Our solid pavers are durable and put in place using the proper techniques. Walls, steps, retaining walls, patios, sidewalks, stone fireplaces, outdoor stone kitchen: our installers are up to all the projects you present them with.<\/p>\n<a href='https:\/\/www.entreprisesmarechal.com\/en\/get-a-quote\/?service=7440' class='btn btn-primary'>Request a quote ><\/a><\/div><\/div><\/div><div id=\"pgc-w5ac3932c55337-0-1\"  class=\"panel-grid-cell\" ><div id=\"panel-w5ac3932c55337-0-1-0\" class=\"so-panel widget widget_black-studio-tinymce widget_black_studio_tinymce panel-first-child panel-last-child\" data-index=\"1\" ><div class=\"black-border panel-widget-style panel-widget-style-for-w5ac3932c55337-0-1-0\" ><div class=\"textwidget\"><p><img loading=\"lazy\" decoding=\"async\" width=\"800\" height=\"480\" src=\"https:\/\/www.entreprisesmarechal.com\/wp-content\/uploads\/2024\/02\/photo_de_pav\u00e9_uni-800x480.jpg\" class=\"attachment-post-thumbnail size-post-thumbnail wp-post-image\" alt=\"\" \/><\/p>\n<\/div><\/div><\/div><\/div><\/div><\/div><\/div><\/div><\/div><\/div><\/div><\/div><\/div>","protected":false},"excerpt":{"rendered":"<p>Pavers and stonework The main element of many landscaping projects is the pavers and stone work. It\u2019s the sidewalk that will guide your family to the entrance or backyard and to the patio that you will settle comfortably for a barbecue or to simply admire your beautiful garden. Our specialized workers install pavers and stones [&hellip;]<\/p>\n","protected":false},"author":1,"featured_media":9050,"parent":7413,"menu_order":1,"comment_status":"closed","ping_status":"closed","template":"","meta":{"footnotes":""},"acf":[],"yoast_head":"<!-- This site is optimized with the Yoast SEO plugin v21.5 - https:\/\/yoast.com\/wordpress\/plugins\/seo\/ -->\n<title>Les Entreprises Mar\u00e9chal et associ\u00e9s | Pavers and stonework in Gatineau<\/title>\n<meta name=\"description\" content=\"Les Entreprises Mar\u00e9chal et associ\u00e9s | We offer you a wide range of services and put all our dedication for details in our pavers and stonework projects in Gatineau, Outaouais\" \/>\n<meta name=\"robots\" content=\"index, follow, max-snippet:-1, max-image-preview:large, max-video-preview:-1\" \/>\n<link rel=\"canonical\" href=\"https:\/\/www.entreprisesmarechal.com\/fr\/amenagement-paysager-residentiel\/pierre-et-pave-uni\/\" \/>\n<meta property=\"og:locale\" content=\"en_US\" \/>\n<meta property=\"og:type\" content=\"article\" \/>\n<meta property=\"og:title\" content=\"Les Entreprises Mar\u00e9chal et associ\u00e9s | Pavers and stonework in Gatineau\" \/>\n<meta property=\"og:description\" content=\"Les Entreprises Mar\u00e9chal et associ\u00e9s | We offer you a wide range of services and put all our dedication for details in our pavers and stonework projects in Gatineau, Outaouais\" \/>\n<meta property=\"og:url\" content=\"https:\/\/www.entreprisesmarechal.com\/fr\/amenagement-paysager-residentiel\/pierre-et-pave-uni\/\" \/>\n<meta property=\"og:site_name\" content=\"Les Entreprises Mar\u00e9chal et associ\u00e9s\" \/>\n<meta property=\"article:modified_time\" content=\"2024-02-02T13:44:55+00:00\" \/>\n<meta property=\"og:image\" content=\"https:\/\/www.entreprisesmarechal.com\/wp-content\/uploads\/2024\/02\/photo_de_pav\u00e9_uni.jpg\" \/>\n\t<meta property=\"og:image:width\" content=\"800\" \/>\n\t<meta property=\"og:image:height\" content=\"800\" \/>\n\t<meta property=\"og:image:type\" content=\"image\/jpeg\" \/>\n<meta name=\"twitter:card\" content=\"summary_large_image\" \/>\n<script type=\"application\/ld+json\" class=\"yoast-schema-graph\">{\"@context\":\"https:\/\/schema.org\",\"@graph\":[{\"@type\":\"WebPage\",\"@id\":\"https:\/\/www.entreprisesmarechal.com\/fr\/amenagement-paysager-residentiel\/pierre-et-pave-uni\/\",\"url\":\"https:\/\/www.entreprisesmarechal.com\/fr\/amenagement-paysager-residentiel\/pierre-et-pave-uni\/\",\"name\":\"Les Entreprises Mar\u00e9chal et associ\u00e9s | Pavers and stonework in Gatineau\",\"isPartOf\":{\"@id\":\"https:\/\/www.entreprisesmarechal.com\/fr\/#website\"},\"datePublished\":\"2018-03-28T15:37:21+00:00\",\"dateModified\":\"2024-02-02T13:44:55+00:00\",\"description\":\"Les Entreprises Mar\u00e9chal et associ\u00e9s | We offer you a wide range of services and put all our dedication for details in our pavers and stonework projects in Gatineau, Outaouais\",\"breadcrumb\":{\"@id\":\"https:\/\/www.entreprisesmarechal.com\/fr\/amenagement-paysager-residentiel\/pierre-et-pave-uni\/#breadcrumb\"},\"inLanguage\":\"en-US\",\"potentialAction\":[{\"@type\":\"ReadAction\",\"target\":[\"https:\/\/www.entreprisesmarechal.com\/fr\/amenagement-paysager-residentiel\/pierre-et-pave-uni\/\"]}]},{\"@type\":\"BreadcrumbList\",\"@id\":\"https:\/\/www.entreprisesmarechal.com\/fr\/amenagement-paysager-residentiel\/pierre-et-pave-uni\/#breadcrumb\",\"itemListElement\":[{\"@type\":\"ListItem\",\"position\":1,\"name\":\"Accueil\",\"item\":\"https:\/\/www.entreprisesmarechal.com\/en\/\"},{\"@type\":\"ListItem\",\"position\":2,\"name\":\"Residential landscaping services\",\"item\":\"https:\/\/www.entreprisesmarechal.com\/en\/residential-landscaping-services\/\"},{\"@type\":\"ListItem\",\"position\":3,\"name\":\"Pavers and stonework\"}]},{\"@type\":\"WebSite\",\"@id\":\"https:\/\/www.entreprisesmarechal.com\/fr\/#website\",\"url\":\"https:\/\/www.entreprisesmarechal.com\/fr\/\",\"name\":\"Les Entreprises Mar\u00e9chal et associ\u00e9s\",\"description\":\"\",\"potentialAction\":[{\"@type\":\"SearchAction\",\"target\":{\"@type\":\"EntryPoint\",\"urlTemplate\":\"https:\/\/www.entreprisesmarechal.com\/fr\/?s={search_term_string}\"},\"query-input\":\"required name=search_term_string\"}],\"inLanguage\":\"en-US\"}]}<\/script>\n<!-- \/ Yoast SEO plugin. -->","yoast_head_json":{"title":"Les Entreprises Mar\u00e9chal et associ\u00e9s | Pavers and stonework in Gatineau","description":"Les Entreprises Mar\u00e9chal et associ\u00e9s | We offer you a wide range of services and put all our dedication for details in our pavers and stonework projects in Gatineau, Outaouais","robots":{"index":"index","follow":"follow","max-snippet":"max-snippet:-1","max-image-preview":"max-image-preview:large","max-video-preview":"max-video-preview:-1"},"canonical":"https:\/\/www.entreprisesmarechal.com\/fr\/amenagement-paysager-residentiel\/pierre-et-pave-uni\/","og_locale":"en_US","og_type":"article","og_title":"Les Entreprises Mar\u00e9chal et associ\u00e9s | Pavers and stonework in Gatineau","og_description":"Les Entreprises Mar\u00e9chal et associ\u00e9s | We offer you a wide range of services and put all our dedication for details in our pavers and stonework projects in Gatineau, Outaouais","og_url":"https:\/\/www.entreprisesmarechal.com\/fr\/amenagement-paysager-residentiel\/pierre-et-pave-uni\/","og_site_name":"Les Entreprises Mar\u00e9chal et associ\u00e9s","article_modified_time":"2024-02-02T13:44:55+00:00","og_image":[{"width":800,"height":800,"url":"https:\/\/www.entreprisesmarechal.com\/wp-content\/uploads\/2024\/02\/photo_de_pav\u00e9_uni.jpg","type":"image\/jpeg"}],"twitter_card":"summary_large_image","schema":{"@context":"https:\/\/schema.org","@graph":[{"@type":"WebPage","@id":"https:\/\/www.entreprisesmarechal.com\/fr\/amenagement-paysager-residentiel\/pierre-et-pave-uni\/","url":"https:\/\/www.entreprisesmarechal.com\/fr\/amenagement-paysager-residentiel\/pierre-et-pave-uni\/","name":"Les Entreprises Mar\u00e9chal et associ\u00e9s | Pavers and stonework in Gatineau","isPartOf":{"@id":"https:\/\/www.entreprisesmarechal.com\/fr\/#website"},"datePublished":"2018-03-28T15:37:21+00:00","dateModified":"2024-02-02T13:44:55+00:00","description":"Les Entreprises Mar\u00e9chal et associ\u00e9s | We offer you a wide range of services and put all our dedication for details in our pavers and stonework projects in Gatineau, Outaouais","breadcrumb":{"@id":"https:\/\/www.entreprisesmarechal.com\/fr\/amenagement-paysager-residentiel\/pierre-et-pave-uni\/#breadcrumb"},"inLanguage":"en-US","potentialAction":[{"@type":"ReadAction","target":["https:\/\/www.entreprisesmarechal.com\/fr\/amenagement-paysager-residentiel\/pierre-et-pave-uni\/"]}]},{"@type":"BreadcrumbList","@id":"https:\/\/www.entreprisesmarechal.com\/fr\/amenagement-paysager-residentiel\/pierre-et-pave-uni\/#breadcrumb","itemListElement":[{"@type":"ListItem","position":1,"name":"Accueil","item":"https:\/\/www.entreprisesmarechal.com\/en\/"},{"@type":"ListItem","position":2,"name":"Residential landscaping services","item":"https:\/\/www.entreprisesmarechal.com\/en\/residential-landscaping-services\/"},{"@type":"ListItem","position":3,"name":"Pavers and stonework"}]},{"@type":"WebSite","@id":"https:\/\/www.entreprisesmarechal.com\/fr\/#website","url":"https:\/\/www.entreprisesmarechal.com\/fr\/","name":"Les Entreprises Mar\u00e9chal et associ\u00e9s","description":"","potentialAction":[{"@type":"SearchAction","target":{"@type":"EntryPoint","urlTemplate":"https:\/\/www.entreprisesmarechal.com\/fr\/?s={search_term_string}"},"query-input":"required name=search_term_string"}],"inLanguage":"en-US"}]}},"_links":{"self":[{"href":"https:\/\/www.entreprisesmarechal.com\/en\/wp-json\/wp\/v2\/pages\/7440"}],"collection":[{"href":"https:\/\/www.entreprisesmarechal.com\/en\/wp-json\/wp\/v2\/pages"}],"about":[{"href":"https:\/\/www.entreprisesmarechal.com\/en\/wp-json\/wp\/v2\/types\/page"}],"author":[{"embeddable":true,"href":"https:\/\/www.entreprisesmarechal.com\/en\/wp-json\/wp\/v2\/users\/1"}],"replies":[{"embeddable":true,"href":"https:\/\/www.entreprisesmarechal.com\/en\/wp-json\/wp\/v2\/comments?post=7440"}],"version-history":[{"count":3,"href":"https:\/\/www.entreprisesmarechal.com\/en\/wp-json\/wp\/v2\/pages\/7440\/revisions"}],"predecessor-version":[{"id":9052,"href":"https:\/\/www.entreprisesmarechal.com\/en\/wp-json\/wp\/v2\/pages\/7440\/revisions\/9052"}],"up":[{"embeddable":true,"href":"https:\/\/www.entreprisesmarechal.com\/en\/wp-json\/wp\/v2\/pages\/7413"}],"wp:featuredmedia":[{"embeddable":true,"href":"https:\/\/www.entreprisesmarechal.com\/en\/wp-json\/wp\/v2\/media\/9050"}],"wp:attachment":[{"href":"https:\/\/www.entreprisesmarechal.com\/en\/wp-json\/wp\/v2\/media?parent=7440"}],"curies":[{"name":"wp","href":"https:\/\/api.w.org\/{rel}","templated":true}]}}