{"id":7455,"date":"2018-03-28T11:45:24","date_gmt":"2018-03-28T15:45:24","guid":{"rendered":"https:\/\/www.entreprisesmarechal.com\/?page_id=7455"},"modified":"2018-06-29T10:59:43","modified_gmt":"2018-06-29T14:59:43","slug":"lighting-systems","status":"publish","type":"page","link":"https:\/\/www.entreprisesmarechal.com\/en\/residential-landscaping-services\/lighting-systems\/","title":{"rendered":"Lighting systems"},"content":{"rendered":"<div id=\"pl-7455\"  class=\"panel-layout\" ><div id=\"pg-7455-0\"  class=\"panel-grid panel-has-style\" ><div class=\"black-bg siteorigin-panels-stretch panel-row-style panel-row-style-for-7455-0\" data-stretch-type=\"full\" ><div id=\"pgc-7455-0-0\"  class=\"panel-grid-cell\" ><div id=\"panel-7455-0-0-0\" class=\"so-panel widget widget_siteorigin-panels-builder panel-first-child panel-last-child\" data-index=\"0\" ><div class=\"white-bg panel-widget-style panel-widget-style-for-7455-0-0-0\" ><div id=\"pl-w5ac3953b24b4c\"  class=\"panel-layout\" ><div id=\"pg-w5ac3953b24b4c-0\"  class=\"panel-grid panel-has-style\" ><div class=\"white-bg panel-row-style panel-row-style-for-w5ac3953b24b4c-0\" ><div id=\"pgc-w5ac3953b24b4c-0-0\"  class=\"panel-grid-cell\" ><div id=\"panel-w5ac3953b24b4c-0-0-0\" class=\"so-panel widget widget_black-studio-tinymce widget_black_studio_tinymce panel-first-child panel-last-child\" data-index=\"0\" ><div class=\"textwidget\"><div class=\"addthis_inline_share_toolbox\"><\/div>\n<h2>Lighting systems<\/h2>\n<p>We also offer installation service of lighting systems. This lighting, whether installed in your garden or in a patio made of wood, composite, natural stone or paving stone, emphasizes the beauty of your outdoor project. A personalized lighting system will allow you to enjoy your yard even after the sunset, with your family and friends, in a relaxing atmosphere. We use only high quality and long-lasting light fixtures.<\/p>\n<a href='https:\/\/www.entreprisesmarechal.com\/en\/get-a-quote\/?service=7455' class='btn btn-primary'>Request a quote ><\/a><\/div><\/div><\/div><div id=\"pgc-w5ac3953b24b4c-0-1\"  class=\"panel-grid-cell\" ><div id=\"panel-w5ac3953b24b4c-0-1-0\" class=\"so-panel widget widget_black-studio-tinymce widget_black_studio_tinymce panel-first-child panel-last-child\" data-index=\"1\" ><div class=\"black-border panel-widget-style panel-widget-style-for-w5ac3953b24b4c-0-1-0\" ><div class=\"textwidget\"><img loading=\"lazy\" decoding=\"async\" width=\"848\" height=\"480\" src=\"https:\/\/www.entreprisesmarechal.com\/wp-content\/uploads\/2018\/03\/20240719_2151442-848x480.jpg\" class=\"attachment-post-thumbnail size-post-thumbnail wp-post-image\" alt=\"\" srcset=\"https:\/\/www.entreprisesmarechal.com\/wp-content\/uploads\/2018\/03\/20240719_2151442-848x480.jpg 848w, https:\/\/www.entreprisesmarechal.com\/wp-content\/uploads\/2018\/03\/20240719_2151442-360x203.jpg 360w\" sizes=\"(max-width: 848px) 100vw, 848px\" \/><\/div><\/div><\/div><\/div><\/div><\/div><\/div><\/div><\/div><\/div><\/div><\/div><\/div>","protected":false},"excerpt":{"rendered":"<p>Lighting systems We also offer installation service of lighting systems. This lighting, whether installed in your garden or in a patio made of wood, composite, natural stone or paving stone, emphasizes the beauty of your outdoor project. A personalized lighting system will allow you to enjoy your yard even after the sunset, with your family [&hellip;]<\/p>\n","protected":false},"author":1,"featured_media":9574,"parent":7413,"menu_order":8,"comment_status":"closed","ping_status":"closed","template":"","meta":{"footnotes":""},"acf":[],"yoast_head":"<!-- This site is optimized with the Yoast SEO plugin v21.5 - https:\/\/yoast.com\/wordpress\/plugins\/seo\/ -->\n<title>Les Entreprises Mar\u00e9chal et associ\u00e9s | Lighting system installation in Gatineau, Outaouais<\/title>\n<meta name=\"description\" content=\"Les Entreprises Mar\u00e9chal et associ\u00e9s | To feature the best parts of your yard or home in Gatineau, Outaouais, let our specialists install lighting systems in your patio, in the ground, etc.\" \/>\n<meta name=\"robots\" content=\"index, follow, max-snippet:-1, max-image-preview:large, max-video-preview:-1\" \/>\n<link rel=\"canonical\" href=\"https:\/\/www.entreprisesmarechal.com\/fr\/amenagement-paysager-residentiel\/systeme-declairage\/\" \/>\n<meta property=\"og:locale\" content=\"en_US\" \/>\n<meta property=\"og:type\" content=\"article\" \/>\n<meta property=\"og:title\" content=\"Les Entreprises Mar\u00e9chal et associ\u00e9s | Lighting system installation in Gatineau, Outaouais\" \/>\n<meta property=\"og:description\" content=\"Les Entreprises Mar\u00e9chal et associ\u00e9s | To feature the best parts of your yard or home in Gatineau, Outaouais, let our specialists install lighting systems in your patio, in the ground, etc.\" \/>\n<meta property=\"og:url\" content=\"https:\/\/www.entreprisesmarechal.com\/fr\/amenagement-paysager-residentiel\/systeme-declairage\/\" \/>\n<meta property=\"og:site_name\" content=\"Les Entreprises Mar\u00e9chal et associ\u00e9s\" \/>\n<meta property=\"article:modified_time\" content=\"2018-06-29T14:59:43+00:00\" \/>\n<meta property=\"og:image\" content=\"https:\/\/www.entreprisesmarechal.com\/wp-content\/uploads\/2018\/04\/featured-eclairage.jpg\" \/>\n\t<meta property=\"og:image:width\" content=\"720\" \/>\n\t<meta property=\"og:image:height\" content=\"550\" \/>\n\t<meta property=\"og:image:type\" content=\"image\/jpeg\" \/>\n<meta name=\"twitter:card\" content=\"summary_large_image\" \/>\n<script type=\"application\/ld+json\" class=\"yoast-schema-graph\">{\"@context\":\"https:\/\/schema.org\",\"@graph\":[{\"@type\":\"WebPage\",\"@id\":\"https:\/\/www.entreprisesmarechal.com\/fr\/amenagement-paysager-residentiel\/systeme-declairage\/\",\"url\":\"https:\/\/www.entreprisesmarechal.com\/fr\/amenagement-paysager-residentiel\/systeme-declairage\/\",\"name\":\"Les Entreprises Mar\u00e9chal et associ\u00e9s | Lighting system installation in Gatineau, Outaouais\",\"isPartOf\":{\"@id\":\"https:\/\/www.entreprisesmarechal.com\/fr\/#website\"},\"datePublished\":\"2018-03-28T15:45:24+00:00\",\"dateModified\":\"2018-06-29T14:59:43+00:00\",\"description\":\"Les Entreprises Mar\u00e9chal et associ\u00e9s | To feature the best parts of your yard or home in Gatineau, Outaouais, let our specialists install lighting systems in your patio, in the ground, etc.\",\"breadcrumb\":{\"@id\":\"https:\/\/www.entreprisesmarechal.com\/fr\/amenagement-paysager-residentiel\/systeme-declairage\/#breadcrumb\"},\"inLanguage\":\"en-US\",\"potentialAction\":[{\"@type\":\"ReadAction\",\"target\":[\"https:\/\/www.entreprisesmarechal.com\/fr\/amenagement-paysager-residentiel\/systeme-declairage\/\"]}]},{\"@type\":\"BreadcrumbList\",\"@id\":\"https:\/\/www.entreprisesmarechal.com\/fr\/amenagement-paysager-residentiel\/systeme-declairage\/#breadcrumb\",\"itemListElement\":[{\"@type\":\"ListItem\",\"position\":1,\"name\":\"Accueil\",\"item\":\"https:\/\/www.entreprisesmarechal.com\/en\/\"},{\"@type\":\"ListItem\",\"position\":2,\"name\":\"Residential landscaping services\",\"item\":\"https:\/\/www.entreprisesmarechal.com\/en\/residential-landscaping-services\/\"},{\"@type\":\"ListItem\",\"position\":3,\"name\":\"Lighting systems\"}]},{\"@type\":\"WebSite\",\"@id\":\"https:\/\/www.entreprisesmarechal.com\/fr\/#website\",\"url\":\"https:\/\/www.entreprisesmarechal.com\/fr\/\",\"name\":\"Les Entreprises Mar\u00e9chal et associ\u00e9s\",\"description\":\"\",\"potentialAction\":[{\"@type\":\"SearchAction\",\"target\":{\"@type\":\"EntryPoint\",\"urlTemplate\":\"https:\/\/www.entreprisesmarechal.com\/fr\/?s={search_term_string}\"},\"query-input\":\"required name=search_term_string\"}],\"inLanguage\":\"en-US\"}]}<\/script>\n<!-- \/ Yoast SEO plugin. -->","yoast_head_json":{"title":"Les Entreprises Mar\u00e9chal et associ\u00e9s | Lighting system installation in Gatineau, Outaouais","description":"Les Entreprises Mar\u00e9chal et associ\u00e9s | To feature the best parts of your yard or home in Gatineau, Outaouais, let our specialists install lighting systems in your patio, in the ground, etc.","robots":{"index":"index","follow":"follow","max-snippet":"max-snippet:-1","max-image-preview":"max-image-preview:large","max-video-preview":"max-video-preview:-1"},"canonical":"https:\/\/www.entreprisesmarechal.com\/fr\/amenagement-paysager-residentiel\/systeme-declairage\/","og_locale":"en_US","og_type":"article","og_title":"Les Entreprises Mar\u00e9chal et associ\u00e9s | Lighting system installation in Gatineau, Outaouais","og_description":"Les Entreprises Mar\u00e9chal et associ\u00e9s | To feature the best parts of your yard or home in Gatineau, Outaouais, let our specialists install lighting systems in your patio, in the ground, etc.","og_url":"https:\/\/www.entreprisesmarechal.com\/fr\/amenagement-paysager-residentiel\/systeme-declairage\/","og_site_name":"Les Entreprises Mar\u00e9chal et associ\u00e9s","article_modified_time":"2018-06-29T14:59:43+00:00","og_image":[{"width":"720","height":"550","url":"https:\/\/www.entreprisesmarechal.com\/wp-content\/uploads\/2018\/04\/featured-eclairage.jpg","type":"image\/jpeg"}],"twitter_card":"summary_large_image","schema":{"@context":"https:\/\/schema.org","@graph":[{"@type":"WebPage","@id":"https:\/\/www.entreprisesmarechal.com\/fr\/amenagement-paysager-residentiel\/systeme-declairage\/","url":"https:\/\/www.entreprisesmarechal.com\/fr\/amenagement-paysager-residentiel\/systeme-declairage\/","name":"Les Entreprises Mar\u00e9chal et associ\u00e9s | Lighting system installation in Gatineau, Outaouais","isPartOf":{"@id":"https:\/\/www.entreprisesmarechal.com\/fr\/#website"},"datePublished":"2018-03-28T15:45:24+00:00","dateModified":"2018-06-29T14:59:43+00:00","description":"Les Entreprises Mar\u00e9chal et associ\u00e9s | To feature the best parts of your yard or home in Gatineau, Outaouais, let our specialists install lighting systems in your patio, in the ground, etc.","breadcrumb":{"@id":"https:\/\/www.entreprisesmarechal.com\/fr\/amenagement-paysager-residentiel\/systeme-declairage\/#breadcrumb"},"inLanguage":"en-US","potentialAction":[{"@type":"ReadAction","target":["https:\/\/www.entreprisesmarechal.com\/fr\/amenagement-paysager-residentiel\/systeme-declairage\/"]}]},{"@type":"BreadcrumbList","@id":"https:\/\/www.entreprisesmarechal.com\/fr\/amenagement-paysager-residentiel\/systeme-declairage\/#breadcrumb","itemListElement":[{"@type":"ListItem","position":1,"name":"Accueil","item":"https:\/\/www.entreprisesmarechal.com\/en\/"},{"@type":"ListItem","position":2,"name":"Residential landscaping services","item":"https:\/\/www.entreprisesmarechal.com\/en\/residential-landscaping-services\/"},{"@type":"ListItem","position":3,"name":"Lighting systems"}]},{"@type":"WebSite","@id":"https:\/\/www.entreprisesmarechal.com\/fr\/#website","url":"https:\/\/www.entreprisesmarechal.com\/fr\/","name":"Les Entreprises Mar\u00e9chal et associ\u00e9s","description":"","potentialAction":[{"@type":"SearchAction","target":{"@type":"EntryPoint","urlTemplate":"https:\/\/www.entreprisesmarechal.com\/fr\/?s={search_term_string}"},"query-input":"required name=search_term_string"}],"inLanguage":"en-US"}]}},"_links":{"self":[{"href":"https:\/\/www.entreprisesmarechal.com\/en\/wp-json\/wp\/v2\/pages\/7455"}],"collection":[{"href":"https:\/\/www.entreprisesmarechal.com\/en\/wp-json\/wp\/v2\/pages"}],"about":[{"href":"https:\/\/www.entreprisesmarechal.com\/en\/wp-json\/wp\/v2\/types\/page"}],"author":[{"embeddable":true,"href":"https:\/\/www.entreprisesmarechal.com\/en\/wp-json\/wp\/v2\/users\/1"}],"replies":[{"embeddable":true,"href":"https:\/\/www.entreprisesmarechal.com\/en\/wp-json\/wp\/v2\/comments?post=7455"}],"version-history":[{"count":2,"href":"https:\/\/www.entreprisesmarechal.com\/en\/wp-json\/wp\/v2\/pages\/7455\/revisions"}],"predecessor-version":[{"id":8960,"href":"https:\/\/www.entreprisesmarechal.com\/en\/wp-json\/wp\/v2\/pages\/7455\/revisions\/8960"}],"up":[{"embeddable":true,"href":"https:\/\/www.entreprisesmarechal.com\/en\/wp-json\/wp\/v2\/pages\/7413"}],"wp:featuredmedia":[{"embeddable":true,"href":"https:\/\/www.entreprisesmarechal.com\/en\/wp-json\/wp\/v2\/media\/9574"}],"wp:attachment":[{"href":"https:\/\/www.entreprisesmarechal.com\/en\/wp-json\/wp\/v2\/media?parent=7455"}],"curies":[{"name":"wp","href":"https:\/\/api.w.org\/{rel}","templated":true}]}}