{"id":7462,"date":"2018-03-28T11:51:59","date_gmt":"2018-03-28T15:51:59","guid":{"rendered":"https:\/\/www.entreprisesmarechal.com\/?page_id=7462"},"modified":"2025-02-12T14:58:07","modified_gmt":"2025-02-12T19:58:07","slug":"commercial-landscaping-services","status":"publish","type":"page","link":"https:\/\/www.entreprisesmarechal.com\/en\/commercial-landscaping-services\/","title":{"rendered":"Commercial landscaping services"},"content":{"rendered":"<div id=\"pl-7462\"  class=\"panel-layout\" ><div id=\"pg-7462-0\"  class=\"panel-grid panel-has-style\" ><div class=\"black-bg siteorigin-panels-stretch panel-row-style panel-row-style-for-7462-0\" data-stretch-type=\"full\" ><div id=\"pgc-7462-0-0\"  class=\"panel-grid-cell\" ><div id=\"panel-7462-0-0-0\" class=\"so-panel widget widget_black-studio-tinymce widget_black_studio_tinymce panel-first-child panel-last-child\" data-index=\"0\" ><div class=\"white-bg panel-widget-style panel-widget-style-for-7462-0-0-0\" ><div class=\"textwidget\"><div class=\"addthis_inline_share_toolbox\"><\/div>\n<h1>Commercial landscaping services<h1>\n\n<p>A good first impression is an important, and essential, part of your corporate image. Therefore, Les entreprises Mar\u00e9chal offer several commercial services to enhance your image. Our vast landscaping expertise allows us to complete large-scale multi-level projects, and our increased safety standards make our company the perfect team to carry out your projects. All of which are executed to perfection thanks to our teams of specialized professionals and within the allocated time frame.<\/p>\n\n<p>We offer comprehensive services: hands-on project management, landscaping (hard and soft), excavation, construction of stone or wood structures and more. Our wide array of equipment allows us to execute projects of all sizes whether it be on the ground or on roof tops.<\/p>\n\n<p>We participated in the realization and reconstruction of several commercial and municipal sites such as the reconstruction of the waterfront on Jacques Cartier street in Gatineau, 30 Victoria (GC office building), 41 Victoria (Brookfield Energy HQ), the VIU, the W\/E, Ottawa Art Gallery and Le Germain Hotels project, Place de Ville at 300-330 Sparks street, Carling Campus project for DND Canada, Confederation Boulevard in front of the History Museum in Gatineau, several City of Gatineau road reconstruction and reinstatement projects, Agora, Zibi road Laval downtown, several condo buildings, and many more.<\/p>\n<h3>Management and construction of complete outdoor landscaping including:<\/h3>\n<ul>\n \t<li>Stone works\u00a0(precast concrete products and natural stone):\n<ul>\n \t<li>Pavers and curbs<\/li>\n \t<li>Retaining walls<\/li>\n \t<li>Decorative walls<\/li>\n \t<li>Reinforced retaining walls<\/li>\n<\/ul>\n<\/li>\n \t<li>Concrete\u00a0and asphalt:\n<ul>\n \t<li>Sidewalks and slabs<\/li>\n \t<li>Curbs<\/li>\n \t<li>Retaining walls<\/li>\n \t<li>Asphalt surfaces of all type<\/li>\n<\/ul>\n<\/li>\n \t<li>Softscape\u00a0:\n<ul>\n \t<li>Soil placement and grading<\/li>\n \t<li>Planting of flower beds, trees and shrubs<\/li>\n \t<li>Green spaces<\/li>\n<\/ul>\n<\/li>\n \t<li>Work on roof tops and building structures (containing all of the applicable above services):\n<ul>\n \t<li>Terraces on conventionnal roofing surfaces (installed on pedestals)<\/li>\n \t<li>Terraces on inverted roof surfaces<\/li>\n \t<li>Crane work<\/li>\n<\/ul>\n<\/li>\n \t<li>And much more<\/li>\n<\/ul>\n\n<a href='https:\/\/www.entreprisesmarechal.com\/en\/gallery\/travaux-commerciaux\/' class='btn btn-primary'>See our portfolio ><\/a><\/div><\/div><\/div><\/div><\/div><\/div><\/div>","protected":false},"excerpt":{"rendered":"<p>Commercial landscaping services A good first impression is an important, and essential, part of your corporate image. Therefore, Les entreprises Mar\u00e9chal offer several commercial services to enhance your image. Our vast landscaping expertise allows us to complete large-scale multi-level projects, and our increased safety standards make our company the perfect team to carry out your [&hellip;]<\/p>\n","protected":false},"author":1,"featured_media":10040,"parent":0,"menu_order":0,"comment_status":"closed","ping_status":"closed","template":"","meta":{"footnotes":""},"acf":[],"yoast_head":"<!-- This site is optimized with the Yoast SEO plugin v21.5 - https:\/\/yoast.com\/wordpress\/plugins\/seo\/ -->\n<title>Les Entreprises Mar\u00e9chal et associ\u00e9s | Commercial landscaping in Gatineau, Outaouais<\/title>\n<meta name=\"description\" content=\"Les Entreprises Mar\u00e9chal et associ\u00e9s | For all your commercial landscaping needs, our specialists got you covered in Gatineau, Outaouais. Enhance your corporate image and your building&#039;s value with our complete range of services.\" \/>\n<meta name=\"robots\" content=\"index, follow, max-snippet:-1, max-image-preview:large, max-video-preview:-1\" \/>\n<link rel=\"canonical\" href=\"https:\/\/www.entreprisesmarechal.com\/en\/commercial-landscaping-services\/\" \/>\n<meta property=\"og:locale\" content=\"en_US\" \/>\n<meta property=\"og:type\" content=\"article\" \/>\n<meta property=\"og:title\" content=\"Les Entreprises Mar\u00e9chal et associ\u00e9s | Commercial landscaping in Gatineau, Outaouais\" \/>\n<meta property=\"og:description\" content=\"Les Entreprises Mar\u00e9chal et associ\u00e9s | For all your commercial landscaping needs, our specialists got you covered in Gatineau, Outaouais. Enhance your corporate image and your building&#039;s value with our complete range of services.\" \/>\n<meta property=\"og:url\" content=\"https:\/\/www.entreprisesmarechal.com\/en\/commercial-landscaping-services\/\" \/>\n<meta property=\"og:site_name\" content=\"Les Entreprises Mar\u00e9chal et associ\u00e9s\" \/>\n<meta property=\"article:modified_time\" content=\"2025-02-12T19:58:07+00:00\" \/>\n<meta property=\"og:image\" content=\"https:\/\/www.entreprisesmarechal.com\/wp-content\/uploads\/2018\/03\/20190821_084024-scaled.jpg\" \/>\n\t<meta property=\"og:image:width\" content=\"2560\" \/>\n\t<meta property=\"og:image:height\" content=\"763\" \/>\n\t<meta property=\"og:image:type\" content=\"image\/jpeg\" \/>\n<meta name=\"twitter:card\" content=\"summary_large_image\" \/>\n<meta name=\"twitter:label1\" content=\"Est. reading time\" \/>\n\t<meta name=\"twitter:data1\" content=\"2 minutes\" \/>\n<script type=\"application\/ld+json\" class=\"yoast-schema-graph\">{\"@context\":\"https:\/\/schema.org\",\"@graph\":[{\"@type\":\"WebPage\",\"@id\":\"https:\/\/www.entreprisesmarechal.com\/en\/commercial-landscaping-services\/\",\"url\":\"https:\/\/www.entreprisesmarechal.com\/en\/commercial-landscaping-services\/\",\"name\":\"Les Entreprises Mar\u00e9chal et associ\u00e9s | Commercial landscaping in Gatineau, Outaouais\",\"isPartOf\":{\"@id\":\"https:\/\/www.entreprisesmarechal.com\/fr\/#website\"},\"datePublished\":\"2018-03-28T15:51:59+00:00\",\"dateModified\":\"2025-02-12T19:58:07+00:00\",\"description\":\"Les Entreprises Mar\u00e9chal et associ\u00e9s | For all your commercial landscaping needs, our specialists got you covered in Gatineau, Outaouais. Enhance your corporate image and your building's value with our complete range of services.\",\"breadcrumb\":{\"@id\":\"https:\/\/www.entreprisesmarechal.com\/en\/commercial-landscaping-services\/#breadcrumb\"},\"inLanguage\":\"en-US\",\"potentialAction\":[{\"@type\":\"ReadAction\",\"target\":[\"https:\/\/www.entreprisesmarechal.com\/en\/commercial-landscaping-services\/\"]}]},{\"@type\":\"BreadcrumbList\",\"@id\":\"https:\/\/www.entreprisesmarechal.com\/en\/commercial-landscaping-services\/#breadcrumb\",\"itemListElement\":[{\"@type\":\"ListItem\",\"position\":1,\"name\":\"Accueil\",\"item\":\"https:\/\/www.entreprisesmarechal.com\/en\/\"},{\"@type\":\"ListItem\",\"position\":2,\"name\":\"Commercial landscaping services\"}]},{\"@type\":\"WebSite\",\"@id\":\"https:\/\/www.entreprisesmarechal.com\/fr\/#website\",\"url\":\"https:\/\/www.entreprisesmarechal.com\/fr\/\",\"name\":\"Les Entreprises Mar\u00e9chal et associ\u00e9s\",\"description\":\"\",\"potentialAction\":[{\"@type\":\"SearchAction\",\"target\":{\"@type\":\"EntryPoint\",\"urlTemplate\":\"https:\/\/www.entreprisesmarechal.com\/fr\/?s={search_term_string}\"},\"query-input\":\"required name=search_term_string\"}],\"inLanguage\":\"en-US\"}]}<\/script>\n<!-- \/ Yoast SEO plugin. -->","yoast_head_json":{"title":"Les Entreprises Mar\u00e9chal et associ\u00e9s | Commercial landscaping in Gatineau, Outaouais","description":"Les Entreprises Mar\u00e9chal et associ\u00e9s | For all your commercial landscaping needs, our specialists got you covered in Gatineau, Outaouais. Enhance your corporate image and your building's value with our complete range of services.","robots":{"index":"index","follow":"follow","max-snippet":"max-snippet:-1","max-image-preview":"max-image-preview:large","max-video-preview":"max-video-preview:-1"},"canonical":"https:\/\/www.entreprisesmarechal.com\/en\/commercial-landscaping-services\/","og_locale":"en_US","og_type":"article","og_title":"Les Entreprises Mar\u00e9chal et associ\u00e9s | Commercial landscaping in Gatineau, Outaouais","og_description":"Les Entreprises Mar\u00e9chal et associ\u00e9s | For all your commercial landscaping needs, our specialists got you covered in Gatineau, Outaouais. Enhance your corporate image and your building's value with our complete range of services.","og_url":"https:\/\/www.entreprisesmarechal.com\/en\/commercial-landscaping-services\/","og_site_name":"Les Entreprises Mar\u00e9chal et associ\u00e9s","article_modified_time":"2025-02-12T19:58:07+00:00","og_image":[{"width":2560,"height":763,"url":"https:\/\/www.entreprisesmarechal.com\/wp-content\/uploads\/2018\/03\/20190821_084024-scaled.jpg","type":"image\/jpeg"}],"twitter_card":"summary_large_image","twitter_misc":{"Est. reading time":"2 minutes"},"schema":{"@context":"https:\/\/schema.org","@graph":[{"@type":"WebPage","@id":"https:\/\/www.entreprisesmarechal.com\/en\/commercial-landscaping-services\/","url":"https:\/\/www.entreprisesmarechal.com\/en\/commercial-landscaping-services\/","name":"Les Entreprises Mar\u00e9chal et associ\u00e9s | Commercial landscaping in Gatineau, Outaouais","isPartOf":{"@id":"https:\/\/www.entreprisesmarechal.com\/fr\/#website"},"datePublished":"2018-03-28T15:51:59+00:00","dateModified":"2025-02-12T19:58:07+00:00","description":"Les Entreprises Mar\u00e9chal et associ\u00e9s | For all your commercial landscaping needs, our specialists got you covered in Gatineau, Outaouais. Enhance your corporate image and your building's value with our complete range of services.","breadcrumb":{"@id":"https:\/\/www.entreprisesmarechal.com\/en\/commercial-landscaping-services\/#breadcrumb"},"inLanguage":"en-US","potentialAction":[{"@type":"ReadAction","target":["https:\/\/www.entreprisesmarechal.com\/en\/commercial-landscaping-services\/"]}]},{"@type":"BreadcrumbList","@id":"https:\/\/www.entreprisesmarechal.com\/en\/commercial-landscaping-services\/#breadcrumb","itemListElement":[{"@type":"ListItem","position":1,"name":"Accueil","item":"https:\/\/www.entreprisesmarechal.com\/en\/"},{"@type":"ListItem","position":2,"name":"Commercial landscaping services"}]},{"@type":"WebSite","@id":"https:\/\/www.entreprisesmarechal.com\/fr\/#website","url":"https:\/\/www.entreprisesmarechal.com\/fr\/","name":"Les Entreprises Mar\u00e9chal et associ\u00e9s","description":"","potentialAction":[{"@type":"SearchAction","target":{"@type":"EntryPoint","urlTemplate":"https:\/\/www.entreprisesmarechal.com\/fr\/?s={search_term_string}"},"query-input":"required name=search_term_string"}],"inLanguage":"en-US"}]}},"_links":{"self":[{"href":"https:\/\/www.entreprisesmarechal.com\/en\/wp-json\/wp\/v2\/pages\/7462"}],"collection":[{"href":"https:\/\/www.entreprisesmarechal.com\/en\/wp-json\/wp\/v2\/pages"}],"about":[{"href":"https:\/\/www.entreprisesmarechal.com\/en\/wp-json\/wp\/v2\/types\/page"}],"author":[{"embeddable":true,"href":"https:\/\/www.entreprisesmarechal.com\/en\/wp-json\/wp\/v2\/users\/1"}],"replies":[{"embeddable":true,"href":"https:\/\/www.entreprisesmarechal.com\/en\/wp-json\/wp\/v2\/comments?post=7462"}],"version-history":[{"count":5,"href":"https:\/\/www.entreprisesmarechal.com\/en\/wp-json\/wp\/v2\/pages\/7462\/revisions"}],"predecessor-version":[{"id":10093,"href":"https:\/\/www.entreprisesmarechal.com\/en\/wp-json\/wp\/v2\/pages\/7462\/revisions\/10093"}],"wp:featuredmedia":[{"embeddable":true,"href":"https:\/\/www.entreprisesmarechal.com\/en\/wp-json\/wp\/v2\/media\/10040"}],"wp:attachment":[{"href":"https:\/\/www.entreprisesmarechal.com\/en\/wp-json\/wp\/v2\/media?parent=7462"}],"curies":[{"name":"wp","href":"https:\/\/api.w.org\/{rel}","templated":true}]}}