{"id":7467,"date":"2018-03-28T11:55:16","date_gmt":"2018-03-28T15:55:16","guid":{"rendered":"https:\/\/www.entreprisesmarechal.com\/?page_id=7467"},"modified":"2025-02-12T14:52:42","modified_gmt":"2025-02-12T19:52:42","slug":"project-management-and-renovation","status":"publish","type":"page","link":"https:\/\/www.entreprisesmarechal.com\/en\/project-management-and-renovation\/","title":{"rendered":"Project Management and Renovation"},"content":{"rendered":"<div id=\"pl-7467\"  class=\"panel-layout\" ><div id=\"pg-7467-0\"  class=\"panel-grid panel-has-style\" ><div class=\"black-bg siteorigin-panels-stretch panel-row-style panel-row-style-for-7467-0\" data-stretch-type=\"full\" ><div id=\"pgc-7467-0-0\"  class=\"panel-grid-cell\" ><div id=\"panel-7467-0-0-0\" class=\"so-panel widget widget_black-studio-tinymce widget_black_studio_tinymce panel-first-child panel-last-child\" data-index=\"0\" ><div class=\"white-bg panel-widget-style panel-widget-style-for-7467-0-0-0\" ><div class=\"textwidget\"><div class=\"addthis_inline_share_toolbox\"><\/div>\n<h2>Project Management<\/h2>\n<p>We're your trusted manager for successful projects!\nDo you have a project in mind but lack the time or resources to carry it out?\nEntrust it to the experts!\nWe offer a turnkey project management service to support you every\nstep of the way. Whether it's design, planning, realization, follow-up or delivery,\nour dedicated team takes charge of your entire project to ensure its success.\nOur services :\n<li>Tailor-made project design: We work with you to define the objectives and create the project plans and roadmap.\n<li>Resource management: We allocate the right resources and quality materials, while ensuring team coordination.\n<li>Rigorous monitoring and control: We ensure that work is completed on time, on budget and of the highest quality.\n<li>Guaranteed delivery: We guarantee delivery in line with your expectations, as well as post-project follow-up.\n<ul>\n<p>\n<ul>\n<p><h4>Choose professional support for your projects. We turn your ideas into reality!<\/h4><\/p>\n<ul>\n\n\n\n<h3>Work we do:<\/h3>\n<ul>\n    <li>Basement finishing<\/li>\n    <li>Kitchen (cabinets and counters)<\/li>\n    <li>Floor Covering<\/li>\n    <li>Interior finish<\/li>\n    <li>Painting<\/li>\n    <li>Formwork and concrete structure<\/li>\n    <li>Masonry work (other than structural), marble and ceramic<\/li>\n    <li>Metal structures (interior system)<\/li>\n    <li>Wood and plastic work <\/li>\n    <li>Insulation, waterproofing, roofing and exterior cladding<\/li>\n    <li>Doors and windows<\/li>\n    <li>Equipment and special products<\/li>\n<\/ul>\n\n<a href='' class='btn btn-primary'>See our portfolio ><\/a>\n<!--\n<h2>[infos type=\"eco-titre\"]<\/h2>\n<a href=\"http:\/\/eco-transpo.com\/en\/\" rel=\"noopner\" target=\"_blank\">Link to the website<\/a>\n--><\/div><\/div><\/div><\/div><\/div><\/div><\/div>","protected":false},"excerpt":{"rendered":"<p>Project Management We&#8217;re your trusted manager for successful projects! Do you have a project in mind but lack the time or resources to carry it out? Entrust it to the experts! We offer a turnkey project management service to support you every step of the way. Whether it&#8217;s design, planning, realization, follow-up or delivery, our [&hellip;]<\/p>\n","protected":false},"author":1,"featured_media":0,"parent":0,"menu_order":0,"comment_status":"closed","ping_status":"closed","template":"","meta":{"footnotes":""},"acf":[],"yoast_head":"<!-- This site is optimized with the Yoast SEO plugin v21.5 - https:\/\/yoast.com\/wordpress\/plugins\/seo\/ -->\n<title>Les Entreprises Mar\u00e9chal et associ\u00e9s | project management and renovation in Gatineau, Outaouais<\/title>\n<meta name=\"description\" content=\"Les Entreprises Mar\u00e9chal et associ\u00e9s | Entrust our experienced team for your commercial snow removal and other services in Gatineau, in the Outaouais region\" \/>\n<meta name=\"robots\" content=\"index, follow, max-snippet:-1, max-image-preview:large, max-video-preview:-1\" \/>\n<link rel=\"canonical\" href=\"https:\/\/www.entreprisesmarechal.com\/en\/project-management-and-renovation\/\" \/>\n<meta property=\"og:locale\" content=\"en_US\" \/>\n<meta property=\"og:type\" content=\"article\" \/>\n<meta property=\"og:title\" content=\"Les Entreprises Mar\u00e9chal et associ\u00e9s | project management and renovation in Gatineau, Outaouais\" \/>\n<meta property=\"og:description\" content=\"Les Entreprises Mar\u00e9chal et associ\u00e9s | Entrust our experienced team for your commercial snow removal and other services in Gatineau, in the Outaouais region\" \/>\n<meta property=\"og:url\" content=\"https:\/\/www.entreprisesmarechal.com\/en\/project-management-and-renovation\/\" \/>\n<meta property=\"og:site_name\" content=\"Les Entreprises Mar\u00e9chal et associ\u00e9s\" \/>\n<meta property=\"article:modified_time\" content=\"2025-02-12T19:52:42+00:00\" \/>\n<meta name=\"twitter:card\" content=\"summary_large_image\" \/>\n<meta name=\"twitter:label1\" content=\"Est. reading time\" \/>\n\t<meta name=\"twitter:data1\" content=\"2 minutes\" \/>\n<script type=\"application\/ld+json\" class=\"yoast-schema-graph\">{\"@context\":\"https:\/\/schema.org\",\"@graph\":[{\"@type\":\"WebPage\",\"@id\":\"https:\/\/www.entreprisesmarechal.com\/en\/project-management-and-renovation\/\",\"url\":\"https:\/\/www.entreprisesmarechal.com\/en\/project-management-and-renovation\/\",\"name\":\"Les Entreprises Mar\u00e9chal et associ\u00e9s | project management and renovation in Gatineau, Outaouais\",\"isPartOf\":{\"@id\":\"https:\/\/www.entreprisesmarechal.com\/fr\/#website\"},\"datePublished\":\"2018-03-28T15:55:16+00:00\",\"dateModified\":\"2025-02-12T19:52:42+00:00\",\"description\":\"Les Entreprises Mar\u00e9chal et associ\u00e9s | Entrust our experienced team for your commercial snow removal and other services in Gatineau, in the Outaouais region\",\"breadcrumb\":{\"@id\":\"https:\/\/www.entreprisesmarechal.com\/en\/project-management-and-renovation\/#breadcrumb\"},\"inLanguage\":\"en-US\",\"potentialAction\":[{\"@type\":\"ReadAction\",\"target\":[\"https:\/\/www.entreprisesmarechal.com\/en\/project-management-and-renovation\/\"]}]},{\"@type\":\"BreadcrumbList\",\"@id\":\"https:\/\/www.entreprisesmarechal.com\/en\/project-management-and-renovation\/#breadcrumb\",\"itemListElement\":[{\"@type\":\"ListItem\",\"position\":1,\"name\":\"Accueil\",\"item\":\"https:\/\/www.entreprisesmarechal.com\/en\/\"},{\"@type\":\"ListItem\",\"position\":2,\"name\":\"Project Management and Renovation\"}]},{\"@type\":\"WebSite\",\"@id\":\"https:\/\/www.entreprisesmarechal.com\/fr\/#website\",\"url\":\"https:\/\/www.entreprisesmarechal.com\/fr\/\",\"name\":\"Les Entreprises Mar\u00e9chal et associ\u00e9s\",\"description\":\"\",\"potentialAction\":[{\"@type\":\"SearchAction\",\"target\":{\"@type\":\"EntryPoint\",\"urlTemplate\":\"https:\/\/www.entreprisesmarechal.com\/fr\/?s={search_term_string}\"},\"query-input\":\"required name=search_term_string\"}],\"inLanguage\":\"en-US\"}]}<\/script>\n<!-- \/ Yoast SEO plugin. -->","yoast_head_json":{"title":"Les Entreprises Mar\u00e9chal et associ\u00e9s | project management and renovation in Gatineau, Outaouais","description":"Les Entreprises Mar\u00e9chal et associ\u00e9s | Entrust our experienced team for your commercial snow removal and other services in Gatineau, in the Outaouais region","robots":{"index":"index","follow":"follow","max-snippet":"max-snippet:-1","max-image-preview":"max-image-preview:large","max-video-preview":"max-video-preview:-1"},"canonical":"https:\/\/www.entreprisesmarechal.com\/en\/project-management-and-renovation\/","og_locale":"en_US","og_type":"article","og_title":"Les Entreprises Mar\u00e9chal et associ\u00e9s | project management and renovation in Gatineau, Outaouais","og_description":"Les Entreprises Mar\u00e9chal et associ\u00e9s | Entrust our experienced team for your commercial snow removal and other services in Gatineau, in the Outaouais region","og_url":"https:\/\/www.entreprisesmarechal.com\/en\/project-management-and-renovation\/","og_site_name":"Les Entreprises Mar\u00e9chal et associ\u00e9s","article_modified_time":"2025-02-12T19:52:42+00:00","twitter_card":"summary_large_image","twitter_misc":{"Est. reading time":"2 minutes"},"schema":{"@context":"https:\/\/schema.org","@graph":[{"@type":"WebPage","@id":"https:\/\/www.entreprisesmarechal.com\/en\/project-management-and-renovation\/","url":"https:\/\/www.entreprisesmarechal.com\/en\/project-management-and-renovation\/","name":"Les Entreprises Mar\u00e9chal et associ\u00e9s | project management and renovation in Gatineau, Outaouais","isPartOf":{"@id":"https:\/\/www.entreprisesmarechal.com\/fr\/#website"},"datePublished":"2018-03-28T15:55:16+00:00","dateModified":"2025-02-12T19:52:42+00:00","description":"Les Entreprises Mar\u00e9chal et associ\u00e9s | Entrust our experienced team for your commercial snow removal and other services in Gatineau, in the Outaouais region","breadcrumb":{"@id":"https:\/\/www.entreprisesmarechal.com\/en\/project-management-and-renovation\/#breadcrumb"},"inLanguage":"en-US","potentialAction":[{"@type":"ReadAction","target":["https:\/\/www.entreprisesmarechal.com\/en\/project-management-and-renovation\/"]}]},{"@type":"BreadcrumbList","@id":"https:\/\/www.entreprisesmarechal.com\/en\/project-management-and-renovation\/#breadcrumb","itemListElement":[{"@type":"ListItem","position":1,"name":"Accueil","item":"https:\/\/www.entreprisesmarechal.com\/en\/"},{"@type":"ListItem","position":2,"name":"Project Management and Renovation"}]},{"@type":"WebSite","@id":"https:\/\/www.entreprisesmarechal.com\/fr\/#website","url":"https:\/\/www.entreprisesmarechal.com\/fr\/","name":"Les Entreprises Mar\u00e9chal et associ\u00e9s","description":"","potentialAction":[{"@type":"SearchAction","target":{"@type":"EntryPoint","urlTemplate":"https:\/\/www.entreprisesmarechal.com\/fr\/?s={search_term_string}"},"query-input":"required name=search_term_string"}],"inLanguage":"en-US"}]}},"_links":{"self":[{"href":"https:\/\/www.entreprisesmarechal.com\/en\/wp-json\/wp\/v2\/pages\/7467"}],"collection":[{"href":"https:\/\/www.entreprisesmarechal.com\/en\/wp-json\/wp\/v2\/pages"}],"about":[{"href":"https:\/\/www.entreprisesmarechal.com\/en\/wp-json\/wp\/v2\/types\/page"}],"author":[{"embeddable":true,"href":"https:\/\/www.entreprisesmarechal.com\/en\/wp-json\/wp\/v2\/users\/1"}],"replies":[{"embeddable":true,"href":"https:\/\/www.entreprisesmarechal.com\/en\/wp-json\/wp\/v2\/comments?post=7467"}],"version-history":[{"count":8,"href":"https:\/\/www.entreprisesmarechal.com\/en\/wp-json\/wp\/v2\/pages\/7467\/revisions"}],"predecessor-version":[{"id":10101,"href":"https:\/\/www.entreprisesmarechal.com\/en\/wp-json\/wp\/v2\/pages\/7467\/revisions\/10101"}],"wp:attachment":[{"href":"https:\/\/www.entreprisesmarechal.com\/en\/wp-json\/wp\/v2\/media?parent=7467"}],"curies":[{"name":"wp","href":"https:\/\/api.w.org\/{rel}","templated":true}]}}