{"id":227,"date":"2015-01-13T14:26:51","date_gmt":"2015-01-13T14:26:51","guid":{"rendered":"http:\/\/localhost:8888\/construction\/?page_id=227"},"modified":"2024-02-01T14:19:26","modified_gmt":"2024-02-01T19:19:26","slug":"nous-joindre","status":"publish","type":"page","link":"https:\/\/www.entreprisesmarechal.com\/fr\/nous-joindre\/","title":{"rendered":"Nous joindre"},"content":{"rendered":"<div id=\"pl-227\"  class=\"panel-layout\" ><div id=\"pg-227-0\"  class=\"panel-grid panel-has-style\" ><div class=\"black-bg contact-form siteorigin-panels-stretch panel-row-style panel-row-style-for-227-0\" data-stretch-type=\"full\" ><div id=\"pgc-227-0-0\"  class=\"panel-grid-cell\" ><div id=\"panel-227-0-0-0\" class=\"so-panel widget widget_black-studio-tinymce widget_black_studio_tinymce panel-first-child panel-last-child\" data-index=\"0\" ><div class=\"white-bg panel-widget-style panel-widget-style-for-227-0-0-0\" ><div class=\"textwidget\"><h2>Nous joindre<\/h2>\n\n<p>Vous souhaitez passer \u00e0 l\u2019action? Communiquez avec nous pour une soumission! N\u2019h\u00e9sitez pas \u00e0 nous contacter si vous avez des questions, des commentaires ou des suggestions. Nous vous invitons \u00e0 nous en faire part en remplissant le formulaire ci-dessous.<\/p>\n\n\n<div class=\"wpcf7 no-js\" id=\"wpcf7-f630-o1\" lang=\"en-US\" dir=\"ltr\">\n<div class=\"screen-reader-response\"><p role=\"status\" aria-live=\"polite\" aria-atomic=\"true\"><\/p> <ul><\/ul><\/div>\n<form action=\"\/fr\/wp-json\/wp\/v2\/pages\/227#wpcf7-f630-o1\" method=\"post\" class=\"wpcf7-form init\" aria-label=\"Contact form\" enctype=\"multipart\/form-data\" novalidate=\"novalidate\" data-status=\"init\">\n<div style=\"display: none;\">\n<input type=\"hidden\" name=\"_wpcf7\" value=\"630\" \/>\n<input type=\"hidden\" name=\"_wpcf7_version\" value=\"5.8.2\" \/>\n<input type=\"hidden\" name=\"_wpcf7_locale\" value=\"en_US\" \/>\n<input type=\"hidden\" name=\"_wpcf7_unit_tag\" value=\"wpcf7-f630-o1\" \/>\n<input type=\"hidden\" name=\"_wpcf7_container_post\" value=\"0\" \/>\n<input type=\"hidden\" name=\"_wpcf7_posted_data_hash\" value=\"\" \/>\n<\/div>\n<div class=\"row\">\n\t<div class=\"col-xs-12 col-md-6\">\n\t\t<p><label>Nom complet *<br \/>\n<span class=\"wpcf7-form-control-wrap\" data-name=\"your-name\"><input size=\"40\" class=\"wpcf7-form-control wpcf7-text wpcf7-validates-as-required\" aria-required=\"true\" aria-invalid=\"false\" placeholder=\"Nom complet *\" value=\"\" type=\"text\" name=\"your-name\" \/><\/span><\/label>\n\t\t<\/p>\n\t<\/div>\n\t<div class=\"col-xs-12 col-md-6\">\n\t\t<p><label>Courriel *<br \/>\n<span class=\"wpcf7-form-control-wrap\" data-name=\"your-email\"><input size=\"40\" class=\"wpcf7-form-control wpcf7-email wpcf7-validates-as-required wpcf7-text wpcf7-validates-as-email\" aria-required=\"true\" aria-invalid=\"false\" placeholder=\"Courriel *\" value=\"\" type=\"email\" name=\"your-email\" \/><\/span><\/label>\n\t\t<\/p>\n\t<\/div>\n\t<div class=\"col-xs-12 col-md-6\">\n\t\t<p><label>T\u00e9l\u00e9phone *<br \/>\n<span class=\"wpcf7-form-control-wrap\" data-name=\"phone-number\"><input size=\"40\" class=\"wpcf7-form-control wpcf7-tel wpcf7-validates-as-required wpcf7-text wpcf7-validates-as-tel\" id=\"tel\" aria-required=\"true\" aria-invalid=\"false\" placeholder=\"T\u00e9l\u00e9phone *\" value=\"\" type=\"tel\" name=\"phone-number\" \/><\/span><br \/>\n<\/label>\n\t\t<\/p>\n\t<\/div>\n\t<div class=\"col-xs-12 col-md-6\">\n\t\t<p><label>Adresse *<br \/>\n<span class=\"wpcf7-form-control-wrap\" data-name=\"your-address\"><input size=\"40\" class=\"wpcf7-form-control wpcf7-text wpcf7-validates-as-required\" aria-required=\"true\" aria-invalid=\"false\" placeholder=\"Adresse*\" value=\"\" type=\"text\" name=\"your-address\" \/><\/span><\/label>\n\t\t<\/p>\n\t<\/div>\n\t<div class=\"col-xs-12\">\n\t\t<p><label>Message *<br \/>\n<span class=\"wpcf7-form-control-wrap\" data-name=\"your-message\"><textarea cols=\"40\" rows=\"10\" class=\"wpcf7-form-control wpcf7-textarea wpcf7-validates-as-required\" aria-required=\"true\" aria-invalid=\"false\" placeholder=\"Entrer votre message\" name=\"your-message\"><\/textarea><\/span><\/label>\n\t\t<\/p>\n\t<\/div>\n\t<div class=\"col-xs-12 file-uploads\">\n\t\t<p><label>Fichier joint (5 Mo maximum, type de fichier permis [.pdf|.docx|.xls|.xlsx|.jpg|.png])<br \/>\n<span class=\"wpcf7-form-control-wrap fichier-joint-multiple\"><input size=\"40\" class=\"wpcf7-form-control wpcf7-multifile\" multiple=\"multiple\" aria-invalid=\"false\" type=\"file\" name=\"fichier-joint-multiple[]\" \/><\/span><\/label>\n\t\t<\/p>\n\t<\/div>\n\t<p><span class=\"wpcf7-form-control-wrap\" data-name=\"confEmail\"><input size=\"40\" class=\"wpcf7-form-control wpcf7-text\" id=\"confEmail\" aria-invalid=\"false\" value=\"\" type=\"text\" name=\"confEmail\" \/><\/span>\n\t<\/p>\n\t<div class=\"col-xs-12\">\n\t\t<p><input class=\"wpcf7-form-control wpcf7-submit has-spinner btn btn-primary\" type=\"submit\" value=\"Envoyer\" \/>\n\t\t<\/p>\n\t<\/div>\n<\/div><input type=\"hidden\" id=\"ct_checkjs_cf7_7eacb532570ff6858afd2723755ff790\" name=\"ct_checkjs_cf7\" value=\"0\" \/><script >setTimeout(function(){var ct_input_name = \"ct_checkjs_cf7_7eacb532570ff6858afd2723755ff790\";if (document.getElementById(ct_input_name) !== null) {var ct_input_value = document.getElementById(ct_input_name).value;document.getElementById(ct_input_name).value = document.getElementById(ct_input_name).value.replace(ct_input_value, '646274592');}}, 1000);<\/script><input\n                    class=\"apbct_special_field apbct_email_id__wp_contact_form_7\"\n                    name=\"apbct__email_id__wp_contact_form_7\"\n                    aria-label=\"apbct__label_id__wp_contact_form_7\"\n                    type=\"text\" size=\"30\" maxlength=\"200\" autocomplete=\"off\"\n                    value=\"\"\n                \/><div class=\"wpcf7-response-output\" aria-hidden=\"true\"><\/div>\n<\/form>\n<\/div>\n<\/div><\/div><\/div><\/div><\/div><\/div><\/div>","protected":false},"excerpt":{"rendered":"<p>Curabitur sodales ligula in libero. Sed dignissim lacinia nunc. Curabitur tortor. Pellentesque nibh. Aenean quam. In scelerisque sem at dolor. Maecenas mattis. Sed convallis tristique sem. Proin ut ligula vel nunc egestas porttitor. Morbi lectus risus, iaculis vel, suscipit quis, luctus non, massa.<\/p>\n","protected":false},"author":1,"featured_media":0,"parent":0,"menu_order":0,"comment_status":"closed","ping_status":"closed","template":"","meta":{"footnotes":""},"acf":[],"yoast_head":"<!-- This site is optimized with the Yoast SEO plugin v21.5 - https:\/\/yoast.com\/wordpress\/plugins\/seo\/ -->\n<title>Les Entreprises Mar\u00e9chal et associ\u00e9s | Nous joindre<\/title>\n<meta name=\"description\" content=\"Les Entreprises Mar\u00e9chal et associ\u00e9s | Pour toute question ou commentaire \u00e0 propos de nos services d&#039;am\u00e9nagement paysager \u00e0 Gatineau, Outaouais ou autre, contactez-nous directement\" \/>\n<meta name=\"robots\" content=\"index, follow, max-snippet:-1, max-image-preview:large, max-video-preview:-1\" \/>\n<link rel=\"canonical\" href=\"https:\/\/www.entreprisesmarechal.com\/fr\/nous-joindre\/\" \/>\n<meta property=\"og:locale\" content=\"fr_FR\" \/>\n<meta property=\"og:type\" content=\"article\" \/>\n<meta property=\"og:title\" content=\"Les Entreprises Mar\u00e9chal et associ\u00e9s | Nous joindre\" \/>\n<meta property=\"og:description\" content=\"Les Entreprises Mar\u00e9chal et associ\u00e9s | Pour toute question ou commentaire \u00e0 propos de nos services d&#039;am\u00e9nagement paysager \u00e0 Gatineau, Outaouais ou autre, contactez-nous directement\" \/>\n<meta property=\"og:url\" content=\"https:\/\/www.entreprisesmarechal.com\/fr\/nous-joindre\/\" \/>\n<meta property=\"og:site_name\" content=\"Les Entreprises Mar\u00e9chal et associ\u00e9s\" \/>\n<meta property=\"article:modified_time\" content=\"2024-02-01T19:19:26+00:00\" \/>\n<meta name=\"twitter:card\" content=\"summary_large_image\" \/>\n<script type=\"application\/ld+json\" class=\"yoast-schema-graph\">{\"@context\":\"https:\/\/schema.org\",\"@graph\":[{\"@type\":\"WebPage\",\"@id\":\"https:\/\/www.entreprisesmarechal.com\/fr\/nous-joindre\/\",\"url\":\"https:\/\/www.entreprisesmarechal.com\/fr\/nous-joindre\/\",\"name\":\"Les Entreprises Mar\u00e9chal et associ\u00e9s | Nous joindre\",\"isPartOf\":{\"@id\":\"https:\/\/www.entreprisesmarechal.com\/fr\/#website\"},\"datePublished\":\"2015-01-13T14:26:51+00:00\",\"dateModified\":\"2024-02-01T19:19:26+00:00\",\"description\":\"Les Entreprises Mar\u00e9chal et associ\u00e9s | Pour toute question ou commentaire \u00e0 propos de nos services d'am\u00e9nagement paysager \u00e0 Gatineau, Outaouais ou autre, contactez-nous directement\",\"breadcrumb\":{\"@id\":\"https:\/\/www.entreprisesmarechal.com\/fr\/nous-joindre\/#breadcrumb\"},\"inLanguage\":\"fr-FR\",\"potentialAction\":[{\"@type\":\"ReadAction\",\"target\":[\"https:\/\/www.entreprisesmarechal.com\/fr\/nous-joindre\/\"]}]},{\"@type\":\"BreadcrumbList\",\"@id\":\"https:\/\/www.entreprisesmarechal.com\/fr\/nous-joindre\/#breadcrumb\",\"itemListElement\":[{\"@type\":\"ListItem\",\"position\":1,\"name\":\"Accueil\",\"item\":\"https:\/\/www.entreprisesmarechal.com\/fr\/\"},{\"@type\":\"ListItem\",\"position\":2,\"name\":\"Nous joindre\"}]},{\"@type\":\"WebSite\",\"@id\":\"https:\/\/www.entreprisesmarechal.com\/fr\/#website\",\"url\":\"https:\/\/www.entreprisesmarechal.com\/fr\/\",\"name\":\"Les Entreprises Mar\u00e9chal et associ\u00e9s\",\"description\":\"\",\"potentialAction\":[{\"@type\":\"SearchAction\",\"target\":{\"@type\":\"EntryPoint\",\"urlTemplate\":\"https:\/\/www.entreprisesmarechal.com\/fr\/?s={search_term_string}\"},\"query-input\":\"required name=search_term_string\"}],\"inLanguage\":\"fr-FR\"}]}<\/script>\n<!-- \/ Yoast SEO plugin. -->","yoast_head_json":{"title":"Les Entreprises Mar\u00e9chal et associ\u00e9s | Nous joindre","description":"Les Entreprises Mar\u00e9chal et associ\u00e9s | Pour toute question ou commentaire \u00e0 propos de nos services d'am\u00e9nagement paysager \u00e0 Gatineau, Outaouais ou autre, contactez-nous directement","robots":{"index":"index","follow":"follow","max-snippet":"max-snippet:-1","max-image-preview":"max-image-preview:large","max-video-preview":"max-video-preview:-1"},"canonical":"https:\/\/www.entreprisesmarechal.com\/fr\/nous-joindre\/","og_locale":"fr_FR","og_type":"article","og_title":"Les Entreprises Mar\u00e9chal et associ\u00e9s | Nous joindre","og_description":"Les Entreprises Mar\u00e9chal et associ\u00e9s | Pour toute question ou commentaire \u00e0 propos de nos services d'am\u00e9nagement paysager \u00e0 Gatineau, Outaouais ou autre, contactez-nous directement","og_url":"https:\/\/www.entreprisesmarechal.com\/fr\/nous-joindre\/","og_site_name":"Les Entreprises Mar\u00e9chal et associ\u00e9s","article_modified_time":"2024-02-01T19:19:26+00:00","twitter_card":"summary_large_image","schema":{"@context":"https:\/\/schema.org","@graph":[{"@type":"WebPage","@id":"https:\/\/www.entreprisesmarechal.com\/fr\/nous-joindre\/","url":"https:\/\/www.entreprisesmarechal.com\/fr\/nous-joindre\/","name":"Les Entreprises Mar\u00e9chal et associ\u00e9s | Nous joindre","isPartOf":{"@id":"https:\/\/www.entreprisesmarechal.com\/fr\/#website"},"datePublished":"2015-01-13T14:26:51+00:00","dateModified":"2024-02-01T19:19:26+00:00","description":"Les Entreprises Mar\u00e9chal et associ\u00e9s | Pour toute question ou commentaire \u00e0 propos de nos services d'am\u00e9nagement paysager \u00e0 Gatineau, Outaouais ou autre, contactez-nous directement","breadcrumb":{"@id":"https:\/\/www.entreprisesmarechal.com\/fr\/nous-joindre\/#breadcrumb"},"inLanguage":"fr-FR","potentialAction":[{"@type":"ReadAction","target":["https:\/\/www.entreprisesmarechal.com\/fr\/nous-joindre\/"]}]},{"@type":"BreadcrumbList","@id":"https:\/\/www.entreprisesmarechal.com\/fr\/nous-joindre\/#breadcrumb","itemListElement":[{"@type":"ListItem","position":1,"name":"Accueil","item":"https:\/\/www.entreprisesmarechal.com\/fr\/"},{"@type":"ListItem","position":2,"name":"Nous joindre"}]},{"@type":"WebSite","@id":"https:\/\/www.entreprisesmarechal.com\/fr\/#website","url":"https:\/\/www.entreprisesmarechal.com\/fr\/","name":"Les Entreprises Mar\u00e9chal et associ\u00e9s","description":"","potentialAction":[{"@type":"SearchAction","target":{"@type":"EntryPoint","urlTemplate":"https:\/\/www.entreprisesmarechal.com\/fr\/?s={search_term_string}"},"query-input":"required name=search_term_string"}],"inLanguage":"fr-FR"}]}},"_links":{"self":[{"href":"https:\/\/www.entreprisesmarechal.com\/fr\/wp-json\/wp\/v2\/pages\/227"}],"collection":[{"href":"https:\/\/www.entreprisesmarechal.com\/fr\/wp-json\/wp\/v2\/pages"}],"about":[{"href":"https:\/\/www.entreprisesmarechal.com\/fr\/wp-json\/wp\/v2\/types\/page"}],"author":[{"embeddable":true,"href":"https:\/\/www.entreprisesmarechal.com\/fr\/wp-json\/wp\/v2\/users\/1"}],"replies":[{"embeddable":true,"href":"https:\/\/www.entreprisesmarechal.com\/fr\/wp-json\/wp\/v2\/comments?post=227"}],"version-history":[{"count":6,"href":"https:\/\/www.entreprisesmarechal.com\/fr\/wp-json\/wp\/v2\/pages\/227\/revisions"}],"predecessor-version":[{"id":9022,"href":"https:\/\/www.entreprisesmarechal.com\/fr\/wp-json\/wp\/v2\/pages\/227\/revisions\/9022"}],"wp:attachment":[{"href":"https:\/\/www.entreprisesmarechal.com\/fr\/wp-json\/wp\/v2\/media?parent=227"}],"curies":[{"name":"wp","href":"https:\/\/api.w.org\/{rel}","templated":true}]}}