{"id":6842,"date":"2018-03-20T15:43:07","date_gmt":"2018-03-20T19:43:07","guid":{"rendered":"https:\/\/www.entreprisesmarechal.com\/?page_id=6842"},"modified":"2025-02-14T09:07:53","modified_gmt":"2025-02-14T14:07:53","slug":"gestion-de-projet","status":"publish","type":"page","link":"https:\/\/www.entreprisesmarechal.com\/fr\/gestion-de-projet\/","title":{"rendered":"Gestion de projet et R\u00e9novation"},"content":{"rendered":"<div id=\"pl-6842\"  class=\"panel-layout\" ><div id=\"pg-6842-0\"  class=\"panel-grid panel-has-style\" ><div class=\"black-bg siteorigin-panels-stretch panel-row-style panel-row-style-for-6842-0\" data-stretch-type=\"full\" ><div id=\"pgc-6842-0-0\"  class=\"panel-grid-cell\" ><div id=\"panel-6842-0-0-0\" class=\"so-panel widget widget_black-studio-tinymce widget_black_studio_tinymce panel-first-child panel-last-child\" data-index=\"0\" ><div class=\"white-bg panel-widget-style panel-widget-style-for-6842-0-0-0\" ><div class=\"textwidget\"><h2>Gestion de projet et R\u00e9novation<\/h2>\n<p>Nous sommes votre gestionnaire de confiance pour la r\u00e9ussite de vos projets !\nVous avez un projet en t\u00eate mais vous manquez de temps ou de ressources pour le r\u00e9aliser ? Confiez-le \u00e0 des experts !\n\n\n<p>\nNous offrons un service de gestion de projet cl\u00e9 en main pour vous accompagner \u00e0 chaque \u00e9tape. Que ce soit pour la conception, la  planification, la r\u00e9alisation, le suivi ou la livraison, notre \u00e9quipe d\u00e9di\u00e9e prend en charge l\u2019int\u00e9gralit\u00e9 de votre projet afin de garantir son succ\u00e8s.\n<ul>\nNos services :\n<ul>\n<ul>\n<li>Conception de projet sur mesure : Nous d\u00e9finissons avec vous les objectifs pour ex\u00e9cuter la cr\u00e9ation des plans et la feuille de route du projet.\n<li>Planification : Nous allouons les bonnes ressources et des mat\u00e9riaux de qualit\u00e9 tout en assurant la coordination des \u00e9quipes.\n<li>R\u00e9alisation, suivi et contr\u00f4le rigoureux : Nous veillons au respect des d\u00e9lais, du budget et de la qualit\u00e9 du travail accompli.\n<li>Livraison garantie : Nous assurons une livraison conforme \u00e0 vos attentes et un suivi apr\u00e8s le projet.\n<p>\n<ul>\n<p><h4>Faites le choix d\u2019un accompagnement professionnel pour vos projets. Nous transformons vos id\u00e9es en r\u00e9alit\u00e9 !<\/h4><\/p>\n\n\n<h3>Travaux que nous effectuons\u00a0:<\/h3>\n<ul>\n\n    <li>Gestion de projet de construction<\/li>\n<li>Finition de sous-sol<\/li>\n    <li>Cuisine (armoires et comptoirs usin\u00e9s)<\/li>\n    <li>Couvre-planchers<\/li>\n    <li>Travaux de finition<\/li>\n    <li>Peinture<\/li>\n    <li>Coffrage et ouvrage de b\u00e9ton<\/li>\n    <li>Travaux de ma\u00e7onnerie autres que structural, marbre et c\u00e9ramique<\/li>\n    <li>Ouvrages m\u00e9talliques (syst\u00e8me int\u00e9rieur)<\/li>\n    <li>Travaux de bois et plastique (autres que structural)<\/li>\n    <li>Isolation, \u00e9tanch\u00e9it\u00e9, couvertures et rev\u00eatement ext\u00e9rieur<\/li>\n    <li>Portes et fen\u00eatres<\/li>\n    <li>\u00c9quipements et produits sp\u00e9ciaux<\/li>\n<\/ul>\n\n<a href='https:\/\/www.entreprisesmarechal.com\/fr\/gallery\/renovations\/' class='btn btn-primary'>Voir notre portfolio ><\/a>\n<!--\n<h2>[infos type='eco-titre']<\/h2>\n\n<a href=\"http:\/\/eco-transpo.com\/\" rel='noopener' target='_blank'>Liens vers le site web<\/a>\n\n--><\/div><\/div><\/div><\/div><\/div><\/div><\/div>","protected":false},"excerpt":{"rendered":"<p>Gestion de projet et R\u00e9novation Nous sommes votre gestionnaire de confiance pour la r\u00e9ussite de vos projets ! Vous avez un projet en t\u00eate mais vous manquez de temps ou de ressources pour le r\u00e9aliser ? Confiez-le \u00e0 des experts ! Nous offrons un service de gestion de projet cl\u00e9 en main pour vous accompagner [&hellip;]<\/p>\n","protected":false},"author":1,"featured_media":10112,"parent":0,"menu_order":0,"comment_status":"closed","ping_status":"closed","template":"","meta":{"footnotes":""},"acf":[],"yoast_head":"<!-- This site is optimized with the Yoast SEO plugin v21.5 - https:\/\/yoast.com\/wordpress\/plugins\/seo\/ -->\n<title>Les Entreprises Mar\u00e9chal et associ\u00e9s | Gestion de projet et R\u00e9novation \u00e0 Gatineau, Outaouais<\/title>\n<meta name=\"description\" content=\"Les Entreprises Mar\u00e9chal et associ\u00e9s | Gestion de projet et R\u00e9novation\" \/>\n<meta name=\"robots\" content=\"index, follow, max-snippet:-1, max-image-preview:large, max-video-preview:-1\" \/>\n<link rel=\"canonical\" href=\"https:\/\/www.entreprisesmarechal.com\/fr\/gestion-de-projet\/\" \/>\n<meta property=\"og:locale\" content=\"fr_FR\" \/>\n<meta property=\"og:type\" content=\"article\" \/>\n<meta property=\"og:title\" content=\"Les Entreprises Mar\u00e9chal et associ\u00e9s | Gestion de projet et R\u00e9novation \u00e0 Gatineau, Outaouais\" \/>\n<meta property=\"og:description\" content=\"Les Entreprises Mar\u00e9chal et associ\u00e9s | Gestion de projet et R\u00e9novation\" \/>\n<meta property=\"og:url\" content=\"https:\/\/www.entreprisesmarechal.com\/fr\/gestion-de-projet\/\" \/>\n<meta property=\"og:site_name\" content=\"Les Entreprises Mar\u00e9chal et associ\u00e9s\" \/>\n<meta property=\"article:modified_time\" content=\"2025-02-14T14:07:53+00:00\" \/>\n<meta property=\"og:image\" content=\"https:\/\/www.entreprisesmarechal.com\/wp-content\/uploads\/2025\/02\/gestion-de-projet-2.webp\" \/>\n\t<meta property=\"og:image:width\" content=\"1000\" \/>\n\t<meta property=\"og:image:height\" content=\"600\" \/>\n\t<meta property=\"og:image:type\" content=\"image\/webp\" \/>\n<meta name=\"twitter:card\" content=\"summary_large_image\" \/>\n<meta name=\"twitter:label1\" content=\"Dur\u00e9e de lecture estim\u00e9e\" \/>\n\t<meta name=\"twitter:data1\" content=\"2 minutes\" \/>\n<script type=\"application\/ld+json\" class=\"yoast-schema-graph\">{\"@context\":\"https:\/\/schema.org\",\"@graph\":[{\"@type\":\"WebPage\",\"@id\":\"https:\/\/www.entreprisesmarechal.com\/fr\/gestion-de-projet\/\",\"url\":\"https:\/\/www.entreprisesmarechal.com\/fr\/gestion-de-projet\/\",\"name\":\"Les Entreprises Mar\u00e9chal et associ\u00e9s | Gestion de projet et R\u00e9novation \u00e0 Gatineau, Outaouais\",\"isPartOf\":{\"@id\":\"https:\/\/www.entreprisesmarechal.com\/fr\/#website\"},\"datePublished\":\"2018-03-20T19:43:07+00:00\",\"dateModified\":\"2025-02-14T14:07:53+00:00\",\"description\":\"Les Entreprises Mar\u00e9chal et associ\u00e9s | Gestion de projet et R\u00e9novation\",\"breadcrumb\":{\"@id\":\"https:\/\/www.entreprisesmarechal.com\/fr\/gestion-de-projet\/#breadcrumb\"},\"inLanguage\":\"fr-FR\",\"potentialAction\":[{\"@type\":\"ReadAction\",\"target\":[\"https:\/\/www.entreprisesmarechal.com\/fr\/gestion-de-projet\/\"]}]},{\"@type\":\"BreadcrumbList\",\"@id\":\"https:\/\/www.entreprisesmarechal.com\/fr\/gestion-de-projet\/#breadcrumb\",\"itemListElement\":[{\"@type\":\"ListItem\",\"position\":1,\"name\":\"Accueil\",\"item\":\"https:\/\/www.entreprisesmarechal.com\/fr\/\"},{\"@type\":\"ListItem\",\"position\":2,\"name\":\"Gestion de projet et R\u00e9novation\"}]},{\"@type\":\"WebSite\",\"@id\":\"https:\/\/www.entreprisesmarechal.com\/fr\/#website\",\"url\":\"https:\/\/www.entreprisesmarechal.com\/fr\/\",\"name\":\"Les Entreprises Mar\u00e9chal et associ\u00e9s\",\"description\":\"\",\"potentialAction\":[{\"@type\":\"SearchAction\",\"target\":{\"@type\":\"EntryPoint\",\"urlTemplate\":\"https:\/\/www.entreprisesmarechal.com\/fr\/?s={search_term_string}\"},\"query-input\":\"required name=search_term_string\"}],\"inLanguage\":\"fr-FR\"}]}<\/script>\n<!-- \/ Yoast SEO plugin. -->","yoast_head_json":{"title":"Les Entreprises Mar\u00e9chal et associ\u00e9s | Gestion de projet et R\u00e9novation \u00e0 Gatineau, Outaouais","description":"Les Entreprises Mar\u00e9chal et associ\u00e9s | Gestion de projet et R\u00e9novation","robots":{"index":"index","follow":"follow","max-snippet":"max-snippet:-1","max-image-preview":"max-image-preview:large","max-video-preview":"max-video-preview:-1"},"canonical":"https:\/\/www.entreprisesmarechal.com\/fr\/gestion-de-projet\/","og_locale":"fr_FR","og_type":"article","og_title":"Les Entreprises Mar\u00e9chal et associ\u00e9s | Gestion de projet et R\u00e9novation \u00e0 Gatineau, Outaouais","og_description":"Les Entreprises Mar\u00e9chal et associ\u00e9s | Gestion de projet et R\u00e9novation","og_url":"https:\/\/www.entreprisesmarechal.com\/fr\/gestion-de-projet\/","og_site_name":"Les Entreprises Mar\u00e9chal et associ\u00e9s","article_modified_time":"2025-02-14T14:07:53+00:00","og_image":[{"width":1000,"height":600,"url":"https:\/\/www.entreprisesmarechal.com\/wp-content\/uploads\/2025\/02\/gestion-de-projet-2.webp","type":"image\/webp"}],"twitter_card":"summary_large_image","twitter_misc":{"Dur\u00e9e de lecture estim\u00e9e":"2 minutes"},"schema":{"@context":"https:\/\/schema.org","@graph":[{"@type":"WebPage","@id":"https:\/\/www.entreprisesmarechal.com\/fr\/gestion-de-projet\/","url":"https:\/\/www.entreprisesmarechal.com\/fr\/gestion-de-projet\/","name":"Les Entreprises Mar\u00e9chal et associ\u00e9s | Gestion de projet et R\u00e9novation \u00e0 Gatineau, Outaouais","isPartOf":{"@id":"https:\/\/www.entreprisesmarechal.com\/fr\/#website"},"datePublished":"2018-03-20T19:43:07+00:00","dateModified":"2025-02-14T14:07:53+00:00","description":"Les Entreprises Mar\u00e9chal et associ\u00e9s | Gestion de projet et R\u00e9novation","breadcrumb":{"@id":"https:\/\/www.entreprisesmarechal.com\/fr\/gestion-de-projet\/#breadcrumb"},"inLanguage":"fr-FR","potentialAction":[{"@type":"ReadAction","target":["https:\/\/www.entreprisesmarechal.com\/fr\/gestion-de-projet\/"]}]},{"@type":"BreadcrumbList","@id":"https:\/\/www.entreprisesmarechal.com\/fr\/gestion-de-projet\/#breadcrumb","itemListElement":[{"@type":"ListItem","position":1,"name":"Accueil","item":"https:\/\/www.entreprisesmarechal.com\/fr\/"},{"@type":"ListItem","position":2,"name":"Gestion de projet et R\u00e9novation"}]},{"@type":"WebSite","@id":"https:\/\/www.entreprisesmarechal.com\/fr\/#website","url":"https:\/\/www.entreprisesmarechal.com\/fr\/","name":"Les Entreprises Mar\u00e9chal et associ\u00e9s","description":"","potentialAction":[{"@type":"SearchAction","target":{"@type":"EntryPoint","urlTemplate":"https:\/\/www.entreprisesmarechal.com\/fr\/?s={search_term_string}"},"query-input":"required name=search_term_string"}],"inLanguage":"fr-FR"}]}},"_links":{"self":[{"href":"https:\/\/www.entreprisesmarechal.com\/fr\/wp-json\/wp\/v2\/pages\/6842"}],"collection":[{"href":"https:\/\/www.entreprisesmarechal.com\/fr\/wp-json\/wp\/v2\/pages"}],"about":[{"href":"https:\/\/www.entreprisesmarechal.com\/fr\/wp-json\/wp\/v2\/types\/page"}],"author":[{"embeddable":true,"href":"https:\/\/www.entreprisesmarechal.com\/fr\/wp-json\/wp\/v2\/users\/1"}],"replies":[{"embeddable":true,"href":"https:\/\/www.entreprisesmarechal.com\/fr\/wp-json\/wp\/v2\/comments?post=6842"}],"version-history":[{"count":10,"href":"https:\/\/www.entreprisesmarechal.com\/fr\/wp-json\/wp\/v2\/pages\/6842\/revisions"}],"predecessor-version":[{"id":10105,"href":"https:\/\/www.entreprisesmarechal.com\/fr\/wp-json\/wp\/v2\/pages\/6842\/revisions\/10105"}],"wp:featuredmedia":[{"embeddable":true,"href":"https:\/\/www.entreprisesmarechal.com\/fr\/wp-json\/wp\/v2\/media\/10112"}],"wp:attachment":[{"href":"https:\/\/www.entreprisesmarechal.com\/fr\/wp-json\/wp\/v2\/media?parent=6842"}],"curies":[{"name":"wp","href":"https:\/\/api.w.org\/{rel}","templated":true}]}}