{"id":7001,"date":"2018-03-22T16:03:17","date_gmt":"2018-03-22T20:03:17","guid":{"rendered":"https:\/\/www.entreprisesmarechal.com\/?page_id=7001"},"modified":"2025-02-06T11:31:52","modified_gmt":"2025-02-06T16:31:52","slug":"valeurs","status":"publish","type":"page","link":"https:\/\/www.entreprisesmarechal.com\/fr\/a-propos-de-nous\/valeurs\/","title":{"rendered":"Valeurs"},"content":{"rendered":"<div id=\"pl-7001\"  class=\"panel-layout\" ><div id=\"pg-7001-0\"  class=\"panel-grid panel-has-style\" ><div class=\"black-bg a-propos siteorigin-panels-stretch panel-row-style panel-row-style-for-7001-0\" data-stretch-type=\"full\" ><div id=\"pgc-7001-0-0\"  class=\"panel-grid-cell\" ><div id=\"panel-7001-0-0-0\" class=\"so-panel widget widget_black-studio-tinymce widget_black_studio_tinymce panel-first-child panel-last-child\" data-index=\"0\" ><div class=\"link-sidebar panel-widget-style panel-widget-style-for-7001-0-0-0\" ><h3 class=\"widget-title\"><span class=\"light\">\u00c0<\/span> propos de nous<\/h3><div class=\"textwidget\"><\/div><\/div><\/div><\/div><div id=\"pgc-7001-0-1\"  class=\"panel-grid-cell\" ><div id=\"panel-7001-0-1-0\" class=\"so-panel widget widget_black-studio-tinymce widget_black_studio_tinymce panel-first-child panel-last-child\" data-index=\"1\" ><div class=\"white-bg panel-widget-style panel-widget-style-for-7001-0-1-0\" ><div class=\"textwidget\">\n<div class=\"addthis_inline_share_toolbox\"><\/div>\n<h2>Valeurs<\/h2>\n<h3>Qualit\u00e9 de produit et d\u2019emploi\u00a0:<\/h3>\n<p>Notre produit est de la plus haute qualit\u00e9 et nos projets sont men\u00e9s \u00e0 terme par une \u00e9quipe d\u2019employ\u00e9s sp\u00e9cialis\u00e9s et exp\u00e9riment\u00e9s dans leur domaine. Nous offrons des emplois de qualit\u00e9 afin d\u2019attirer les travailleurs nous permettant de former des \u00e9quipes comp\u00e9tentes. Nous utilisons les bons \u00e9quipements ainsi que des mat\u00e9riaux durables dans l\u2019ex\u00e9cution des travaux. Notre d\u00e9partement de services apr\u00e8s-vente a pour t\u00e2che de suivre notre client\u00e8le au-del\u00e0 de la fin des travaux et de s\u2019assurer de leur satisfaction.<\/p>\n<h3>Int\u00e9grit\u00e9 et confiance\u00a0:<\/h3>\n<p>Vous pouvez nous confier votre r\u00e9sidence sans crainte. Nous sommes une \u00e9quipe travaillante, soucieuse de satisfaire ses clients tout en respectant un code d\u2019\u00e9thique strict.<\/p>\n<h3>Innovation et rigueur\u00a0:<\/h3>\n<p>Notre entreprise s\u2019est distingu\u00e9e par sa volont\u00e9 de toujours offrir des travaux et un service de qualit\u00e9 sup\u00e9rieure. Nous cherchons sans cesse \u00e0 r\u00e9viser nos fa\u00e7ons de faire et nos modes de gestion pour nous adapter aux besoins de nos clients et \u00e0 ceux de nos employ\u00e9s. Cette cr\u00e9ativit\u00e9 a m\u00eame permis aux entreprises Mar\u00e9chal d\u2019\u00eatre le Laur\u00e9at EXCELOR de la Chambre de Commerce de Gatineau en 2016 dans la cat\u00e9gorie Ressources humaines.<\/p>\n<h3>Politique environnementale\u00a0:<\/h3>\n<p>Nous avons comme objectif de diminuer au maximum notre trace \u00e9cologique en r\u00e9duisant la quantit\u00e9 de d\u00e9chets produite par nos activit\u00e9s et en r\u00e9cup\u00e9rant les mat\u00e9riaux qui peuvent encore servir. Nous misons aussi sur les nouvelles technologies pour r\u00e9duire notre empreinte \u00e9cologique.<\/p>\n\n<p><span>Modernit\u00e9 <\/span>Utilisation de mat\u00e9riaux et technologies de pointe.<\/p>\n<p><span>Autonomie <\/span>Nos employ\u00e9s sont sp\u00e9cialis\u00e9s et exp\u00e9riment\u00e9s. Dans un cadre bas\u00e9 sur la confiance, chaque employ\u00e9 est form\u00e9 pour travailler avec un minimum de supervision et un maximum de r\u00e9sultats.<\/span>\n<p><span>Responsabilit\u00e9 <\/span>Nous honorons toujours nos garanties. Notre d\u00e9partement de services apr\u00e8s-vente est charg\u00e9 de suivre notre client\u00e8le d\u00e8s la fin des travaux et de s\u2019assurer de leur satisfaction.<\/p>\n<p><span>Environnement <\/span>Soucieux de l\u2019environnement, nous planifions nos projets en gardant \u00e0 l\u2019esprit notre objectif de r\u00e9duire nos d\u00e9chets de construction et nos \u00e9missions de gaz \u00e0 effet de serre.<\/p>\n<p><span>Comp\u00e9tence <\/span>Notre excellente r\u00e9tention du personnel garantit sa comp\u00e9tence.<\/p>\n<p><span>Honn\u00eatet\u00e9 <\/span>Honn\u00eatet\u00e9 et int\u00e9grit\u00e9 sont des valeurs essentielles \u00e0 notre succ\u00e8s.<\/p>\n<p><span>Adaptation <\/span>Nous savons faire face aux impr\u00e9vus et nous adapter en cons\u00e9quence. Il y a toujours une solution!<\/p>\n<p><span>Leadership <\/span>Nous sommes des chefs de file dans notre domaine.<\/p>\n\n<a href='https:\/\/www.entreprisesmarechal.com\/fr\/nous-joindre\/' class='btn btn-primary'>Contactez un membre de notre \u00e9quipe &gt;<\/a><\/div><\/div><\/div><\/div><\/div><\/div><\/div>","protected":false},"excerpt":{"rendered":"<p>Valeurs Qualit\u00e9 de produit et d\u2019emploi\u00a0: Notre produit est de la plus haute qualit\u00e9 et nos projets sont men\u00e9s \u00e0 terme par une \u00e9quipe d\u2019employ\u00e9s sp\u00e9cialis\u00e9s et exp\u00e9riment\u00e9s dans leur domaine. Nous offrons des emplois de qualit\u00e9 afin d\u2019attirer les travailleurs nous permettant de former des \u00e9quipes comp\u00e9tentes. Nous utilisons les bons \u00e9quipements ainsi que [&hellip;]<\/p>\n","protected":false},"author":1,"featured_media":0,"parent":181,"menu_order":2,"comment_status":"closed","ping_status":"closed","template":"","meta":{"footnotes":""},"acf":[],"yoast_head":"<!-- This site is optimized with the Yoast SEO plugin v21.5 - https:\/\/yoast.com\/wordpress\/plugins\/seo\/ -->\n<title>Les Entreprises Mar\u00e9chal et associ\u00e9s | Nos valeurs et service d&#039;am\u00e9nagement paysager \u00e0 Gatineau, Outaouais<\/title>\n<meta name=\"description\" content=\"Les Entreprises Mar\u00e9chal et associ\u00e9s | Notre \u00e9quipe de paysagistes \u00e0 Gatineau, Outaouais, vous offre un service d&#039;am\u00e9nagement paysager d&#039;une qualit\u00e9 impeccable. Projet d&#039;am\u00e9nagement ext\u00e9rieur cl\u00e9 en main.\" \/>\n<meta name=\"robots\" content=\"index, follow, max-snippet:-1, max-image-preview:large, max-video-preview:-1\" \/>\n<link rel=\"canonical\" href=\"https:\/\/www.entreprisesmarechal.com\/fr\/a-propos-de-nous\/valeurs\/\" \/>\n<meta property=\"og:locale\" content=\"fr_FR\" \/>\n<meta property=\"og:type\" content=\"article\" \/>\n<meta property=\"og:title\" content=\"Les Entreprises Mar\u00e9chal et associ\u00e9s | Nos valeurs et service d&#039;am\u00e9nagement paysager \u00e0 Gatineau, Outaouais\" \/>\n<meta property=\"og:description\" content=\"Les Entreprises Mar\u00e9chal et associ\u00e9s | Notre \u00e9quipe de paysagistes \u00e0 Gatineau, Outaouais, vous offre un service d&#039;am\u00e9nagement paysager d&#039;une qualit\u00e9 impeccable. Projet d&#039;am\u00e9nagement ext\u00e9rieur cl\u00e9 en main.\" \/>\n<meta property=\"og:url\" content=\"https:\/\/www.entreprisesmarechal.com\/fr\/a-propos-de-nous\/valeurs\/\" \/>\n<meta property=\"og:site_name\" content=\"Les Entreprises Mar\u00e9chal et associ\u00e9s\" \/>\n<meta property=\"article:modified_time\" content=\"2025-02-06T16:31:52+00:00\" \/>\n<meta name=\"twitter:card\" content=\"summary_large_image\" \/>\n<meta name=\"twitter:label1\" content=\"Dur\u00e9e de lecture estim\u00e9e\" \/>\n\t<meta name=\"twitter:data1\" content=\"3 minutes\" \/>\n<script type=\"application\/ld+json\" class=\"yoast-schema-graph\">{\"@context\":\"https:\/\/schema.org\",\"@graph\":[{\"@type\":\"WebPage\",\"@id\":\"https:\/\/www.entreprisesmarechal.com\/fr\/a-propos-de-nous\/valeurs\/\",\"url\":\"https:\/\/www.entreprisesmarechal.com\/fr\/a-propos-de-nous\/valeurs\/\",\"name\":\"Les Entreprises Mar\u00e9chal et associ\u00e9s | Nos valeurs et service d'am\u00e9nagement paysager \u00e0 Gatineau, Outaouais\",\"isPartOf\":{\"@id\":\"https:\/\/www.entreprisesmarechal.com\/fr\/#website\"},\"datePublished\":\"2018-03-22T20:03:17+00:00\",\"dateModified\":\"2025-02-06T16:31:52+00:00\",\"description\":\"Les Entreprises Mar\u00e9chal et associ\u00e9s | Notre \u00e9quipe de paysagistes \u00e0 Gatineau, Outaouais, vous offre un service d'am\u00e9nagement paysager d'une qualit\u00e9 impeccable. Projet d'am\u00e9nagement ext\u00e9rieur cl\u00e9 en main.\",\"breadcrumb\":{\"@id\":\"https:\/\/www.entreprisesmarechal.com\/fr\/a-propos-de-nous\/valeurs\/#breadcrumb\"},\"inLanguage\":\"fr-FR\",\"potentialAction\":[{\"@type\":\"ReadAction\",\"target\":[\"https:\/\/www.entreprisesmarechal.com\/fr\/a-propos-de-nous\/valeurs\/\"]}]},{\"@type\":\"BreadcrumbList\",\"@id\":\"https:\/\/www.entreprisesmarechal.com\/fr\/a-propos-de-nous\/valeurs\/#breadcrumb\",\"itemListElement\":[{\"@type\":\"ListItem\",\"position\":1,\"name\":\"Accueil\",\"item\":\"https:\/\/www.entreprisesmarechal.com\/fr\/\"},{\"@type\":\"ListItem\",\"position\":2,\"name\":\"\u00c0 propos de nous\",\"item\":\"https:\/\/www.entreprisesmarechal.com\/fr\/a-propos-de-nous\/\"},{\"@type\":\"ListItem\",\"position\":3,\"name\":\"Valeurs\"}]},{\"@type\":\"WebSite\",\"@id\":\"https:\/\/www.entreprisesmarechal.com\/fr\/#website\",\"url\":\"https:\/\/www.entreprisesmarechal.com\/fr\/\",\"name\":\"Les Entreprises Mar\u00e9chal et associ\u00e9s\",\"description\":\"\",\"potentialAction\":[{\"@type\":\"SearchAction\",\"target\":{\"@type\":\"EntryPoint\",\"urlTemplate\":\"https:\/\/www.entreprisesmarechal.com\/fr\/?s={search_term_string}\"},\"query-input\":\"required name=search_term_string\"}],\"inLanguage\":\"fr-FR\"}]}<\/script>\n<!-- \/ Yoast SEO plugin. -->","yoast_head_json":{"title":"Les Entreprises Mar\u00e9chal et associ\u00e9s | Nos valeurs et service d'am\u00e9nagement paysager \u00e0 Gatineau, Outaouais","description":"Les Entreprises Mar\u00e9chal et associ\u00e9s | Notre \u00e9quipe de paysagistes \u00e0 Gatineau, Outaouais, vous offre un service d'am\u00e9nagement paysager d'une qualit\u00e9 impeccable. Projet d'am\u00e9nagement ext\u00e9rieur cl\u00e9 en main.","robots":{"index":"index","follow":"follow","max-snippet":"max-snippet:-1","max-image-preview":"max-image-preview:large","max-video-preview":"max-video-preview:-1"},"canonical":"https:\/\/www.entreprisesmarechal.com\/fr\/a-propos-de-nous\/valeurs\/","og_locale":"fr_FR","og_type":"article","og_title":"Les Entreprises Mar\u00e9chal et associ\u00e9s | Nos valeurs et service d'am\u00e9nagement paysager \u00e0 Gatineau, Outaouais","og_description":"Les Entreprises Mar\u00e9chal et associ\u00e9s | Notre \u00e9quipe de paysagistes \u00e0 Gatineau, Outaouais, vous offre un service d'am\u00e9nagement paysager d'une qualit\u00e9 impeccable. Projet d'am\u00e9nagement ext\u00e9rieur cl\u00e9 en main.","og_url":"https:\/\/www.entreprisesmarechal.com\/fr\/a-propos-de-nous\/valeurs\/","og_site_name":"Les Entreprises Mar\u00e9chal et associ\u00e9s","article_modified_time":"2025-02-06T16:31:52+00:00","twitter_card":"summary_large_image","twitter_misc":{"Dur\u00e9e de lecture estim\u00e9e":"3 minutes"},"schema":{"@context":"https:\/\/schema.org","@graph":[{"@type":"WebPage","@id":"https:\/\/www.entreprisesmarechal.com\/fr\/a-propos-de-nous\/valeurs\/","url":"https:\/\/www.entreprisesmarechal.com\/fr\/a-propos-de-nous\/valeurs\/","name":"Les Entreprises Mar\u00e9chal et associ\u00e9s | Nos valeurs et service d'am\u00e9nagement paysager \u00e0 Gatineau, Outaouais","isPartOf":{"@id":"https:\/\/www.entreprisesmarechal.com\/fr\/#website"},"datePublished":"2018-03-22T20:03:17+00:00","dateModified":"2025-02-06T16:31:52+00:00","description":"Les Entreprises Mar\u00e9chal et associ\u00e9s | Notre \u00e9quipe de paysagistes \u00e0 Gatineau, Outaouais, vous offre un service d'am\u00e9nagement paysager d'une qualit\u00e9 impeccable. Projet d'am\u00e9nagement ext\u00e9rieur cl\u00e9 en main.","breadcrumb":{"@id":"https:\/\/www.entreprisesmarechal.com\/fr\/a-propos-de-nous\/valeurs\/#breadcrumb"},"inLanguage":"fr-FR","potentialAction":[{"@type":"ReadAction","target":["https:\/\/www.entreprisesmarechal.com\/fr\/a-propos-de-nous\/valeurs\/"]}]},{"@type":"BreadcrumbList","@id":"https:\/\/www.entreprisesmarechal.com\/fr\/a-propos-de-nous\/valeurs\/#breadcrumb","itemListElement":[{"@type":"ListItem","position":1,"name":"Accueil","item":"https:\/\/www.entreprisesmarechal.com\/fr\/"},{"@type":"ListItem","position":2,"name":"\u00c0 propos de nous","item":"https:\/\/www.entreprisesmarechal.com\/fr\/a-propos-de-nous\/"},{"@type":"ListItem","position":3,"name":"Valeurs"}]},{"@type":"WebSite","@id":"https:\/\/www.entreprisesmarechal.com\/fr\/#website","url":"https:\/\/www.entreprisesmarechal.com\/fr\/","name":"Les Entreprises Mar\u00e9chal et associ\u00e9s","description":"","potentialAction":[{"@type":"SearchAction","target":{"@type":"EntryPoint","urlTemplate":"https:\/\/www.entreprisesmarechal.com\/fr\/?s={search_term_string}"},"query-input":"required name=search_term_string"}],"inLanguage":"fr-FR"}]}},"_links":{"self":[{"href":"https:\/\/www.entreprisesmarechal.com\/fr\/wp-json\/wp\/v2\/pages\/7001"}],"collection":[{"href":"https:\/\/www.entreprisesmarechal.com\/fr\/wp-json\/wp\/v2\/pages"}],"about":[{"href":"https:\/\/www.entreprisesmarechal.com\/fr\/wp-json\/wp\/v2\/types\/page"}],"author":[{"embeddable":true,"href":"https:\/\/www.entreprisesmarechal.com\/fr\/wp-json\/wp\/v2\/users\/1"}],"replies":[{"embeddable":true,"href":"https:\/\/www.entreprisesmarechal.com\/fr\/wp-json\/wp\/v2\/comments?post=7001"}],"version-history":[{"count":3,"href":"https:\/\/www.entreprisesmarechal.com\/fr\/wp-json\/wp\/v2\/pages\/7001\/revisions"}],"predecessor-version":[{"id":9625,"href":"https:\/\/www.entreprisesmarechal.com\/fr\/wp-json\/wp\/v2\/pages\/7001\/revisions\/9625"}],"up":[{"embeddable":true,"href":"https:\/\/www.entreprisesmarechal.com\/fr\/wp-json\/wp\/v2\/pages\/181"}],"wp:attachment":[{"href":"https:\/\/www.entreprisesmarechal.com\/fr\/wp-json\/wp\/v2\/media?parent=7001"}],"curies":[{"name":"wp","href":"https:\/\/api.w.org\/{rel}","templated":true}]}}