{"id":7006,"date":"2018-03-22T16:07:19","date_gmt":"2018-03-22T20:07:19","guid":{"rendered":"https:\/\/www.entreprisesmarechal.com\/?page_id=7006"},"modified":"2024-02-05T09:58:03","modified_gmt":"2024-02-05T14:58:03","slug":"historique-de-l-entreprise","status":"publish","type":"page","link":"https:\/\/www.entreprisesmarechal.com\/fr\/a-propos-de-nous\/historique-de-l-entreprise\/","title":{"rendered":"Historique"},"content":{"rendered":"<div id=\"pl-7006\"  class=\"panel-layout\" ><div id=\"pg-7006-0\"  class=\"panel-grid panel-has-style\" ><div class=\"black-bg a-propos siteorigin-panels-stretch panel-row-style panel-row-style-for-7006-0\" data-stretch-type=\"full\" ><div id=\"pgc-7006-0-0\"  class=\"panel-grid-cell\" ><div id=\"panel-7006-0-0-0\" class=\"so-panel widget widget_black-studio-tinymce widget_black_studio_tinymce panel-first-child panel-last-child\" data-index=\"0\" ><div class=\"link-sidebar panel-widget-style panel-widget-style-for-7006-0-0-0\" ><h3 class=\"widget-title\"><span class=\"light\">\u00c0<\/span> propos de nous<\/h3><div class=\"textwidget\"><\/div><\/div><\/div><\/div><div id=\"pgc-7006-0-1\"  class=\"panel-grid-cell\" ><div id=\"panel-7006-0-1-0\" class=\"so-panel widget widget_black-studio-tinymce widget_black_studio_tinymce panel-first-child panel-last-child\" data-index=\"1\" ><div class=\"white-bg panel-widget-style panel-widget-style-for-7006-0-1-0\" ><div class=\"textwidget\"><img loading=\"lazy\" decoding=\"async\" width=\"304\" height=\"284\" src=\"https:\/\/www.entreprisesmarechal.com\/wp-content\/uploads\/2018\/03\/featured-image-historique.jpg\" class=\"attachment-post-thumbnail size-post-thumbnail wp-post-image\" alt=\"\" srcset=\"https:\/\/www.entreprisesmarechal.com\/wp-content\/uploads\/2018\/03\/featured-image-historique.jpg 304w, https:\/\/www.entreprisesmarechal.com\/wp-content\/uploads\/2018\/03\/featured-image-historique-300x280.jpg 300w\" sizes=\"(max-width: 304px) 100vw, 304px\" \/>\n<div class=\"addthis_inline_share_toolbox\"><\/div>\n<h2>Historique<\/h2>\n<p>L\u2019entreprise Le petit coup de main a \u00e9t\u00e9 fond\u00e9e le 14 mars 2000 par Fran\u00e7ois Mar\u00e9chal en tant que projet final de ses \u00e9tudes au C\u00c9GEP de l\u2019Outaouais en Gestion et administration. Le succ\u00e8s du projet fut imm\u00e9diat. Depuis ses d\u00e9buts, ses secteurs d\u2019activit\u00e9 ne cessent de cro\u00eetre : am\u00e9nagement paysager r\u00e9sidentiel, am\u00e9nagement paysager commercial, excavation, d\u00e9neigement et r\u00e9novation (surtout l\u2019hiver). L\u2019entreprise compte maintenant pr\u00e8s de cinquante employ\u00e9s passionn\u00e9s par leur m\u00e9tier.<\/p>\n<h3>Le fondateur<\/h3>\n<p>Son gestionnaire et propri\u00e9taire, Fran\u00e7ois Mar\u00e9chal, est un jeune entrepreneur ambitieux et novateur, qui a \u00e0 c\u0153ur les int\u00e9r\u00eats de ses clients, mais aussi ceux de ses employ\u00e9s, lesquels ont la possibilit\u00e9 de participer \u00e0 la gestion et aux profits de l\u2019entreprise. Ainsi, chacun est incit\u00e9 \u00e0 se d\u00e9passer pour offrir le meilleur service qui soit aux clients. Dipl\u00f4m\u00e9 du programme d\u2019administration, concentration finances, de l\u2019Universit\u00e9 du Qu\u00e9bec en Outaouais, Fran\u00e7ois Mar\u00e9chal a aussi une ma\u00eetrise en gestion de projet. De m\u00eame, il encourage ses employ\u00e9s \u00e0 parfaire leurs connaissances.<\/p>\n<h3>L'entreprise<\/h3>\n<p>Les entreprises Mar\u00e9chal est un regroupement d\u2019entreprises qui \u0153uvrent essentiellement dans les domaines li\u00e9s \u00e0 l\u2019am\u00e9nagement ext\u00e9rieur des propri\u00e9t\u00e9s et b\u00e2timents.<\/p>\n<p>Mar\u00e9chal et associ\u00e9s, une compagnie prim\u00e9e dans la r\u00e9gion de l\u2019Outaouais, se sp\u00e9cialise en am\u00e9nagement paysager tant r\u00e9sidentiel que commercial. Elle offre de nombreux services tels que la gestion de projets clef en main, la conception de plans, la pose de pav\u00e9s unis, de murs ou de murets en pierre, l\u2019excavation, la mise en place de syst\u00e8mes de drainage, un service d\u2019horticulture, la construction de structures de bois et\/ou composite et beaucoup plus! Nous faisons des travaux innovateurs de qualit\u00e9 sup\u00e9rieure qui se distinguent gr\u00e2ce \u00e0 notre \u00e9quipe de professionnels comp\u00e9tents, qui ont \u00e0 c\u0153ur la satisfaction de nos clients. <\/p>\n<p>De fait, Les entreprises Mar\u00e9chal regroupent un \u00e9ventail de professionnels des plus qualifi\u00e9s, dont plusieurs sont \u00e0 son emploi depuis le tout d\u00e9but et poss\u00e8dent une exp\u00e9rience notable dans leurs diff\u00e9rents domaines de comp\u00e9tence, tels la pose de pav\u00e9 uni, l\u2019excavation, la construction de structure de bois, le design, l\u2019horticulture et ainsi de suite. De plus, l\u2019entreprise travaille en collaboration avec des architectes paysagistes, des architectes, des designers et des ing\u00e9nieurs quand un projet n\u00e9cessite l\u2019apport de ces sp\u00e9cialistes.<\/p>\n\n<p>N\u2019h\u00e9sitez donc pas \u00e0 faire appel \u00e0 nos services, quel que soit votre projet. Nous nous occupons de tout pour vous permettre de relaxer!<\/p>\n\n<a href='https:\/\/www.entreprisesmarechal.com\/fr\/nous-joindre\/' class='btn btn-primary'>Contactez un membre de notre \u00e9quipe &gt;<\/a><\/div><\/div><\/div><\/div><\/div><\/div><\/div>","protected":false},"excerpt":{"rendered":"<p>Historique L\u2019entreprise Le petit coup de main a \u00e9t\u00e9 fond\u00e9e le 14 mars 2000 par Fran\u00e7ois Mar\u00e9chal en tant que projet final de ses \u00e9tudes au C\u00c9GEP de l\u2019Outaouais en Gestion et administration. Le succ\u00e8s du projet fut imm\u00e9diat. Depuis ses d\u00e9buts, ses secteurs d\u2019activit\u00e9 ne cessent de cro\u00eetre : am\u00e9nagement paysager r\u00e9sidentiel, am\u00e9nagement paysager [&hellip;]<\/p>\n","protected":false},"author":1,"featured_media":7191,"parent":181,"menu_order":3,"comment_status":"closed","ping_status":"closed","template":"","meta":{"footnotes":""},"acf":[],"yoast_head":"<!-- This site is optimized with the Yoast SEO plugin v21.5 - https:\/\/yoast.com\/wordpress\/plugins\/seo\/ -->\n<title>Les Entreprises Mar\u00e9chal et associ\u00e9s | Votre paysagiste \u00e0 Gatineau, Outaouais<\/title>\n<meta name=\"description\" content=\"Les Entreprises Mar\u00e9chal et associ\u00e9s | D\u00e9couvrez l&#039;historique et l&#039;expansion de notre entreprise, qui compte maintenant plusieurs paysagistes dans son \u00e9quipe pour tous vos projets d&#039;am\u00e9nagement paysager \u00e0 Gatineau, en Outaouais\" \/>\n<meta name=\"robots\" content=\"index, follow, max-snippet:-1, max-image-preview:large, max-video-preview:-1\" \/>\n<link rel=\"canonical\" href=\"https:\/\/www.entreprisesmarechal.com\/fr\/a-propos-de-nous\/historique-de-l-entreprise\/\" \/>\n<meta property=\"og:locale\" content=\"fr_FR\" \/>\n<meta property=\"og:type\" content=\"article\" \/>\n<meta property=\"og:title\" content=\"Les Entreprises Mar\u00e9chal et associ\u00e9s | Votre paysagiste \u00e0 Gatineau, Outaouais\" \/>\n<meta property=\"og:description\" content=\"Les Entreprises Mar\u00e9chal et associ\u00e9s | D\u00e9couvrez l&#039;historique et l&#039;expansion de notre entreprise, qui compte maintenant plusieurs paysagistes dans son \u00e9quipe pour tous vos projets d&#039;am\u00e9nagement paysager \u00e0 Gatineau, en Outaouais\" \/>\n<meta property=\"og:url\" content=\"https:\/\/www.entreprisesmarechal.com\/fr\/a-propos-de-nous\/historique-de-l-entreprise\/\" \/>\n<meta property=\"og:site_name\" content=\"Les Entreprises Mar\u00e9chal et associ\u00e9s\" \/>\n<meta property=\"article:modified_time\" content=\"2024-02-05T14:58:03+00:00\" \/>\n<meta property=\"og:image\" content=\"https:\/\/www.entreprisesmarechal.com\/wp-content\/uploads\/2018\/03\/featured-image-historique.jpg\" \/>\n\t<meta property=\"og:image:width\" content=\"304\" \/>\n\t<meta property=\"og:image:height\" content=\"284\" \/>\n\t<meta property=\"og:image:type\" content=\"image\/jpeg\" \/>\n<meta name=\"twitter:card\" content=\"summary_large_image\" \/>\n<meta name=\"twitter:label1\" content=\"Dur\u00e9e de lecture estim\u00e9e\" \/>\n\t<meta name=\"twitter:data1\" content=\"2 minutes\" \/>\n<script type=\"application\/ld+json\" class=\"yoast-schema-graph\">{\"@context\":\"https:\/\/schema.org\",\"@graph\":[{\"@type\":\"WebPage\",\"@id\":\"https:\/\/www.entreprisesmarechal.com\/fr\/a-propos-de-nous\/historique-de-l-entreprise\/\",\"url\":\"https:\/\/www.entreprisesmarechal.com\/fr\/a-propos-de-nous\/historique-de-l-entreprise\/\",\"name\":\"Les Entreprises Mar\u00e9chal et associ\u00e9s | Votre paysagiste \u00e0 Gatineau, Outaouais\",\"isPartOf\":{\"@id\":\"https:\/\/www.entreprisesmarechal.com\/fr\/#website\"},\"datePublished\":\"2018-03-22T20:07:19+00:00\",\"dateModified\":\"2024-02-05T14:58:03+00:00\",\"description\":\"Les Entreprises Mar\u00e9chal et associ\u00e9s | D\u00e9couvrez l'historique et l'expansion de notre entreprise, qui compte maintenant plusieurs paysagistes dans son \u00e9quipe pour tous vos projets d'am\u00e9nagement paysager \u00e0 Gatineau, en Outaouais\",\"breadcrumb\":{\"@id\":\"https:\/\/www.entreprisesmarechal.com\/fr\/a-propos-de-nous\/historique-de-l-entreprise\/#breadcrumb\"},\"inLanguage\":\"fr-FR\",\"potentialAction\":[{\"@type\":\"ReadAction\",\"target\":[\"https:\/\/www.entreprisesmarechal.com\/fr\/a-propos-de-nous\/historique-de-l-entreprise\/\"]}]},{\"@type\":\"BreadcrumbList\",\"@id\":\"https:\/\/www.entreprisesmarechal.com\/fr\/a-propos-de-nous\/historique-de-l-entreprise\/#breadcrumb\",\"itemListElement\":[{\"@type\":\"ListItem\",\"position\":1,\"name\":\"Accueil\",\"item\":\"https:\/\/www.entreprisesmarechal.com\/fr\/\"},{\"@type\":\"ListItem\",\"position\":2,\"name\":\"\u00c0 propos de nous\",\"item\":\"https:\/\/www.entreprisesmarechal.com\/fr\/a-propos-de-nous\/\"},{\"@type\":\"ListItem\",\"position\":3,\"name\":\"Historique\"}]},{\"@type\":\"WebSite\",\"@id\":\"https:\/\/www.entreprisesmarechal.com\/fr\/#website\",\"url\":\"https:\/\/www.entreprisesmarechal.com\/fr\/\",\"name\":\"Les Entreprises Mar\u00e9chal et associ\u00e9s\",\"description\":\"\",\"potentialAction\":[{\"@type\":\"SearchAction\",\"target\":{\"@type\":\"EntryPoint\",\"urlTemplate\":\"https:\/\/www.entreprisesmarechal.com\/fr\/?s={search_term_string}\"},\"query-input\":\"required name=search_term_string\"}],\"inLanguage\":\"fr-FR\"}]}<\/script>\n<!-- \/ Yoast SEO plugin. -->","yoast_head_json":{"title":"Les Entreprises Mar\u00e9chal et associ\u00e9s | Votre paysagiste \u00e0 Gatineau, Outaouais","description":"Les Entreprises Mar\u00e9chal et associ\u00e9s | D\u00e9couvrez l'historique et l'expansion de notre entreprise, qui compte maintenant plusieurs paysagistes dans son \u00e9quipe pour tous vos projets d'am\u00e9nagement paysager \u00e0 Gatineau, en Outaouais","robots":{"index":"index","follow":"follow","max-snippet":"max-snippet:-1","max-image-preview":"max-image-preview:large","max-video-preview":"max-video-preview:-1"},"canonical":"https:\/\/www.entreprisesmarechal.com\/fr\/a-propos-de-nous\/historique-de-l-entreprise\/","og_locale":"fr_FR","og_type":"article","og_title":"Les Entreprises Mar\u00e9chal et associ\u00e9s | Votre paysagiste \u00e0 Gatineau, Outaouais","og_description":"Les Entreprises Mar\u00e9chal et associ\u00e9s | D\u00e9couvrez l'historique et l'expansion de notre entreprise, qui compte maintenant plusieurs paysagistes dans son \u00e9quipe pour tous vos projets d'am\u00e9nagement paysager \u00e0 Gatineau, en Outaouais","og_url":"https:\/\/www.entreprisesmarechal.com\/fr\/a-propos-de-nous\/historique-de-l-entreprise\/","og_site_name":"Les Entreprises Mar\u00e9chal et associ\u00e9s","article_modified_time":"2024-02-05T14:58:03+00:00","og_image":[{"width":304,"height":284,"url":"https:\/\/www.entreprisesmarechal.com\/wp-content\/uploads\/2018\/03\/featured-image-historique.jpg","type":"image\/jpeg"}],"twitter_card":"summary_large_image","twitter_misc":{"Dur\u00e9e de lecture estim\u00e9e":"2 minutes"},"schema":{"@context":"https:\/\/schema.org","@graph":[{"@type":"WebPage","@id":"https:\/\/www.entreprisesmarechal.com\/fr\/a-propos-de-nous\/historique-de-l-entreprise\/","url":"https:\/\/www.entreprisesmarechal.com\/fr\/a-propos-de-nous\/historique-de-l-entreprise\/","name":"Les Entreprises Mar\u00e9chal et associ\u00e9s | Votre paysagiste \u00e0 Gatineau, Outaouais","isPartOf":{"@id":"https:\/\/www.entreprisesmarechal.com\/fr\/#website"},"datePublished":"2018-03-22T20:07:19+00:00","dateModified":"2024-02-05T14:58:03+00:00","description":"Les Entreprises Mar\u00e9chal et associ\u00e9s | D\u00e9couvrez l'historique et l'expansion de notre entreprise, qui compte maintenant plusieurs paysagistes dans son \u00e9quipe pour tous vos projets d'am\u00e9nagement paysager \u00e0 Gatineau, en Outaouais","breadcrumb":{"@id":"https:\/\/www.entreprisesmarechal.com\/fr\/a-propos-de-nous\/historique-de-l-entreprise\/#breadcrumb"},"inLanguage":"fr-FR","potentialAction":[{"@type":"ReadAction","target":["https:\/\/www.entreprisesmarechal.com\/fr\/a-propos-de-nous\/historique-de-l-entreprise\/"]}]},{"@type":"BreadcrumbList","@id":"https:\/\/www.entreprisesmarechal.com\/fr\/a-propos-de-nous\/historique-de-l-entreprise\/#breadcrumb","itemListElement":[{"@type":"ListItem","position":1,"name":"Accueil","item":"https:\/\/www.entreprisesmarechal.com\/fr\/"},{"@type":"ListItem","position":2,"name":"\u00c0 propos de nous","item":"https:\/\/www.entreprisesmarechal.com\/fr\/a-propos-de-nous\/"},{"@type":"ListItem","position":3,"name":"Historique"}]},{"@type":"WebSite","@id":"https:\/\/www.entreprisesmarechal.com\/fr\/#website","url":"https:\/\/www.entreprisesmarechal.com\/fr\/","name":"Les Entreprises Mar\u00e9chal et associ\u00e9s","description":"","potentialAction":[{"@type":"SearchAction","target":{"@type":"EntryPoint","urlTemplate":"https:\/\/www.entreprisesmarechal.com\/fr\/?s={search_term_string}"},"query-input":"required name=search_term_string"}],"inLanguage":"fr-FR"}]}},"_links":{"self":[{"href":"https:\/\/www.entreprisesmarechal.com\/fr\/wp-json\/wp\/v2\/pages\/7006"}],"collection":[{"href":"https:\/\/www.entreprisesmarechal.com\/fr\/wp-json\/wp\/v2\/pages"}],"about":[{"href":"https:\/\/www.entreprisesmarechal.com\/fr\/wp-json\/wp\/v2\/types\/page"}],"author":[{"embeddable":true,"href":"https:\/\/www.entreprisesmarechal.com\/fr\/wp-json\/wp\/v2\/users\/1"}],"replies":[{"embeddable":true,"href":"https:\/\/www.entreprisesmarechal.com\/fr\/wp-json\/wp\/v2\/comments?post=7006"}],"version-history":[{"count":5,"href":"https:\/\/www.entreprisesmarechal.com\/fr\/wp-json\/wp\/v2\/pages\/7006\/revisions"}],"predecessor-version":[{"id":9053,"href":"https:\/\/www.entreprisesmarechal.com\/fr\/wp-json\/wp\/v2\/pages\/7006\/revisions\/9053"}],"up":[{"embeddable":true,"href":"https:\/\/www.entreprisesmarechal.com\/fr\/wp-json\/wp\/v2\/pages\/181"}],"wp:featuredmedia":[{"embeddable":true,"href":"https:\/\/www.entreprisesmarechal.com\/fr\/wp-json\/wp\/v2\/media\/7191"}],"wp:attachment":[{"href":"https:\/\/www.entreprisesmarechal.com\/fr\/wp-json\/wp\/v2\/media?parent=7006"}],"curies":[{"name":"wp","href":"https:\/\/api.w.org\/{rel}","templated":true}]}}