{"id":7009,"date":"2018-03-22T16:16:53","date_gmt":"2018-03-22T20:16:53","guid":{"rendered":"https:\/\/www.entreprisesmarechal.com\/?page_id=7009"},"modified":"2024-02-05T09:59:27","modified_gmt":"2024-02-05T14:59:27","slug":"nos-divisions","status":"publish","type":"page","link":"https:\/\/www.entreprisesmarechal.com\/fr\/a-propos-de-nous\/nos-divisions\/","title":{"rendered":"Divisions"},"content":{"rendered":"<div id=\"pl-7009\"  class=\"panel-layout\" ><div id=\"pg-7009-0\"  class=\"panel-grid panel-has-style\" ><div class=\"black-bg a-propos siteorigin-panels-stretch panel-row-style panel-row-style-for-7009-0\" data-stretch-type=\"full\" ><div id=\"pgc-7009-0-0\"  class=\"panel-grid-cell\" ><div id=\"panel-7009-0-0-0\" class=\"so-panel widget widget_black-studio-tinymce widget_black_studio_tinymce panel-first-child panel-last-child\" data-index=\"0\" ><div class=\"link-sidebar panel-widget-style panel-widget-style-for-7009-0-0-0\" ><h3 class=\"widget-title\"><span class=\"light\">\u00c0<\/span> propos de nous<\/h3><div class=\"textwidget\"><\/div><\/div><\/div><\/div><div id=\"pgc-7009-0-1\"  class=\"panel-grid-cell\" ><div id=\"panel-7009-0-1-0\" class=\"so-panel widget widget_black-studio-tinymce widget_black_studio_tinymce panel-first-child panel-last-child\" data-index=\"1\" ><div class=\"white-bg panel-widget-style panel-widget-style-for-7009-0-1-0\" ><div class=\"textwidget\">\n<div class=\"addthis_inline_share_toolbox\"><\/div>\n<h2>Divisions<\/h2>\n<h3>Mar\u00e9chal et associ\u00e9s entrepreneur paysagiste\u00a0:<\/h3>\n<p>La principale division des entreprises Mar\u00e9chal prend en charge divers projets d\u2019am\u00e9nagement paysager au niveau r\u00e9sidentiel et commercial. Notre but est de r\u00e9aliser des projets qui maximiseront votre investissement selon votre budget.<\/p>\n<h3>MM excavation Gatineau\u00a0:<\/h3>\n<p>Compagnie s\u0153ur fond\u00e9e en 2016 avec la participation de Fran\u00e7ois Mar\u00e9chal et Jasen Crochemore. Ce dernier est un jeune entrepreneur ambitieux ayant travaill\u00e9 pendant plusieurs ann\u00e9es au sein des Entreprises Mar\u00e9chal. Cette branche du groupe est sp\u00e9cialis\u00e9e en excavation de tout genre et en pose de pierres naturelles.<\/p>\n<!--<h3>Jardins alternatifs\u00a0:<\/h3>\n<p>Achet\u00e9e par Les entreprises Mar\u00e9chal en 2015, cette ancienne compagnie est maintenant une division qui excelle en plantation, design et horticulture.<\/p>-->\n<h3>Le Petit Coup de Main\u00a0:<\/h3>\n<p>Vari\u00e9t\u00e9 de services pour nos clients tels que nettoyage, entretien, d\u00e9neigement r\u00e9sidentiel et commercial, service de main-d\u2019\u0153uvre, etc.<\/p>\n<h3>R\u00e9novations\u00a0:<\/h3>\n<p>Travaux int\u00e9rieurs, sous-sol, cuisine, salle de bain, r\u00e9parations de tout genre.<\/p>\n<h3>\u00c9co-transpo\u00a0:<\/h3>\n<p>Vise \u00e0 encourager la r\u00e9utilisation d\u2019objets ou de mat\u00e9riaux tout en minimisant les distances sur lesquelles ils doivent \u00eatre d\u00e9plac\u00e9s. Les clients peuvent ainsi combler leurs besoins en mat\u00e9riaux r\u00e9utilisables tel que la terre, les pav\u00e9s, le bois trait\u00e9\u2026<\/p>\n<a href='https:\/\/www.entreprisesmarechal.com\/fr\/nous-joindre\/' class='btn btn-primary'>Contactez un membre de notre \u00e9quipe ><\/a><\/div><\/div><\/div><\/div><\/div><\/div><\/div>","protected":false},"excerpt":{"rendered":"<p>Divisions Mar\u00e9chal et associ\u00e9s entrepreneur paysagiste\u00a0: La principale division des entreprises Mar\u00e9chal prend en charge divers projets d\u2019am\u00e9nagement paysager au niveau r\u00e9sidentiel et commercial. Notre but est de r\u00e9aliser des projets qui maximiseront votre investissement selon votre budget. MM excavation Gatineau\u00a0: Compagnie s\u0153ur fond\u00e9e en 2016 avec la participation de Fran\u00e7ois Mar\u00e9chal et Jasen Crochemore. [&hellip;]<\/p>\n","protected":false},"author":1,"featured_media":0,"parent":181,"menu_order":4,"comment_status":"closed","ping_status":"closed","template":"","meta":{"footnotes":""},"acf":[],"yoast_head":"<!-- This site is optimized with the Yoast SEO plugin v21.5 - https:\/\/yoast.com\/wordpress\/plugins\/seo\/ -->\n<title>Les Entreprises Mar\u00e9chal et associ\u00e9s | Projets d&#039;am\u00e9nagement paysager cl\u00e9 en main \u00e0 Gatineau, Outaouais<\/title>\n<meta name=\"description\" content=\"Les Entreprises Mar\u00e9chal et associ\u00e9s | Notre entreprise et ses divisions nous permettent de vous offrir un service complet pour votre projet d&#039;am\u00e9nagement paysager r\u00e9sidentiel ou commercial \u00e0 Gatineau, Outaouais\" \/>\n<meta name=\"robots\" content=\"index, follow, max-snippet:-1, max-image-preview:large, max-video-preview:-1\" \/>\n<link rel=\"canonical\" href=\"https:\/\/www.entreprisesmarechal.com\/fr\/a-propos-de-nous\/nos-divisions\/\" \/>\n<meta property=\"og:locale\" content=\"fr_FR\" \/>\n<meta property=\"og:type\" content=\"article\" \/>\n<meta property=\"og:title\" content=\"Les Entreprises Mar\u00e9chal et associ\u00e9s | Projets d&#039;am\u00e9nagement paysager cl\u00e9 en main \u00e0 Gatineau, Outaouais\" \/>\n<meta property=\"og:description\" content=\"Les Entreprises Mar\u00e9chal et associ\u00e9s | Notre entreprise et ses divisions nous permettent de vous offrir un service complet pour votre projet d&#039;am\u00e9nagement paysager r\u00e9sidentiel ou commercial \u00e0 Gatineau, Outaouais\" \/>\n<meta property=\"og:url\" content=\"https:\/\/www.entreprisesmarechal.com\/fr\/a-propos-de-nous\/nos-divisions\/\" \/>\n<meta property=\"og:site_name\" content=\"Les Entreprises Mar\u00e9chal et associ\u00e9s\" \/>\n<meta property=\"article:modified_time\" content=\"2024-02-05T14:59:27+00:00\" \/>\n<meta name=\"twitter:card\" content=\"summary_large_image\" \/>\n<meta name=\"twitter:label1\" content=\"Dur\u00e9e de lecture estim\u00e9e\" \/>\n\t<meta name=\"twitter:data1\" content=\"1 minute\" \/>\n<script type=\"application\/ld+json\" class=\"yoast-schema-graph\">{\"@context\":\"https:\/\/schema.org\",\"@graph\":[{\"@type\":\"WebPage\",\"@id\":\"https:\/\/www.entreprisesmarechal.com\/fr\/a-propos-de-nous\/nos-divisions\/\",\"url\":\"https:\/\/www.entreprisesmarechal.com\/fr\/a-propos-de-nous\/nos-divisions\/\",\"name\":\"Les Entreprises Mar\u00e9chal et associ\u00e9s | Projets d'am\u00e9nagement paysager cl\u00e9 en main \u00e0 Gatineau, Outaouais\",\"isPartOf\":{\"@id\":\"https:\/\/www.entreprisesmarechal.com\/fr\/#website\"},\"datePublished\":\"2018-03-22T20:16:53+00:00\",\"dateModified\":\"2024-02-05T14:59:27+00:00\",\"description\":\"Les Entreprises Mar\u00e9chal et associ\u00e9s | Notre entreprise et ses divisions nous permettent de vous offrir un service complet pour votre projet d'am\u00e9nagement paysager r\u00e9sidentiel ou commercial \u00e0 Gatineau, Outaouais\",\"breadcrumb\":{\"@id\":\"https:\/\/www.entreprisesmarechal.com\/fr\/a-propos-de-nous\/nos-divisions\/#breadcrumb\"},\"inLanguage\":\"fr-FR\",\"potentialAction\":[{\"@type\":\"ReadAction\",\"target\":[\"https:\/\/www.entreprisesmarechal.com\/fr\/a-propos-de-nous\/nos-divisions\/\"]}]},{\"@type\":\"BreadcrumbList\",\"@id\":\"https:\/\/www.entreprisesmarechal.com\/fr\/a-propos-de-nous\/nos-divisions\/#breadcrumb\",\"itemListElement\":[{\"@type\":\"ListItem\",\"position\":1,\"name\":\"Accueil\",\"item\":\"https:\/\/www.entreprisesmarechal.com\/fr\/\"},{\"@type\":\"ListItem\",\"position\":2,\"name\":\"\u00c0 propos de nous\",\"item\":\"https:\/\/www.entreprisesmarechal.com\/fr\/a-propos-de-nous\/\"},{\"@type\":\"ListItem\",\"position\":3,\"name\":\"Divisions\"}]},{\"@type\":\"WebSite\",\"@id\":\"https:\/\/www.entreprisesmarechal.com\/fr\/#website\",\"url\":\"https:\/\/www.entreprisesmarechal.com\/fr\/\",\"name\":\"Les Entreprises Mar\u00e9chal et associ\u00e9s\",\"description\":\"\",\"potentialAction\":[{\"@type\":\"SearchAction\",\"target\":{\"@type\":\"EntryPoint\",\"urlTemplate\":\"https:\/\/www.entreprisesmarechal.com\/fr\/?s={search_term_string}\"},\"query-input\":\"required name=search_term_string\"}],\"inLanguage\":\"fr-FR\"}]}<\/script>\n<!-- \/ Yoast SEO plugin. -->","yoast_head_json":{"title":"Les Entreprises Mar\u00e9chal et associ\u00e9s | Projets d'am\u00e9nagement paysager cl\u00e9 en main \u00e0 Gatineau, Outaouais","description":"Les Entreprises Mar\u00e9chal et associ\u00e9s | Notre entreprise et ses divisions nous permettent de vous offrir un service complet pour votre projet d'am\u00e9nagement paysager r\u00e9sidentiel ou commercial \u00e0 Gatineau, Outaouais","robots":{"index":"index","follow":"follow","max-snippet":"max-snippet:-1","max-image-preview":"max-image-preview:large","max-video-preview":"max-video-preview:-1"},"canonical":"https:\/\/www.entreprisesmarechal.com\/fr\/a-propos-de-nous\/nos-divisions\/","og_locale":"fr_FR","og_type":"article","og_title":"Les Entreprises Mar\u00e9chal et associ\u00e9s | Projets d'am\u00e9nagement paysager cl\u00e9 en main \u00e0 Gatineau, Outaouais","og_description":"Les Entreprises Mar\u00e9chal et associ\u00e9s | Notre entreprise et ses divisions nous permettent de vous offrir un service complet pour votre projet d'am\u00e9nagement paysager r\u00e9sidentiel ou commercial \u00e0 Gatineau, Outaouais","og_url":"https:\/\/www.entreprisesmarechal.com\/fr\/a-propos-de-nous\/nos-divisions\/","og_site_name":"Les Entreprises Mar\u00e9chal et associ\u00e9s","article_modified_time":"2024-02-05T14:59:27+00:00","twitter_card":"summary_large_image","twitter_misc":{"Dur\u00e9e de lecture estim\u00e9e":"1 minute"},"schema":{"@context":"https:\/\/schema.org","@graph":[{"@type":"WebPage","@id":"https:\/\/www.entreprisesmarechal.com\/fr\/a-propos-de-nous\/nos-divisions\/","url":"https:\/\/www.entreprisesmarechal.com\/fr\/a-propos-de-nous\/nos-divisions\/","name":"Les Entreprises Mar\u00e9chal et associ\u00e9s | Projets d'am\u00e9nagement paysager cl\u00e9 en main \u00e0 Gatineau, Outaouais","isPartOf":{"@id":"https:\/\/www.entreprisesmarechal.com\/fr\/#website"},"datePublished":"2018-03-22T20:16:53+00:00","dateModified":"2024-02-05T14:59:27+00:00","description":"Les Entreprises Mar\u00e9chal et associ\u00e9s | Notre entreprise et ses divisions nous permettent de vous offrir un service complet pour votre projet d'am\u00e9nagement paysager r\u00e9sidentiel ou commercial \u00e0 Gatineau, Outaouais","breadcrumb":{"@id":"https:\/\/www.entreprisesmarechal.com\/fr\/a-propos-de-nous\/nos-divisions\/#breadcrumb"},"inLanguage":"fr-FR","potentialAction":[{"@type":"ReadAction","target":["https:\/\/www.entreprisesmarechal.com\/fr\/a-propos-de-nous\/nos-divisions\/"]}]},{"@type":"BreadcrumbList","@id":"https:\/\/www.entreprisesmarechal.com\/fr\/a-propos-de-nous\/nos-divisions\/#breadcrumb","itemListElement":[{"@type":"ListItem","position":1,"name":"Accueil","item":"https:\/\/www.entreprisesmarechal.com\/fr\/"},{"@type":"ListItem","position":2,"name":"\u00c0 propos de nous","item":"https:\/\/www.entreprisesmarechal.com\/fr\/a-propos-de-nous\/"},{"@type":"ListItem","position":3,"name":"Divisions"}]},{"@type":"WebSite","@id":"https:\/\/www.entreprisesmarechal.com\/fr\/#website","url":"https:\/\/www.entreprisesmarechal.com\/fr\/","name":"Les Entreprises Mar\u00e9chal et associ\u00e9s","description":"","potentialAction":[{"@type":"SearchAction","target":{"@type":"EntryPoint","urlTemplate":"https:\/\/www.entreprisesmarechal.com\/fr\/?s={search_term_string}"},"query-input":"required name=search_term_string"}],"inLanguage":"fr-FR"}]}},"_links":{"self":[{"href":"https:\/\/www.entreprisesmarechal.com\/fr\/wp-json\/wp\/v2\/pages\/7009"}],"collection":[{"href":"https:\/\/www.entreprisesmarechal.com\/fr\/wp-json\/wp\/v2\/pages"}],"about":[{"href":"https:\/\/www.entreprisesmarechal.com\/fr\/wp-json\/wp\/v2\/types\/page"}],"author":[{"embeddable":true,"href":"https:\/\/www.entreprisesmarechal.com\/fr\/wp-json\/wp\/v2\/users\/1"}],"replies":[{"embeddable":true,"href":"https:\/\/www.entreprisesmarechal.com\/fr\/wp-json\/wp\/v2\/comments?post=7009"}],"version-history":[{"count":6,"href":"https:\/\/www.entreprisesmarechal.com\/fr\/wp-json\/wp\/v2\/pages\/7009\/revisions"}],"predecessor-version":[{"id":9054,"href":"https:\/\/www.entreprisesmarechal.com\/fr\/wp-json\/wp\/v2\/pages\/7009\/revisions\/9054"}],"up":[{"embeddable":true,"href":"https:\/\/www.entreprisesmarechal.com\/fr\/wp-json\/wp\/v2\/pages\/181"}],"wp:attachment":[{"href":"https:\/\/www.entreprisesmarechal.com\/fr\/wp-json\/wp\/v2\/media?parent=7009"}],"curies":[{"name":"wp","href":"https:\/\/api.w.org\/{rel}","templated":true}]}}