{"id":7015,"date":"2018-03-22T16:22:56","date_gmt":"2018-03-22T20:22:56","guid":{"rendered":"https:\/\/www.entreprisesmarechal.com\/?page_id=7015"},"modified":"2018-06-29T09:56:15","modified_gmt":"2018-06-29T13:56:15","slug":"evenements","status":"publish","type":"page","link":"https:\/\/www.entreprisesmarechal.com\/fr\/a-propos-de-nous\/evenements\/","title":{"rendered":"\u00c9v\u00e9nements"},"content":{"rendered":"<div id=\"pl-7015\"  class=\"panel-layout\" ><div id=\"pg-7015-0\"  class=\"panel-grid panel-has-style\" ><div class=\"black-bg a-propos siteorigin-panels-stretch panel-row-style panel-row-style-for-7015-0\" data-stretch-type=\"full\" ><div id=\"pgc-7015-0-0\"  class=\"panel-grid-cell\" ><div id=\"panel-7015-0-0-0\" class=\"so-panel widget widget_black-studio-tinymce widget_black_studio_tinymce panel-first-child panel-last-child\" data-index=\"0\" ><div class=\"link-sidebar panel-widget-style panel-widget-style-for-7015-0-0-0\" ><h3 class=\"widget-title\"><span class=\"light\">\u00c0<\/span> propos de nous<\/h3><div class=\"textwidget\"><\/div><\/div><\/div><\/div><div id=\"pgc-7015-0-1\"  class=\"panel-grid-cell\" ><div id=\"panel-7015-0-1-0\" class=\"so-panel widget widget_black-studio-tinymce widget_black_studio_tinymce panel-first-child panel-last-child\" data-index=\"1\" ><div class=\"white-bg panel-widget-style panel-widget-style-for-7015-0-1-0\" ><div class=\"textwidget\">\n<div class=\"addthis_inline_share_toolbox\"><\/div>\n<h2>\u00c9v\u00e9nements<\/h2>\n<p>Nous participons \u00e0 plusieurs \u00e9v\u00e9nements chaque ann\u00e9e pour faire une d\u00e9monstration de l\u2019excellence de nos projets et r\u00e9pondre \u00e0 vos questions. Nous sommes aussi partenaires et commanditaires de diff\u00e9rents \u00e9v\u00e9nements tout au courant de l\u2019ann\u00e9e. Venez nous rencontrer lors de ces \u00e9v\u00e9nements et laissez-vous tenter pour la r\u00e9alisation de votre cour de r\u00eave !<\/p>\n<a href='https:\/\/www.entreprisesmarechal.com\/fr\/nous-joindre\/' class='btn btn-primary'>Contactez un membre de notre \u00e9quipe ><\/a><\/div><\/div><\/div><\/div><\/div><\/div><\/div>","protected":false},"excerpt":{"rendered":"<p>\u00c9v\u00e9nements Nous participons \u00e0 plusieurs \u00e9v\u00e9nements chaque ann\u00e9e pour faire une d\u00e9monstration de l\u2019excellence de nos projets et r\u00e9pondre \u00e0 vos questions. Nous sommes aussi partenaires et commanditaires de diff\u00e9rents \u00e9v\u00e9nements tout au courant de l\u2019ann\u00e9e. Venez nous rencontrer lors de ces \u00e9v\u00e9nements et laissez-vous tenter pour la r\u00e9alisation de votre cour de r\u00eave !<\/p>\n","protected":false},"author":1,"featured_media":0,"parent":181,"menu_order":6,"comment_status":"closed","ping_status":"closed","template":"","meta":{"footnotes":""},"acf":[],"yoast_head":"<!-- This site is optimized with the Yoast SEO plugin v21.5 - https:\/\/yoast.com\/wordpress\/plugins\/seo\/ -->\n<title>Les Entreprises Mar\u00e9chal et associ\u00e9s | D\u00e9couvrez nos projets d&#039;am\u00e9nagement paysager \u00e0 Gatineau, Outaouais<\/title>\n<meta name=\"description\" content=\"Les Entreprises Mar\u00e9chal et associ\u00e9s | Nous participons r\u00e9guli\u00e8rement \u00e0 des \u00e9v\u00e9nements tels que des salons d&#039;habitation pour montrer nos travaux cl\u00e9s en main d&#039;am\u00e9nagement paysager \u00e0 Gatineau, en Outaouais.\" \/>\n<meta name=\"robots\" content=\"index, follow, max-snippet:-1, max-image-preview:large, max-video-preview:-1\" \/>\n<link rel=\"canonical\" href=\"https:\/\/www.entreprisesmarechal.com\/fr\/a-propos-de-nous\/evenements\/\" \/>\n<meta property=\"og:locale\" content=\"fr_FR\" \/>\n<meta property=\"og:type\" content=\"article\" \/>\n<meta property=\"og:title\" content=\"Les Entreprises Mar\u00e9chal et associ\u00e9s | D\u00e9couvrez nos projets d&#039;am\u00e9nagement paysager \u00e0 Gatineau, Outaouais\" \/>\n<meta property=\"og:description\" content=\"Les Entreprises Mar\u00e9chal et associ\u00e9s | Nous participons r\u00e9guli\u00e8rement \u00e0 des \u00e9v\u00e9nements tels que des salons d&#039;habitation pour montrer nos travaux cl\u00e9s en main d&#039;am\u00e9nagement paysager \u00e0 Gatineau, en Outaouais.\" \/>\n<meta property=\"og:url\" content=\"https:\/\/www.entreprisesmarechal.com\/fr\/a-propos-de-nous\/evenements\/\" \/>\n<meta property=\"og:site_name\" content=\"Les Entreprises Mar\u00e9chal et associ\u00e9s\" \/>\n<meta property=\"article:modified_time\" content=\"2018-06-29T13:56:15+00:00\" \/>\n<meta name=\"twitter:card\" content=\"summary_large_image\" \/>\n<script type=\"application\/ld+json\" class=\"yoast-schema-graph\">{\"@context\":\"https:\/\/schema.org\",\"@graph\":[{\"@type\":\"WebPage\",\"@id\":\"https:\/\/www.entreprisesmarechal.com\/fr\/a-propos-de-nous\/evenements\/\",\"url\":\"https:\/\/www.entreprisesmarechal.com\/fr\/a-propos-de-nous\/evenements\/\",\"name\":\"Les Entreprises Mar\u00e9chal et associ\u00e9s | D\u00e9couvrez nos projets d'am\u00e9nagement paysager \u00e0 Gatineau, Outaouais\",\"isPartOf\":{\"@id\":\"https:\/\/www.entreprisesmarechal.com\/fr\/#website\"},\"datePublished\":\"2018-03-22T20:22:56+00:00\",\"dateModified\":\"2018-06-29T13:56:15+00:00\",\"description\":\"Les Entreprises Mar\u00e9chal et associ\u00e9s | Nous participons r\u00e9guli\u00e8rement \u00e0 des \u00e9v\u00e9nements tels que des salons d'habitation pour montrer nos travaux cl\u00e9s en main d'am\u00e9nagement paysager \u00e0 Gatineau, en Outaouais.\",\"breadcrumb\":{\"@id\":\"https:\/\/www.entreprisesmarechal.com\/fr\/a-propos-de-nous\/evenements\/#breadcrumb\"},\"inLanguage\":\"fr-FR\",\"potentialAction\":[{\"@type\":\"ReadAction\",\"target\":[\"https:\/\/www.entreprisesmarechal.com\/fr\/a-propos-de-nous\/evenements\/\"]}]},{\"@type\":\"BreadcrumbList\",\"@id\":\"https:\/\/www.entreprisesmarechal.com\/fr\/a-propos-de-nous\/evenements\/#breadcrumb\",\"itemListElement\":[{\"@type\":\"ListItem\",\"position\":1,\"name\":\"Accueil\",\"item\":\"https:\/\/www.entreprisesmarechal.com\/fr\/\"},{\"@type\":\"ListItem\",\"position\":2,\"name\":\"\u00c0 propos de nous\",\"item\":\"https:\/\/www.entreprisesmarechal.com\/fr\/a-propos-de-nous\/\"},{\"@type\":\"ListItem\",\"position\":3,\"name\":\"\u00c9v\u00e9nements\"}]},{\"@type\":\"WebSite\",\"@id\":\"https:\/\/www.entreprisesmarechal.com\/fr\/#website\",\"url\":\"https:\/\/www.entreprisesmarechal.com\/fr\/\",\"name\":\"Les Entreprises Mar\u00e9chal et associ\u00e9s\",\"description\":\"\",\"potentialAction\":[{\"@type\":\"SearchAction\",\"target\":{\"@type\":\"EntryPoint\",\"urlTemplate\":\"https:\/\/www.entreprisesmarechal.com\/fr\/?s={search_term_string}\"},\"query-input\":\"required name=search_term_string\"}],\"inLanguage\":\"fr-FR\"}]}<\/script>\n<!-- \/ Yoast SEO plugin. -->","yoast_head_json":{"title":"Les Entreprises Mar\u00e9chal et associ\u00e9s | D\u00e9couvrez nos projets d'am\u00e9nagement paysager \u00e0 Gatineau, Outaouais","description":"Les Entreprises Mar\u00e9chal et associ\u00e9s | Nous participons r\u00e9guli\u00e8rement \u00e0 des \u00e9v\u00e9nements tels que des salons d'habitation pour montrer nos travaux cl\u00e9s en main d'am\u00e9nagement paysager \u00e0 Gatineau, en Outaouais.","robots":{"index":"index","follow":"follow","max-snippet":"max-snippet:-1","max-image-preview":"max-image-preview:large","max-video-preview":"max-video-preview:-1"},"canonical":"https:\/\/www.entreprisesmarechal.com\/fr\/a-propos-de-nous\/evenements\/","og_locale":"fr_FR","og_type":"article","og_title":"Les Entreprises Mar\u00e9chal et associ\u00e9s | D\u00e9couvrez nos projets d'am\u00e9nagement paysager \u00e0 Gatineau, Outaouais","og_description":"Les Entreprises Mar\u00e9chal et associ\u00e9s | Nous participons r\u00e9guli\u00e8rement \u00e0 des \u00e9v\u00e9nements tels que des salons d'habitation pour montrer nos travaux cl\u00e9s en main d'am\u00e9nagement paysager \u00e0 Gatineau, en Outaouais.","og_url":"https:\/\/www.entreprisesmarechal.com\/fr\/a-propos-de-nous\/evenements\/","og_site_name":"Les Entreprises Mar\u00e9chal et associ\u00e9s","article_modified_time":"2018-06-29T13:56:15+00:00","twitter_card":"summary_large_image","schema":{"@context":"https:\/\/schema.org","@graph":[{"@type":"WebPage","@id":"https:\/\/www.entreprisesmarechal.com\/fr\/a-propos-de-nous\/evenements\/","url":"https:\/\/www.entreprisesmarechal.com\/fr\/a-propos-de-nous\/evenements\/","name":"Les Entreprises Mar\u00e9chal et associ\u00e9s | D\u00e9couvrez nos projets d'am\u00e9nagement paysager \u00e0 Gatineau, Outaouais","isPartOf":{"@id":"https:\/\/www.entreprisesmarechal.com\/fr\/#website"},"datePublished":"2018-03-22T20:22:56+00:00","dateModified":"2018-06-29T13:56:15+00:00","description":"Les Entreprises Mar\u00e9chal et associ\u00e9s | Nous participons r\u00e9guli\u00e8rement \u00e0 des \u00e9v\u00e9nements tels que des salons d'habitation pour montrer nos travaux cl\u00e9s en main d'am\u00e9nagement paysager \u00e0 Gatineau, en Outaouais.","breadcrumb":{"@id":"https:\/\/www.entreprisesmarechal.com\/fr\/a-propos-de-nous\/evenements\/#breadcrumb"},"inLanguage":"fr-FR","potentialAction":[{"@type":"ReadAction","target":["https:\/\/www.entreprisesmarechal.com\/fr\/a-propos-de-nous\/evenements\/"]}]},{"@type":"BreadcrumbList","@id":"https:\/\/www.entreprisesmarechal.com\/fr\/a-propos-de-nous\/evenements\/#breadcrumb","itemListElement":[{"@type":"ListItem","position":1,"name":"Accueil","item":"https:\/\/www.entreprisesmarechal.com\/fr\/"},{"@type":"ListItem","position":2,"name":"\u00c0 propos de nous","item":"https:\/\/www.entreprisesmarechal.com\/fr\/a-propos-de-nous\/"},{"@type":"ListItem","position":3,"name":"\u00c9v\u00e9nements"}]},{"@type":"WebSite","@id":"https:\/\/www.entreprisesmarechal.com\/fr\/#website","url":"https:\/\/www.entreprisesmarechal.com\/fr\/","name":"Les Entreprises Mar\u00e9chal et associ\u00e9s","description":"","potentialAction":[{"@type":"SearchAction","target":{"@type":"EntryPoint","urlTemplate":"https:\/\/www.entreprisesmarechal.com\/fr\/?s={search_term_string}"},"query-input":"required name=search_term_string"}],"inLanguage":"fr-FR"}]}},"_links":{"self":[{"href":"https:\/\/www.entreprisesmarechal.com\/fr\/wp-json\/wp\/v2\/pages\/7015"}],"collection":[{"href":"https:\/\/www.entreprisesmarechal.com\/fr\/wp-json\/wp\/v2\/pages"}],"about":[{"href":"https:\/\/www.entreprisesmarechal.com\/fr\/wp-json\/wp\/v2\/types\/page"}],"author":[{"embeddable":true,"href":"https:\/\/www.entreprisesmarechal.com\/fr\/wp-json\/wp\/v2\/users\/1"}],"replies":[{"embeddable":true,"href":"https:\/\/www.entreprisesmarechal.com\/fr\/wp-json\/wp\/v2\/comments?post=7015"}],"version-history":[{"count":2,"href":"https:\/\/www.entreprisesmarechal.com\/fr\/wp-json\/wp\/v2\/pages\/7015\/revisions"}],"predecessor-version":[{"id":8892,"href":"https:\/\/www.entreprisesmarechal.com\/fr\/wp-json\/wp\/v2\/pages\/7015\/revisions\/8892"}],"up":[{"embeddable":true,"href":"https:\/\/www.entreprisesmarechal.com\/fr\/wp-json\/wp\/v2\/pages\/181"}],"wp:attachment":[{"href":"https:\/\/www.entreprisesmarechal.com\/fr\/wp-json\/wp\/v2\/media?parent=7015"}],"curies":[{"name":"wp","href":"https:\/\/api.w.org\/{rel}","templated":true}]}}