{"id":7018,"date":"2018-03-23T09:03:13","date_gmt":"2018-03-23T13:03:13","guid":{"rendered":"https:\/\/www.entreprisesmarechal.com\/?page_id=7018"},"modified":"2025-02-06T09:44:15","modified_gmt":"2025-02-06T14:44:15","slug":"notre-equipe","status":"publish","type":"page","link":"https:\/\/www.entreprisesmarechal.com\/fr\/notre-equipe\/","title":{"rendered":"Notre \u00e9quipe"},"content":{"rendered":"<div id=\"pl-7018\"  class=\"panel-layout\" ><div id=\"pg-7018-0\"  class=\"panel-grid panel-has-style\" ><div class=\"black-bg siteorigin-panels-stretch panel-row-style panel-row-style-for-7018-0\" data-stretch-type=\"full\" ><div id=\"pgc-7018-0-0\"  class=\"panel-grid-cell\" ><div id=\"panel-7018-0-0-0\" class=\"so-panel widget widget_black-studio-tinymce widget_black_studio_tinymce panel-first-child\" data-index=\"0\" ><div class=\"white-bg notre-equipe1 panel-widget-style panel-widget-style-for-7018-0-0-0\" ><div class=\"textwidget\"><p>L\u2019excellence de notre entreprise et de ses services a effectivement \u00e9t\u00e9 soulign\u00e9e au courant des derni\u00e8res ann\u00e9es. Nos projets innovateurs, la qualit\u00e9 des travaux effectu\u00e9s et le taux \u00e9lev\u00e9 de satisfaction des clients sont directement li\u00e9s \u00e0 l\u2019effort incroyable fourni par nos \u00e9quipes et le respect des \u00e9ch\u00e9anciers. Nos professionnels ex\u00e9cutent leur travail avec passion et perfectionnisme. C\u2019est gr\u00e2ce \u00e0 leur d\u00e9termination que nous nous sommes rendus aussi loin.<\/p>\n\n<p>Notre \u00e9quipe est compos\u00e9e de gens qualifi\u00e9s et passionn\u00e9s qui aiment leur m\u00e9tier. L\u2019\u00e9quipe des entreprises Mar\u00e9chal inclut des gestionnaires de projets, dessinateurs de plans, contrema\u00eetres exp\u00e9riment\u00e9s, poseurs de pav\u00e9-uni, op\u00e9rateurs de machinerie, charpentiers, man\u0153uvres et du personnel de bureau hors pair. Notre mission est de r\u00e9aliser concr\u00e8tement la cour dont vous r\u00eavez.<\/p>\n\n<h3>PAMT \u2013 Programme d\u2019apprentissage en milieu de travail<\/h3>\n\n<p>Gr\u00e2ce au programme d\u2019apprentissage en milieu de travail d\u2019Emploi-Qu\u00e9bec, nos employ\u00e9s suivent une formation. Ils apprennent ainsi \u00e0 perfectionner leurs talents et \u00e0 op\u00e9rer dans toutes les sph\u00e8res du m\u00e9tier, soit l\u2019excavation, la pose de pav\u00e9, la charpente, la plantation, l\u2019op\u00e9ration de la machinerie et ainsi de suite. Ils deviennent ainsi plus polyvalents, ce qui favorise une meilleure coh\u00e9sion entre les \u00e9quipes. Une fois qu\u2019il a compl\u00e9t\u00e9 tous les volets du programme, l\u2019apprenti re\u00e7oit le titre d\u2019ouvrier\/ouvri\u00e8re en am\u00e9nagement paysager et il peut ensuite choisir dans quelle sph\u00e8re du m\u00e9tier il souhaite se sp\u00e9cialiser.<\/p><\/div><\/div><\/div><div id=\"panel-7018-0-0-1\" class=\"so-panel widget widget_black-studio-tinymce widget_black_studio_tinymce panel-last-child\" data-index=\"1\" ><div class=\"white-bg notre-equipe2 panel-widget-style panel-widget-style-for-7018-0-0-1\" ><div class=\"textwidget\"><h3>Nos postes :<\/h3>\n<ul>\n<li>Ouvrier en am\u00e9nagement paysager<\/li>\n<li>Op\u00e9rateur de machinerie<\/li>\n<li>Installateur\/poseur de pav\u00e9-uni<\/li>\n<li>Menuisier\/Charpentier<\/li>\n<li>Estimateur<\/li>\n<li>Designer<\/li>\n<\/ul>\n<p><a href='https:\/\/www.entreprisesmarechal.com\/fr\/carriere\/' class='btn btn-primary'>Rejoindre notre \u00e9quipe &gt;<\/a><\/p>\n<\/div><\/div><\/div><\/div><\/div><\/div><\/div>","protected":false},"excerpt":{"rendered":"<p>L\u2019excellence de notre entreprise et de ses services a effectivement \u00e9t\u00e9 soulign\u00e9e au courant des derni\u00e8res ann\u00e9es. Nos projets innovateurs, la qualit\u00e9 des travaux effectu\u00e9s et le taux \u00e9lev\u00e9 de satisfaction des clients sont directement li\u00e9s \u00e0 l\u2019effort incroyable fourni par nos \u00e9quipes et le respect des \u00e9ch\u00e9anciers. Nos professionnels ex\u00e9cutent leur travail avec passion [&hellip;]<\/p>\n","protected":false},"author":1,"featured_media":0,"parent":0,"menu_order":0,"comment_status":"closed","ping_status":"closed","template":"","meta":{"footnotes":""},"acf":[],"yoast_head":"<!-- This site is optimized with the Yoast SEO plugin v21.5 - https:\/\/yoast.com\/wordpress\/plugins\/seo\/ -->\n<title>Les Entreprises Mar\u00e9chal et associ\u00e9s | \u00c0 votre service pour un am\u00e9nagement paysager sur mesure \u00e0 Gatineau, Outaouais<\/title>\n<meta name=\"description\" content=\"Les Entreprises Mar\u00e9chal et associ\u00e9s | Notre \u00e9quipe a \u00e0 coeur votre satisfaction d\u00e8s le premier rendez-vous jusqu&#039;\u00e0 apr\u00e8s les travaux effectu\u00e9s \u00e0 Gatineau, Outaouais\" \/>\n<meta name=\"robots\" content=\"index, follow, max-snippet:-1, max-image-preview:large, max-video-preview:-1\" \/>\n<link rel=\"canonical\" href=\"https:\/\/www.entreprisesmarechal.com\/fr\/notre-equipe\/\" \/>\n<meta property=\"og:locale\" content=\"fr_FR\" \/>\n<meta property=\"og:type\" content=\"article\" \/>\n<meta property=\"og:title\" content=\"Les Entreprises Mar\u00e9chal et associ\u00e9s | \u00c0 votre service pour un am\u00e9nagement paysager sur mesure \u00e0 Gatineau, Outaouais\" \/>\n<meta property=\"og:description\" content=\"Les Entreprises Mar\u00e9chal et associ\u00e9s | Notre \u00e9quipe a \u00e0 coeur votre satisfaction d\u00e8s le premier rendez-vous jusqu&#039;\u00e0 apr\u00e8s les travaux effectu\u00e9s \u00e0 Gatineau, Outaouais\" \/>\n<meta property=\"og:url\" content=\"https:\/\/www.entreprisesmarechal.com\/fr\/notre-equipe\/\" \/>\n<meta property=\"og:site_name\" content=\"Les Entreprises Mar\u00e9chal et associ\u00e9s\" \/>\n<meta property=\"article:modified_time\" content=\"2025-02-06T14:44:15+00:00\" \/>\n<meta name=\"twitter:card\" content=\"summary_large_image\" \/>\n<meta name=\"twitter:label1\" content=\"Dur\u00e9e de lecture estim\u00e9e\" \/>\n\t<meta name=\"twitter:data1\" content=\"2 minutes\" \/>\n<script type=\"application\/ld+json\" class=\"yoast-schema-graph\">{\"@context\":\"https:\/\/schema.org\",\"@graph\":[{\"@type\":\"WebPage\",\"@id\":\"https:\/\/www.entreprisesmarechal.com\/fr\/notre-equipe\/\",\"url\":\"https:\/\/www.entreprisesmarechal.com\/fr\/notre-equipe\/\",\"name\":\"Les Entreprises Mar\u00e9chal et associ\u00e9s | \u00c0 votre service pour un am\u00e9nagement paysager sur mesure \u00e0 Gatineau, Outaouais\",\"isPartOf\":{\"@id\":\"https:\/\/www.entreprisesmarechal.com\/fr\/#website\"},\"datePublished\":\"2018-03-23T13:03:13+00:00\",\"dateModified\":\"2025-02-06T14:44:15+00:00\",\"description\":\"Les Entreprises Mar\u00e9chal et associ\u00e9s | Notre \u00e9quipe a \u00e0 coeur votre satisfaction d\u00e8s le premier rendez-vous jusqu'\u00e0 apr\u00e8s les travaux effectu\u00e9s \u00e0 Gatineau, Outaouais\",\"breadcrumb\":{\"@id\":\"https:\/\/www.entreprisesmarechal.com\/fr\/notre-equipe\/#breadcrumb\"},\"inLanguage\":\"fr-FR\",\"potentialAction\":[{\"@type\":\"ReadAction\",\"target\":[\"https:\/\/www.entreprisesmarechal.com\/fr\/notre-equipe\/\"]}]},{\"@type\":\"BreadcrumbList\",\"@id\":\"https:\/\/www.entreprisesmarechal.com\/fr\/notre-equipe\/#breadcrumb\",\"itemListElement\":[{\"@type\":\"ListItem\",\"position\":1,\"name\":\"Accueil\",\"item\":\"https:\/\/www.entreprisesmarechal.com\/fr\/\"},{\"@type\":\"ListItem\",\"position\":2,\"name\":\"Notre \u00e9quipe\"}]},{\"@type\":\"WebSite\",\"@id\":\"https:\/\/www.entreprisesmarechal.com\/fr\/#website\",\"url\":\"https:\/\/www.entreprisesmarechal.com\/fr\/\",\"name\":\"Les Entreprises Mar\u00e9chal et associ\u00e9s\",\"description\":\"\",\"potentialAction\":[{\"@type\":\"SearchAction\",\"target\":{\"@type\":\"EntryPoint\",\"urlTemplate\":\"https:\/\/www.entreprisesmarechal.com\/fr\/?s={search_term_string}\"},\"query-input\":\"required name=search_term_string\"}],\"inLanguage\":\"fr-FR\"}]}<\/script>\n<!-- \/ Yoast SEO plugin. -->","yoast_head_json":{"title":"Les Entreprises Mar\u00e9chal et associ\u00e9s | \u00c0 votre service pour un am\u00e9nagement paysager sur mesure \u00e0 Gatineau, Outaouais","description":"Les Entreprises Mar\u00e9chal et associ\u00e9s | Notre \u00e9quipe a \u00e0 coeur votre satisfaction d\u00e8s le premier rendez-vous jusqu'\u00e0 apr\u00e8s les travaux effectu\u00e9s \u00e0 Gatineau, Outaouais","robots":{"index":"index","follow":"follow","max-snippet":"max-snippet:-1","max-image-preview":"max-image-preview:large","max-video-preview":"max-video-preview:-1"},"canonical":"https:\/\/www.entreprisesmarechal.com\/fr\/notre-equipe\/","og_locale":"fr_FR","og_type":"article","og_title":"Les Entreprises Mar\u00e9chal et associ\u00e9s | \u00c0 votre service pour un am\u00e9nagement paysager sur mesure \u00e0 Gatineau, Outaouais","og_description":"Les Entreprises Mar\u00e9chal et associ\u00e9s | Notre \u00e9quipe a \u00e0 coeur votre satisfaction d\u00e8s le premier rendez-vous jusqu'\u00e0 apr\u00e8s les travaux effectu\u00e9s \u00e0 Gatineau, Outaouais","og_url":"https:\/\/www.entreprisesmarechal.com\/fr\/notre-equipe\/","og_site_name":"Les Entreprises Mar\u00e9chal et associ\u00e9s","article_modified_time":"2025-02-06T14:44:15+00:00","twitter_card":"summary_large_image","twitter_misc":{"Dur\u00e9e de lecture estim\u00e9e":"2 minutes"},"schema":{"@context":"https:\/\/schema.org","@graph":[{"@type":"WebPage","@id":"https:\/\/www.entreprisesmarechal.com\/fr\/notre-equipe\/","url":"https:\/\/www.entreprisesmarechal.com\/fr\/notre-equipe\/","name":"Les Entreprises Mar\u00e9chal et associ\u00e9s | \u00c0 votre service pour un am\u00e9nagement paysager sur mesure \u00e0 Gatineau, Outaouais","isPartOf":{"@id":"https:\/\/www.entreprisesmarechal.com\/fr\/#website"},"datePublished":"2018-03-23T13:03:13+00:00","dateModified":"2025-02-06T14:44:15+00:00","description":"Les Entreprises Mar\u00e9chal et associ\u00e9s | Notre \u00e9quipe a \u00e0 coeur votre satisfaction d\u00e8s le premier rendez-vous jusqu'\u00e0 apr\u00e8s les travaux effectu\u00e9s \u00e0 Gatineau, Outaouais","breadcrumb":{"@id":"https:\/\/www.entreprisesmarechal.com\/fr\/notre-equipe\/#breadcrumb"},"inLanguage":"fr-FR","potentialAction":[{"@type":"ReadAction","target":["https:\/\/www.entreprisesmarechal.com\/fr\/notre-equipe\/"]}]},{"@type":"BreadcrumbList","@id":"https:\/\/www.entreprisesmarechal.com\/fr\/notre-equipe\/#breadcrumb","itemListElement":[{"@type":"ListItem","position":1,"name":"Accueil","item":"https:\/\/www.entreprisesmarechal.com\/fr\/"},{"@type":"ListItem","position":2,"name":"Notre \u00e9quipe"}]},{"@type":"WebSite","@id":"https:\/\/www.entreprisesmarechal.com\/fr\/#website","url":"https:\/\/www.entreprisesmarechal.com\/fr\/","name":"Les Entreprises Mar\u00e9chal et associ\u00e9s","description":"","potentialAction":[{"@type":"SearchAction","target":{"@type":"EntryPoint","urlTemplate":"https:\/\/www.entreprisesmarechal.com\/fr\/?s={search_term_string}"},"query-input":"required name=search_term_string"}],"inLanguage":"fr-FR"}]}},"_links":{"self":[{"href":"https:\/\/www.entreprisesmarechal.com\/fr\/wp-json\/wp\/v2\/pages\/7018"}],"collection":[{"href":"https:\/\/www.entreprisesmarechal.com\/fr\/wp-json\/wp\/v2\/pages"}],"about":[{"href":"https:\/\/www.entreprisesmarechal.com\/fr\/wp-json\/wp\/v2\/types\/page"}],"author":[{"embeddable":true,"href":"https:\/\/www.entreprisesmarechal.com\/fr\/wp-json\/wp\/v2\/users\/1"}],"replies":[{"embeddable":true,"href":"https:\/\/www.entreprisesmarechal.com\/fr\/wp-json\/wp\/v2\/comments?post=7018"}],"version-history":[{"count":10,"href":"https:\/\/www.entreprisesmarechal.com\/fr\/wp-json\/wp\/v2\/pages\/7018\/revisions"}],"predecessor-version":[{"id":9598,"href":"https:\/\/www.entreprisesmarechal.com\/fr\/wp-json\/wp\/v2\/pages\/7018\/revisions\/9598"}],"wp:attachment":[{"href":"https:\/\/www.entreprisesmarechal.com\/fr\/wp-json\/wp\/v2\/media?parent=7018"}],"curies":[{"name":"wp","href":"https:\/\/api.w.org\/{rel}","templated":true}]}}