{"id":7021,"date":"2018-03-23T09:05:24","date_gmt":"2018-03-23T13:05:24","guid":{"rendered":"https:\/\/www.entreprisesmarechal.com\/?page_id=7021"},"modified":"2025-02-14T08:56:13","modified_gmt":"2025-02-14T13:56:13","slug":"consultation-et-design","status":"publish","type":"page","link":"https:\/\/www.entreprisesmarechal.com\/fr\/amenagement-paysager-residentiel\/consultation-et-design\/","title":{"rendered":"Consultation et design"},"content":{"rendered":"<div id=\"pl-7021\"  class=\"panel-layout\" ><div id=\"pg-7021-0\"  class=\"panel-grid panel-has-style\" ><div class=\"black-bg siteorigin-panels-stretch panel-row-style panel-row-style-for-7021-0\" data-stretch-type=\"full\" ><div id=\"pgc-7021-0-0\"  class=\"panel-grid-cell\" ><div id=\"panel-7021-0-0-0\" class=\"so-panel widget widget_siteorigin-panels-builder panel-first-child panel-last-child\" data-index=\"0\" ><div class=\"white-bg panel-widget-style panel-widget-style-for-7021-0-0-0\" ><div id=\"pl-w5ac3924c78822\"  class=\"panel-layout\" ><div id=\"pg-w5ac3924c78822-0\"  class=\"panel-grid panel-has-style\" ><div class=\"white-bg panel-row-style panel-row-style-for-w5ac3924c78822-0\" ><div id=\"pgc-w5ac3924c78822-0-0\"  class=\"panel-grid-cell\" ><div id=\"panel-w5ac3924c78822-0-0-0\" class=\"so-panel widget widget_black-studio-tinymce widget_black_studio_tinymce panel-first-child panel-last-child\" data-index=\"0\" ><div class=\"textwidget\"><div class=\"addthis_inline_share_toolbox\"><\/div>\n<h2>Consultation et design<\/h2>\n<p>Lorsque vous contactez notre entreprise, vous recevez un service personnalis\u00e9 livr\u00e9 par une \u00e9quipe de confiance qui respecte les budgets et les \u00e9ch\u00e9anciers \u00e9tablis, et ce, de la planification \u00e0 l\u2019ex\u00e9cution et la finition. Chaque projet est unique et adapt\u00e9 selon vos attentes et votre r\u00e9sidence. Nous nous engageons \u00e0 ex\u00e9cuter votre vision du projet \u00e0 la perfection, tout en vous proposant des am\u00e9liorations gr\u00e2ce \u00e0 notre grande expertise. Nous employons deux designers, disponibles en tout temps. En plus, nous travaillons avec plusieurs architectes paysagistes et designers ext\u00e9rieurs afin que le concept propos\u00e9 soit v\u00e9ritablement \u00e0 votre image. Lorsque n\u00e9cessaire, nous travaillons avec d\u2019autres sp\u00e9cialistes, tels que des ing\u00e9nieurs.<\/p>\n<a href='https:\/\/www.entreprisesmarechal.com\/fr\/soumission-en-ligne\/?service=7021' class='btn btn-primary'>Obtenez une soumission ><\/a><\/div><\/div><\/div><div id=\"pgc-w5ac3924c78822-0-1\"  class=\"panel-grid-cell\" ><div id=\"panel-w5ac3924c78822-0-1-0\" class=\"so-panel widget widget_black-studio-tinymce widget_black_studio_tinymce panel-first-child panel-last-child\" data-index=\"1\" ><div class=\"black-border panel-widget-style panel-widget-style-for-w5ac3924c78822-0-1-0\" ><div class=\"textwidget\"><img loading=\"lazy\" decoding=\"async\" width=\"848\" height=\"480\" src=\"https:\/\/www.entreprisesmarechal.com\/wp-content\/uploads\/2025\/02\/20220824_113131-848x480.jpg\" class=\"attachment-post-thumbnail size-post-thumbnail wp-post-image\" alt=\"\" srcset=\"https:\/\/www.entreprisesmarechal.com\/wp-content\/uploads\/2025\/02\/20220824_113131-848x480.jpg 848w, https:\/\/www.entreprisesmarechal.com\/wp-content\/uploads\/2025\/02\/20220824_113131-360x203.jpg 360w\" sizes=\"(max-width: 848px) 100vw, 848px\" \/><\/div><\/div><\/div><\/div><\/div><\/div><\/div><\/div><\/div><\/div><\/div><\/div><\/div>","protected":false},"excerpt":{"rendered":"<p>Consultation et design Lorsque vous contactez notre entreprise, vous recevez un service personnalis\u00e9 livr\u00e9 par une \u00e9quipe de confiance qui respecte les budgets et les \u00e9ch\u00e9anciers \u00e9tablis, et ce, de la planification \u00e0 l\u2019ex\u00e9cution et la finition. Chaque projet est unique et adapt\u00e9 selon vos attentes et votre r\u00e9sidence. Nous nous engageons \u00e0 ex\u00e9cuter votre [&hellip;]<\/p>\n","protected":false},"author":1,"featured_media":10106,"parent":6827,"menu_order":3,"comment_status":"closed","ping_status":"closed","template":"","meta":{"footnotes":""},"acf":[],"yoast_head":"<!-- This site is optimized with the Yoast SEO plugin v21.5 - https:\/\/yoast.com\/wordpress\/plugins\/seo\/ -->\n<title>Les Entreprises Mar\u00e9chal et associ\u00e9s | Consultation d&#039;am\u00e9nagement paysager et design sur mesure \u00e0 Gatineau, Outaouais<\/title>\n<meta name=\"description\" content=\"Les Entreprises Mar\u00e9chal et associ\u00e9s | Nous r\u00e9alisons vos projets d&#039;am\u00e9nagement sur mesure en vous offrant un service de consultation et de design dans la grande r\u00e9gion de l&#039;Outaouais et \u00e0 Gatineau\" \/>\n<meta name=\"robots\" content=\"index, follow, max-snippet:-1, max-image-preview:large, max-video-preview:-1\" \/>\n<link rel=\"canonical\" href=\"https:\/\/www.entreprisesmarechal.com\/fr\/amenagement-paysager-residentiel\/consultation-et-design\/\" \/>\n<meta property=\"og:locale\" content=\"fr_FR\" \/>\n<meta property=\"og:type\" content=\"article\" \/>\n<meta property=\"og:title\" content=\"Les Entreprises Mar\u00e9chal et associ\u00e9s | Consultation d&#039;am\u00e9nagement paysager et design sur mesure \u00e0 Gatineau, Outaouais\" \/>\n<meta property=\"og:description\" content=\"Les Entreprises Mar\u00e9chal et associ\u00e9s | Nous r\u00e9alisons vos projets d&#039;am\u00e9nagement sur mesure en vous offrant un service de consultation et de design dans la grande r\u00e9gion de l&#039;Outaouais et \u00e0 Gatineau\" \/>\n<meta property=\"og:url\" content=\"https:\/\/www.entreprisesmarechal.com\/fr\/amenagement-paysager-residentiel\/consultation-et-design\/\" \/>\n<meta property=\"og:site_name\" content=\"Les Entreprises Mar\u00e9chal et associ\u00e9s\" \/>\n<meta property=\"article:modified_time\" content=\"2025-02-14T13:56:13+00:00\" \/>\n<meta property=\"og:image\" content=\"https:\/\/www.entreprisesmarechal.com\/wp-content\/uploads\/2025\/02\/20220824_113131-scaled.jpg\" \/>\n\t<meta property=\"og:image:width\" content=\"2560\" \/>\n\t<meta property=\"og:image:height\" content=\"1920\" \/>\n\t<meta property=\"og:image:type\" content=\"image\/jpeg\" \/>\n<meta name=\"twitter:card\" content=\"summary_large_image\" \/>\n<meta name=\"twitter:label1\" content=\"Dur\u00e9e de lecture estim\u00e9e\" \/>\n\t<meta name=\"twitter:data1\" content=\"1 minute\" \/>\n<script type=\"application\/ld+json\" class=\"yoast-schema-graph\">{\"@context\":\"https:\/\/schema.org\",\"@graph\":[{\"@type\":\"WebPage\",\"@id\":\"https:\/\/www.entreprisesmarechal.com\/fr\/amenagement-paysager-residentiel\/consultation-et-design\/\",\"url\":\"https:\/\/www.entreprisesmarechal.com\/fr\/amenagement-paysager-residentiel\/consultation-et-design\/\",\"name\":\"Les Entreprises Mar\u00e9chal et associ\u00e9s | Consultation d'am\u00e9nagement paysager et design sur mesure \u00e0 Gatineau, Outaouais\",\"isPartOf\":{\"@id\":\"https:\/\/www.entreprisesmarechal.com\/fr\/#website\"},\"datePublished\":\"2018-03-23T13:05:24+00:00\",\"dateModified\":\"2025-02-14T13:56:13+00:00\",\"description\":\"Les Entreprises Mar\u00e9chal et associ\u00e9s | Nous r\u00e9alisons vos projets d'am\u00e9nagement sur mesure en vous offrant un service de consultation et de design dans la grande r\u00e9gion de l'Outaouais et \u00e0 Gatineau\",\"breadcrumb\":{\"@id\":\"https:\/\/www.entreprisesmarechal.com\/fr\/amenagement-paysager-residentiel\/consultation-et-design\/#breadcrumb\"},\"inLanguage\":\"fr-FR\",\"potentialAction\":[{\"@type\":\"ReadAction\",\"target\":[\"https:\/\/www.entreprisesmarechal.com\/fr\/amenagement-paysager-residentiel\/consultation-et-design\/\"]}]},{\"@type\":\"BreadcrumbList\",\"@id\":\"https:\/\/www.entreprisesmarechal.com\/fr\/amenagement-paysager-residentiel\/consultation-et-design\/#breadcrumb\",\"itemListElement\":[{\"@type\":\"ListItem\",\"position\":1,\"name\":\"Accueil\",\"item\":\"https:\/\/www.entreprisesmarechal.com\/fr\/\"},{\"@type\":\"ListItem\",\"position\":2,\"name\":\"Am\u00e9nagement paysager r\u00e9sidentiel\",\"item\":\"https:\/\/www.entreprisesmarechal.com\/fr\/amenagement-paysager-residentiel\/\"},{\"@type\":\"ListItem\",\"position\":3,\"name\":\"Consultation et design\"}]},{\"@type\":\"WebSite\",\"@id\":\"https:\/\/www.entreprisesmarechal.com\/fr\/#website\",\"url\":\"https:\/\/www.entreprisesmarechal.com\/fr\/\",\"name\":\"Les Entreprises Mar\u00e9chal et associ\u00e9s\",\"description\":\"\",\"potentialAction\":[{\"@type\":\"SearchAction\",\"target\":{\"@type\":\"EntryPoint\",\"urlTemplate\":\"https:\/\/www.entreprisesmarechal.com\/fr\/?s={search_term_string}\"},\"query-input\":\"required name=search_term_string\"}],\"inLanguage\":\"fr-FR\"}]}<\/script>\n<!-- \/ Yoast SEO plugin. -->","yoast_head_json":{"title":"Les Entreprises Mar\u00e9chal et associ\u00e9s | Consultation d'am\u00e9nagement paysager et design sur mesure \u00e0 Gatineau, Outaouais","description":"Les Entreprises Mar\u00e9chal et associ\u00e9s | Nous r\u00e9alisons vos projets d'am\u00e9nagement sur mesure en vous offrant un service de consultation et de design dans la grande r\u00e9gion de l'Outaouais et \u00e0 Gatineau","robots":{"index":"index","follow":"follow","max-snippet":"max-snippet:-1","max-image-preview":"max-image-preview:large","max-video-preview":"max-video-preview:-1"},"canonical":"https:\/\/www.entreprisesmarechal.com\/fr\/amenagement-paysager-residentiel\/consultation-et-design\/","og_locale":"fr_FR","og_type":"article","og_title":"Les Entreprises Mar\u00e9chal et associ\u00e9s | Consultation d'am\u00e9nagement paysager et design sur mesure \u00e0 Gatineau, Outaouais","og_description":"Les Entreprises Mar\u00e9chal et associ\u00e9s | Nous r\u00e9alisons vos projets d'am\u00e9nagement sur mesure en vous offrant un service de consultation et de design dans la grande r\u00e9gion de l'Outaouais et \u00e0 Gatineau","og_url":"https:\/\/www.entreprisesmarechal.com\/fr\/amenagement-paysager-residentiel\/consultation-et-design\/","og_site_name":"Les Entreprises Mar\u00e9chal et associ\u00e9s","article_modified_time":"2025-02-14T13:56:13+00:00","og_image":[{"width":2560,"height":1920,"url":"https:\/\/www.entreprisesmarechal.com\/wp-content\/uploads\/2025\/02\/20220824_113131-scaled.jpg","type":"image\/jpeg"}],"twitter_card":"summary_large_image","twitter_misc":{"Dur\u00e9e de lecture estim\u00e9e":"1 minute"},"schema":{"@context":"https:\/\/schema.org","@graph":[{"@type":"WebPage","@id":"https:\/\/www.entreprisesmarechal.com\/fr\/amenagement-paysager-residentiel\/consultation-et-design\/","url":"https:\/\/www.entreprisesmarechal.com\/fr\/amenagement-paysager-residentiel\/consultation-et-design\/","name":"Les Entreprises Mar\u00e9chal et associ\u00e9s | Consultation d'am\u00e9nagement paysager et design sur mesure \u00e0 Gatineau, Outaouais","isPartOf":{"@id":"https:\/\/www.entreprisesmarechal.com\/fr\/#website"},"datePublished":"2018-03-23T13:05:24+00:00","dateModified":"2025-02-14T13:56:13+00:00","description":"Les Entreprises Mar\u00e9chal et associ\u00e9s | Nous r\u00e9alisons vos projets d'am\u00e9nagement sur mesure en vous offrant un service de consultation et de design dans la grande r\u00e9gion de l'Outaouais et \u00e0 Gatineau","breadcrumb":{"@id":"https:\/\/www.entreprisesmarechal.com\/fr\/amenagement-paysager-residentiel\/consultation-et-design\/#breadcrumb"},"inLanguage":"fr-FR","potentialAction":[{"@type":"ReadAction","target":["https:\/\/www.entreprisesmarechal.com\/fr\/amenagement-paysager-residentiel\/consultation-et-design\/"]}]},{"@type":"BreadcrumbList","@id":"https:\/\/www.entreprisesmarechal.com\/fr\/amenagement-paysager-residentiel\/consultation-et-design\/#breadcrumb","itemListElement":[{"@type":"ListItem","position":1,"name":"Accueil","item":"https:\/\/www.entreprisesmarechal.com\/fr\/"},{"@type":"ListItem","position":2,"name":"Am\u00e9nagement paysager r\u00e9sidentiel","item":"https:\/\/www.entreprisesmarechal.com\/fr\/amenagement-paysager-residentiel\/"},{"@type":"ListItem","position":3,"name":"Consultation et design"}]},{"@type":"WebSite","@id":"https:\/\/www.entreprisesmarechal.com\/fr\/#website","url":"https:\/\/www.entreprisesmarechal.com\/fr\/","name":"Les Entreprises Mar\u00e9chal et associ\u00e9s","description":"","potentialAction":[{"@type":"SearchAction","target":{"@type":"EntryPoint","urlTemplate":"https:\/\/www.entreprisesmarechal.com\/fr\/?s={search_term_string}"},"query-input":"required name=search_term_string"}],"inLanguage":"fr-FR"}]}},"_links":{"self":[{"href":"https:\/\/www.entreprisesmarechal.com\/fr\/wp-json\/wp\/v2\/pages\/7021"}],"collection":[{"href":"https:\/\/www.entreprisesmarechal.com\/fr\/wp-json\/wp\/v2\/pages"}],"about":[{"href":"https:\/\/www.entreprisesmarechal.com\/fr\/wp-json\/wp\/v2\/types\/page"}],"author":[{"embeddable":true,"href":"https:\/\/www.entreprisesmarechal.com\/fr\/wp-json\/wp\/v2\/users\/1"}],"replies":[{"embeddable":true,"href":"https:\/\/www.entreprisesmarechal.com\/fr\/wp-json\/wp\/v2\/comments?post=7021"}],"version-history":[{"count":4,"href":"https:\/\/www.entreprisesmarechal.com\/fr\/wp-json\/wp\/v2\/pages\/7021\/revisions"}],"predecessor-version":[{"id":10108,"href":"https:\/\/www.entreprisesmarechal.com\/fr\/wp-json\/wp\/v2\/pages\/7021\/revisions\/10108"}],"up":[{"embeddable":true,"href":"https:\/\/www.entreprisesmarechal.com\/fr\/wp-json\/wp\/v2\/pages\/6827"}],"wp:featuredmedia":[{"embeddable":true,"href":"https:\/\/www.entreprisesmarechal.com\/fr\/wp-json\/wp\/v2\/media\/10106"}],"wp:attachment":[{"href":"https:\/\/www.entreprisesmarechal.com\/fr\/wp-json\/wp\/v2\/media?parent=7021"}],"curies":[{"name":"wp","href":"https:\/\/api.w.org\/{rel}","templated":true}]}}