{"id":7024,"date":"2018-03-23T09:10:05","date_gmt":"2018-03-23T13:10:05","guid":{"rendered":"https:\/\/www.entreprisesmarechal.com\/?page_id=7024"},"modified":"2024-02-02T08:43:45","modified_gmt":"2024-02-02T13:43:45","slug":"pierre-et-pave-uni","status":"publish","type":"page","link":"https:\/\/www.entreprisesmarechal.com\/fr\/amenagement-paysager-residentiel\/pierre-et-pave-uni\/","title":{"rendered":"Pierre et pav\u00e9-uni"},"content":{"rendered":"<div id=\"pl-7024\"  class=\"panel-layout\" ><div id=\"pg-7024-0\"  class=\"panel-grid panel-has-style\" ><div class=\"black-bg siteorigin-panels-stretch panel-row-style panel-row-style-for-7024-0\" data-stretch-type=\"full\" ><div id=\"pgc-7024-0-0\"  class=\"panel-grid-cell\" ><div id=\"panel-7024-0-0-0\" class=\"so-panel widget widget_siteorigin-panels-builder panel-first-child panel-last-child\" data-index=\"0\" ><div class=\"white-bg panel-widget-style panel-widget-style-for-7024-0-0-0\" ><div id=\"pl-w5ac3937ec7397\"  class=\"panel-layout\" ><div id=\"pg-w5ac3937ec7397-0\"  class=\"panel-grid panel-has-style\" ><div class=\"white-bg panel-row-style panel-row-style-for-w5ac3937ec7397-0\" ><div id=\"pgc-w5ac3937ec7397-0-0\"  class=\"panel-grid-cell\" ><div id=\"panel-w5ac3937ec7397-0-0-0\" class=\"so-panel widget widget_black-studio-tinymce widget_black_studio_tinymce panel-first-child panel-last-child\" data-index=\"0\" ><div class=\"textwidget\"><div class=\"addthis_inline_share_toolbox\"><\/div>\n<h2>Pierre et pav\u00e9-uni<\/h2>\n<p>L\u2019\u00e9l\u00e9ment principal de plusieurs am\u00e9nagements paysagers est le pav\u00e9-uni et la pierre naturelle. C\u2019est le trottoir qui guidera votre famille vers l\u2019entr\u00e9e ou votre cour arri\u00e8re. C\u2019est le patio sur lequel vous vous installerez confortablement pour un barbecue et pour observer votre magnifique jardin. Nos installateurs sont sp\u00e9cialis\u00e9s. L\u2019installation de pav\u00e9-uni et de pierres de tout genre est leur unique activit\u00e9. Nos pav\u00e9s-unis sont durables et pos\u00e9s selon les r\u00e8gles de l\u2019art. Le travail est accompli \u00e0 temps pour vos \u00e9v\u00e9nements de l\u2019\u00e9t\u00e9. Qu\u2019il s\u2019agisse de murets, de marches, de murs de sout\u00e8nement, patios, trottoirs, foyer ou cuisine ext\u00e9rieure, nos installateurs sont \u00e0 la hauteur de tous vos projets.<\/p>\n<a href='https:\/\/www.entreprisesmarechal.com\/fr\/soumission-en-ligne\/?service=7024' class='btn btn-primary'>Obtenez une soumission ><\/a><\/div><\/div><\/div><div id=\"pgc-w5ac3937ec7397-0-1\"  class=\"panel-grid-cell\" ><div id=\"panel-w5ac3937ec7397-0-1-0\" class=\"so-panel widget widget_black-studio-tinymce widget_black_studio_tinymce panel-first-child panel-last-child\" data-index=\"1\" ><div class=\"black-border panel-widget-style panel-widget-style-for-w5ac3937ec7397-0-1-0\" ><div class=\"textwidget\"><p><img loading=\"lazy\" decoding=\"async\" width=\"800\" height=\"480\" src=\"https:\/\/www.entreprisesmarechal.com\/wp-content\/uploads\/2024\/02\/photo_de_pav\u00e9_uni-800x480.jpg\" class=\"attachment-post-thumbnail size-post-thumbnail wp-post-image\" alt=\"\" \/><\/p>\n<\/div><\/div><\/div><\/div><\/div><\/div><\/div><\/div><\/div><\/div><\/div><\/div><\/div>","protected":false},"excerpt":{"rendered":"<p>Pierre et pav\u00e9-uni L\u2019\u00e9l\u00e9ment principal de plusieurs am\u00e9nagements paysagers est le pav\u00e9-uni et la pierre naturelle. C\u2019est le trottoir qui guidera votre famille vers l\u2019entr\u00e9e ou votre cour arri\u00e8re. C\u2019est le patio sur lequel vous vous installerez confortablement pour un barbecue et pour observer votre magnifique jardin. Nos installateurs sont sp\u00e9cialis\u00e9s. L\u2019installation de pav\u00e9-uni et [&hellip;]<\/p>\n","protected":false},"author":1,"featured_media":9049,"parent":6827,"menu_order":1,"comment_status":"closed","ping_status":"closed","template":"","meta":{"footnotes":""},"acf":[],"yoast_head":"<!-- This site is optimized with the Yoast SEO plugin v21.5 - https:\/\/yoast.com\/wordpress\/plugins\/seo\/ -->\n<title>Les Entreprises Mar\u00e9chal et associ\u00e9s | Installation de pierre et de pav\u00e9-uni \u00e0 Gatineau, Outaouais<\/title>\n<meta name=\"description\" content=\"Les Entreprises Mar\u00e9chal et associ\u00e9s | Nos professionnels exp\u00e9riment\u00e9s vous \u00e9pateront avec des r\u00e9alisations de murets, d&#039;entr\u00e9e, de stationnement, etc. en pierre et en pav\u00e9 uni sur mesure \u00e0 Gatineau, en Outaouais.\" \/>\n<meta name=\"robots\" content=\"index, follow, max-snippet:-1, max-image-preview:large, max-video-preview:-1\" \/>\n<link rel=\"canonical\" href=\"https:\/\/www.entreprisesmarechal.com\/fr\/amenagement-paysager-residentiel\/pierre-et-pave-uni\/\" \/>\n<meta property=\"og:locale\" content=\"fr_FR\" \/>\n<meta property=\"og:type\" content=\"article\" \/>\n<meta property=\"og:title\" content=\"Les Entreprises Mar\u00e9chal et associ\u00e9s | Installation de pierre et de pav\u00e9-uni \u00e0 Gatineau, Outaouais\" \/>\n<meta property=\"og:description\" content=\"Les Entreprises Mar\u00e9chal et associ\u00e9s | Nos professionnels exp\u00e9riment\u00e9s vous \u00e9pateront avec des r\u00e9alisations de murets, d&#039;entr\u00e9e, de stationnement, etc. en pierre et en pav\u00e9 uni sur mesure \u00e0 Gatineau, en Outaouais.\" \/>\n<meta property=\"og:url\" content=\"https:\/\/www.entreprisesmarechal.com\/fr\/amenagement-paysager-residentiel\/pierre-et-pave-uni\/\" \/>\n<meta property=\"og:site_name\" content=\"Les Entreprises Mar\u00e9chal et associ\u00e9s\" \/>\n<meta property=\"article:modified_time\" content=\"2024-02-02T13:43:45+00:00\" \/>\n<meta property=\"og:image\" content=\"https:\/\/www.entreprisesmarechal.com\/wp-content\/uploads\/2024\/02\/photo_de_pav\u00e9_uni.jpg\" \/>\n\t<meta property=\"og:image:width\" content=\"800\" \/>\n\t<meta property=\"og:image:height\" content=\"800\" \/>\n\t<meta property=\"og:image:type\" content=\"image\/jpeg\" \/>\n<meta name=\"twitter:card\" content=\"summary_large_image\" \/>\n<meta name=\"twitter:label1\" content=\"Dur\u00e9e de lecture estim\u00e9e\" \/>\n\t<meta name=\"twitter:data1\" content=\"1 minute\" \/>\n<script type=\"application\/ld+json\" class=\"yoast-schema-graph\">{\"@context\":\"https:\/\/schema.org\",\"@graph\":[{\"@type\":\"WebPage\",\"@id\":\"https:\/\/www.entreprisesmarechal.com\/fr\/amenagement-paysager-residentiel\/pierre-et-pave-uni\/\",\"url\":\"https:\/\/www.entreprisesmarechal.com\/fr\/amenagement-paysager-residentiel\/pierre-et-pave-uni\/\",\"name\":\"Les Entreprises Mar\u00e9chal et associ\u00e9s | Installation de pierre et de pav\u00e9-uni \u00e0 Gatineau, Outaouais\",\"isPartOf\":{\"@id\":\"https:\/\/www.entreprisesmarechal.com\/fr\/#website\"},\"datePublished\":\"2018-03-23T13:10:05+00:00\",\"dateModified\":\"2024-02-02T13:43:45+00:00\",\"description\":\"Les Entreprises Mar\u00e9chal et associ\u00e9s | Nos professionnels exp\u00e9riment\u00e9s vous \u00e9pateront avec des r\u00e9alisations de murets, d'entr\u00e9e, de stationnement, etc. en pierre et en pav\u00e9 uni sur mesure \u00e0 Gatineau, en Outaouais.\",\"breadcrumb\":{\"@id\":\"https:\/\/www.entreprisesmarechal.com\/fr\/amenagement-paysager-residentiel\/pierre-et-pave-uni\/#breadcrumb\"},\"inLanguage\":\"fr-FR\",\"potentialAction\":[{\"@type\":\"ReadAction\",\"target\":[\"https:\/\/www.entreprisesmarechal.com\/fr\/amenagement-paysager-residentiel\/pierre-et-pave-uni\/\"]}]},{\"@type\":\"BreadcrumbList\",\"@id\":\"https:\/\/www.entreprisesmarechal.com\/fr\/amenagement-paysager-residentiel\/pierre-et-pave-uni\/#breadcrumb\",\"itemListElement\":[{\"@type\":\"ListItem\",\"position\":1,\"name\":\"Accueil\",\"item\":\"https:\/\/www.entreprisesmarechal.com\/fr\/\"},{\"@type\":\"ListItem\",\"position\":2,\"name\":\"Am\u00e9nagement paysager r\u00e9sidentiel\",\"item\":\"https:\/\/www.entreprisesmarechal.com\/fr\/amenagement-paysager-residentiel\/\"},{\"@type\":\"ListItem\",\"position\":3,\"name\":\"Pierre et pav\u00e9-uni\"}]},{\"@type\":\"WebSite\",\"@id\":\"https:\/\/www.entreprisesmarechal.com\/fr\/#website\",\"url\":\"https:\/\/www.entreprisesmarechal.com\/fr\/\",\"name\":\"Les Entreprises Mar\u00e9chal et associ\u00e9s\",\"description\":\"\",\"potentialAction\":[{\"@type\":\"SearchAction\",\"target\":{\"@type\":\"EntryPoint\",\"urlTemplate\":\"https:\/\/www.entreprisesmarechal.com\/fr\/?s={search_term_string}\"},\"query-input\":\"required name=search_term_string\"}],\"inLanguage\":\"fr-FR\"}]}<\/script>\n<!-- \/ Yoast SEO plugin. -->","yoast_head_json":{"title":"Les Entreprises Mar\u00e9chal et associ\u00e9s | Installation de pierre et de pav\u00e9-uni \u00e0 Gatineau, Outaouais","description":"Les Entreprises Mar\u00e9chal et associ\u00e9s | Nos professionnels exp\u00e9riment\u00e9s vous \u00e9pateront avec des r\u00e9alisations de murets, d'entr\u00e9e, de stationnement, etc. en pierre et en pav\u00e9 uni sur mesure \u00e0 Gatineau, en Outaouais.","robots":{"index":"index","follow":"follow","max-snippet":"max-snippet:-1","max-image-preview":"max-image-preview:large","max-video-preview":"max-video-preview:-1"},"canonical":"https:\/\/www.entreprisesmarechal.com\/fr\/amenagement-paysager-residentiel\/pierre-et-pave-uni\/","og_locale":"fr_FR","og_type":"article","og_title":"Les Entreprises Mar\u00e9chal et associ\u00e9s | Installation de pierre et de pav\u00e9-uni \u00e0 Gatineau, Outaouais","og_description":"Les Entreprises Mar\u00e9chal et associ\u00e9s | Nos professionnels exp\u00e9riment\u00e9s vous \u00e9pateront avec des r\u00e9alisations de murets, d'entr\u00e9e, de stationnement, etc. en pierre et en pav\u00e9 uni sur mesure \u00e0 Gatineau, en Outaouais.","og_url":"https:\/\/www.entreprisesmarechal.com\/fr\/amenagement-paysager-residentiel\/pierre-et-pave-uni\/","og_site_name":"Les Entreprises Mar\u00e9chal et associ\u00e9s","article_modified_time":"2024-02-02T13:43:45+00:00","og_image":[{"width":800,"height":800,"url":"https:\/\/www.entreprisesmarechal.com\/wp-content\/uploads\/2024\/02\/photo_de_pav\u00e9_uni.jpg","type":"image\/jpeg"}],"twitter_card":"summary_large_image","twitter_misc":{"Dur\u00e9e de lecture estim\u00e9e":"1 minute"},"schema":{"@context":"https:\/\/schema.org","@graph":[{"@type":"WebPage","@id":"https:\/\/www.entreprisesmarechal.com\/fr\/amenagement-paysager-residentiel\/pierre-et-pave-uni\/","url":"https:\/\/www.entreprisesmarechal.com\/fr\/amenagement-paysager-residentiel\/pierre-et-pave-uni\/","name":"Les Entreprises Mar\u00e9chal et associ\u00e9s | Installation de pierre et de pav\u00e9-uni \u00e0 Gatineau, Outaouais","isPartOf":{"@id":"https:\/\/www.entreprisesmarechal.com\/fr\/#website"},"datePublished":"2018-03-23T13:10:05+00:00","dateModified":"2024-02-02T13:43:45+00:00","description":"Les Entreprises Mar\u00e9chal et associ\u00e9s | Nos professionnels exp\u00e9riment\u00e9s vous \u00e9pateront avec des r\u00e9alisations de murets, d'entr\u00e9e, de stationnement, etc. en pierre et en pav\u00e9 uni sur mesure \u00e0 Gatineau, en Outaouais.","breadcrumb":{"@id":"https:\/\/www.entreprisesmarechal.com\/fr\/amenagement-paysager-residentiel\/pierre-et-pave-uni\/#breadcrumb"},"inLanguage":"fr-FR","potentialAction":[{"@type":"ReadAction","target":["https:\/\/www.entreprisesmarechal.com\/fr\/amenagement-paysager-residentiel\/pierre-et-pave-uni\/"]}]},{"@type":"BreadcrumbList","@id":"https:\/\/www.entreprisesmarechal.com\/fr\/amenagement-paysager-residentiel\/pierre-et-pave-uni\/#breadcrumb","itemListElement":[{"@type":"ListItem","position":1,"name":"Accueil","item":"https:\/\/www.entreprisesmarechal.com\/fr\/"},{"@type":"ListItem","position":2,"name":"Am\u00e9nagement paysager r\u00e9sidentiel","item":"https:\/\/www.entreprisesmarechal.com\/fr\/amenagement-paysager-residentiel\/"},{"@type":"ListItem","position":3,"name":"Pierre et pav\u00e9-uni"}]},{"@type":"WebSite","@id":"https:\/\/www.entreprisesmarechal.com\/fr\/#website","url":"https:\/\/www.entreprisesmarechal.com\/fr\/","name":"Les Entreprises Mar\u00e9chal et associ\u00e9s","description":"","potentialAction":[{"@type":"SearchAction","target":{"@type":"EntryPoint","urlTemplate":"https:\/\/www.entreprisesmarechal.com\/fr\/?s={search_term_string}"},"query-input":"required name=search_term_string"}],"inLanguage":"fr-FR"}]}},"_links":{"self":[{"href":"https:\/\/www.entreprisesmarechal.com\/fr\/wp-json\/wp\/v2\/pages\/7024"}],"collection":[{"href":"https:\/\/www.entreprisesmarechal.com\/fr\/wp-json\/wp\/v2\/pages"}],"about":[{"href":"https:\/\/www.entreprisesmarechal.com\/fr\/wp-json\/wp\/v2\/types\/page"}],"author":[{"embeddable":true,"href":"https:\/\/www.entreprisesmarechal.com\/fr\/wp-json\/wp\/v2\/users\/1"}],"replies":[{"embeddable":true,"href":"https:\/\/www.entreprisesmarechal.com\/fr\/wp-json\/wp\/v2\/comments?post=7024"}],"version-history":[{"count":3,"href":"https:\/\/www.entreprisesmarechal.com\/fr\/wp-json\/wp\/v2\/pages\/7024\/revisions"}],"predecessor-version":[{"id":9051,"href":"https:\/\/www.entreprisesmarechal.com\/fr\/wp-json\/wp\/v2\/pages\/7024\/revisions\/9051"}],"up":[{"embeddable":true,"href":"https:\/\/www.entreprisesmarechal.com\/fr\/wp-json\/wp\/v2\/pages\/6827"}],"wp:featuredmedia":[{"embeddable":true,"href":"https:\/\/www.entreprisesmarechal.com\/fr\/wp-json\/wp\/v2\/media\/9049"}],"wp:attachment":[{"href":"https:\/\/www.entreprisesmarechal.com\/fr\/wp-json\/wp\/v2\/media?parent=7024"}],"curies":[{"name":"wp","href":"https:\/\/api.w.org\/{rel}","templated":true}]}}