{"id":7030,"date":"2018-03-23T09:15:00","date_gmt":"2018-03-23T13:15:00","guid":{"rendered":"https:\/\/www.entreprisesmarechal.com\/?page_id=7030"},"modified":"2018-06-29T10:14:20","modified_gmt":"2018-06-29T14:14:20","slug":"nivellement-de-terrain-et-excavation","status":"publish","type":"page","link":"https:\/\/www.entreprisesmarechal.com\/fr\/amenagement-paysager-residentiel\/nivellement-de-terrain-et-excavation\/","title":{"rendered":"Nivellement de terrain et excavation"},"content":{"rendered":"<div id=\"pl-7030\"  class=\"panel-layout\" ><div id=\"pg-7030-0\"  class=\"panel-grid panel-has-style\" ><div class=\"black-bg siteorigin-panels-stretch panel-row-style panel-row-style-for-7030-0\" data-stretch-type=\"full\" ><div id=\"pgc-7030-0-0\"  class=\"panel-grid-cell\" ><div id=\"panel-7030-0-0-0\" class=\"so-panel widget widget_siteorigin-panels-builder panel-first-child panel-last-child\" data-index=\"0\" ><div class=\"white-bg panel-widget-style panel-widget-style-for-7030-0-0-0\" ><div id=\"pl-w5ac3929fd1062\"  class=\"panel-layout\" ><div id=\"pg-w5ac3929fd1062-0\"  class=\"panel-grid panel-has-style\" ><div class=\"white-bg panel-row-style panel-row-style-for-w5ac3929fd1062-0\" ><div id=\"pgc-w5ac3929fd1062-0-0\"  class=\"panel-grid-cell\" ><div id=\"panel-w5ac3929fd1062-0-0-0\" class=\"so-panel widget widget_black-studio-tinymce widget_black_studio_tinymce panel-first-child panel-last-child\" data-index=\"0\" ><div class=\"textwidget\"><div class=\"addthis_inline_share_toolbox\"><\/div>\n<h2>Nivellement de terrain et excavation<\/h2>\n<p>Une \u00e9tape cruciale de tout am\u00e9nagement paysager consiste en l\u2019excavation et le nivellement du terrain, qu\u2019il s\u2019agisse de creuser pour une piscine, un patio, un stationnement, un grand jardin ou des marches pour votre entr\u00e9e. Notre entreprise poss\u00e8de plusieurs machines de diff\u00e9rentes grosseurs pour tous les types de projets. Nos op\u00e9rateurs de machinerie ont plusieurs ann\u00e9es d\u2019exp\u00e9rience et r\u00e9aliseront la t\u00e2che avec minutie et proprement, tout en respectant l\u2019\u00e9ch\u00e9ancier pr\u00e9vu.<\/p>\n<a href='https:\/\/www.entreprisesmarechal.com\/fr\/soumission-en-ligne\/?service=7030' class='btn btn-primary'>Obtenez une soumission ><\/a><\/div><\/div><\/div><div id=\"pgc-w5ac3929fd1062-0-1\"  class=\"panel-grid-cell\" ><div id=\"panel-w5ac3929fd1062-0-1-0\" class=\"so-panel widget widget_black-studio-tinymce widget_black_studio_tinymce panel-first-child panel-last-child\" data-index=\"1\" ><div class=\"black-border panel-widget-style panel-widget-style-for-w5ac3929fd1062-0-1-0\" ><div class=\"textwidget\"><img loading=\"lazy\" decoding=\"async\" width=\"720\" height=\"480\" src=\"https:\/\/www.entreprisesmarechal.com\/wp-content\/uploads\/2018\/04\/featured-excavation-720x480.jpg\" class=\"attachment-post-thumbnail size-post-thumbnail wp-post-image\" alt=\"\" srcset=\"https:\/\/www.entreprisesmarechal.com\/wp-content\/uploads\/2018\/04\/featured-excavation-720x479.jpg 720w, https:\/\/www.entreprisesmarechal.com\/wp-content\/uploads\/2018\/04\/featured-excavation-360x240.jpg 360w\" sizes=\"(max-width: 720px) 100vw, 720px\" \/><\/div><\/div><\/div><\/div><\/div><\/div><\/div><\/div><\/div><\/div><\/div><\/div><\/div>","protected":false},"excerpt":{"rendered":"<p>Nivellement de terrain et excavation Une \u00e9tape cruciale de tout am\u00e9nagement paysager consiste en l\u2019excavation et le nivellement du terrain, qu\u2019il s\u2019agisse de creuser pour une piscine, un patio, un stationnement, un grand jardin ou des marches pour votre entr\u00e9e. Notre entreprise poss\u00e8de plusieurs machines de diff\u00e9rentes grosseurs pour tous les types de projets. Nos [&hellip;]<\/p>\n","protected":false},"author":1,"featured_media":8685,"parent":6827,"menu_order":4,"comment_status":"closed","ping_status":"closed","template":"","meta":{"footnotes":""},"acf":[],"yoast_head":"<!-- This site is optimized with the Yoast SEO plugin v21.5 - https:\/\/yoast.com\/wordpress\/plugins\/seo\/ -->\n<title>Les Entreprises Mar\u00e9chal et associ\u00e9s | Nivellement de terrain et excavation \u00e0 Gatineau, Outaouais<\/title>\n<meta name=\"description\" content=\"Les Entreprises Mar\u00e9chal et associ\u00e9s | Nous avons l&#039;\u00e9quipement pour faire le nivellement de terrain et l&#039;excavation pour vos gros projets \u00e0 Gatineau, Outaouais, comme creuser un jardin, une piscine, ajouter un patio, mettre le terrain \u00e0 niveau, etc.\" \/>\n<meta name=\"robots\" content=\"index, follow, max-snippet:-1, max-image-preview:large, max-video-preview:-1\" \/>\n<link rel=\"canonical\" href=\"https:\/\/www.entreprisesmarechal.com\/fr\/amenagement-paysager-residentiel\/nivellement-de-terrain-et-excavation\/\" \/>\n<meta property=\"og:locale\" content=\"fr_FR\" \/>\n<meta property=\"og:type\" content=\"article\" \/>\n<meta property=\"og:title\" content=\"Les Entreprises Mar\u00e9chal et associ\u00e9s | Nivellement de terrain et excavation \u00e0 Gatineau, Outaouais\" \/>\n<meta property=\"og:description\" content=\"Les Entreprises Mar\u00e9chal et associ\u00e9s | Nous avons l&#039;\u00e9quipement pour faire le nivellement de terrain et l&#039;excavation pour vos gros projets \u00e0 Gatineau, Outaouais, comme creuser un jardin, une piscine, ajouter un patio, mettre le terrain \u00e0 niveau, etc.\" \/>\n<meta property=\"og:url\" content=\"https:\/\/www.entreprisesmarechal.com\/fr\/amenagement-paysager-residentiel\/nivellement-de-terrain-et-excavation\/\" \/>\n<meta property=\"og:site_name\" content=\"Les Entreprises Mar\u00e9chal et associ\u00e9s\" \/>\n<meta property=\"article:modified_time\" content=\"2018-06-29T14:14:20+00:00\" \/>\n<meta property=\"og:image\" content=\"https:\/\/www.entreprisesmarechal.com\/wp-content\/uploads\/2018\/04\/featured-excavation.jpg\" \/>\n\t<meta property=\"og:image:width\" content=\"720\" \/>\n\t<meta property=\"og:image:height\" content=\"550\" \/>\n\t<meta property=\"og:image:type\" content=\"image\/jpeg\" \/>\n<meta name=\"twitter:card\" content=\"summary_large_image\" \/>\n<script type=\"application\/ld+json\" class=\"yoast-schema-graph\">{\"@context\":\"https:\/\/schema.org\",\"@graph\":[{\"@type\":\"WebPage\",\"@id\":\"https:\/\/www.entreprisesmarechal.com\/fr\/amenagement-paysager-residentiel\/nivellement-de-terrain-et-excavation\/\",\"url\":\"https:\/\/www.entreprisesmarechal.com\/fr\/amenagement-paysager-residentiel\/nivellement-de-terrain-et-excavation\/\",\"name\":\"Les Entreprises Mar\u00e9chal et associ\u00e9s | Nivellement de terrain et excavation \u00e0 Gatineau, Outaouais\",\"isPartOf\":{\"@id\":\"https:\/\/www.entreprisesmarechal.com\/fr\/#website\"},\"datePublished\":\"2018-03-23T13:15:00+00:00\",\"dateModified\":\"2018-06-29T14:14:20+00:00\",\"description\":\"Les Entreprises Mar\u00e9chal et associ\u00e9s | Nous avons l'\u00e9quipement pour faire le nivellement de terrain et l'excavation pour vos gros projets \u00e0 Gatineau, Outaouais, comme creuser un jardin, une piscine, ajouter un patio, mettre le terrain \u00e0 niveau, etc.\",\"breadcrumb\":{\"@id\":\"https:\/\/www.entreprisesmarechal.com\/fr\/amenagement-paysager-residentiel\/nivellement-de-terrain-et-excavation\/#breadcrumb\"},\"inLanguage\":\"fr-FR\",\"potentialAction\":[{\"@type\":\"ReadAction\",\"target\":[\"https:\/\/www.entreprisesmarechal.com\/fr\/amenagement-paysager-residentiel\/nivellement-de-terrain-et-excavation\/\"]}]},{\"@type\":\"BreadcrumbList\",\"@id\":\"https:\/\/www.entreprisesmarechal.com\/fr\/amenagement-paysager-residentiel\/nivellement-de-terrain-et-excavation\/#breadcrumb\",\"itemListElement\":[{\"@type\":\"ListItem\",\"position\":1,\"name\":\"Accueil\",\"item\":\"https:\/\/www.entreprisesmarechal.com\/fr\/\"},{\"@type\":\"ListItem\",\"position\":2,\"name\":\"Am\u00e9nagement paysager r\u00e9sidentiel\",\"item\":\"https:\/\/www.entreprisesmarechal.com\/fr\/amenagement-paysager-residentiel\/\"},{\"@type\":\"ListItem\",\"position\":3,\"name\":\"Nivellement de terrain et excavation\"}]},{\"@type\":\"WebSite\",\"@id\":\"https:\/\/www.entreprisesmarechal.com\/fr\/#website\",\"url\":\"https:\/\/www.entreprisesmarechal.com\/fr\/\",\"name\":\"Les Entreprises Mar\u00e9chal et associ\u00e9s\",\"description\":\"\",\"potentialAction\":[{\"@type\":\"SearchAction\",\"target\":{\"@type\":\"EntryPoint\",\"urlTemplate\":\"https:\/\/www.entreprisesmarechal.com\/fr\/?s={search_term_string}\"},\"query-input\":\"required name=search_term_string\"}],\"inLanguage\":\"fr-FR\"}]}<\/script>\n<!-- \/ Yoast SEO plugin. -->","yoast_head_json":{"title":"Les Entreprises Mar\u00e9chal et associ\u00e9s | Nivellement de terrain et excavation \u00e0 Gatineau, Outaouais","description":"Les Entreprises Mar\u00e9chal et associ\u00e9s | Nous avons l'\u00e9quipement pour faire le nivellement de terrain et l'excavation pour vos gros projets \u00e0 Gatineau, Outaouais, comme creuser un jardin, une piscine, ajouter un patio, mettre le terrain \u00e0 niveau, etc.","robots":{"index":"index","follow":"follow","max-snippet":"max-snippet:-1","max-image-preview":"max-image-preview:large","max-video-preview":"max-video-preview:-1"},"canonical":"https:\/\/www.entreprisesmarechal.com\/fr\/amenagement-paysager-residentiel\/nivellement-de-terrain-et-excavation\/","og_locale":"fr_FR","og_type":"article","og_title":"Les Entreprises Mar\u00e9chal et associ\u00e9s | Nivellement de terrain et excavation \u00e0 Gatineau, Outaouais","og_description":"Les Entreprises Mar\u00e9chal et associ\u00e9s | Nous avons l'\u00e9quipement pour faire le nivellement de terrain et l'excavation pour vos gros projets \u00e0 Gatineau, Outaouais, comme creuser un jardin, une piscine, ajouter un patio, mettre le terrain \u00e0 niveau, etc.","og_url":"https:\/\/www.entreprisesmarechal.com\/fr\/amenagement-paysager-residentiel\/nivellement-de-terrain-et-excavation\/","og_site_name":"Les Entreprises Mar\u00e9chal et associ\u00e9s","article_modified_time":"2018-06-29T14:14:20+00:00","og_image":[{"width":"720","height":"550","url":"https:\/\/www.entreprisesmarechal.com\/wp-content\/uploads\/2018\/04\/featured-excavation.jpg","type":"image\/jpeg"}],"twitter_card":"summary_large_image","schema":{"@context":"https:\/\/schema.org","@graph":[{"@type":"WebPage","@id":"https:\/\/www.entreprisesmarechal.com\/fr\/amenagement-paysager-residentiel\/nivellement-de-terrain-et-excavation\/","url":"https:\/\/www.entreprisesmarechal.com\/fr\/amenagement-paysager-residentiel\/nivellement-de-terrain-et-excavation\/","name":"Les Entreprises Mar\u00e9chal et associ\u00e9s | Nivellement de terrain et excavation \u00e0 Gatineau, Outaouais","isPartOf":{"@id":"https:\/\/www.entreprisesmarechal.com\/fr\/#website"},"datePublished":"2018-03-23T13:15:00+00:00","dateModified":"2018-06-29T14:14:20+00:00","description":"Les Entreprises Mar\u00e9chal et associ\u00e9s | Nous avons l'\u00e9quipement pour faire le nivellement de terrain et l'excavation pour vos gros projets \u00e0 Gatineau, Outaouais, comme creuser un jardin, une piscine, ajouter un patio, mettre le terrain \u00e0 niveau, etc.","breadcrumb":{"@id":"https:\/\/www.entreprisesmarechal.com\/fr\/amenagement-paysager-residentiel\/nivellement-de-terrain-et-excavation\/#breadcrumb"},"inLanguage":"fr-FR","potentialAction":[{"@type":"ReadAction","target":["https:\/\/www.entreprisesmarechal.com\/fr\/amenagement-paysager-residentiel\/nivellement-de-terrain-et-excavation\/"]}]},{"@type":"BreadcrumbList","@id":"https:\/\/www.entreprisesmarechal.com\/fr\/amenagement-paysager-residentiel\/nivellement-de-terrain-et-excavation\/#breadcrumb","itemListElement":[{"@type":"ListItem","position":1,"name":"Accueil","item":"https:\/\/www.entreprisesmarechal.com\/fr\/"},{"@type":"ListItem","position":2,"name":"Am\u00e9nagement paysager r\u00e9sidentiel","item":"https:\/\/www.entreprisesmarechal.com\/fr\/amenagement-paysager-residentiel\/"},{"@type":"ListItem","position":3,"name":"Nivellement de terrain et excavation"}]},{"@type":"WebSite","@id":"https:\/\/www.entreprisesmarechal.com\/fr\/#website","url":"https:\/\/www.entreprisesmarechal.com\/fr\/","name":"Les Entreprises Mar\u00e9chal et associ\u00e9s","description":"","potentialAction":[{"@type":"SearchAction","target":{"@type":"EntryPoint","urlTemplate":"https:\/\/www.entreprisesmarechal.com\/fr\/?s={search_term_string}"},"query-input":"required name=search_term_string"}],"inLanguage":"fr-FR"}]}},"_links":{"self":[{"href":"https:\/\/www.entreprisesmarechal.com\/fr\/wp-json\/wp\/v2\/pages\/7030"}],"collection":[{"href":"https:\/\/www.entreprisesmarechal.com\/fr\/wp-json\/wp\/v2\/pages"}],"about":[{"href":"https:\/\/www.entreprisesmarechal.com\/fr\/wp-json\/wp\/v2\/types\/page"}],"author":[{"embeddable":true,"href":"https:\/\/www.entreprisesmarechal.com\/fr\/wp-json\/wp\/v2\/users\/1"}],"replies":[{"embeddable":true,"href":"https:\/\/www.entreprisesmarechal.com\/fr\/wp-json\/wp\/v2\/comments?post=7030"}],"version-history":[{"count":2,"href":"https:\/\/www.entreprisesmarechal.com\/fr\/wp-json\/wp\/v2\/pages\/7030\/revisions"}],"predecessor-version":[{"id":8904,"href":"https:\/\/www.entreprisesmarechal.com\/fr\/wp-json\/wp\/v2\/pages\/7030\/revisions\/8904"}],"up":[{"embeddable":true,"href":"https:\/\/www.entreprisesmarechal.com\/fr\/wp-json\/wp\/v2\/pages\/6827"}],"wp:featuredmedia":[{"embeddable":true,"href":"https:\/\/www.entreprisesmarechal.com\/fr\/wp-json\/wp\/v2\/media\/8685"}],"wp:attachment":[{"href":"https:\/\/www.entreprisesmarechal.com\/fr\/wp-json\/wp\/v2\/media?parent=7030"}],"curies":[{"name":"wp","href":"https:\/\/api.w.org\/{rel}","templated":true}]}}