{"id":7033,"date":"2018-03-23T09:17:27","date_gmt":"2018-03-23T13:17:27","guid":{"rendered":"https:\/\/www.entreprisesmarechal.com\/?page_id=7033"},"modified":"2026-04-28T15:22:50","modified_gmt":"2026-04-28T19:22:50","slug":"plantation-et-horticulture","status":"publish","type":"page","link":"https:\/\/www.entreprisesmarechal.com\/fr\/amenagement-paysager-residentiel\/plantation-et-horticulture\/","title":{"rendered":"Plantation et horticulture"},"content":{"rendered":"<div id=\"pl-7033\"  class=\"panel-layout\" ><div id=\"pg-7033-0\"  class=\"panel-grid panel-has-style\" ><div class=\"black-bg siteorigin-panels-stretch panel-row-style panel-row-style-for-7033-0\" data-stretch-type=\"full\" ><div id=\"pgc-7033-0-0\"  class=\"panel-grid-cell\" ><div id=\"panel-7033-0-0-0\" class=\"so-panel widget widget_siteorigin-panels-builder panel-first-child panel-last-child\" data-index=\"0\" ><div class=\"white-bg panel-widget-style panel-widget-style-for-7033-0-0-0\" ><div id=\"pl-w69f1090a0367e\"  class=\"panel-layout\" ><div id=\"pg-w69f1090a0367e-0\"  class=\"panel-grid panel-has-style\" ><div class=\"white-bg panel-row-style panel-row-style-for-w69f1090a0367e-0\" ><div id=\"pgc-w69f1090a0367e-0-0\"  class=\"panel-grid-cell\" ><div id=\"panel-w69f1090a0367e-0-0-0\" class=\"so-panel widget widget_black-studio-tinymce widget_black_studio_tinymce panel-first-child panel-last-child\" data-index=\"0\" ><div class=\"textwidget\"><div class=\"addthis_inline_share_toolbox\"><\/div>\n<h2>Plantation et horticulture<\/h2>\n<p> De la pose de tourbe \u00e0 la cr\u00e9ation de jardins magnifiques en passant par la plantation d\u2019arbres et de c\u00e8dres, l\u2019horticulture est souvent la touche de finition ultime dans un projet d\u2019am\u00e9nagement paysager. Nos sp\u00e9cialistes sauront vous aider \u00e0 choisir la bonne plantation pour le bon endroit.<\/p>\n<\/div><\/div><\/div><div id=\"pgc-w69f1090a0367e-0-1\"  class=\"panel-grid-cell\" ><div id=\"panel-w69f1090a0367e-0-1-0\" class=\"so-panel widget widget_black-studio-tinymce widget_black_studio_tinymce panel-first-child panel-last-child\" data-index=\"1\" ><div class=\"black-border panel-widget-style panel-widget-style-for-w69f1090a0367e-0-1-0\" ><div class=\"textwidget\"><img loading=\"lazy\" decoding=\"async\" width=\"848\" height=\"480\" src=\"https:\/\/www.entreprisesmarechal.com\/wp-content\/uploads\/2018\/03\/IMG_7771-scaled-e1738859065715-848x480.jpg\" class=\"attachment-post-thumbnail size-post-thumbnail wp-post-image\" alt=\"\" srcset=\"https:\/\/www.entreprisesmarechal.com\/wp-content\/uploads\/2018\/03\/IMG_7771-scaled-e1738859065715-848x480.jpg 848w, https:\/\/www.entreprisesmarechal.com\/wp-content\/uploads\/2018\/03\/IMG_7771-scaled-e1738859065715-360x203.jpg 360w\" sizes=\"(max-width: 848px) 100vw, 848px\" \/><\/div><\/div><\/div><\/div><\/div><\/div><\/div><\/div><\/div><\/div><\/div><\/div><\/div>","protected":false},"excerpt":{"rendered":"<p>Plantation et horticulture De la pose de tourbe \u00e0 la cr\u00e9ation de jardins magnifiques en passant par la plantation d\u2019arbres et de c\u00e8dres, l\u2019horticulture est souvent la touche de finition ultime dans un projet d\u2019am\u00e9nagement paysager. Nos sp\u00e9cialistes sauront vous aider \u00e0 choisir la bonne plantation pour le bon endroit.<\/p>\n","protected":false},"author":1,"featured_media":9623,"parent":6827,"menu_order":5,"comment_status":"closed","ping_status":"closed","template":"","meta":{"footnotes":""},"acf":[],"yoast_head":"<!-- This site is optimized with the Yoast SEO plugin v21.5 - https:\/\/yoast.com\/wordpress\/plugins\/seo\/ -->\n<title>Les Entreprises Mar\u00e9chal et associ\u00e9s | Plantation et horticulture \u00e0 Gatineau, Outaouais<\/title>\n<meta name=\"description\" content=\"Les Entreprises Mar\u00e9chal et associ\u00e9s | \u00c9quipe d&#039;horticulteurs offrant divers services allant de la planification sur mesure jusqu&#039;\u00e0 la plantation d&#039;arbres, de c\u00e8dres, de plantes, et plus encore \u00e0 Gatineau, Outaouais\" \/>\n<meta name=\"robots\" content=\"index, follow, max-snippet:-1, max-image-preview:large, max-video-preview:-1\" \/>\n<link rel=\"canonical\" href=\"https:\/\/www.entreprisesmarechal.com\/fr\/amenagement-paysager-residentiel\/plantation-et-horticulture\/\" \/>\n<meta property=\"og:locale\" content=\"fr_FR\" \/>\n<meta property=\"og:type\" content=\"article\" \/>\n<meta property=\"og:title\" content=\"Les Entreprises Mar\u00e9chal et associ\u00e9s | Plantation et horticulture \u00e0 Gatineau, Outaouais\" \/>\n<meta property=\"og:description\" content=\"Les Entreprises Mar\u00e9chal et associ\u00e9s | \u00c9quipe d&#039;horticulteurs offrant divers services allant de la planification sur mesure jusqu&#039;\u00e0 la plantation d&#039;arbres, de c\u00e8dres, de plantes, et plus encore \u00e0 Gatineau, Outaouais\" \/>\n<meta property=\"og:url\" content=\"https:\/\/www.entreprisesmarechal.com\/fr\/amenagement-paysager-residentiel\/plantation-et-horticulture\/\" \/>\n<meta property=\"og:site_name\" content=\"Les Entreprises Mar\u00e9chal et associ\u00e9s\" \/>\n<meta property=\"article:modified_time\" content=\"2026-04-28T19:22:50+00:00\" \/>\n<meta property=\"og:image\" content=\"https:\/\/www.entreprisesmarechal.com\/wp-content\/uploads\/2018\/03\/IMG_7771-scaled-e1738859065715.jpg\" \/>\n\t<meta property=\"og:image:width\" content=\"2560\" \/>\n\t<meta property=\"og:image:height\" content=\"1920\" \/>\n\t<meta property=\"og:image:type\" content=\"image\/jpeg\" \/>\n<meta name=\"twitter:card\" content=\"summary_large_image\" \/>\n<meta name=\"twitter:label1\" content=\"Dur\u00e9e de lecture estim\u00e9e\" \/>\n\t<meta name=\"twitter:data1\" content=\"1 minute\" \/>\n<script type=\"application\/ld+json\" class=\"yoast-schema-graph\">{\"@context\":\"https:\/\/schema.org\",\"@graph\":[{\"@type\":\"WebPage\",\"@id\":\"https:\/\/www.entreprisesmarechal.com\/fr\/amenagement-paysager-residentiel\/plantation-et-horticulture\/\",\"url\":\"https:\/\/www.entreprisesmarechal.com\/fr\/amenagement-paysager-residentiel\/plantation-et-horticulture\/\",\"name\":\"Les Entreprises Mar\u00e9chal et associ\u00e9s | Plantation et horticulture \u00e0 Gatineau, Outaouais\",\"isPartOf\":{\"@id\":\"https:\/\/www.entreprisesmarechal.com\/fr\/#website\"},\"datePublished\":\"2018-03-23T13:17:27+00:00\",\"dateModified\":\"2026-04-28T19:22:50+00:00\",\"description\":\"Les Entreprises Mar\u00e9chal et associ\u00e9s | \u00c9quipe d'horticulteurs offrant divers services allant de la planification sur mesure jusqu'\u00e0 la plantation d'arbres, de c\u00e8dres, de plantes, et plus encore \u00e0 Gatineau, Outaouais\",\"breadcrumb\":{\"@id\":\"https:\/\/www.entreprisesmarechal.com\/fr\/amenagement-paysager-residentiel\/plantation-et-horticulture\/#breadcrumb\"},\"inLanguage\":\"fr-FR\",\"potentialAction\":[{\"@type\":\"ReadAction\",\"target\":[\"https:\/\/www.entreprisesmarechal.com\/fr\/amenagement-paysager-residentiel\/plantation-et-horticulture\/\"]}]},{\"@type\":\"BreadcrumbList\",\"@id\":\"https:\/\/www.entreprisesmarechal.com\/fr\/amenagement-paysager-residentiel\/plantation-et-horticulture\/#breadcrumb\",\"itemListElement\":[{\"@type\":\"ListItem\",\"position\":1,\"name\":\"Accueil\",\"item\":\"https:\/\/www.entreprisesmarechal.com\/fr\/\"},{\"@type\":\"ListItem\",\"position\":2,\"name\":\"Am\u00e9nagement paysager r\u00e9sidentiel\",\"item\":\"https:\/\/www.entreprisesmarechal.com\/fr\/amenagement-paysager-residentiel\/\"},{\"@type\":\"ListItem\",\"position\":3,\"name\":\"Plantation et horticulture\"}]},{\"@type\":\"WebSite\",\"@id\":\"https:\/\/www.entreprisesmarechal.com\/fr\/#website\",\"url\":\"https:\/\/www.entreprisesmarechal.com\/fr\/\",\"name\":\"Les Entreprises Mar\u00e9chal et associ\u00e9s\",\"description\":\"\",\"potentialAction\":[{\"@type\":\"SearchAction\",\"target\":{\"@type\":\"EntryPoint\",\"urlTemplate\":\"https:\/\/www.entreprisesmarechal.com\/fr\/?s={search_term_string}\"},\"query-input\":\"required name=search_term_string\"}],\"inLanguage\":\"fr-FR\"}]}<\/script>\n<!-- \/ Yoast SEO plugin. -->","yoast_head_json":{"title":"Les Entreprises Mar\u00e9chal et associ\u00e9s | Plantation et horticulture \u00e0 Gatineau, Outaouais","description":"Les Entreprises Mar\u00e9chal et associ\u00e9s | \u00c9quipe d'horticulteurs offrant divers services allant de la planification sur mesure jusqu'\u00e0 la plantation d'arbres, de c\u00e8dres, de plantes, et plus encore \u00e0 Gatineau, Outaouais","robots":{"index":"index","follow":"follow","max-snippet":"max-snippet:-1","max-image-preview":"max-image-preview:large","max-video-preview":"max-video-preview:-1"},"canonical":"https:\/\/www.entreprisesmarechal.com\/fr\/amenagement-paysager-residentiel\/plantation-et-horticulture\/","og_locale":"fr_FR","og_type":"article","og_title":"Les Entreprises Mar\u00e9chal et associ\u00e9s | Plantation et horticulture \u00e0 Gatineau, Outaouais","og_description":"Les Entreprises Mar\u00e9chal et associ\u00e9s | \u00c9quipe d'horticulteurs offrant divers services allant de la planification sur mesure jusqu'\u00e0 la plantation d'arbres, de c\u00e8dres, de plantes, et plus encore \u00e0 Gatineau, Outaouais","og_url":"https:\/\/www.entreprisesmarechal.com\/fr\/amenagement-paysager-residentiel\/plantation-et-horticulture\/","og_site_name":"Les Entreprises Mar\u00e9chal et associ\u00e9s","article_modified_time":"2026-04-28T19:22:50+00:00","og_image":[{"width":2560,"height":1920,"url":"https:\/\/www.entreprisesmarechal.com\/wp-content\/uploads\/2018\/03\/IMG_7771-scaled-e1738859065715.jpg","type":"image\/jpeg"}],"twitter_card":"summary_large_image","twitter_misc":{"Dur\u00e9e de lecture estim\u00e9e":"1 minute"},"schema":{"@context":"https:\/\/schema.org","@graph":[{"@type":"WebPage","@id":"https:\/\/www.entreprisesmarechal.com\/fr\/amenagement-paysager-residentiel\/plantation-et-horticulture\/","url":"https:\/\/www.entreprisesmarechal.com\/fr\/amenagement-paysager-residentiel\/plantation-et-horticulture\/","name":"Les Entreprises Mar\u00e9chal et associ\u00e9s | Plantation et horticulture \u00e0 Gatineau, Outaouais","isPartOf":{"@id":"https:\/\/www.entreprisesmarechal.com\/fr\/#website"},"datePublished":"2018-03-23T13:17:27+00:00","dateModified":"2026-04-28T19:22:50+00:00","description":"Les Entreprises Mar\u00e9chal et associ\u00e9s | \u00c9quipe d'horticulteurs offrant divers services allant de la planification sur mesure jusqu'\u00e0 la plantation d'arbres, de c\u00e8dres, de plantes, et plus encore \u00e0 Gatineau, Outaouais","breadcrumb":{"@id":"https:\/\/www.entreprisesmarechal.com\/fr\/amenagement-paysager-residentiel\/plantation-et-horticulture\/#breadcrumb"},"inLanguage":"fr-FR","potentialAction":[{"@type":"ReadAction","target":["https:\/\/www.entreprisesmarechal.com\/fr\/amenagement-paysager-residentiel\/plantation-et-horticulture\/"]}]},{"@type":"BreadcrumbList","@id":"https:\/\/www.entreprisesmarechal.com\/fr\/amenagement-paysager-residentiel\/plantation-et-horticulture\/#breadcrumb","itemListElement":[{"@type":"ListItem","position":1,"name":"Accueil","item":"https:\/\/www.entreprisesmarechal.com\/fr\/"},{"@type":"ListItem","position":2,"name":"Am\u00e9nagement paysager r\u00e9sidentiel","item":"https:\/\/www.entreprisesmarechal.com\/fr\/amenagement-paysager-residentiel\/"},{"@type":"ListItem","position":3,"name":"Plantation et horticulture"}]},{"@type":"WebSite","@id":"https:\/\/www.entreprisesmarechal.com\/fr\/#website","url":"https:\/\/www.entreprisesmarechal.com\/fr\/","name":"Les Entreprises Mar\u00e9chal et associ\u00e9s","description":"","potentialAction":[{"@type":"SearchAction","target":{"@type":"EntryPoint","urlTemplate":"https:\/\/www.entreprisesmarechal.com\/fr\/?s={search_term_string}"},"query-input":"required name=search_term_string"}],"inLanguage":"fr-FR"}]}},"_links":{"self":[{"href":"https:\/\/www.entreprisesmarechal.com\/fr\/wp-json\/wp\/v2\/pages\/7033"}],"collection":[{"href":"https:\/\/www.entreprisesmarechal.com\/fr\/wp-json\/wp\/v2\/pages"}],"about":[{"href":"https:\/\/www.entreprisesmarechal.com\/fr\/wp-json\/wp\/v2\/types\/page"}],"author":[{"embeddable":true,"href":"https:\/\/www.entreprisesmarechal.com\/fr\/wp-json\/wp\/v2\/users\/1"}],"replies":[{"embeddable":true,"href":"https:\/\/www.entreprisesmarechal.com\/fr\/wp-json\/wp\/v2\/comments?post=7033"}],"version-history":[{"count":6,"href":"https:\/\/www.entreprisesmarechal.com\/fr\/wp-json\/wp\/v2\/pages\/7033\/revisions"}],"predecessor-version":[{"id":10149,"href":"https:\/\/www.entreprisesmarechal.com\/fr\/wp-json\/wp\/v2\/pages\/7033\/revisions\/10149"}],"up":[{"embeddable":true,"href":"https:\/\/www.entreprisesmarechal.com\/fr\/wp-json\/wp\/v2\/pages\/6827"}],"wp:featuredmedia":[{"embeddable":true,"href":"https:\/\/www.entreprisesmarechal.com\/fr\/wp-json\/wp\/v2\/media\/9623"}],"wp:attachment":[{"href":"https:\/\/www.entreprisesmarechal.com\/fr\/wp-json\/wp\/v2\/media?parent=7033"}],"curies":[{"name":"wp","href":"https:\/\/api.w.org\/{rel}","templated":true}]}}