{"id":7039,"date":"2018-03-23T09:20:15","date_gmt":"2018-03-23T13:20:15","guid":{"rendered":"https:\/\/www.entreprisesmarechal.com\/?page_id=7039"},"modified":"2026-04-28T15:28:18","modified_gmt":"2026-04-28T19:28:18","slug":"asphalte","status":"publish","type":"page","link":"https:\/\/www.entreprisesmarechal.com\/fr\/amenagement-paysager-residentiel\/asphalte\/","title":{"rendered":"Combinaison asphalte et pav\u00e9 uni"},"content":{"rendered":"<div id=\"pl-7039\"  class=\"panel-layout\" ><div id=\"pg-7039-0\"  class=\"panel-grid panel-has-style\" ><div class=\"black-bg siteorigin-panels-stretch panel-row-style panel-row-style-for-7039-0\" data-stretch-type=\"full\" ><div id=\"pgc-7039-0-0\"  class=\"panel-grid-cell\" ><div id=\"panel-7039-0-0-0\" class=\"so-panel widget widget_siteorigin-panels-builder panel-first-child panel-last-child\" data-index=\"0\" ><div class=\"white-bg panel-widget-style panel-widget-style-for-7039-0-0-0\" ><div id=\"pl-w69f10a5202412\"  class=\"panel-layout\" ><div id=\"pg-w69f10a5202412-0\"  class=\"panel-grid panel-has-style\" ><div class=\"white-bg panel-row-style panel-row-style-for-w69f10a5202412-0\" ><div id=\"pgc-w69f10a5202412-0-0\"  class=\"panel-grid-cell\" ><div id=\"panel-w69f10a5202412-0-0-0\" class=\"so-panel widget widget_black-studio-tinymce widget_black_studio_tinymce panel-first-child panel-last-child\" data-index=\"0\" ><div class=\"textwidget\"><div class=\"addthis_inline_share_toolbox\"><\/div>\n<h2>Combinaison asphalte et pav\u00e9 uni<\/h2>\n<p>L\u2019asphalte de votre stationnement est craquel\u00e9 ? Il est grand temps de rafra\u00eechir votre entr\u00e9e gr\u00e2ce \u00e0 une combinaison d\u2019asphalte et de pav\u00e9-uni. Nous nous occupons d\u2019enlever le vieil asphalte, de refaire une bonne excavation et d\u2019installer du pav\u00e9 uni et\/ou de l\u2019asphalte. Nos designers pourront vous proposer un concept unique, adapt\u00e9 \u00e0 votre propri\u00e9t\u00e9.<\/p>\n<a href='https:\/\/www.entreprisesmarechal.com\/fr\/soumission-en-ligne\/?service=7039' class='btn btn-primary'>Obtenez une soumission ><\/a><\/div><\/div><\/div><div id=\"pgc-w69f10a5202412-0-1\"  class=\"panel-grid-cell\" ><div id=\"panel-w69f10a5202412-0-1-0\" class=\"so-panel widget widget_black-studio-tinymce widget_black_studio_tinymce panel-first-child panel-last-child\" data-index=\"1\" ><div class=\"black-border panel-widget-style panel-widget-style-for-w69f10a5202412-0-1-0\" ><div class=\"textwidget\"><img loading=\"lazy\" decoding=\"async\" width=\"800\" height=\"480\" src=\"https:\/\/www.entreprisesmarechal.com\/wp-content\/uploads\/2018\/03\/4-6-800x480.jpg\" class=\"attachment-post-thumbnail size-post-thumbnail wp-post-image\" alt=\"\" \/><\/div><\/div><\/div><\/div><\/div><\/div><\/div><\/div><\/div><\/div><\/div><\/div><\/div>","protected":false},"excerpt":{"rendered":"<p>Combinaison asphalte et pav\u00e9 uni L\u2019asphalte de votre stationnement est craquel\u00e9 ? Il est grand temps de rafra\u00eechir votre entr\u00e9e gr\u00e2ce \u00e0 une combinaison d\u2019asphalte et de pav\u00e9-uni. Nous nous occupons d\u2019enlever le vieil asphalte, de refaire une bonne excavation et d\u2019installer du pav\u00e9 uni et\/ou de l\u2019asphalte. Nos designers pourront vous proposer un concept [&hellip;]<\/p>\n","protected":false},"author":1,"featured_media":8545,"parent":6827,"menu_order":7,"comment_status":"closed","ping_status":"closed","template":"","meta":{"footnotes":""},"acf":[],"yoast_head":"<!-- This site is optimized with the Yoast SEO plugin v21.5 - https:\/\/yoast.com\/wordpress\/plugins\/seo\/ -->\n<title>Les Entreprises Mar\u00e9chal et associ\u00e9s | Installation d&#039;asphalte \u00e0 Gatineau, Outaouais<\/title>\n<meta name=\"description\" content=\"Les Entreprises Mar\u00e9chal et associ\u00e9s | Nous vous offrons un service de concept d&#039;asphalte sur mesure afin de donner de l&#039;\u00e9clat \u00e0 votre stationnement et votre entr\u00e9e \u00e0 Gatineau, Outaouais\" \/>\n<meta name=\"robots\" content=\"index, follow, max-snippet:-1, max-image-preview:large, max-video-preview:-1\" \/>\n<link rel=\"canonical\" href=\"https:\/\/www.entreprisesmarechal.com\/fr\/amenagement-paysager-residentiel\/asphalte\/\" \/>\n<meta property=\"og:locale\" content=\"fr_FR\" \/>\n<meta property=\"og:type\" content=\"article\" \/>\n<meta property=\"og:title\" content=\"Les Entreprises Mar\u00e9chal et associ\u00e9s | Installation d&#039;asphalte \u00e0 Gatineau, Outaouais\" \/>\n<meta property=\"og:description\" content=\"Les Entreprises Mar\u00e9chal et associ\u00e9s | Nous vous offrons un service de concept d&#039;asphalte sur mesure afin de donner de l&#039;\u00e9clat \u00e0 votre stationnement et votre entr\u00e9e \u00e0 Gatineau, Outaouais\" \/>\n<meta property=\"og:url\" content=\"https:\/\/www.entreprisesmarechal.com\/fr\/amenagement-paysager-residentiel\/asphalte\/\" \/>\n<meta property=\"og:site_name\" content=\"Les Entreprises Mar\u00e9chal et associ\u00e9s\" \/>\n<meta property=\"article:modified_time\" content=\"2026-04-28T19:28:18+00:00\" \/>\n<meta property=\"og:image\" content=\"https:\/\/www.entreprisesmarechal.com\/wp-content\/uploads\/2018\/03\/4-6.jpg\" \/>\n\t<meta property=\"og:image:width\" content=\"800\" \/>\n\t<meta property=\"og:image:height\" content=\"600\" \/>\n\t<meta property=\"og:image:type\" content=\"image\/jpeg\" \/>\n<meta name=\"twitter:card\" content=\"summary_large_image\" \/>\n<meta name=\"twitter:label1\" content=\"Dur\u00e9e de lecture estim\u00e9e\" \/>\n\t<meta name=\"twitter:data1\" content=\"1 minute\" \/>\n<script type=\"application\/ld+json\" class=\"yoast-schema-graph\">{\"@context\":\"https:\/\/schema.org\",\"@graph\":[{\"@type\":\"WebPage\",\"@id\":\"https:\/\/www.entreprisesmarechal.com\/fr\/amenagement-paysager-residentiel\/asphalte\/\",\"url\":\"https:\/\/www.entreprisesmarechal.com\/fr\/amenagement-paysager-residentiel\/asphalte\/\",\"name\":\"Les Entreprises Mar\u00e9chal et associ\u00e9s | Installation d'asphalte \u00e0 Gatineau, Outaouais\",\"isPartOf\":{\"@id\":\"https:\/\/www.entreprisesmarechal.com\/fr\/#website\"},\"datePublished\":\"2018-03-23T13:20:15+00:00\",\"dateModified\":\"2026-04-28T19:28:18+00:00\",\"description\":\"Les Entreprises Mar\u00e9chal et associ\u00e9s | Nous vous offrons un service de concept d'asphalte sur mesure afin de donner de l'\u00e9clat \u00e0 votre stationnement et votre entr\u00e9e \u00e0 Gatineau, Outaouais\",\"breadcrumb\":{\"@id\":\"https:\/\/www.entreprisesmarechal.com\/fr\/amenagement-paysager-residentiel\/asphalte\/#breadcrumb\"},\"inLanguage\":\"fr-FR\",\"potentialAction\":[{\"@type\":\"ReadAction\",\"target\":[\"https:\/\/www.entreprisesmarechal.com\/fr\/amenagement-paysager-residentiel\/asphalte\/\"]}]},{\"@type\":\"BreadcrumbList\",\"@id\":\"https:\/\/www.entreprisesmarechal.com\/fr\/amenagement-paysager-residentiel\/asphalte\/#breadcrumb\",\"itemListElement\":[{\"@type\":\"ListItem\",\"position\":1,\"name\":\"Accueil\",\"item\":\"https:\/\/www.entreprisesmarechal.com\/fr\/\"},{\"@type\":\"ListItem\",\"position\":2,\"name\":\"Am\u00e9nagement paysager r\u00e9sidentiel\",\"item\":\"https:\/\/www.entreprisesmarechal.com\/fr\/amenagement-paysager-residentiel\/\"},{\"@type\":\"ListItem\",\"position\":3,\"name\":\"Combinaison asphalte et pav\u00e9 uni\"}]},{\"@type\":\"WebSite\",\"@id\":\"https:\/\/www.entreprisesmarechal.com\/fr\/#website\",\"url\":\"https:\/\/www.entreprisesmarechal.com\/fr\/\",\"name\":\"Les Entreprises Mar\u00e9chal et associ\u00e9s\",\"description\":\"\",\"potentialAction\":[{\"@type\":\"SearchAction\",\"target\":{\"@type\":\"EntryPoint\",\"urlTemplate\":\"https:\/\/www.entreprisesmarechal.com\/fr\/?s={search_term_string}\"},\"query-input\":\"required name=search_term_string\"}],\"inLanguage\":\"fr-FR\"}]}<\/script>\n<!-- \/ Yoast SEO plugin. -->","yoast_head_json":{"title":"Les Entreprises Mar\u00e9chal et associ\u00e9s | Installation d'asphalte \u00e0 Gatineau, Outaouais","description":"Les Entreprises Mar\u00e9chal et associ\u00e9s | Nous vous offrons un service de concept d'asphalte sur mesure afin de donner de l'\u00e9clat \u00e0 votre stationnement et votre entr\u00e9e \u00e0 Gatineau, Outaouais","robots":{"index":"index","follow":"follow","max-snippet":"max-snippet:-1","max-image-preview":"max-image-preview:large","max-video-preview":"max-video-preview:-1"},"canonical":"https:\/\/www.entreprisesmarechal.com\/fr\/amenagement-paysager-residentiel\/asphalte\/","og_locale":"fr_FR","og_type":"article","og_title":"Les Entreprises Mar\u00e9chal et associ\u00e9s | Installation d'asphalte \u00e0 Gatineau, Outaouais","og_description":"Les Entreprises Mar\u00e9chal et associ\u00e9s | Nous vous offrons un service de concept d'asphalte sur mesure afin de donner de l'\u00e9clat \u00e0 votre stationnement et votre entr\u00e9e \u00e0 Gatineau, Outaouais","og_url":"https:\/\/www.entreprisesmarechal.com\/fr\/amenagement-paysager-residentiel\/asphalte\/","og_site_name":"Les Entreprises Mar\u00e9chal et associ\u00e9s","article_modified_time":"2026-04-28T19:28:18+00:00","og_image":[{"width":"800","height":"600","url":"https:\/\/www.entreprisesmarechal.com\/wp-content\/uploads\/2018\/03\/4-6.jpg","type":"image\/jpeg"}],"twitter_card":"summary_large_image","twitter_misc":{"Dur\u00e9e de lecture estim\u00e9e":"1 minute"},"schema":{"@context":"https:\/\/schema.org","@graph":[{"@type":"WebPage","@id":"https:\/\/www.entreprisesmarechal.com\/fr\/amenagement-paysager-residentiel\/asphalte\/","url":"https:\/\/www.entreprisesmarechal.com\/fr\/amenagement-paysager-residentiel\/asphalte\/","name":"Les Entreprises Mar\u00e9chal et associ\u00e9s | Installation d'asphalte \u00e0 Gatineau, Outaouais","isPartOf":{"@id":"https:\/\/www.entreprisesmarechal.com\/fr\/#website"},"datePublished":"2018-03-23T13:20:15+00:00","dateModified":"2026-04-28T19:28:18+00:00","description":"Les Entreprises Mar\u00e9chal et associ\u00e9s | Nous vous offrons un service de concept d'asphalte sur mesure afin de donner de l'\u00e9clat \u00e0 votre stationnement et votre entr\u00e9e \u00e0 Gatineau, Outaouais","breadcrumb":{"@id":"https:\/\/www.entreprisesmarechal.com\/fr\/amenagement-paysager-residentiel\/asphalte\/#breadcrumb"},"inLanguage":"fr-FR","potentialAction":[{"@type":"ReadAction","target":["https:\/\/www.entreprisesmarechal.com\/fr\/amenagement-paysager-residentiel\/asphalte\/"]}]},{"@type":"BreadcrumbList","@id":"https:\/\/www.entreprisesmarechal.com\/fr\/amenagement-paysager-residentiel\/asphalte\/#breadcrumb","itemListElement":[{"@type":"ListItem","position":1,"name":"Accueil","item":"https:\/\/www.entreprisesmarechal.com\/fr\/"},{"@type":"ListItem","position":2,"name":"Am\u00e9nagement paysager r\u00e9sidentiel","item":"https:\/\/www.entreprisesmarechal.com\/fr\/amenagement-paysager-residentiel\/"},{"@type":"ListItem","position":3,"name":"Combinaison asphalte et pav\u00e9 uni"}]},{"@type":"WebSite","@id":"https:\/\/www.entreprisesmarechal.com\/fr\/#website","url":"https:\/\/www.entreprisesmarechal.com\/fr\/","name":"Les Entreprises Mar\u00e9chal et associ\u00e9s","description":"","potentialAction":[{"@type":"SearchAction","target":{"@type":"EntryPoint","urlTemplate":"https:\/\/www.entreprisesmarechal.com\/fr\/?s={search_term_string}"},"query-input":"required name=search_term_string"}],"inLanguage":"fr-FR"}]}},"_links":{"self":[{"href":"https:\/\/www.entreprisesmarechal.com\/fr\/wp-json\/wp\/v2\/pages\/7039"}],"collection":[{"href":"https:\/\/www.entreprisesmarechal.com\/fr\/wp-json\/wp\/v2\/pages"}],"about":[{"href":"https:\/\/www.entreprisesmarechal.com\/fr\/wp-json\/wp\/v2\/types\/page"}],"author":[{"embeddable":true,"href":"https:\/\/www.entreprisesmarechal.com\/fr\/wp-json\/wp\/v2\/users\/1"}],"replies":[{"embeddable":true,"href":"https:\/\/www.entreprisesmarechal.com\/fr\/wp-json\/wp\/v2\/comments?post=7039"}],"version-history":[{"count":7,"href":"https:\/\/www.entreprisesmarechal.com\/fr\/wp-json\/wp\/v2\/pages\/7039\/revisions"}],"predecessor-version":[{"id":10155,"href":"https:\/\/www.entreprisesmarechal.com\/fr\/wp-json\/wp\/v2\/pages\/7039\/revisions\/10155"}],"up":[{"embeddable":true,"href":"https:\/\/www.entreprisesmarechal.com\/fr\/wp-json\/wp\/v2\/pages\/6827"}],"wp:featuredmedia":[{"embeddable":true,"href":"https:\/\/www.entreprisesmarechal.com\/fr\/wp-json\/wp\/v2\/media\/8545"}],"wp:attachment":[{"href":"https:\/\/www.entreprisesmarechal.com\/fr\/wp-json\/wp\/v2\/media?parent=7039"}],"curies":[{"name":"wp","href":"https:\/\/api.w.org\/{rel}","templated":true}]}}