{"id":7297,"date":"2018-03-27T11:08:10","date_gmt":"2018-03-27T15:08:10","guid":{"rendered":"https:\/\/www.entreprisesmarechal.com\/?page_id=7297"},"modified":"2018-06-29T10:22:58","modified_gmt":"2018-06-29T14:22:58","slug":"soumission-en-ligne","status":"publish","type":"page","link":"https:\/\/www.entreprisesmarechal.com\/fr\/soumission-en-ligne\/","title":{"rendered":"Soumission en ligne"},"content":{"rendered":"<div id=\"pl-7297\"  class=\"panel-layout\" ><div id=\"pg-7297-0\"  class=\"panel-grid panel-has-style\" ><div class=\"black-bg contact-form siteorigin-panels-stretch panel-row-style panel-row-style-for-7297-0\" data-stretch-type=\"full\" ><div id=\"pgc-7297-0-0\"  class=\"panel-grid-cell\" ><div id=\"panel-7297-0-0-0\" class=\"so-panel widget widget_black-studio-tinymce widget_black_studio_tinymce panel-first-child panel-last-child\" data-index=\"0\" ><div class=\"white-bg panel-widget-style panel-widget-style-for-7297-0-0-0\" ><div class=\"textwidget\"><h2>Soumission en ligne<\/h2>\n\n\n<div class=\"wpcf7 no-js\" id=\"wpcf7-f7302-o1\" lang=\"fr-FR\" dir=\"ltr\">\n<div class=\"screen-reader-response\"><p role=\"status\" aria-live=\"polite\" aria-atomic=\"true\"><\/p> <ul><\/ul><\/div>\n<form action=\"\/fr\/wp-json\/wp\/v2\/pages\/7297#wpcf7-f7302-o1\" method=\"post\" class=\"wpcf7-form init\" aria-label=\"Formulaire de contact\" enctype=\"multipart\/form-data\" novalidate=\"novalidate\" data-status=\"init\">\n<div style=\"display: none;\">\n<input type=\"hidden\" name=\"_wpcf7\" value=\"7302\" \/>\n<input type=\"hidden\" name=\"_wpcf7_version\" value=\"5.8.2\" \/>\n<input type=\"hidden\" name=\"_wpcf7_locale\" value=\"fr_FR\" \/>\n<input type=\"hidden\" name=\"_wpcf7_unit_tag\" value=\"wpcf7-f7302-o1\" \/>\n<input type=\"hidden\" name=\"_wpcf7_container_post\" value=\"0\" \/>\n<input type=\"hidden\" name=\"_wpcf7_posted_data_hash\" value=\"\" \/>\n<\/div>\n<div class=\"row\">\n\t<div class=\"col-xs-12\">\n\t\t<p><span class=\"wpcf7-form-control-wrap service\"><br \/>\n<label>Service *<br \/>\n<select name='service' class='wpcf7-form-control wpcf7-select wpcf7-validates-as-required' aria-required='true' aria-invalid='false'><option value=''>Please choose<\/option><option value='Am\u00e9nagement paysager commercial' >Am\u00e9nagement paysager commercial<\/option><option value='Bois, composite et charpente' >Bois, composite et charpente<\/option><option value='Combinaison asphalte et pav\u00e9 uni' >Combinaison asphalte et pav\u00e9 uni<\/option><option value='Consultation et design' >Consultation et design<\/option><option value='Excavation' >Excavation<\/option><option value='Gestion de projet et R\u00e9novation' >Gestion de projet et R\u00e9novation<\/option><option value='Pierre et pav\u00e9-uni' >Pierre et pav\u00e9-uni<\/option><option value='Piscine et SPA' >Piscine et SPA<\/option><option value='Plantation et horticulture' >Plantation et horticulture<\/option><option value='Syst\u00e8me d'\u00e9clairage' >Syst\u00e8me d'\u00e9clairage<\/option><\/select><\/label><br \/>\n<\/span>\n\t\t<\/p>\n\t<\/div>\n\t<div class=\"col-xs-12 col-md-6\">\n\t\t<p><label>Nom complet *<br \/>\n<span class=\"wpcf7-form-control-wrap\" data-name=\"your-name\"><input size=\"40\" class=\"wpcf7-form-control wpcf7-text wpcf7-validates-as-required\" aria-required=\"true\" aria-invalid=\"false\" placeholder=\"Nom complet *\" value=\"\" type=\"text\" name=\"your-name\" \/><\/span><\/label>\n\t\t<\/p>\n\t<\/div>\n\t<div class=\"col-xs-12 col-md-6\">\n\t\t<p><label>Courriel *<br \/>\n<span class=\"wpcf7-form-control-wrap\" data-name=\"your-email\"><input size=\"40\" class=\"wpcf7-form-control wpcf7-email wpcf7-validates-as-required wpcf7-text wpcf7-validates-as-email\" aria-required=\"true\" aria-invalid=\"false\" placeholder=\"Courriel *\" value=\"\" type=\"email\" name=\"your-email\" \/><\/span><\/label>\n\t\t<\/p>\n\t<\/div>\n\t<div class=\"col-xs-12 col-md-6\">\n\t\t<p><label>T\u00e9l\u00e9phone *<br \/>\n<span class=\"wpcf7-form-control-wrap\" data-name=\"phone-number\"><input size=\"40\" class=\"wpcf7-form-control wpcf7-tel wpcf7-validates-as-required wpcf7-text wpcf7-validates-as-tel\" id=\"phone-number\" aria-required=\"true\" aria-invalid=\"false\" placeholder=\"T\u00e9l\u00e9phone *\" value=\"\" type=\"tel\" name=\"phone-number\" \/><\/span><\/label>\n\t\t<\/p>\n\t<\/div>\n\t<div class=\"col-xs-12 col-md-6\">\n\t\t<p><label>Adresse *<br \/>\n<span class=\"wpcf7-form-control-wrap\" data-name=\"your-address\"><input size=\"40\" class=\"wpcf7-form-control wpcf7-text wpcf7-validates-as-required\" aria-required=\"true\" aria-invalid=\"false\" placeholder=\"Adresse *\" value=\"\" type=\"text\" name=\"your-address\" \/><\/span><\/label>\n\t\t<\/p>\n\t<\/div>\n\t<div class=\"col-xs-12\">\n\t\t<p><label>Message *<br \/>\n<span class=\"wpcf7-form-control-wrap\" data-name=\"your-message\"><textarea cols=\"40\" rows=\"10\" class=\"wpcf7-form-control wpcf7-textarea wpcf7-validates-as-required\" aria-required=\"true\" aria-invalid=\"false\" placeholder=\"Entrer votre message\" name=\"your-message\"><\/textarea><\/span><\/label>\n\t\t<\/p>\n\t<\/div>\n\t<div class=\"col-xs-12 file-uploads\">\n\t\t<p><label>Fichier joint (10 Mo maximum, type de fichier permis [.pdf|.docx|.xls|.xlsx|.jpg|.png])<br \/>\n<span class=\"wpcf7-form-control-wrap fichier-joint-multiple\"><input size=\"40\" class=\"wpcf7-form-control wpcf7-multifile\" multiple=\"multiple\" aria-invalid=\"false\" type=\"file\" name=\"fichier-joint-multiple[]\" \/><\/span><\/label>\n\t\t<\/p>\n\t<\/div>\n\t<p><span class=\"wpcf7-form-control-wrap\" data-name=\"confEmail\"><input size=\"40\" class=\"wpcf7-form-control wpcf7-text\" id=\"confEmail\" aria-invalid=\"false\" value=\"\" type=\"text\" name=\"confEmail\" \/><\/span>\n\t<\/p>\n\t<div class=\"col-xs-12\">\n\t\t<p><input class=\"wpcf7-form-control wpcf7-submit has-spinner btn btn-primary\" type=\"submit\" value=\"Envoyer\" \/>\n\t\t<\/p>\n\t<\/div>\n<\/div><input type=\"hidden\" id=\"ct_checkjs_cf7_6cd67d9b6f0150c77bda2eda01ae484c\" name=\"ct_checkjs_cf7\" value=\"0\" \/><script >setTimeout(function(){var ct_input_name = \"ct_checkjs_cf7_6cd67d9b6f0150c77bda2eda01ae484c\";if (document.getElementById(ct_input_name) !== null) {var ct_input_value = document.getElementById(ct_input_name).value;document.getElementById(ct_input_name).value = document.getElementById(ct_input_name).value.replace(ct_input_value, '2105824557');}}, 1000);<\/script><input\n                    class=\"apbct_special_field apbct_email_id__wp_contact_form_7\"\n                    name=\"apbct__email_id__wp_contact_form_7\"\n                    aria-label=\"apbct__label_id__wp_contact_form_7\"\n                    type=\"text\" size=\"30\" maxlength=\"200\" autocomplete=\"off\"\n                    value=\"\"\n                \/><div class=\"wpcf7-response-output\" aria-hidden=\"true\"><\/div>\n<\/form>\n<\/div>\n<\/div><\/div><\/div><\/div><\/div><\/div><\/div>","protected":false},"excerpt":{"rendered":"<p>Soumission en ligne<\/p>\n","protected":false},"author":1,"featured_media":0,"parent":0,"menu_order":0,"comment_status":"closed","ping_status":"closed","template":"","meta":{"footnotes":""},"acf":[],"yoast_head":"<!-- This site is optimized with the Yoast SEO plugin v21.5 - https:\/\/yoast.com\/wordpress\/plugins\/seo\/ -->\n<title>Les Entreprises Mar\u00e9chal et associ\u00e9s | Demandez une soumission pour votre am\u00e9nagement paysager \u00e0 Gatineau, Outaouais<\/title>\n<meta name=\"description\" content=\"Les Entreprises Mar\u00e9chal et associ\u00e9s | Faites une demande de soumission en ligne pour votre am\u00e9nagement paysager \u00e0 Gatineau, Outaouais, gr\u00e2ce \u00e0 notre formulaire simple et rapide. Un membre de notre \u00e9quipe vous contacera sous peu\" \/>\n<meta name=\"robots\" content=\"index, follow, max-snippet:-1, max-image-preview:large, max-video-preview:-1\" \/>\n<link rel=\"canonical\" href=\"https:\/\/www.entreprisesmarechal.com\/fr\/soumission-en-ligne\/\" \/>\n<meta property=\"og:locale\" content=\"fr_FR\" \/>\n<meta property=\"og:type\" content=\"article\" \/>\n<meta property=\"og:title\" content=\"Les Entreprises Mar\u00e9chal et associ\u00e9s | Demandez une soumission pour votre am\u00e9nagement paysager \u00e0 Gatineau, Outaouais\" \/>\n<meta property=\"og:description\" content=\"Les Entreprises Mar\u00e9chal et associ\u00e9s | Faites une demande de soumission en ligne pour votre am\u00e9nagement paysager \u00e0 Gatineau, Outaouais, gr\u00e2ce \u00e0 notre formulaire simple et rapide. Un membre de notre \u00e9quipe vous contacera sous peu\" \/>\n<meta property=\"og:url\" content=\"https:\/\/www.entreprisesmarechal.com\/fr\/soumission-en-ligne\/\" \/>\n<meta property=\"og:site_name\" content=\"Les Entreprises Mar\u00e9chal et associ\u00e9s\" \/>\n<meta property=\"article:modified_time\" content=\"2018-06-29T14:22:58+00:00\" \/>\n<meta name=\"twitter:card\" content=\"summary_large_image\" \/>\n<script type=\"application\/ld+json\" class=\"yoast-schema-graph\">{\"@context\":\"https:\/\/schema.org\",\"@graph\":[{\"@type\":\"WebPage\",\"@id\":\"https:\/\/www.entreprisesmarechal.com\/fr\/soumission-en-ligne\/\",\"url\":\"https:\/\/www.entreprisesmarechal.com\/fr\/soumission-en-ligne\/\",\"name\":\"Les Entreprises Mar\u00e9chal et associ\u00e9s | Demandez une soumission pour votre am\u00e9nagement paysager \u00e0 Gatineau, Outaouais\",\"isPartOf\":{\"@id\":\"https:\/\/www.entreprisesmarechal.com\/fr\/#website\"},\"datePublished\":\"2018-03-27T15:08:10+00:00\",\"dateModified\":\"2018-06-29T14:22:58+00:00\",\"description\":\"Les Entreprises Mar\u00e9chal et associ\u00e9s | Faites une demande de soumission en ligne pour votre am\u00e9nagement paysager \u00e0 Gatineau, Outaouais, gr\u00e2ce \u00e0 notre formulaire simple et rapide. Un membre de notre \u00e9quipe vous contacera sous peu\",\"breadcrumb\":{\"@id\":\"https:\/\/www.entreprisesmarechal.com\/fr\/soumission-en-ligne\/#breadcrumb\"},\"inLanguage\":\"fr-FR\",\"potentialAction\":[{\"@type\":\"ReadAction\",\"target\":[\"https:\/\/www.entreprisesmarechal.com\/fr\/soumission-en-ligne\/\"]}]},{\"@type\":\"BreadcrumbList\",\"@id\":\"https:\/\/www.entreprisesmarechal.com\/fr\/soumission-en-ligne\/#breadcrumb\",\"itemListElement\":[{\"@type\":\"ListItem\",\"position\":1,\"name\":\"Accueil\",\"item\":\"https:\/\/www.entreprisesmarechal.com\/fr\/\"},{\"@type\":\"ListItem\",\"position\":2,\"name\":\"Soumission en ligne\"}]},{\"@type\":\"WebSite\",\"@id\":\"https:\/\/www.entreprisesmarechal.com\/fr\/#website\",\"url\":\"https:\/\/www.entreprisesmarechal.com\/fr\/\",\"name\":\"Les Entreprises Mar\u00e9chal et associ\u00e9s\",\"description\":\"\",\"potentialAction\":[{\"@type\":\"SearchAction\",\"target\":{\"@type\":\"EntryPoint\",\"urlTemplate\":\"https:\/\/www.entreprisesmarechal.com\/fr\/?s={search_term_string}\"},\"query-input\":\"required name=search_term_string\"}],\"inLanguage\":\"fr-FR\"}]}<\/script>\n<!-- \/ Yoast SEO plugin. -->","yoast_head_json":{"title":"Les Entreprises Mar\u00e9chal et associ\u00e9s | Demandez une soumission pour votre am\u00e9nagement paysager \u00e0 Gatineau, Outaouais","description":"Les Entreprises Mar\u00e9chal et associ\u00e9s | Faites une demande de soumission en ligne pour votre am\u00e9nagement paysager \u00e0 Gatineau, Outaouais, gr\u00e2ce \u00e0 notre formulaire simple et rapide. Un membre de notre \u00e9quipe vous contacera sous peu","robots":{"index":"index","follow":"follow","max-snippet":"max-snippet:-1","max-image-preview":"max-image-preview:large","max-video-preview":"max-video-preview:-1"},"canonical":"https:\/\/www.entreprisesmarechal.com\/fr\/soumission-en-ligne\/","og_locale":"fr_FR","og_type":"article","og_title":"Les Entreprises Mar\u00e9chal et associ\u00e9s | Demandez une soumission pour votre am\u00e9nagement paysager \u00e0 Gatineau, Outaouais","og_description":"Les Entreprises Mar\u00e9chal et associ\u00e9s | Faites une demande de soumission en ligne pour votre am\u00e9nagement paysager \u00e0 Gatineau, Outaouais, gr\u00e2ce \u00e0 notre formulaire simple et rapide. Un membre de notre \u00e9quipe vous contacera sous peu","og_url":"https:\/\/www.entreprisesmarechal.com\/fr\/soumission-en-ligne\/","og_site_name":"Les Entreprises Mar\u00e9chal et associ\u00e9s","article_modified_time":"2018-06-29T14:22:58+00:00","twitter_card":"summary_large_image","schema":{"@context":"https:\/\/schema.org","@graph":[{"@type":"WebPage","@id":"https:\/\/www.entreprisesmarechal.com\/fr\/soumission-en-ligne\/","url":"https:\/\/www.entreprisesmarechal.com\/fr\/soumission-en-ligne\/","name":"Les Entreprises Mar\u00e9chal et associ\u00e9s | Demandez une soumission pour votre am\u00e9nagement paysager \u00e0 Gatineau, Outaouais","isPartOf":{"@id":"https:\/\/www.entreprisesmarechal.com\/fr\/#website"},"datePublished":"2018-03-27T15:08:10+00:00","dateModified":"2018-06-29T14:22:58+00:00","description":"Les Entreprises Mar\u00e9chal et associ\u00e9s | Faites une demande de soumission en ligne pour votre am\u00e9nagement paysager \u00e0 Gatineau, Outaouais, gr\u00e2ce \u00e0 notre formulaire simple et rapide. Un membre de notre \u00e9quipe vous contacera sous peu","breadcrumb":{"@id":"https:\/\/www.entreprisesmarechal.com\/fr\/soumission-en-ligne\/#breadcrumb"},"inLanguage":"fr-FR","potentialAction":[{"@type":"ReadAction","target":["https:\/\/www.entreprisesmarechal.com\/fr\/soumission-en-ligne\/"]}]},{"@type":"BreadcrumbList","@id":"https:\/\/www.entreprisesmarechal.com\/fr\/soumission-en-ligne\/#breadcrumb","itemListElement":[{"@type":"ListItem","position":1,"name":"Accueil","item":"https:\/\/www.entreprisesmarechal.com\/fr\/"},{"@type":"ListItem","position":2,"name":"Soumission en ligne"}]},{"@type":"WebSite","@id":"https:\/\/www.entreprisesmarechal.com\/fr\/#website","url":"https:\/\/www.entreprisesmarechal.com\/fr\/","name":"Les Entreprises Mar\u00e9chal et associ\u00e9s","description":"","potentialAction":[{"@type":"SearchAction","target":{"@type":"EntryPoint","urlTemplate":"https:\/\/www.entreprisesmarechal.com\/fr\/?s={search_term_string}"},"query-input":"required name=search_term_string"}],"inLanguage":"fr-FR"}]}},"_links":{"self":[{"href":"https:\/\/www.entreprisesmarechal.com\/fr\/wp-json\/wp\/v2\/pages\/7297"}],"collection":[{"href":"https:\/\/www.entreprisesmarechal.com\/fr\/wp-json\/wp\/v2\/pages"}],"about":[{"href":"https:\/\/www.entreprisesmarechal.com\/fr\/wp-json\/wp\/v2\/types\/page"}],"author":[{"embeddable":true,"href":"https:\/\/www.entreprisesmarechal.com\/fr\/wp-json\/wp\/v2\/users\/1"}],"replies":[{"embeddable":true,"href":"https:\/\/www.entreprisesmarechal.com\/fr\/wp-json\/wp\/v2\/comments?post=7297"}],"version-history":[{"count":2,"href":"https:\/\/www.entreprisesmarechal.com\/fr\/wp-json\/wp\/v2\/pages\/7297\/revisions"}],"predecessor-version":[{"id":8922,"href":"https:\/\/www.entreprisesmarechal.com\/fr\/wp-json\/wp\/v2\/pages\/7297\/revisions\/8922"}],"wp:attachment":[{"href":"https:\/\/www.entreprisesmarechal.com\/fr\/wp-json\/wp\/v2\/media?parent=7297"}],"curies":[{"name":"wp","href":"https:\/\/api.w.org\/{rel}","templated":true}]}}