{"id":8204,"date":"2018-04-03T15:29:25","date_gmt":"2018-04-03T19:29:25","guid":{"rendered":"https:\/\/www.entreprisesmarechal.com\/?page_id=8204"},"modified":"2018-04-03T15:29:26","modified_gmt":"2018-04-03T19:29:26","slug":"avis-legal","status":"publish","type":"page","link":"https:\/\/www.entreprisesmarechal.com\/fr\/avis-legal\/","title":{"rendered":"Avis l\u00e9gal"},"content":{"rendered":"<div id=\"pl-8204\"  class=\"panel-layout\" ><div id=\"pg-8204-0\"  class=\"panel-grid panel-has-style\" ><div class=\"black-bg siteorigin-panels-stretch panel-row-style panel-row-style-for-8204-0\" data-stretch-type=\"full\" ><div id=\"pgc-8204-0-0\"  class=\"panel-grid-cell\" ><div id=\"panel-8204-0-0-0\" class=\"so-panel widget widget_black-studio-tinymce widget_black_studio_tinymce panel-first-child panel-last-child\" data-index=\"0\" ><div class=\"white-bg panel-widget-style panel-widget-style-for-8204-0-0-0\" ><div class=\"textwidget\"><h2>Avis l\u00e9gal<\/h2>\n<p>NOTA : Veuillez lire cet avis d'exon\u00e9ration au complet avant d'utiliser notre site Web. Aux fins du pr\u00e9sent avis d'exon\u00e9ration, la compagnie Les entreprises Mar\u00e9chal et associ\u00e9es sera d\u00e9sign\u00e9e sous le nom de \" LA COMPAGNIE \".<\/p>\n<h3>Avis g\u00e9n\u00e9ral d'exon\u00e9ration de responsabilit\u00e9<\/h3>\n<p>LE SERVICE ET LE CONTENU OBTENUS DE OU PAR LE BIAIS DU PR\u00c9SENT SITE SONT FOURNIS \" TELS QUELS \", \" SELON LA DISPONIBILIT\u00c9 \", ET TOUTES LES GARANTIES, EXPRIM\u00e9ES OU IMPLICITES, SONT D\u00e9CLIN\u00e9ES (Y COMPRIS, MAIS SANS EN EXCLURE D'AUTRES, L'AVIS D'EXON\u00c9RATION DE RESPONSABILIT\u00c9 DE TOUTES GARANTIES IMPLICITES DE QUALIT\u00c9 MARCHANDE ET D'ADAPTATION \u00c0 UN USAGE PARTICULIER). LES RENSEIGNEMENTS CI-INCLUS PEUVENT CONTENIR DES BOGUES, DES ERREURS, DES PROBL\u00c8MES OU D'AUTRES RESTRICTIONS. LE \/ LA PROPRI\u00c9TAIRE DU PR\u00c9SENT SITE N'ACCEPTE AUCUNE OBLIGATION OU RESPONSABILIT\u00c9 POUR TOUTES ERREURS OU OMISSIONS AU CONTENU DU PR\u00c9SENT SITE. L'utilisateur accepte d'indemniser, de d\u00e9fendre et de tenir le Propri\u00e9taire et ses associ\u00e9s, les conc\u00e9dants de licence, les fournisseurs du contenu et des services, les \u00e9diteurs participants, les auteurs, les concessionnaires et les fournisseurs exempts de toutes responsabilit\u00e9s, pertes, revendications, et d\u00e9penses, y compris les frais et les d\u00e9penses d'avocat, reli\u00e9s \u00e0 la violation de cette entente par l'utilisateur ou \u00e0 l'utilisation du pr\u00e9sent site Web. Toute responsabilit\u00e9 ou obligation pour tout dommage caus\u00e9 par des virus contenus dans les fichiers \u00e9lectroniques ou sur le site est d\u00e9ni\u00e9e.<\/p>\n<h3>Hyperliens<\/h3>\n<p>Le pr\u00e9sent site offre des liens \u00e0 d'autres sites Internet. Ces liens ne sont pas des endossements \u00e0 tous produits ou services offerts sur ces m\u00eames sites, et aucun renseignement sur ces sites n'a \u00e9t\u00e9 endoss\u00e9 ou approuv\u00e9; par la COMPAGNIE.<\/p><\/div><\/div><\/div><\/div><\/div><\/div><\/div>","protected":false},"excerpt":{"rendered":"<p>Avis l\u00e9gal NOTA : Veuillez lire cet avis d&rsquo;exon\u00e9ration au complet avant d&rsquo;utiliser notre site Web. Aux fins du pr\u00e9sent avis d&rsquo;exon\u00e9ration, la compagnie [infos type=\"marechal-titre\"] sera d\u00e9sign\u00e9e sous le nom de \u00a0\u00bb LA COMPAGNIE \u00ab\u00a0. Avis g\u00e9n\u00e9ral d&rsquo;exon\u00e9ration de responsabilit\u00e9 LE SERVICE ET LE CONTENU OBTENUS DE OU PAR LE BIAIS DU PR\u00c9SENT SITE [&hellip;]<\/p>\n","protected":false},"author":1,"featured_media":0,"parent":0,"menu_order":0,"comment_status":"closed","ping_status":"closed","template":"","meta":{"footnotes":""},"acf":[],"yoast_head":"<!-- This site is optimized with the Yoast SEO plugin v21.5 - https:\/\/yoast.com\/wordpress\/plugins\/seo\/ -->\n<title>Avis l\u00e9gal - Les Entreprises Mar\u00e9chal et associ\u00e9s<\/title>\n<meta name=\"robots\" content=\"index, follow, max-snippet:-1, max-image-preview:large, max-video-preview:-1\" \/>\n<link rel=\"canonical\" href=\"https:\/\/www.entreprisesmarechal.com\/fr\/avis-legal\/\" \/>\n<meta property=\"og:locale\" content=\"fr_FR\" \/>\n<meta property=\"og:type\" content=\"article\" \/>\n<meta property=\"og:title\" content=\"Avis l\u00e9gal - Les Entreprises Mar\u00e9chal et associ\u00e9s\" \/>\n<meta property=\"og:description\" content=\"Avis l\u00e9gal NOTA : Veuillez lire cet avis d&#039;exon\u00e9ration au complet avant d&#039;utiliser notre site Web. Aux fins du pr\u00e9sent avis d&#039;exon\u00e9ration, la compagnie sera d\u00e9sign\u00e9e sous le nom de &quot; LA COMPAGNIE &quot;. Avis g\u00e9n\u00e9ral d&#039;exon\u00e9ration de responsabilit\u00e9 LE SERVICE ET LE CONTENU OBTENUS DE OU PAR LE BIAIS DU PR\u00c9SENT SITE [&hellip;]\" \/>\n<meta property=\"og:url\" content=\"https:\/\/www.entreprisesmarechal.com\/fr\/avis-legal\/\" \/>\n<meta property=\"og:site_name\" content=\"Les Entreprises Mar\u00e9chal et associ\u00e9s\" \/>\n<meta property=\"article:modified_time\" content=\"2018-04-03T19:29:26+00:00\" \/>\n<meta name=\"twitter:card\" content=\"summary_large_image\" \/>\n<meta name=\"twitter:label1\" content=\"Dur\u00e9e de lecture estim\u00e9e\" \/>\n\t<meta name=\"twitter:data1\" content=\"1 minute\" \/>\n<script type=\"application\/ld+json\" class=\"yoast-schema-graph\">{\"@context\":\"https:\/\/schema.org\",\"@graph\":[{\"@type\":\"WebPage\",\"@id\":\"https:\/\/www.entreprisesmarechal.com\/fr\/avis-legal\/\",\"url\":\"https:\/\/www.entreprisesmarechal.com\/fr\/avis-legal\/\",\"name\":\"Avis l\u00e9gal - Les Entreprises Mar\u00e9chal et associ\u00e9s\",\"isPartOf\":{\"@id\":\"https:\/\/www.entreprisesmarechal.com\/fr\/#website\"},\"datePublished\":\"2018-04-03T19:29:25+00:00\",\"dateModified\":\"2018-04-03T19:29:26+00:00\",\"breadcrumb\":{\"@id\":\"https:\/\/www.entreprisesmarechal.com\/fr\/avis-legal\/#breadcrumb\"},\"inLanguage\":\"fr-FR\",\"potentialAction\":[{\"@type\":\"ReadAction\",\"target\":[\"https:\/\/www.entreprisesmarechal.com\/fr\/avis-legal\/\"]}]},{\"@type\":\"BreadcrumbList\",\"@id\":\"https:\/\/www.entreprisesmarechal.com\/fr\/avis-legal\/#breadcrumb\",\"itemListElement\":[{\"@type\":\"ListItem\",\"position\":1,\"name\":\"Accueil\",\"item\":\"https:\/\/www.entreprisesmarechal.com\/fr\/\"},{\"@type\":\"ListItem\",\"position\":2,\"name\":\"Avis l\u00e9gal\"}]},{\"@type\":\"WebSite\",\"@id\":\"https:\/\/www.entreprisesmarechal.com\/fr\/#website\",\"url\":\"https:\/\/www.entreprisesmarechal.com\/fr\/\",\"name\":\"Les Entreprises Mar\u00e9chal et associ\u00e9s\",\"description\":\"\",\"potentialAction\":[{\"@type\":\"SearchAction\",\"target\":{\"@type\":\"EntryPoint\",\"urlTemplate\":\"https:\/\/www.entreprisesmarechal.com\/fr\/?s={search_term_string}\"},\"query-input\":\"required name=search_term_string\"}],\"inLanguage\":\"fr-FR\"}]}<\/script>\n<!-- \/ Yoast SEO plugin. -->","yoast_head_json":{"title":"Avis l\u00e9gal - Les Entreprises Mar\u00e9chal et associ\u00e9s","robots":{"index":"index","follow":"follow","max-snippet":"max-snippet:-1","max-image-preview":"max-image-preview:large","max-video-preview":"max-video-preview:-1"},"canonical":"https:\/\/www.entreprisesmarechal.com\/fr\/avis-legal\/","og_locale":"fr_FR","og_type":"article","og_title":"Avis l\u00e9gal - Les Entreprises Mar\u00e9chal et associ\u00e9s","og_description":"Avis l\u00e9gal NOTA : Veuillez lire cet avis d'exon\u00e9ration au complet avant d'utiliser notre site Web. Aux fins du pr\u00e9sent avis d'exon\u00e9ration, la compagnie sera d\u00e9sign\u00e9e sous le nom de \" LA COMPAGNIE \". Avis g\u00e9n\u00e9ral d'exon\u00e9ration de responsabilit\u00e9 LE SERVICE ET LE CONTENU OBTENUS DE OU PAR LE BIAIS DU PR\u00c9SENT SITE [&hellip;]","og_url":"https:\/\/www.entreprisesmarechal.com\/fr\/avis-legal\/","og_site_name":"Les Entreprises Mar\u00e9chal et associ\u00e9s","article_modified_time":"2018-04-03T19:29:26+00:00","twitter_card":"summary_large_image","twitter_misc":{"Dur\u00e9e de lecture estim\u00e9e":"1 minute"},"schema":{"@context":"https:\/\/schema.org","@graph":[{"@type":"WebPage","@id":"https:\/\/www.entreprisesmarechal.com\/fr\/avis-legal\/","url":"https:\/\/www.entreprisesmarechal.com\/fr\/avis-legal\/","name":"Avis l\u00e9gal - Les Entreprises Mar\u00e9chal et associ\u00e9s","isPartOf":{"@id":"https:\/\/www.entreprisesmarechal.com\/fr\/#website"},"datePublished":"2018-04-03T19:29:25+00:00","dateModified":"2018-04-03T19:29:26+00:00","breadcrumb":{"@id":"https:\/\/www.entreprisesmarechal.com\/fr\/avis-legal\/#breadcrumb"},"inLanguage":"fr-FR","potentialAction":[{"@type":"ReadAction","target":["https:\/\/www.entreprisesmarechal.com\/fr\/avis-legal\/"]}]},{"@type":"BreadcrumbList","@id":"https:\/\/www.entreprisesmarechal.com\/fr\/avis-legal\/#breadcrumb","itemListElement":[{"@type":"ListItem","position":1,"name":"Accueil","item":"https:\/\/www.entreprisesmarechal.com\/fr\/"},{"@type":"ListItem","position":2,"name":"Avis l\u00e9gal"}]},{"@type":"WebSite","@id":"https:\/\/www.entreprisesmarechal.com\/fr\/#website","url":"https:\/\/www.entreprisesmarechal.com\/fr\/","name":"Les Entreprises Mar\u00e9chal et associ\u00e9s","description":"","potentialAction":[{"@type":"SearchAction","target":{"@type":"EntryPoint","urlTemplate":"https:\/\/www.entreprisesmarechal.com\/fr\/?s={search_term_string}"},"query-input":"required name=search_term_string"}],"inLanguage":"fr-FR"}]}},"_links":{"self":[{"href":"https:\/\/www.entreprisesmarechal.com\/fr\/wp-json\/wp\/v2\/pages\/8204"}],"collection":[{"href":"https:\/\/www.entreprisesmarechal.com\/fr\/wp-json\/wp\/v2\/pages"}],"about":[{"href":"https:\/\/www.entreprisesmarechal.com\/fr\/wp-json\/wp\/v2\/types\/page"}],"author":[{"embeddable":true,"href":"https:\/\/www.entreprisesmarechal.com\/fr\/wp-json\/wp\/v2\/users\/1"}],"replies":[{"embeddable":true,"href":"https:\/\/www.entreprisesmarechal.com\/fr\/wp-json\/wp\/v2\/comments?post=8204"}],"version-history":[{"count":0,"href":"https:\/\/www.entreprisesmarechal.com\/fr\/wp-json\/wp\/v2\/pages\/8204\/revisions"}],"wp:attachment":[{"href":"https:\/\/www.entreprisesmarechal.com\/fr\/wp-json\/wp\/v2\/media?parent=8204"}],"curies":[{"name":"wp","href":"https:\/\/api.w.org\/{rel}","templated":true}]}}